{"id":11421,"date":"2024-06-11T08:52:24","date_gmt":"2024-06-11T07:52:24","guid":{"rendered":"https:\/\/www.azaros.eu\/producto\/luzenac-2c\/"},"modified":"2025-05-26T15:29:38","modified_gmt":"2025-05-26T14:29:38","slug":"luzenac-2c","status":"publish","type":"product","link":"https:\/\/www.azaros.eu\/fr\/produit\/luzenac-2c\/","title":{"rendered":"Luzenac 2C"},"content":{"rendered":"<div class=\"row\"  id=\"row-2121370351\">\n\n\t<div id=\"col-2103492023\" class=\"col large-12\"  >\n\t\t\t\t<div class=\"col-inner\"  >\n\t\t\t\n\t\t\t\n<div class=\"container section-title-container\" ><h2 class=\"section-title section-title-normal\"><b aria-hidden=\"true\"><\/b><span class=\"section-title-main\" style=\"font-size:80%;\">Caract\u00e9ristiques<\/span><b aria-hidden=\"true\"><\/b><\/h2><\/div>\n<table class=\"t1\" style=\"height: 1000px;\" width=\"792\" cellspacing=\"2\" cellpadding=\"0\">\n<tbody>\n<tr>\n<td><b>Propri\u00e9t\u00e9s typiques<\/b><\/td>\n<td><\/td>\n<\/tr>\n<tr>\n<td><\/td>\n<td><\/td>\n<\/tr>\n<tr>\n<td>Blancheur(Minolta CR300, illuminant D65\/2\u00b0) Y<\/td>\n<td>73.9<\/td>\n<\/tr>\n<tr>\n<td>L* (CIE)<\/td>\n<td>88.9<\/td>\n<\/tr>\n<tr>\n<td>a* (CIE)<\/td>\n<td>-0.3<\/td>\n<\/tr>\n<tr>\n<td>b* (CIE)<\/td>\n<td>1.2<\/td>\n<\/tr>\n<tr>\n<td>B.E.T. (ISO 9277)<\/td>\n<td>2.9 m<sup>2<\/sup> \/g<\/td>\n<\/tr>\n<tr>\n<td>Densit\u00e9 (ISO 787\/10)<\/td>\n<td>2.78 g\/cm<sup>3<\/sup><\/td>\n<\/tr>\n<tr>\n<td>Masse volumique apparente tass\u00e9e (ISO 787\/11)<\/td>\n<td>0.91 g\/cm<sup>3<\/sup><\/td>\n<\/tr>\n<tr>\n<td>Masse volumique apparente (EN 1097\/3)<\/td>\n<td>0.44 g\/cm<sup>3<\/sup><\/td>\n<\/tr>\n<tr>\n<td>Duret\u00e9 (\u00e9chelle de Mohs)<\/td>\n<td>1<\/td>\n<\/tr>\n<tr>\n<td>pH (ISO 787\/9)<\/td>\n<td>9<\/td>\n<\/tr>\n<tr>\n<td>Absorption d&rsquo;huile (ISO 787\/5)<\/td>\n<td>36 ml\/100g<\/td>\n<\/tr>\n<tr>\n<td><\/td>\n<td><\/td>\n<\/tr>\n<tr>\n<td><b>Analyse min\u00e9rale<\/b> (par analyse thermogravim\u00e9trique)<\/td>\n<td><\/td>\n<\/tr>\n<tr>\n<td>Talc\/chlorite<\/td>\n<td>97%<\/td>\n<\/tr>\n<tr>\n<td>Dolomite et calcite<\/td>\n<td>3%<\/td>\n<\/tr>\n<tr>\n<td><\/td>\n<td><\/td>\n<\/tr>\n<tr>\n<td><strong>Analyse chimique <\/strong>(par fluorescence X)<\/td>\n<td><\/td>\n<\/tr>\n<tr>\n<td>SiO<sub>2<\/sub><\/td>\n<td>46%<\/td>\n<\/tr>\n<tr>\n<td>MgO<\/td>\n<td>31%<\/td>\n<\/tr>\n<tr>\n<td>Al<sub>2<\/sub> O<sub>3<\/sub><\/td>\n<td>10%<\/td>\n<\/tr>\n<tr>\n<td>Fe<sub>2<\/sub> O<sub>3<\/sub><\/td>\n<td>1.9%<\/td>\n<\/tr>\n<tr>\n<td>CaO<\/td>\n<td>1.1%<\/td>\n<\/tr>\n<tr>\n<td>Perte au feu \u00e0 1050\u00b0C<\/td>\n<td>9.4%<\/td>\n<\/tr>\n<tr>\n<td>Teneur en humidit\u00e9 \u00e0105\u00b0C (ISO 787\/2)<\/td>\n<td>&lt; 0.5%<\/td>\n<\/tr>\n<tr>\n<td>R\u00e9sidu d&rsquo;\u00e9cran (jet d&rsquo;air alpin) \u226540\u00b5m<\/td>\n<td>&lt; 2%<\/td>\n<\/tr>\n<\/tbody>\n<\/table>\n\t\t<\/div>\n\t\t\t\t\t<\/div>\n\n\t\n<\/div>\n","protected":false},"excerpt":{"rendered":"<p>Le Talc Luzenac 2C est compos\u00e9 de talc de haute puret\u00e9. Il se distingue par son exceptionnelle douceur et sa r\u00e9sistance \u00e0 la chaleur. Il est largement utilis\u00e9 dans l&rsquo;industrie des plastiques, des peintures, du caoutchouc et des cosm\u00e9tiques en raison de sa capacit\u00e9 \u00e0 am\u00e9liorer la texture et la stabilit\u00e9 des productions. De plus, il est id\u00e9al pour les applications n\u00e9cessitant une haute dispersion et performance.   <\/p>\n","protected":false},"featured_media":7849,"template":"","meta":[],"product_brand":[],"product_cat":[254],"product_tag":[],"class_list":{"0":"post-11421","1":"product","2":"type-product","3":"status-publish","4":"has-post-thumbnail","6":"product_cat-talc","8":"first","9":"instock","10":"shipping-taxable","11":"product-type-simple"},"yoast_head":"<!-- This site is optimized with the Yoast SEO plugin v27.4 - https:\/\/yoast.com\/product\/yoast-seo-wordpress\/ -->\n<title>Luzenac 2C - Azaros<\/title>\n<meta name=\"robots\" content=\"index, follow, max-snippet:-1, max-image-preview:large, max-video-preview:-1\" \/>\n<link rel=\"canonical\" href=\"https:\/\/www.azaros.eu\/fr\/produit\/luzenac-2c\/\" \/>\n<meta property=\"og:locale\" content=\"fr_FR\" \/>\n<meta property=\"og:type\" content=\"article\" \/>\n<meta property=\"og:title\" content=\"Luzenac 2C - Azaros\" \/>\n<meta property=\"og:description\" content=\"Le Talc Luzenac 2C est compos\u00e9 de talc de haute puret\u00e9. Il se distingue par son exceptionnelle douceur et sa r\u00e9sistance \u00e0 la chaleur. Il est largement utilis\u00e9 dans l&#039;industrie des plastiques, des peintures, du caoutchouc et des cosm\u00e9tiques en raison de sa capacit\u00e9 \u00e0 am\u00e9liorer la texture et la stabilit\u00e9 des productions. De plus, il est id\u00e9al pour les applications n\u00e9cessitant une haute dispersion et performance.\" \/>\n<meta property=\"og:url\" content=\"https:\/\/www.azaros.eu\/fr\/produit\/luzenac-2c\/\" \/>\n<meta property=\"og:site_name\" content=\"Azaros\" \/>\n<meta property=\"article:modified_time\" content=\"2025-05-26T14:29:38+00:00\" \/>\n<meta property=\"og:image\" content=\"https:\/\/www.azaros.eu\/wp-content\/uploads\/2024\/06\/Azaros-Talco.jpg\" \/>\n\t<meta property=\"og:image:width\" content=\"1200\" \/>\n\t<meta property=\"og:image:height\" content=\"700\" \/>\n\t<meta property=\"og:image:type\" content=\"image\/jpeg\" \/>\n<meta name=\"twitter:card\" content=\"summary_large_image\" \/>\n<meta name=\"twitter:label1\" content=\"Dur\u00e9e de lecture estim\u00e9e\" \/>\n\t<meta name=\"twitter:data1\" content=\"1 minute\" \/>\n<script type=\"application\/ld+json\" class=\"yoast-schema-graph\">{\"@context\":\"https:\\\/\\\/schema.org\",\"@graph\":[{\"@type\":\"WebPage\",\"@id\":\"https:\\\/\\\/www.azaros.eu\\\/fr\\\/produit\\\/luzenac-2c\\\/\",\"url\":\"https:\\\/\\\/www.azaros.eu\\\/fr\\\/produit\\\/luzenac-2c\\\/\",\"name\":\"Luzenac 2C - Azaros\",\"isPartOf\":{\"@id\":\"https:\\\/\\\/www.azaros.eu\\\/fr\\\/#website\"},\"primaryImageOfPage\":{\"@id\":\"https:\\\/\\\/www.azaros.eu\\\/fr\\\/produit\\\/luzenac-2c\\\/#primaryimage\"},\"image\":{\"@id\":\"https:\\\/\\\/www.azaros.eu\\\/fr\\\/produit\\\/luzenac-2c\\\/#primaryimage\"},\"thumbnailUrl\":\"https:\\\/\\\/www.azaros.eu\\\/wp-content\\\/uploads\\\/2024\\\/06\\\/Azaros-Talco.jpg\",\"datePublished\":\"2024-06-11T07:52:24+00:00\",\"dateModified\":\"2025-05-26T14:29:38+00:00\",\"breadcrumb\":{\"@id\":\"https:\\\/\\\/www.azaros.eu\\\/fr\\\/produit\\\/luzenac-2c\\\/#breadcrumb\"},\"inLanguage\":\"fr-FR\",\"potentialAction\":[{\"@type\":\"ReadAction\",\"target\":[\"https:\\\/\\\/www.azaros.eu\\\/fr\\\/produit\\\/luzenac-2c\\\/\"]}]},{\"@type\":\"ImageObject\",\"inLanguage\":\"fr-FR\",\"@id\":\"https:\\\/\\\/www.azaros.eu\\\/fr\\\/produit\\\/luzenac-2c\\\/#primaryimage\",\"url\":\"https:\\\/\\\/www.azaros.eu\\\/wp-content\\\/uploads\\\/2024\\\/06\\\/Azaros-Talco.jpg\",\"contentUrl\":\"https:\\\/\\\/www.azaros.eu\\\/wp-content\\\/uploads\\\/2024\\\/06\\\/Azaros-Talco.jpg\",\"width\":1200,\"height\":700},{\"@type\":\"BreadcrumbList\",\"@id\":\"https:\\\/\\\/www.azaros.eu\\\/fr\\\/produit\\\/luzenac-2c\\\/#breadcrumb\",\"itemListElement\":[{\"@type\":\"ListItem\",\"position\":1,\"name\":\"Azaros\",\"item\":\"https:\\\/\\\/www.azaros.eu\\\/fr\\\/azaros-home\\\/\"},{\"@type\":\"ListItem\",\"position\":2,\"name\":\"Produits\",\"item\":\"https:\\\/\\\/www.azaros.eu\\\/fr\\\/produits\\\/\"},{\"@type\":\"ListItem\",\"position\":3,\"name\":\"IMERYS Mati\u00e8res Premi\u00e8res\",\"item\":\"https:\\\/\\\/www.azaros.eu\\\/fr\\\/produits\\\/imerys-matieres-premieres\\\/\"},{\"@type\":\"ListItem\",\"position\":4,\"name\":\"Talc\",\"item\":\"https:\\\/\\\/www.azaros.eu\\\/fr\\\/produits\\\/imerys-matieres-premieres\\\/talc\\\/\"},{\"@type\":\"ListItem\",\"position\":5,\"name\":\"Luzenac 2C\"}]},{\"@type\":\"WebSite\",\"@id\":\"https:\\\/\\\/www.azaros.eu\\\/fr\\\/#website\",\"url\":\"https:\\\/\\\/www.azaros.eu\\\/fr\\\/\",\"name\":\"Azaros\",\"description\":\"Fabricamos, distribuimos y comercializamos una gran gama de suministros.\",\"potentialAction\":[{\"@type\":\"SearchAction\",\"target\":{\"@type\":\"EntryPoint\",\"urlTemplate\":\"https:\\\/\\\/www.azaros.eu\\\/fr\\\/?s={search_term_string}\"},\"query-input\":{\"@type\":\"PropertyValueSpecification\",\"valueRequired\":true,\"valueName\":\"search_term_string\"}}],\"inLanguage\":\"fr-FR\"}]}<\/script>\n<!-- \/ Yoast SEO plugin. -->","yoast_head_json":{"title":"Luzenac 2C - Azaros","robots":{"index":"index","follow":"follow","max-snippet":"max-snippet:-1","max-image-preview":"max-image-preview:large","max-video-preview":"max-video-preview:-1"},"canonical":"https:\/\/www.azaros.eu\/fr\/produit\/luzenac-2c\/","og_locale":"fr_FR","og_type":"article","og_title":"Luzenac 2C - Azaros","og_description":"Le Talc Luzenac 2C est compos\u00e9 de talc de haute puret\u00e9. Il se distingue par son exceptionnelle douceur et sa r\u00e9sistance \u00e0 la chaleur. Il est largement utilis\u00e9 dans l'industrie des plastiques, des peintures, du caoutchouc et des cosm\u00e9tiques en raison de sa capacit\u00e9 \u00e0 am\u00e9liorer la texture et la stabilit\u00e9 des productions. De plus, il est id\u00e9al pour les applications n\u00e9cessitant une haute dispersion et performance.","og_url":"https:\/\/www.azaros.eu\/fr\/produit\/luzenac-2c\/","og_site_name":"Azaros","article_modified_time":"2025-05-26T14:29:38+00:00","og_image":[{"width":1200,"height":700,"url":"https:\/\/www.azaros.eu\/wp-content\/uploads\/2024\/06\/Azaros-Talco.jpg","type":"image\/jpeg"}],"twitter_card":"summary_large_image","twitter_misc":{"Dur\u00e9e de lecture estim\u00e9e":"1 minute"},"schema":{"@context":"https:\/\/schema.org","@graph":[{"@type":"WebPage","@id":"https:\/\/www.azaros.eu\/fr\/produit\/luzenac-2c\/","url":"https:\/\/www.azaros.eu\/fr\/produit\/luzenac-2c\/","name":"Luzenac 2C - Azaros","isPartOf":{"@id":"https:\/\/www.azaros.eu\/fr\/#website"},"primaryImageOfPage":{"@id":"https:\/\/www.azaros.eu\/fr\/produit\/luzenac-2c\/#primaryimage"},"image":{"@id":"https:\/\/www.azaros.eu\/fr\/produit\/luzenac-2c\/#primaryimage"},"thumbnailUrl":"https:\/\/www.azaros.eu\/wp-content\/uploads\/2024\/06\/Azaros-Talco.jpg","datePublished":"2024-06-11T07:52:24+00:00","dateModified":"2025-05-26T14:29:38+00:00","breadcrumb":{"@id":"https:\/\/www.azaros.eu\/fr\/produit\/luzenac-2c\/#breadcrumb"},"inLanguage":"fr-FR","potentialAction":[{"@type":"ReadAction","target":["https:\/\/www.azaros.eu\/fr\/produit\/luzenac-2c\/"]}]},{"@type":"ImageObject","inLanguage":"fr-FR","@id":"https:\/\/www.azaros.eu\/fr\/produit\/luzenac-2c\/#primaryimage","url":"https:\/\/www.azaros.eu\/wp-content\/uploads\/2024\/06\/Azaros-Talco.jpg","contentUrl":"https:\/\/www.azaros.eu\/wp-content\/uploads\/2024\/06\/Azaros-Talco.jpg","width":1200,"height":700},{"@type":"BreadcrumbList","@id":"https:\/\/www.azaros.eu\/fr\/produit\/luzenac-2c\/#breadcrumb","itemListElement":[{"@type":"ListItem","position":1,"name":"Azaros","item":"https:\/\/www.azaros.eu\/fr\/azaros-home\/"},{"@type":"ListItem","position":2,"name":"Produits","item":"https:\/\/www.azaros.eu\/fr\/produits\/"},{"@type":"ListItem","position":3,"name":"IMERYS Mati\u00e8res Premi\u00e8res","item":"https:\/\/www.azaros.eu\/fr\/produits\/imerys-matieres-premieres\/"},{"@type":"ListItem","position":4,"name":"Talc","item":"https:\/\/www.azaros.eu\/fr\/produits\/imerys-matieres-premieres\/talc\/"},{"@type":"ListItem","position":5,"name":"Luzenac 2C"}]},{"@type":"WebSite","@id":"https:\/\/www.azaros.eu\/fr\/#website","url":"https:\/\/www.azaros.eu\/fr\/","name":"Azaros","description":"Fabricamos, distribuimos y comercializamos una gran gama de suministros.","potentialAction":[{"@type":"SearchAction","target":{"@type":"EntryPoint","urlTemplate":"https:\/\/www.azaros.eu\/fr\/?s={search_term_string}"},"query-input":{"@type":"PropertyValueSpecification","valueRequired":true,"valueName":"search_term_string"}}],"inLanguage":"fr-FR"}]}},"_links":{"self":[{"href":"https:\/\/www.azaros.eu\/fr\/wp-json\/wp\/v2\/product\/11421","targetHints":{"allow":["GET"]}}],"collection":[{"href":"https:\/\/www.azaros.eu\/fr\/wp-json\/wp\/v2\/product"}],"about":[{"href":"https:\/\/www.azaros.eu\/fr\/wp-json\/wp\/v2\/types\/product"}],"wp:featuredmedia":[{"embeddable":true,"href":"https:\/\/www.azaros.eu\/fr\/wp-json\/wp\/v2\/media\/7849"}],"wp:attachment":[{"href":"https:\/\/www.azaros.eu\/fr\/wp-json\/wp\/v2\/media?parent=11421"}],"wp:term":[{"taxonomy":"product_brand","embeddable":true,"href":"https:\/\/www.azaros.eu\/fr\/wp-json\/wp\/v2\/product_brand?post=11421"},{"taxonomy":"product_cat","embeddable":true,"href":"https:\/\/www.azaros.eu\/fr\/wp-json\/wp\/v2\/product_cat?post=11421"},{"taxonomy":"product_tag","embeddable":true,"href":"https:\/\/www.azaros.eu\/fr\/wp-json\/wp\/v2\/product_tag?post=11421"}],"curies":[{"name":"wp","href":"https:\/\/api.w.org\/{rel}","templated":true}]}}