{"id":11441,"date":"2024-06-11T08:46:52","date_gmt":"2024-06-11T07:46:52","guid":{"rendered":"https:\/\/www.azaros.eu\/producto\/entonnoirs-de-coulee\/"},"modified":"2025-05-26T16:15:16","modified_gmt":"2025-05-26T15:15:16","slug":"entonnoirs-de-coulee","status":"publish","type":"product","link":"https:\/\/www.azaros.eu\/fr\/produit\/entonnoirs-de-coulee\/","title":{"rendered":"Entonnoirs de coul\u00e9e"},"content":{"rendered":"<div class=\"row\"  id=\"row-1958759158\">\n\n\t<div id=\"col-1259209990\" class=\"col medium-6 small-12 large-6\"  >\n\t\t\t\t<div class=\"col-inner\"  >\n\t\t\t\n\t\t\t\n<div class=\"container section-title-container\" ><h2 class=\"section-title section-title-normal\"><b aria-hidden=\"true\"><\/b><span class=\"section-title-main\" style=\"font-size:80%;\">Caract\u00e9ristiques<\/span><b aria-hidden=\"true\"><\/b><\/h2><\/div>\n<ul>\n<li>Mat\u00e9riaux r\u00e9sistants aux hautes temp\u00e9ratures, tels que la c\u00e9ramique, le graphite, l\u2019acier r\u00e9fractaire ou des alliages sp\u00e9ciaux<\/li>\n<li>Forme conique ou tronconique, con\u00e7ue pour diriger efficacement le flux du m\u00e9tal<\/li>\n<li>Diff\u00e9rentes tailles et diam\u00e8tres selon le type de m\u00e9tal et le proc\u00e9d\u00e9 de fonderie<\/li>\n<li>Compatibilit\u00e9 avec les syst\u00e8mes d\u2019alimentation, tels que les canaux de coul\u00e9e et les masselottes<\/li>\n<\/ul>\n\t\t<\/div>\n\t\t\t\t\t<\/div>\n\n\t\n\n\t<div id=\"col-1460597258\" class=\"col medium-6 small-12 large-6\"  >\n\t\t\t\t<div class=\"col-inner\"  >\n\t\t\t\n\t\t\t\n<div class=\"container section-title-container\" ><h2 class=\"section-title section-title-normal\"><b aria-hidden=\"true\"><\/b><span class=\"section-title-main\" style=\"font-size:80%;\">Applications typiques<\/span><b aria-hidden=\"true\"><\/b><\/h2><\/div>\n<ul>\n<li>Fonderie de m\u00e9taux ferreux et non ferreux<\/li>\n<li>R\u00e9duction des turbulences<\/li>\n<li>Aident \u00e0 diriger l\u2019\u00e9coulement du m\u00e9tal en fusion en minimisant l\u2019agitation afin d\u2019\u00e9viter la formation d\u2019oxydes et l\u2019inclusion d\u2019air<\/li>\n<li>Contr\u00f4le de la vitesse de coul\u00e9e<\/li>\n<li>R\u00e9gulent le d\u00e9bit du m\u00e9tal en fusion vers le moule, \u00e9vitant les d\u00e9bordements ou les remplissages inad\u00e9quats<\/li>\n<li>Moulage en sable et moulage permanent<\/li>\n<li>Utilis\u00e9s dans les techniques de moulage au sable, \u00e0 la coque, en c\u00e9ramique ou avec des moules m\u00e9talliques permanents<\/li>\n<li>Pr\u00e9vention des \u00e9claboussures et des d\u00e9fauts dans la pi\u00e8ce finale<\/li>\n<li>Permettent un remplissage uniforme et s\u00e9curis\u00e9, \u00e9vitant des d\u00e9fauts tels que la porosit\u00e9 ou les inclusions<\/li>\n<\/ul>\n\t\t<\/div>\n\t\t\t\t\t<\/div>\n\n\t\n<\/div>\n<p>&nbsp;<\/p>\n\n","protected":false},"excerpt":{"rendered":"<p>Les entonnoirs de coul\u00e9e sont des dispositifs utilis\u00e9s dans les processus de coul\u00e9e pour diriger et contr\u00f4ler le flux de m\u00e9tal en fusion dans le moule. Ils agissent comme un canal d&rsquo;entr\u00e9e, garantissant que le m\u00e9tal s&rsquo;\u00e9coule de mani\u00e8re constante et uniforme, r\u00e9duisant ainsi le risque d&rsquo;\u00e9claboussures, d&rsquo;oxydation et de d\u00e9fauts dans la pi\u00e8ce finale. Les entonnoirs de coul\u00e9e sont con\u00e7us pour r\u00e9sister aux temp\u00e9ratures \u00e9lev\u00e9es et minimiser les turbulences, ce qui am\u00e9liore la qualit\u00e9 du produit final et optimise l&rsquo;efficacit\u00e9 du processus de coul\u00e9e.  <\/p>\n","protected":false},"featured_media":11340,"template":"","meta":[],"product_brand":[],"product_cat":[267],"product_tag":[],"class_list":{"0":"post-11441","1":"product","2":"type-product","3":"status-publish","4":"has-post-thumbnail","6":"product_cat-consommables-de-blanchisserie","8":"first","9":"instock","10":"shipping-taxable","11":"product-type-simple"},"yoast_head":"<!-- This site is optimized with the Yoast SEO plugin v27.4 - https:\/\/yoast.com\/product\/yoast-seo-wordpress\/ -->\n<title>Entonnoirs de coul\u00e9e - Azaros<\/title>\n<meta name=\"robots\" content=\"index, follow, max-snippet:-1, max-image-preview:large, max-video-preview:-1\" \/>\n<link rel=\"canonical\" href=\"https:\/\/www.azaros.eu\/fr\/produit\/entonnoirs-de-coulee\/\" \/>\n<meta property=\"og:locale\" content=\"fr_FR\" \/>\n<meta property=\"og:type\" content=\"article\" \/>\n<meta property=\"og:title\" content=\"Entonnoirs de coul\u00e9e - Azaros\" \/>\n<meta property=\"og:description\" content=\"Les entonnoirs de coul\u00e9e sont des dispositifs utilis\u00e9s dans les processus de coul\u00e9e pour diriger et contr\u00f4ler le flux de m\u00e9tal en fusion dans le moule. Ils agissent comme un canal d&#039;entr\u00e9e, garantissant que le m\u00e9tal s&#039;\u00e9coule de mani\u00e8re constante et uniforme, r\u00e9duisant ainsi le risque d&#039;\u00e9claboussures, d&#039;oxydation et de d\u00e9fauts dans la pi\u00e8ce finale. Les entonnoirs de coul\u00e9e sont con\u00e7us pour r\u00e9sister aux temp\u00e9ratures \u00e9lev\u00e9es et minimiser les turbulences, ce qui am\u00e9liore la qualit\u00e9 du produit final et optimise l&#039;efficacit\u00e9 du processus de coul\u00e9e.\" \/>\n<meta property=\"og:url\" content=\"https:\/\/www.azaros.eu\/fr\/produit\/entonnoirs-de-coulee\/\" \/>\n<meta property=\"og:site_name\" content=\"Azaros\" \/>\n<meta property=\"article:modified_time\" content=\"2025-05-26T15:15:16+00:00\" \/>\n<meta property=\"og:image\" content=\"https:\/\/www.azaros.eu\/wp-content\/uploads\/2025\/05\/embudos-de-colada.jpg\" \/>\n\t<meta property=\"og:image:width\" content=\"1200\" \/>\n\t<meta property=\"og:image:height\" content=\"700\" \/>\n\t<meta property=\"og:image:type\" content=\"image\/jpeg\" \/>\n<meta name=\"twitter:card\" content=\"summary_large_image\" \/>\n<meta name=\"twitter:label1\" content=\"Dur\u00e9e de lecture estim\u00e9e\" \/>\n\t<meta name=\"twitter:data1\" content=\"2 minutes\" \/>\n<script type=\"application\/ld+json\" class=\"yoast-schema-graph\">{\"@context\":\"https:\\\/\\\/schema.org\",\"@graph\":[{\"@type\":\"WebPage\",\"@id\":\"https:\\\/\\\/www.azaros.eu\\\/fr\\\/produit\\\/entonnoirs-de-coulee\\\/\",\"url\":\"https:\\\/\\\/www.azaros.eu\\\/fr\\\/produit\\\/entonnoirs-de-coulee\\\/\",\"name\":\"Entonnoirs de coul\u00e9e - Azaros\",\"isPartOf\":{\"@id\":\"https:\\\/\\\/www.azaros.eu\\\/fr\\\/#website\"},\"primaryImageOfPage\":{\"@id\":\"https:\\\/\\\/www.azaros.eu\\\/fr\\\/produit\\\/entonnoirs-de-coulee\\\/#primaryimage\"},\"image\":{\"@id\":\"https:\\\/\\\/www.azaros.eu\\\/fr\\\/produit\\\/entonnoirs-de-coulee\\\/#primaryimage\"},\"thumbnailUrl\":\"https:\\\/\\\/www.azaros.eu\\\/wp-content\\\/uploads\\\/2025\\\/05\\\/embudos-de-colada.jpg\",\"datePublished\":\"2024-06-11T07:46:52+00:00\",\"dateModified\":\"2025-05-26T15:15:16+00:00\",\"breadcrumb\":{\"@id\":\"https:\\\/\\\/www.azaros.eu\\\/fr\\\/produit\\\/entonnoirs-de-coulee\\\/#breadcrumb\"},\"inLanguage\":\"fr-FR\",\"potentialAction\":[{\"@type\":\"ReadAction\",\"target\":[\"https:\\\/\\\/www.azaros.eu\\\/fr\\\/produit\\\/entonnoirs-de-coulee\\\/\"]}]},{\"@type\":\"ImageObject\",\"inLanguage\":\"fr-FR\",\"@id\":\"https:\\\/\\\/www.azaros.eu\\\/fr\\\/produit\\\/entonnoirs-de-coulee\\\/#primaryimage\",\"url\":\"https:\\\/\\\/www.azaros.eu\\\/wp-content\\\/uploads\\\/2025\\\/05\\\/embudos-de-colada.jpg\",\"contentUrl\":\"https:\\\/\\\/www.azaros.eu\\\/wp-content\\\/uploads\\\/2025\\\/05\\\/embudos-de-colada.jpg\",\"width\":1200,\"height\":700},{\"@type\":\"BreadcrumbList\",\"@id\":\"https:\\\/\\\/www.azaros.eu\\\/fr\\\/produit\\\/entonnoirs-de-coulee\\\/#breadcrumb\",\"itemListElement\":[{\"@type\":\"ListItem\",\"position\":1,\"name\":\"Azaros\",\"item\":\"https:\\\/\\\/www.azaros.eu\\\/fr\\\/azaros-home\\\/\"},{\"@type\":\"ListItem\",\"position\":2,\"name\":\"Produits\",\"item\":\"https:\\\/\\\/www.azaros.eu\\\/fr\\\/produits\\\/\"},{\"@type\":\"ListItem\",\"position\":3,\"name\":\"Fournitures de fonderie\",\"item\":\"https:\\\/\\\/www.azaros.eu\\\/fr\\\/produits\\\/fournitures-de-fonderie\\\/\"},{\"@type\":\"ListItem\",\"position\":4,\"name\":\"Consommables de blanchisserie\",\"item\":\"https:\\\/\\\/www.azaros.eu\\\/fr\\\/produits\\\/fournitures-de-fonderie\\\/consommables-de-blanchisserie\\\/\"},{\"@type\":\"ListItem\",\"position\":5,\"name\":\"Entonnoirs de coul\u00e9e\"}]},{\"@type\":\"WebSite\",\"@id\":\"https:\\\/\\\/www.azaros.eu\\\/fr\\\/#website\",\"url\":\"https:\\\/\\\/www.azaros.eu\\\/fr\\\/\",\"name\":\"Azaros\",\"description\":\"Fabricamos, distribuimos y comercializamos una gran gama de suministros.\",\"potentialAction\":[{\"@type\":\"SearchAction\",\"target\":{\"@type\":\"EntryPoint\",\"urlTemplate\":\"https:\\\/\\\/www.azaros.eu\\\/fr\\\/?s={search_term_string}\"},\"query-input\":{\"@type\":\"PropertyValueSpecification\",\"valueRequired\":true,\"valueName\":\"search_term_string\"}}],\"inLanguage\":\"fr-FR\"}]}<\/script>\n<!-- \/ Yoast SEO plugin. -->","yoast_head_json":{"title":"Entonnoirs de coul\u00e9e - Azaros","robots":{"index":"index","follow":"follow","max-snippet":"max-snippet:-1","max-image-preview":"max-image-preview:large","max-video-preview":"max-video-preview:-1"},"canonical":"https:\/\/www.azaros.eu\/fr\/produit\/entonnoirs-de-coulee\/","og_locale":"fr_FR","og_type":"article","og_title":"Entonnoirs de coul\u00e9e - Azaros","og_description":"Les entonnoirs de coul\u00e9e sont des dispositifs utilis\u00e9s dans les processus de coul\u00e9e pour diriger et contr\u00f4ler le flux de m\u00e9tal en fusion dans le moule. Ils agissent comme un canal d'entr\u00e9e, garantissant que le m\u00e9tal s'\u00e9coule de mani\u00e8re constante et uniforme, r\u00e9duisant ainsi le risque d'\u00e9claboussures, d'oxydation et de d\u00e9fauts dans la pi\u00e8ce finale. Les entonnoirs de coul\u00e9e sont con\u00e7us pour r\u00e9sister aux temp\u00e9ratures \u00e9lev\u00e9es et minimiser les turbulences, ce qui am\u00e9liore la qualit\u00e9 du produit final et optimise l'efficacit\u00e9 du processus de coul\u00e9e.","og_url":"https:\/\/www.azaros.eu\/fr\/produit\/entonnoirs-de-coulee\/","og_site_name":"Azaros","article_modified_time":"2025-05-26T15:15:16+00:00","og_image":[{"width":1200,"height":700,"url":"https:\/\/www.azaros.eu\/wp-content\/uploads\/2025\/05\/embudos-de-colada.jpg","type":"image\/jpeg"}],"twitter_card":"summary_large_image","twitter_misc":{"Dur\u00e9e de lecture estim\u00e9e":"2 minutes"},"schema":{"@context":"https:\/\/schema.org","@graph":[{"@type":"WebPage","@id":"https:\/\/www.azaros.eu\/fr\/produit\/entonnoirs-de-coulee\/","url":"https:\/\/www.azaros.eu\/fr\/produit\/entonnoirs-de-coulee\/","name":"Entonnoirs de coul\u00e9e - Azaros","isPartOf":{"@id":"https:\/\/www.azaros.eu\/fr\/#website"},"primaryImageOfPage":{"@id":"https:\/\/www.azaros.eu\/fr\/produit\/entonnoirs-de-coulee\/#primaryimage"},"image":{"@id":"https:\/\/www.azaros.eu\/fr\/produit\/entonnoirs-de-coulee\/#primaryimage"},"thumbnailUrl":"https:\/\/www.azaros.eu\/wp-content\/uploads\/2025\/05\/embudos-de-colada.jpg","datePublished":"2024-06-11T07:46:52+00:00","dateModified":"2025-05-26T15:15:16+00:00","breadcrumb":{"@id":"https:\/\/www.azaros.eu\/fr\/produit\/entonnoirs-de-coulee\/#breadcrumb"},"inLanguage":"fr-FR","potentialAction":[{"@type":"ReadAction","target":["https:\/\/www.azaros.eu\/fr\/produit\/entonnoirs-de-coulee\/"]}]},{"@type":"ImageObject","inLanguage":"fr-FR","@id":"https:\/\/www.azaros.eu\/fr\/produit\/entonnoirs-de-coulee\/#primaryimage","url":"https:\/\/www.azaros.eu\/wp-content\/uploads\/2025\/05\/embudos-de-colada.jpg","contentUrl":"https:\/\/www.azaros.eu\/wp-content\/uploads\/2025\/05\/embudos-de-colada.jpg","width":1200,"height":700},{"@type":"BreadcrumbList","@id":"https:\/\/www.azaros.eu\/fr\/produit\/entonnoirs-de-coulee\/#breadcrumb","itemListElement":[{"@type":"ListItem","position":1,"name":"Azaros","item":"https:\/\/www.azaros.eu\/fr\/azaros-home\/"},{"@type":"ListItem","position":2,"name":"Produits","item":"https:\/\/www.azaros.eu\/fr\/produits\/"},{"@type":"ListItem","position":3,"name":"Fournitures de fonderie","item":"https:\/\/www.azaros.eu\/fr\/produits\/fournitures-de-fonderie\/"},{"@type":"ListItem","position":4,"name":"Consommables de blanchisserie","item":"https:\/\/www.azaros.eu\/fr\/produits\/fournitures-de-fonderie\/consommables-de-blanchisserie\/"},{"@type":"ListItem","position":5,"name":"Entonnoirs de coul\u00e9e"}]},{"@type":"WebSite","@id":"https:\/\/www.azaros.eu\/fr\/#website","url":"https:\/\/www.azaros.eu\/fr\/","name":"Azaros","description":"Fabricamos, distribuimos y comercializamos una gran gama de suministros.","potentialAction":[{"@type":"SearchAction","target":{"@type":"EntryPoint","urlTemplate":"https:\/\/www.azaros.eu\/fr\/?s={search_term_string}"},"query-input":{"@type":"PropertyValueSpecification","valueRequired":true,"valueName":"search_term_string"}}],"inLanguage":"fr-FR"}]}},"_links":{"self":[{"href":"https:\/\/www.azaros.eu\/fr\/wp-json\/wp\/v2\/product\/11441","targetHints":{"allow":["GET"]}}],"collection":[{"href":"https:\/\/www.azaros.eu\/fr\/wp-json\/wp\/v2\/product"}],"about":[{"href":"https:\/\/www.azaros.eu\/fr\/wp-json\/wp\/v2\/types\/product"}],"wp:featuredmedia":[{"embeddable":true,"href":"https:\/\/www.azaros.eu\/fr\/wp-json\/wp\/v2\/media\/11340"}],"wp:attachment":[{"href":"https:\/\/www.azaros.eu\/fr\/wp-json\/wp\/v2\/media?parent=11441"}],"wp:term":[{"taxonomy":"product_brand","embeddable":true,"href":"https:\/\/www.azaros.eu\/fr\/wp-json\/wp\/v2\/product_brand?post=11441"},{"taxonomy":"product_cat","embeddable":true,"href":"https:\/\/www.azaros.eu\/fr\/wp-json\/wp\/v2\/product_cat?post=11441"},{"taxonomy":"product_tag","embeddable":true,"href":"https:\/\/www.azaros.eu\/fr\/wp-json\/wp\/v2\/product_tag?post=11441"}],"curies":[{"name":"wp","href":"https:\/\/api.w.org\/{rel}","templated":true}]}}