{"id":11446,"date":"2024-07-19T08:02:16","date_gmt":"2024-07-19T07:02:16","guid":{"rendered":"https:\/\/www.azaros.eu\/producto\/fil-acier-au-carbone\/"},"modified":"2025-05-26T16:27:45","modified_gmt":"2025-05-26T15:27:45","slug":"fil-acier-au-carbone","status":"publish","type":"product","link":"https:\/\/www.azaros.eu\/fr\/produit\/fil-acier-au-carbone\/","title":{"rendered":"Fil acier au carbone"},"content":{"rendered":"\n","protected":false},"excerpt":{"rendered":"<p>On utilise la grenaille en acier alliage de haute qualit\u00e9 comme substrat, ce qui am\u00e9liore les propri\u00e9t\u00e9s m\u00e9caniques. Traitement de passivation qui prolonge la dur\u00e9e de vie. Bonne rondeur des grains, taille uniforme et absence de cassures pendant l\u2019utilisation.  <\/p>\n","protected":false},"featured_media":7609,"template":"","meta":[],"product_brand":[],"product_cat":[269],"product_tag":[],"class_list":{"0":"post-11446","1":"product","2":"type-product","3":"status-publish","4":"has-post-thumbnail","6":"product_cat-tir","8":"first","9":"instock","10":"shipping-taxable","11":"product-type-simple"},"yoast_head":"<!-- This site is optimized with the Yoast SEO plugin v27.5 - https:\/\/yoast.com\/product\/yoast-seo-wordpress\/ -->\n<title>Fil acier au carbone | Azaros<\/title>\n<meta name=\"description\" content=\"Trouvez chez Azaros.eu le meilleur fil acier au carbone du march\u00e9. D\u00e9couvrez le fil acier au carbone Azaros au meilleur prix.\" \/>\n<meta name=\"robots\" content=\"index, follow, max-snippet:-1, max-image-preview:large, max-video-preview:-1\" \/>\n<link rel=\"canonical\" href=\"https:\/\/www.azaros.eu\/fr\/produit\/fil-acier-au-carbone\/\" \/>\n<meta property=\"og:locale\" content=\"fr_FR\" \/>\n<meta property=\"og:type\" content=\"article\" \/>\n<meta property=\"og:title\" content=\"Fil acier au carbone | Azaros\" \/>\n<meta property=\"og:description\" content=\"Trouvez chez Azaros.eu le meilleur fil acier au carbone du march\u00e9. D\u00e9couvrez le fil acier au carbone Azaros au meilleur prix.\" \/>\n<meta property=\"og:url\" content=\"https:\/\/www.azaros.eu\/fr\/produit\/fil-acier-au-carbone\/\" \/>\n<meta property=\"og:site_name\" content=\"Azaros\" \/>\n<meta property=\"article:modified_time\" content=\"2025-05-26T15:27:45+00:00\" \/>\n<meta property=\"og:image\" content=\"https:\/\/www.azaros.eu\/wp-content\/uploads\/2024\/07\/AZAROS-Alambre-de-acero-al-carbono.jpg\" \/>\n\t<meta property=\"og:image:width\" content=\"1200\" \/>\n\t<meta property=\"og:image:height\" content=\"700\" \/>\n\t<meta property=\"og:image:type\" content=\"image\/jpeg\" \/>\n<meta name=\"twitter:card\" content=\"summary_large_image\" \/>\n<script type=\"application\/ld+json\" class=\"yoast-schema-graph\">{\"@context\":\"https:\\\/\\\/schema.org\",\"@graph\":[{\"@type\":\"WebPage\",\"@id\":\"https:\\\/\\\/www.azaros.eu\\\/fr\\\/produit\\\/fil-acier-au-carbone\\\/\",\"url\":\"https:\\\/\\\/www.azaros.eu\\\/fr\\\/produit\\\/fil-acier-au-carbone\\\/\",\"name\":\"Fil acier au carbone | Azaros\",\"isPartOf\":{\"@id\":\"https:\\\/\\\/www.azaros.eu\\\/fr\\\/#website\"},\"primaryImageOfPage\":{\"@id\":\"https:\\\/\\\/www.azaros.eu\\\/fr\\\/produit\\\/fil-acier-au-carbone\\\/#primaryimage\"},\"image\":{\"@id\":\"https:\\\/\\\/www.azaros.eu\\\/fr\\\/produit\\\/fil-acier-au-carbone\\\/#primaryimage\"},\"thumbnailUrl\":\"https:\\\/\\\/www.azaros.eu\\\/wp-content\\\/uploads\\\/2024\\\/07\\\/AZAROS-Alambre-de-acero-al-carbono.jpg\",\"datePublished\":\"2024-07-19T07:02:16+00:00\",\"dateModified\":\"2025-05-26T15:27:45+00:00\",\"description\":\"Trouvez chez Azaros.eu le meilleur fil acier au carbone du march\u00e9. D\u00e9couvrez le fil acier au carbone Azaros au meilleur prix.\",\"breadcrumb\":{\"@id\":\"https:\\\/\\\/www.azaros.eu\\\/fr\\\/produit\\\/fil-acier-au-carbone\\\/#breadcrumb\"},\"inLanguage\":\"fr-FR\",\"potentialAction\":[{\"@type\":\"ReadAction\",\"target\":[\"https:\\\/\\\/www.azaros.eu\\\/fr\\\/produit\\\/fil-acier-au-carbone\\\/\"]}]},{\"@type\":\"ImageObject\",\"inLanguage\":\"fr-FR\",\"@id\":\"https:\\\/\\\/www.azaros.eu\\\/fr\\\/produit\\\/fil-acier-au-carbone\\\/#primaryimage\",\"url\":\"https:\\\/\\\/www.azaros.eu\\\/wp-content\\\/uploads\\\/2024\\\/07\\\/AZAROS-Alambre-de-acero-al-carbono.jpg\",\"contentUrl\":\"https:\\\/\\\/www.azaros.eu\\\/wp-content\\\/uploads\\\/2024\\\/07\\\/AZAROS-Alambre-de-acero-al-carbono.jpg\",\"width\":1200,\"height\":700},{\"@type\":\"BreadcrumbList\",\"@id\":\"https:\\\/\\\/www.azaros.eu\\\/fr\\\/produit\\\/fil-acier-au-carbone\\\/#breadcrumb\",\"itemListElement\":[{\"@type\":\"ListItem\",\"position\":1,\"name\":\"Azaros\",\"item\":\"https:\\\/\\\/www.azaros.eu\\\/fr\\\/azaros-home\\\/\"},{\"@type\":\"ListItem\",\"position\":2,\"name\":\"Produits\",\"item\":\"https:\\\/\\\/www.azaros.eu\\\/fr\\\/produits\\\/\"},{\"@type\":\"ListItem\",\"position\":3,\"name\":\"Fournitures de fonderie\",\"item\":\"https:\\\/\\\/www.azaros.eu\\\/fr\\\/produits\\\/fournitures-de-fonderie\\\/\"},{\"@type\":\"ListItem\",\"position\":4,\"name\":\"Tir\",\"item\":\"https:\\\/\\\/www.azaros.eu\\\/fr\\\/produits\\\/fournitures-de-fonderie\\\/tir\\\/\"},{\"@type\":\"ListItem\",\"position\":5,\"name\":\"Fil acier au carbone\"}]},{\"@type\":\"WebSite\",\"@id\":\"https:\\\/\\\/www.azaros.eu\\\/fr\\\/#website\",\"url\":\"https:\\\/\\\/www.azaros.eu\\\/fr\\\/\",\"name\":\"Azaros\",\"description\":\"Fabricamos, distribuimos y comercializamos una gran gama de suministros.\",\"potentialAction\":[{\"@type\":\"SearchAction\",\"target\":{\"@type\":\"EntryPoint\",\"urlTemplate\":\"https:\\\/\\\/www.azaros.eu\\\/fr\\\/?s={search_term_string}\"},\"query-input\":{\"@type\":\"PropertyValueSpecification\",\"valueRequired\":true,\"valueName\":\"search_term_string\"}}],\"inLanguage\":\"fr-FR\"}]}<\/script>\n<!-- \/ Yoast SEO plugin. -->","yoast_head_json":{"title":"Fil acier au carbone | Azaros","description":"Trouvez chez Azaros.eu le meilleur fil acier au carbone du march\u00e9. D\u00e9couvrez le fil acier au carbone Azaros au meilleur prix.","robots":{"index":"index","follow":"follow","max-snippet":"max-snippet:-1","max-image-preview":"max-image-preview:large","max-video-preview":"max-video-preview:-1"},"canonical":"https:\/\/www.azaros.eu\/fr\/produit\/fil-acier-au-carbone\/","og_locale":"fr_FR","og_type":"article","og_title":"Fil acier au carbone | Azaros","og_description":"Trouvez chez Azaros.eu le meilleur fil acier au carbone du march\u00e9. D\u00e9couvrez le fil acier au carbone Azaros au meilleur prix.","og_url":"https:\/\/www.azaros.eu\/fr\/produit\/fil-acier-au-carbone\/","og_site_name":"Azaros","article_modified_time":"2025-05-26T15:27:45+00:00","og_image":[{"width":1200,"height":700,"url":"https:\/\/www.azaros.eu\/wp-content\/uploads\/2024\/07\/AZAROS-Alambre-de-acero-al-carbono.jpg","type":"image\/jpeg"}],"twitter_card":"summary_large_image","schema":{"@context":"https:\/\/schema.org","@graph":[{"@type":"WebPage","@id":"https:\/\/www.azaros.eu\/fr\/produit\/fil-acier-au-carbone\/","url":"https:\/\/www.azaros.eu\/fr\/produit\/fil-acier-au-carbone\/","name":"Fil acier au carbone | Azaros","isPartOf":{"@id":"https:\/\/www.azaros.eu\/fr\/#website"},"primaryImageOfPage":{"@id":"https:\/\/www.azaros.eu\/fr\/produit\/fil-acier-au-carbone\/#primaryimage"},"image":{"@id":"https:\/\/www.azaros.eu\/fr\/produit\/fil-acier-au-carbone\/#primaryimage"},"thumbnailUrl":"https:\/\/www.azaros.eu\/wp-content\/uploads\/2024\/07\/AZAROS-Alambre-de-acero-al-carbono.jpg","datePublished":"2024-07-19T07:02:16+00:00","dateModified":"2025-05-26T15:27:45+00:00","description":"Trouvez chez Azaros.eu le meilleur fil acier au carbone du march\u00e9. D\u00e9couvrez le fil acier au carbone Azaros au meilleur prix.","breadcrumb":{"@id":"https:\/\/www.azaros.eu\/fr\/produit\/fil-acier-au-carbone\/#breadcrumb"},"inLanguage":"fr-FR","potentialAction":[{"@type":"ReadAction","target":["https:\/\/www.azaros.eu\/fr\/produit\/fil-acier-au-carbone\/"]}]},{"@type":"ImageObject","inLanguage":"fr-FR","@id":"https:\/\/www.azaros.eu\/fr\/produit\/fil-acier-au-carbone\/#primaryimage","url":"https:\/\/www.azaros.eu\/wp-content\/uploads\/2024\/07\/AZAROS-Alambre-de-acero-al-carbono.jpg","contentUrl":"https:\/\/www.azaros.eu\/wp-content\/uploads\/2024\/07\/AZAROS-Alambre-de-acero-al-carbono.jpg","width":1200,"height":700},{"@type":"BreadcrumbList","@id":"https:\/\/www.azaros.eu\/fr\/produit\/fil-acier-au-carbone\/#breadcrumb","itemListElement":[{"@type":"ListItem","position":1,"name":"Azaros","item":"https:\/\/www.azaros.eu\/fr\/azaros-home\/"},{"@type":"ListItem","position":2,"name":"Produits","item":"https:\/\/www.azaros.eu\/fr\/produits\/"},{"@type":"ListItem","position":3,"name":"Fournitures de fonderie","item":"https:\/\/www.azaros.eu\/fr\/produits\/fournitures-de-fonderie\/"},{"@type":"ListItem","position":4,"name":"Tir","item":"https:\/\/www.azaros.eu\/fr\/produits\/fournitures-de-fonderie\/tir\/"},{"@type":"ListItem","position":5,"name":"Fil acier au carbone"}]},{"@type":"WebSite","@id":"https:\/\/www.azaros.eu\/fr\/#website","url":"https:\/\/www.azaros.eu\/fr\/","name":"Azaros","description":"Fabricamos, distribuimos y comercializamos una gran gama de suministros.","potentialAction":[{"@type":"SearchAction","target":{"@type":"EntryPoint","urlTemplate":"https:\/\/www.azaros.eu\/fr\/?s={search_term_string}"},"query-input":{"@type":"PropertyValueSpecification","valueRequired":true,"valueName":"search_term_string"}}],"inLanguage":"fr-FR"}]}},"_links":{"self":[{"href":"https:\/\/www.azaros.eu\/fr\/wp-json\/wp\/v2\/product\/11446","targetHints":{"allow":["GET"]}}],"collection":[{"href":"https:\/\/www.azaros.eu\/fr\/wp-json\/wp\/v2\/product"}],"about":[{"href":"https:\/\/www.azaros.eu\/fr\/wp-json\/wp\/v2\/types\/product"}],"wp:featuredmedia":[{"embeddable":true,"href":"https:\/\/www.azaros.eu\/fr\/wp-json\/wp\/v2\/media\/7609"}],"wp:attachment":[{"href":"https:\/\/www.azaros.eu\/fr\/wp-json\/wp\/v2\/media?parent=11446"}],"wp:term":[{"taxonomy":"product_brand","embeddable":true,"href":"https:\/\/www.azaros.eu\/fr\/wp-json\/wp\/v2\/product_brand?post=11446"},{"taxonomy":"product_cat","embeddable":true,"href":"https:\/\/www.azaros.eu\/fr\/wp-json\/wp\/v2\/product_cat?post=11446"},{"taxonomy":"product_tag","embeddable":true,"href":"https:\/\/www.azaros.eu\/fr\/wp-json\/wp\/v2\/product_tag?post=11446"}],"curies":[{"name":"wp","href":"https:\/\/api.w.org\/{rel}","templated":true}]}}