{"id":11732,"date":"2018-08-06T09:38:24","date_gmt":"2018-08-06T08:38:24","guid":{"rendered":"https:\/\/www.azaros.eu\/producto\/piezas-de-mica-troquelada\/"},"modified":"2025-06-25T13:40:52","modified_gmt":"2025-06-25T12:40:52","slug":"piezas-de-mica-troquelada","status":"publish","type":"product","link":"https:\/\/www.azaros.eu\/fr\/produit\/piezas-de-mica-troquelada\/","title":{"rendered":"Piezas de mica troquelada"},"content":{"rendered":"<div class=\"row\"  id=\"row-995604316\">\n\n\t<div id=\"col-1545943560\" class=\"col medium-6 small-12 large-6\"  >\n\t\t\t\t<div class=\"col-inner\"  >\n\t\t\t\n\t\t\t\n<div class=\"container section-title-container\" ><h2 class=\"section-title section-title-normal\"><b aria-hidden=\"true\"><\/b><span class=\"section-title-main\" style=\"font-size:80%;\">Caract\u00e9ristiques<\/span><b aria-hidden=\"true\"><\/b><\/h2><\/div>\n<p>Les pi\u00e8ces sont compos\u00e9es de papier de mica (qualit\u00e9 muscovite ou phlogopite) agglom\u00e9r\u00e9 avec une r\u00e9sine aux hautes performances thermiques et \u00e9lectriques. Le mat\u00e9riau est soumis \u00e0 une pression et \u00e0 une temp\u00e9rature \u00e9lev\u00e9e pour son durcissement. <\/p>\n<p>Nous fournissons toutes sortes de pi\u00e8ces selon les besoins du client (sur plan ou \u00e9chantillon), aussi bien d\u00e9coup\u00e9es \u00e0 l\u2019emporte-pi\u00e8ce qu\u2019usin\u00e9es.<\/p>\n\t\t<\/div>\n\t\t\t\t\t<\/div>\n\n\t\n\n\t<div id=\"col-50722253\" class=\"col medium-6 small-12 large-6\"  >\n\t\t\t\t<div class=\"col-inner\"  >\n\t\t\t\n\t\t\t\n<div class=\"container section-title-container\" ><h2 class=\"section-title section-title-normal\"><b aria-hidden=\"true\"><\/b><span class=\"section-title-main\" style=\"font-size:80%;\">Applications typiques<\/span><b aria-hidden=\"true\"><\/b><\/h2><\/div>\n<p>Le mica est un mat\u00e9riau id\u00e9al comme support pour les r\u00e9sistances dans le secteur domestique (s\u00e8che-cheveux, grille-pain, etc.), ainsi que pour toutes sortes d&rsquo;applications \u00e9lectriques, en particulier celles n\u00e9cessitant une r\u00e9sistance \u00e0 haute temp\u00e9rature tout en maintenant ses propri\u00e9t\u00e9s m\u00e9caniques et \u00e9lectriques.<br \/>Elle est \u00e9galement utilis\u00e9e dans des applications o\u00f9 l&rsquo;isolant doit adopter des formes sp\u00e9cifiques, n\u00e9cessitant de hautes propri\u00e9t\u00e9s thermiques et di\u00e9lectriques, ainsi qu&rsquo;une bonne r\u00e9sistance \u00e0 la flexion : ventilateurs d&rsquo;air chaud, disjoncteurs, transformateurs, etc.  Elle peut \u00eatre utilis\u00e9e comme rev\u00eatement, protection, s\u00e9parateur ou feuille isolante. Certaines applications tirent \u00e9galement parti de son effet ressort.<\/p>\n<p>En g\u00e9n\u00e9ral, la qualit\u00e9 muscovite est utilis\u00e9e dans les applications n\u00e9cessitant une meilleure r\u00e9sistance m\u00e9canique, tandis que la phlogopite est privil\u00e9gi\u00e9e l\u00e0 o\u00f9 une meilleure r\u00e9sistance thermique est requise.<\/p>\n\t\t<\/div>\n\t\t\t\t\t<\/div>\n\n\t\n<\/div>\n<div class=\"row\"  id=\"row-956570328\">\n\n<\/div>\n","protected":false},"excerpt":{"rendered":"<p>Le mica est un min\u00e9ral appartenant \u00e0 un large groupe de silicates d\u2019alumine, de fer, de calcium, de magn\u00e9sium et de min\u00e9raux alcalins, caract\u00e9ris\u00e9s par leur capacit\u00e9 \u00e0 s\u2019exfolier facilement en feuilles fines, flexibles, \u00e9lastiques et tr\u00e8s brillantes<\/p>\n<p>Ses caract\u00e9ristiques de flexibilit\u00e9, d\u2019\u00e9lasticit\u00e9 et de r\u00e9sistance thermique font de la mica un mat\u00e9riau tr\u00e8s attractif pour l\u2019industrie en raison de ses propri\u00e9t\u00e9s d\u2019isolant thermique et \u00e9lectrique.<\/p>\n","protected":false},"featured_media":7642,"template":"","meta":[],"product_brand":[],"product_cat":[56],"product_tag":[],"class_list":{"0":"post-11732","1":"product","2":"type-product","3":"status-publish","4":"has-post-thumbnail","6":"product_cat-mica","8":"first","9":"instock","10":"shipping-taxable","11":"product-type-simple"},"yoast_head":"<!-- This site is optimized with the Yoast SEO plugin v27.6 - https:\/\/yoast.com\/product\/yoast-seo-wordpress\/ -->\n<title>Pi\u00e8ces en mica | Azaros<\/title>\n<meta name=\"description\" content=\"Trouvez chez Azaros.eu les meilleures pi\u00e8ces en mica d\u00e9coup\u00e9es du march\u00e9. D\u00e9couvrez les pi\u00e8ces en mica d\u00e9coup\u00e9es Azaros au meilleur prix.\" \/>\n<meta name=\"robots\" content=\"index, follow, max-snippet:-1, max-image-preview:large, max-video-preview:-1\" \/>\n<link rel=\"canonical\" href=\"https:\/\/www.azaros.eu\/fr\/produit\/piezas-de-mica-troquelada\/\" \/>\n<meta property=\"og:locale\" content=\"fr_FR\" \/>\n<meta property=\"og:type\" content=\"article\" \/>\n<meta property=\"og:title\" content=\"Pi\u00e8ces en mica | Azaros\" \/>\n<meta property=\"og:description\" content=\"Trouvez chez Azaros.eu les meilleures pi\u00e8ces en mica d\u00e9coup\u00e9es du march\u00e9. D\u00e9couvrez les pi\u00e8ces en mica d\u00e9coup\u00e9es Azaros au meilleur prix.\" \/>\n<meta property=\"og:url\" content=\"https:\/\/www.azaros.eu\/fr\/produit\/piezas-de-mica-troquelada\/\" \/>\n<meta property=\"og:site_name\" content=\"Azaros\" \/>\n<meta property=\"article:modified_time\" content=\"2025-06-25T12:40:52+00:00\" \/>\n<meta property=\"og:image\" content=\"https:\/\/www.azaros.eu\/wp-content\/uploads\/2024\/07\/Imagen-de-Subcategoria-Mica.jpg\" \/>\n\t<meta property=\"og:image:width\" content=\"1200\" \/>\n\t<meta property=\"og:image:height\" content=\"700\" \/>\n\t<meta property=\"og:image:type\" content=\"image\/jpeg\" \/>\n<meta name=\"twitter:card\" content=\"summary_large_image\" \/>\n<meta name=\"twitter:label1\" content=\"Dur\u00e9e de lecture estim\u00e9e\" \/>\n\t<meta name=\"twitter:data1\" content=\"2 minutes\" \/>\n<script type=\"application\/ld+json\" class=\"yoast-schema-graph\">{\"@context\":\"https:\\\/\\\/schema.org\",\"@graph\":[{\"@type\":\"WebPage\",\"@id\":\"https:\\\/\\\/www.azaros.eu\\\/fr\\\/produit\\\/piezas-de-mica-troquelada\\\/\",\"url\":\"https:\\\/\\\/www.azaros.eu\\\/fr\\\/produit\\\/piezas-de-mica-troquelada\\\/\",\"name\":\"Pi\u00e8ces en mica | Azaros\",\"isPartOf\":{\"@id\":\"https:\\\/\\\/www.azaros.eu\\\/fr\\\/#website\"},\"primaryImageOfPage\":{\"@id\":\"https:\\\/\\\/www.azaros.eu\\\/fr\\\/produit\\\/piezas-de-mica-troquelada\\\/#primaryimage\"},\"image\":{\"@id\":\"https:\\\/\\\/www.azaros.eu\\\/fr\\\/produit\\\/piezas-de-mica-troquelada\\\/#primaryimage\"},\"thumbnailUrl\":\"https:\\\/\\\/www.azaros.eu\\\/wp-content\\\/uploads\\\/2024\\\/07\\\/Imagen-de-Subcategoria-Mica.jpg\",\"datePublished\":\"2018-08-06T08:38:24+00:00\",\"dateModified\":\"2025-06-25T12:40:52+00:00\",\"description\":\"Trouvez chez Azaros.eu les meilleures pi\u00e8ces en mica d\u00e9coup\u00e9es du march\u00e9. D\u00e9couvrez les pi\u00e8ces en mica d\u00e9coup\u00e9es Azaros au meilleur prix.\",\"breadcrumb\":{\"@id\":\"https:\\\/\\\/www.azaros.eu\\\/fr\\\/produit\\\/piezas-de-mica-troquelada\\\/#breadcrumb\"},\"inLanguage\":\"fr-FR\",\"potentialAction\":[{\"@type\":\"ReadAction\",\"target\":[\"https:\\\/\\\/www.azaros.eu\\\/fr\\\/produit\\\/piezas-de-mica-troquelada\\\/\"]}]},{\"@type\":\"ImageObject\",\"inLanguage\":\"fr-FR\",\"@id\":\"https:\\\/\\\/www.azaros.eu\\\/fr\\\/produit\\\/piezas-de-mica-troquelada\\\/#primaryimage\",\"url\":\"https:\\\/\\\/www.azaros.eu\\\/wp-content\\\/uploads\\\/2024\\\/07\\\/Imagen-de-Subcategoria-Mica.jpg\",\"contentUrl\":\"https:\\\/\\\/www.azaros.eu\\\/wp-content\\\/uploads\\\/2024\\\/07\\\/Imagen-de-Subcategoria-Mica.jpg\",\"width\":1200,\"height\":700},{\"@type\":\"BreadcrumbList\",\"@id\":\"https:\\\/\\\/www.azaros.eu\\\/fr\\\/produit\\\/piezas-de-mica-troquelada\\\/#breadcrumb\",\"itemListElement\":[{\"@type\":\"ListItem\",\"position\":1,\"name\":\"Azaros\",\"item\":\"https:\\\/\\\/www.azaros.eu\\\/fr\\\/azaros-home\\\/\"},{\"@type\":\"ListItem\",\"position\":2,\"name\":\"Produits\",\"item\":\"https:\\\/\\\/www.azaros.eu\\\/fr\\\/produits\\\/\"},{\"@type\":\"ListItem\",\"position\":3,\"name\":\"Isolant \u00e9lectrique\",\"item\":\"https:\\\/\\\/www.azaros.eu\\\/fr\\\/produits\\\/isolant-electrique\\\/\"},{\"@type\":\"ListItem\",\"position\":4,\"name\":\"Mica\",\"item\":\"https:\\\/\\\/www.azaros.eu\\\/fr\\\/produits\\\/isolant-electrique\\\/mica\\\/\"},{\"@type\":\"ListItem\",\"position\":5,\"name\":\"Piezas de mica troquelada\"}]},{\"@type\":\"WebSite\",\"@id\":\"https:\\\/\\\/www.azaros.eu\\\/fr\\\/#website\",\"url\":\"https:\\\/\\\/www.azaros.eu\\\/fr\\\/\",\"name\":\"Azaros\",\"description\":\"Fabricamos, distribuimos y comercializamos una gran gama de suministros.\",\"potentialAction\":[{\"@type\":\"SearchAction\",\"target\":{\"@type\":\"EntryPoint\",\"urlTemplate\":\"https:\\\/\\\/www.azaros.eu\\\/fr\\\/?s={search_term_string}\"},\"query-input\":{\"@type\":\"PropertyValueSpecification\",\"valueRequired\":true,\"valueName\":\"search_term_string\"}}],\"inLanguage\":\"fr-FR\"}]}<\/script>\n<!-- \/ Yoast SEO plugin. -->","yoast_head_json":{"title":"Pi\u00e8ces en mica | Azaros","description":"Trouvez chez Azaros.eu les meilleures pi\u00e8ces en mica d\u00e9coup\u00e9es du march\u00e9. D\u00e9couvrez les pi\u00e8ces en mica d\u00e9coup\u00e9es Azaros au meilleur prix.","robots":{"index":"index","follow":"follow","max-snippet":"max-snippet:-1","max-image-preview":"max-image-preview:large","max-video-preview":"max-video-preview:-1"},"canonical":"https:\/\/www.azaros.eu\/fr\/produit\/piezas-de-mica-troquelada\/","og_locale":"fr_FR","og_type":"article","og_title":"Pi\u00e8ces en mica | Azaros","og_description":"Trouvez chez Azaros.eu les meilleures pi\u00e8ces en mica d\u00e9coup\u00e9es du march\u00e9. D\u00e9couvrez les pi\u00e8ces en mica d\u00e9coup\u00e9es Azaros au meilleur prix.","og_url":"https:\/\/www.azaros.eu\/fr\/produit\/piezas-de-mica-troquelada\/","og_site_name":"Azaros","article_modified_time":"2025-06-25T12:40:52+00:00","og_image":[{"width":1200,"height":700,"url":"https:\/\/www.azaros.eu\/wp-content\/uploads\/2024\/07\/Imagen-de-Subcategoria-Mica.jpg","type":"image\/jpeg"}],"twitter_card":"summary_large_image","twitter_misc":{"Dur\u00e9e de lecture estim\u00e9e":"2 minutes"},"schema":{"@context":"https:\/\/schema.org","@graph":[{"@type":"WebPage","@id":"https:\/\/www.azaros.eu\/fr\/produit\/piezas-de-mica-troquelada\/","url":"https:\/\/www.azaros.eu\/fr\/produit\/piezas-de-mica-troquelada\/","name":"Pi\u00e8ces en mica | Azaros","isPartOf":{"@id":"https:\/\/www.azaros.eu\/fr\/#website"},"primaryImageOfPage":{"@id":"https:\/\/www.azaros.eu\/fr\/produit\/piezas-de-mica-troquelada\/#primaryimage"},"image":{"@id":"https:\/\/www.azaros.eu\/fr\/produit\/piezas-de-mica-troquelada\/#primaryimage"},"thumbnailUrl":"https:\/\/www.azaros.eu\/wp-content\/uploads\/2024\/07\/Imagen-de-Subcategoria-Mica.jpg","datePublished":"2018-08-06T08:38:24+00:00","dateModified":"2025-06-25T12:40:52+00:00","description":"Trouvez chez Azaros.eu les meilleures pi\u00e8ces en mica d\u00e9coup\u00e9es du march\u00e9. D\u00e9couvrez les pi\u00e8ces en mica d\u00e9coup\u00e9es Azaros au meilleur prix.","breadcrumb":{"@id":"https:\/\/www.azaros.eu\/fr\/produit\/piezas-de-mica-troquelada\/#breadcrumb"},"inLanguage":"fr-FR","potentialAction":[{"@type":"ReadAction","target":["https:\/\/www.azaros.eu\/fr\/produit\/piezas-de-mica-troquelada\/"]}]},{"@type":"ImageObject","inLanguage":"fr-FR","@id":"https:\/\/www.azaros.eu\/fr\/produit\/piezas-de-mica-troquelada\/#primaryimage","url":"https:\/\/www.azaros.eu\/wp-content\/uploads\/2024\/07\/Imagen-de-Subcategoria-Mica.jpg","contentUrl":"https:\/\/www.azaros.eu\/wp-content\/uploads\/2024\/07\/Imagen-de-Subcategoria-Mica.jpg","width":1200,"height":700},{"@type":"BreadcrumbList","@id":"https:\/\/www.azaros.eu\/fr\/produit\/piezas-de-mica-troquelada\/#breadcrumb","itemListElement":[{"@type":"ListItem","position":1,"name":"Azaros","item":"https:\/\/www.azaros.eu\/fr\/azaros-home\/"},{"@type":"ListItem","position":2,"name":"Produits","item":"https:\/\/www.azaros.eu\/fr\/produits\/"},{"@type":"ListItem","position":3,"name":"Isolant \u00e9lectrique","item":"https:\/\/www.azaros.eu\/fr\/produits\/isolant-electrique\/"},{"@type":"ListItem","position":4,"name":"Mica","item":"https:\/\/www.azaros.eu\/fr\/produits\/isolant-electrique\/mica\/"},{"@type":"ListItem","position":5,"name":"Piezas de mica troquelada"}]},{"@type":"WebSite","@id":"https:\/\/www.azaros.eu\/fr\/#website","url":"https:\/\/www.azaros.eu\/fr\/","name":"Azaros","description":"Fabricamos, distribuimos y comercializamos una gran gama de suministros.","potentialAction":[{"@type":"SearchAction","target":{"@type":"EntryPoint","urlTemplate":"https:\/\/www.azaros.eu\/fr\/?s={search_term_string}"},"query-input":{"@type":"PropertyValueSpecification","valueRequired":true,"valueName":"search_term_string"}}],"inLanguage":"fr-FR"}]}},"_links":{"self":[{"href":"https:\/\/www.azaros.eu\/fr\/wp-json\/wp\/v2\/product\/11732","targetHints":{"allow":["GET"]}}],"collection":[{"href":"https:\/\/www.azaros.eu\/fr\/wp-json\/wp\/v2\/product"}],"about":[{"href":"https:\/\/www.azaros.eu\/fr\/wp-json\/wp\/v2\/types\/product"}],"wp:featuredmedia":[{"embeddable":true,"href":"https:\/\/www.azaros.eu\/fr\/wp-json\/wp\/v2\/media\/7642"}],"wp:attachment":[{"href":"https:\/\/www.azaros.eu\/fr\/wp-json\/wp\/v2\/media?parent=11732"}],"wp:term":[{"taxonomy":"product_brand","embeddable":true,"href":"https:\/\/www.azaros.eu\/fr\/wp-json\/wp\/v2\/product_brand?post=11732"},{"taxonomy":"product_cat","embeddable":true,"href":"https:\/\/www.azaros.eu\/fr\/wp-json\/wp\/v2\/product_cat?post=11732"},{"taxonomy":"product_tag","embeddable":true,"href":"https:\/\/www.azaros.eu\/fr\/wp-json\/wp\/v2\/product_tag?post=11732"}],"curies":[{"name":"wp","href":"https:\/\/api.w.org\/{rel}","templated":true}]}}