{"id":12244,"date":"2025-09-24T10:15:59","date_gmt":"2025-09-24T09:15:59","guid":{"rendered":"https:\/\/www.azaros.eu\/?post_type=product&#038;p=12244"},"modified":"2025-10-03T12:55:54","modified_gmt":"2025-10-03T11:55:54","slug":"406-copia-copia-copia-copia","status":"publish","type":"product","link":"https:\/\/www.azaros.eu\/fr\/produit\/406-copia-copia-copia-copia\/","title":{"rendered":"Filtre avec diff\u00e9rentes couches"},"content":{"rendered":"<div class=\"row\"  id=\"row-1278726823\">\n\n\t<div id=\"col-467154580\" class=\"col medium-6 small-12 large-6\"  >\n\t\t\t\t<div class=\"col-inner\"  >\n\t\t\t\n\t\t\t\n<div class=\"container section-title-container\" ><h2 class=\"section-title section-title-normal\"><b aria-hidden=\"true\"><\/b><span class=\"section-title-main\" style=\"font-size:80%;\">Caract\u00e9ristiques<\/span><b aria-hidden=\"true\"><\/b><\/h2><\/div>\n<p>Il existe une grande vari\u00e9t\u00e9 de conceptions, de passages de lumi\u00e8re, de tailles de fils m\u00e9talliques et m\u00eame d\u2019alliages de maillage, en fonction des besoins de chaque client.<br \/>\nNous travaillons avec diff\u00e9rents micrages\/mesh, dans diverses qualit\u00e9s de m\u00e9taux ainsi que dans plusieurs diam\u00e8tres.<\/p>\n\t\t<\/div>\n\t\t\t\t\t<\/div>\n\n\t\n\n\t<div id=\"col-275445304\" class=\"col medium-6 small-12 large-6\"  >\n\t\t\t\t<div class=\"col-inner\"  >\n\t\t\t\n\t\t\t\n<div class=\"container section-title-container\" ><h2 class=\"section-title section-title-normal\"><b aria-hidden=\"true\"><\/b><span class=\"section-title-main\" style=\"font-size:80%;\">Applications typiques<\/span><b aria-hidden=\"true\"><\/b><\/h2><\/div>\n<ul>\n<li>Filtration du plastique recycl\u00e9<\/li>\n<li>Selon les diff\u00e9rentes typologies de plastique<\/li>\n<\/ul>\n\t\t<\/div>\n\t\t\t\t\t<\/div>\n\n\t\n<\/div>\n","protected":false},"excerpt":{"rendered":"<p>Les filtres pour lignes Starlinger \u00e9liminent les contaminants d\u2019une certaine taille de la masse fondue de plastique. Ils sont d\u00e9coup\u00e9s sur mesure et r\u00e9alis\u00e9s dans diff\u00e9rents types de m\u00e9taux, selon les sp\u00e9cifications techniques des clients. <\/p>\n","protected":false},"featured_media":12278,"template":"","meta":[],"product_brand":[],"product_cat":[579],"product_tag":[],"class_list":{"0":"post-12244","1":"product","2":"type-product","3":"status-publish","4":"has-post-thumbnail","6":"product_cat-filtres-metalliques-pour-lignes-starlinger","8":"first","9":"instock","10":"shipping-taxable","11":"product-type-simple"},"yoast_head":"<!-- This site is optimized with the Yoast SEO plugin v27.6 - https:\/\/yoast.com\/product\/yoast-seo-wordpress\/ -->\n<title>Filtre avec diff\u00e9rentes couches - Azaros<\/title>\n<meta name=\"robots\" content=\"index, follow, max-snippet:-1, max-image-preview:large, max-video-preview:-1\" \/>\n<link rel=\"canonical\" href=\"https:\/\/www.azaros.eu\/fr\/produit\/406-copia-copia-copia-copia\/\" \/>\n<meta property=\"og:locale\" content=\"fr_FR\" \/>\n<meta property=\"og:type\" content=\"article\" \/>\n<meta property=\"og:title\" content=\"Filtre avec diff\u00e9rentes couches - Azaros\" \/>\n<meta property=\"og:description\" content=\"Les filtres pour lignes Starlinger \u00e9liminent les contaminants d\u2019une certaine taille de la masse fondue de plastique. Ils sont d\u00e9coup\u00e9s sur mesure et r\u00e9alis\u00e9s dans diff\u00e9rents types de m\u00e9taux, selon les sp\u00e9cifications techniques des clients.\" \/>\n<meta property=\"og:url\" content=\"https:\/\/www.azaros.eu\/fr\/produit\/406-copia-copia-copia-copia\/\" \/>\n<meta property=\"og:site_name\" content=\"Azaros\" \/>\n<meta property=\"article:modified_time\" content=\"2025-10-03T11:55:54+00:00\" \/>\n<meta property=\"og:image\" content=\"https:\/\/www.azaros.eu\/wp-content\/uploads\/2025\/09\/Filtros_Starlinger_Sueltos.jpg\" \/>\n\t<meta property=\"og:image:width\" content=\"1200\" \/>\n\t<meta property=\"og:image:height\" content=\"700\" \/>\n\t<meta property=\"og:image:type\" content=\"image\/jpeg\" \/>\n<meta name=\"twitter:card\" content=\"summary_large_image\" \/>\n<script type=\"application\/ld+json\" class=\"yoast-schema-graph\">{\"@context\":\"https:\\\/\\\/schema.org\",\"@graph\":[{\"@type\":\"WebPage\",\"@id\":\"https:\\\/\\\/www.azaros.eu\\\/fr\\\/produit\\\/406-copia-copia-copia-copia\\\/\",\"url\":\"https:\\\/\\\/www.azaros.eu\\\/fr\\\/produit\\\/406-copia-copia-copia-copia\\\/\",\"name\":\"Filtre avec diff\u00e9rentes couches - Azaros\",\"isPartOf\":{\"@id\":\"https:\\\/\\\/www.azaros.eu\\\/fr\\\/#website\"},\"primaryImageOfPage\":{\"@id\":\"https:\\\/\\\/www.azaros.eu\\\/fr\\\/produit\\\/406-copia-copia-copia-copia\\\/#primaryimage\"},\"image\":{\"@id\":\"https:\\\/\\\/www.azaros.eu\\\/fr\\\/produit\\\/406-copia-copia-copia-copia\\\/#primaryimage\"},\"thumbnailUrl\":\"https:\\\/\\\/www.azaros.eu\\\/wp-content\\\/uploads\\\/2025\\\/09\\\/Filtros_Starlinger_Sueltos.jpg\",\"datePublished\":\"2025-09-24T09:15:59+00:00\",\"dateModified\":\"2025-10-03T11:55:54+00:00\",\"breadcrumb\":{\"@id\":\"https:\\\/\\\/www.azaros.eu\\\/fr\\\/produit\\\/406-copia-copia-copia-copia\\\/#breadcrumb\"},\"inLanguage\":\"fr-FR\",\"potentialAction\":[{\"@type\":\"ReadAction\",\"target\":[\"https:\\\/\\\/www.azaros.eu\\\/fr\\\/produit\\\/406-copia-copia-copia-copia\\\/\"]}]},{\"@type\":\"ImageObject\",\"inLanguage\":\"fr-FR\",\"@id\":\"https:\\\/\\\/www.azaros.eu\\\/fr\\\/produit\\\/406-copia-copia-copia-copia\\\/#primaryimage\",\"url\":\"https:\\\/\\\/www.azaros.eu\\\/wp-content\\\/uploads\\\/2025\\\/09\\\/Filtros_Starlinger_Sueltos.jpg\",\"contentUrl\":\"https:\\\/\\\/www.azaros.eu\\\/wp-content\\\/uploads\\\/2025\\\/09\\\/Filtros_Starlinger_Sueltos.jpg\",\"width\":1200,\"height\":700},{\"@type\":\"BreadcrumbList\",\"@id\":\"https:\\\/\\\/www.azaros.eu\\\/fr\\\/produit\\\/406-copia-copia-copia-copia\\\/#breadcrumb\",\"itemListElement\":[{\"@type\":\"ListItem\",\"position\":1,\"name\":\"Azaros\",\"item\":\"https:\\\/\\\/www.azaros.eu\\\/fr\\\/azaros-home\\\/\"},{\"@type\":\"ListItem\",\"position\":2,\"name\":\"Produits\",\"item\":\"https:\\\/\\\/www.azaros.eu\\\/fr\\\/produits\\\/\"},{\"@type\":\"ListItem\",\"position\":3,\"name\":\"Recyclage du plastique\",\"item\":\"https:\\\/\\\/www.azaros.eu\\\/fr\\\/produits\\\/recyclage-du-plastique\\\/\"},{\"@type\":\"ListItem\",\"position\":4,\"name\":\"Filtres m\u00e9talliques pour lignes Starlinger\",\"item\":\"https:\\\/\\\/www.azaros.eu\\\/fr\\\/produits\\\/recyclage-du-plastique\\\/filtres-metalliques-pour-lignes-starlinger\\\/\"},{\"@type\":\"ListItem\",\"position\":5,\"name\":\"Filtre avec diff\u00e9rentes couches\"}]},{\"@type\":\"WebSite\",\"@id\":\"https:\\\/\\\/www.azaros.eu\\\/fr\\\/#website\",\"url\":\"https:\\\/\\\/www.azaros.eu\\\/fr\\\/\",\"name\":\"Azaros\",\"description\":\"Fabricamos, distribuimos y comercializamos una gran gama de suministros.\",\"potentialAction\":[{\"@type\":\"SearchAction\",\"target\":{\"@type\":\"EntryPoint\",\"urlTemplate\":\"https:\\\/\\\/www.azaros.eu\\\/fr\\\/?s={search_term_string}\"},\"query-input\":{\"@type\":\"PropertyValueSpecification\",\"valueRequired\":true,\"valueName\":\"search_term_string\"}}],\"inLanguage\":\"fr-FR\"}]}<\/script>\n<!-- \/ Yoast SEO plugin. -->","yoast_head_json":{"title":"Filtre avec diff\u00e9rentes couches - Azaros","robots":{"index":"index","follow":"follow","max-snippet":"max-snippet:-1","max-image-preview":"max-image-preview:large","max-video-preview":"max-video-preview:-1"},"canonical":"https:\/\/www.azaros.eu\/fr\/produit\/406-copia-copia-copia-copia\/","og_locale":"fr_FR","og_type":"article","og_title":"Filtre avec diff\u00e9rentes couches - Azaros","og_description":"Les filtres pour lignes Starlinger \u00e9liminent les contaminants d\u2019une certaine taille de la masse fondue de plastique. Ils sont d\u00e9coup\u00e9s sur mesure et r\u00e9alis\u00e9s dans diff\u00e9rents types de m\u00e9taux, selon les sp\u00e9cifications techniques des clients.","og_url":"https:\/\/www.azaros.eu\/fr\/produit\/406-copia-copia-copia-copia\/","og_site_name":"Azaros","article_modified_time":"2025-10-03T11:55:54+00:00","og_image":[{"width":1200,"height":700,"url":"https:\/\/www.azaros.eu\/wp-content\/uploads\/2025\/09\/Filtros_Starlinger_Sueltos.jpg","type":"image\/jpeg"}],"twitter_card":"summary_large_image","schema":{"@context":"https:\/\/schema.org","@graph":[{"@type":"WebPage","@id":"https:\/\/www.azaros.eu\/fr\/produit\/406-copia-copia-copia-copia\/","url":"https:\/\/www.azaros.eu\/fr\/produit\/406-copia-copia-copia-copia\/","name":"Filtre avec diff\u00e9rentes couches - Azaros","isPartOf":{"@id":"https:\/\/www.azaros.eu\/fr\/#website"},"primaryImageOfPage":{"@id":"https:\/\/www.azaros.eu\/fr\/produit\/406-copia-copia-copia-copia\/#primaryimage"},"image":{"@id":"https:\/\/www.azaros.eu\/fr\/produit\/406-copia-copia-copia-copia\/#primaryimage"},"thumbnailUrl":"https:\/\/www.azaros.eu\/wp-content\/uploads\/2025\/09\/Filtros_Starlinger_Sueltos.jpg","datePublished":"2025-09-24T09:15:59+00:00","dateModified":"2025-10-03T11:55:54+00:00","breadcrumb":{"@id":"https:\/\/www.azaros.eu\/fr\/produit\/406-copia-copia-copia-copia\/#breadcrumb"},"inLanguage":"fr-FR","potentialAction":[{"@type":"ReadAction","target":["https:\/\/www.azaros.eu\/fr\/produit\/406-copia-copia-copia-copia\/"]}]},{"@type":"ImageObject","inLanguage":"fr-FR","@id":"https:\/\/www.azaros.eu\/fr\/produit\/406-copia-copia-copia-copia\/#primaryimage","url":"https:\/\/www.azaros.eu\/wp-content\/uploads\/2025\/09\/Filtros_Starlinger_Sueltos.jpg","contentUrl":"https:\/\/www.azaros.eu\/wp-content\/uploads\/2025\/09\/Filtros_Starlinger_Sueltos.jpg","width":1200,"height":700},{"@type":"BreadcrumbList","@id":"https:\/\/www.azaros.eu\/fr\/produit\/406-copia-copia-copia-copia\/#breadcrumb","itemListElement":[{"@type":"ListItem","position":1,"name":"Azaros","item":"https:\/\/www.azaros.eu\/fr\/azaros-home\/"},{"@type":"ListItem","position":2,"name":"Produits","item":"https:\/\/www.azaros.eu\/fr\/produits\/"},{"@type":"ListItem","position":3,"name":"Recyclage du plastique","item":"https:\/\/www.azaros.eu\/fr\/produits\/recyclage-du-plastique\/"},{"@type":"ListItem","position":4,"name":"Filtres m\u00e9talliques pour lignes Starlinger","item":"https:\/\/www.azaros.eu\/fr\/produits\/recyclage-du-plastique\/filtres-metalliques-pour-lignes-starlinger\/"},{"@type":"ListItem","position":5,"name":"Filtre avec diff\u00e9rentes couches"}]},{"@type":"WebSite","@id":"https:\/\/www.azaros.eu\/fr\/#website","url":"https:\/\/www.azaros.eu\/fr\/","name":"Azaros","description":"Fabricamos, distribuimos y comercializamos una gran gama de suministros.","potentialAction":[{"@type":"SearchAction","target":{"@type":"EntryPoint","urlTemplate":"https:\/\/www.azaros.eu\/fr\/?s={search_term_string}"},"query-input":{"@type":"PropertyValueSpecification","valueRequired":true,"valueName":"search_term_string"}}],"inLanguage":"fr-FR"}]}},"_links":{"self":[{"href":"https:\/\/www.azaros.eu\/fr\/wp-json\/wp\/v2\/product\/12244","targetHints":{"allow":["GET"]}}],"collection":[{"href":"https:\/\/www.azaros.eu\/fr\/wp-json\/wp\/v2\/product"}],"about":[{"href":"https:\/\/www.azaros.eu\/fr\/wp-json\/wp\/v2\/types\/product"}],"wp:featuredmedia":[{"embeddable":true,"href":"https:\/\/www.azaros.eu\/fr\/wp-json\/wp\/v2\/media\/12278"}],"wp:attachment":[{"href":"https:\/\/www.azaros.eu\/fr\/wp-json\/wp\/v2\/media?parent=12244"}],"wp:term":[{"taxonomy":"product_brand","embeddable":true,"href":"https:\/\/www.azaros.eu\/fr\/wp-json\/wp\/v2\/product_brand?post=12244"},{"taxonomy":"product_cat","embeddable":true,"href":"https:\/\/www.azaros.eu\/fr\/wp-json\/wp\/v2\/product_cat?post=12244"},{"taxonomy":"product_tag","embeddable":true,"href":"https:\/\/www.azaros.eu\/fr\/wp-json\/wp\/v2\/product_tag?post=12244"}],"curies":[{"name":"wp","href":"https:\/\/api.w.org\/{rel}","templated":true}]}}