{"id":8684,"date":"2018-11-24T10:11:11","date_gmt":"2018-11-24T09:11:11","guid":{"rendered":"https:\/\/www.azaros.eu\/producto\/boules-dalumine\/"},"modified":"2025-06-27T08:28:03","modified_gmt":"2025-06-27T07:28:03","slug":"boules-dalumine","status":"publish","type":"product","link":"https:\/\/www.azaros.eu\/fr\/produit\/boules-dalumine\/","title":{"rendered":"Boules d&rsquo;alumine"},"content":{"rendered":"<div class=\"row\"  id=\"row-265408070\">\n\n\t<div id=\"col-655717115\" class=\"col medium-6 small-12 large-6\"  >\n\t\t\t\t<div class=\"col-inner\"  >\n\t\t\t\n\t\t\t\n<div class=\"container section-title-container\" ><h2 class=\"section-title section-title-normal\"><b aria-hidden=\"true\"><\/b><span class=\"section-title-main\" style=\"font-size:80%;\">Caract\u00e9ristiques<\/span><b aria-hidden=\"true\"><\/b><\/h2><\/div>\n<p>Gr\u00e2ce \u00e0 leur haute puret\u00e9 et \u00e0 leur faible teneur en silice, ces boules sont sp\u00e9cialement con\u00e7ues pour des applications \u00e0 haute temp\u00e9rature dans des environnements agressifs, avec pr\u00e9sence d\u2019acides et de vapeur \u00e0 haute temp\u00e9rature.<\/p>\n\t\t<\/div>\n\t\t\t\t\t<\/div>\n\n\t\n\n\t<div id=\"col-454430056\" class=\"col medium-6 small-12 large-6\"  >\n\t\t\t\t<div class=\"col-inner\"  >\n\t\t\t\n\t\t\t\n<div class=\"container section-title-container\" ><h2 class=\"section-title section-title-normal\"><b aria-hidden=\"true\"><\/b><span class=\"section-title-main\" style=\"font-size:80%;\">Applications typiques<\/span><b aria-hidden=\"true\"><\/b><\/h2><\/div>\n<p>Dans les br\u00fbleurs r\u00e9g\u00e9n\u00e9ratifs des fours industriels, comme filtres pour l\u2019aluminium liquide pour le broyage de diff\u00e9rents types de mat\u00e9riaux<\/p>\n\t\t<\/div>\n\t\t\t\t\t<\/div>\n\n\t\n<\/div>\n","protected":false},"excerpt":{"rendered":"<p>Billes fabriqu\u00e9es avec un pourcentage \u00e9lev\u00e9 d&rsquo;alumine dans son plus haut degr\u00e9 de calcination, ce qui leur conf\u00e8re des propri\u00e9t\u00e9s m\u00e9caniques \u00e9lev\u00e9es et une grande r\u00e9sistance aux contraintes thermiques.<\/p>\n","protected":false},"featured_media":6172,"template":"","meta":[],"product_brand":[],"product_cat":[57],"product_tag":[],"class_list":{"0":"post-8684","1":"product","2":"type-product","3":"status-publish","4":"has-post-thumbnail","6":"product_cat-consommables-fonderie","8":"first","9":"instock","10":"shipping-taxable","11":"product-type-simple"},"yoast_head":"<!-- This site is optimized with the Yoast SEO plugin v27.4 - https:\/\/yoast.com\/product\/yoast-seo-wordpress\/ -->\n<title>Boules d&#039;alumine | Azaros<\/title>\n<meta name=\"description\" content=\"Billes fabriqu\u00e9es avec un pourcentage \u00e9lev\u00e9 d&#039;alumine dans son plus haut degr\u00e9 de calcination, ce qui leur conf\u00e8re des propri\u00e9t\u00e9s m\u00e9caniques \u00e9lev\u00e9es et une grande r\u00e9sistance aux contraintes thermiques.\" \/>\n<meta name=\"robots\" content=\"index, follow, max-snippet:-1, max-image-preview:large, max-video-preview:-1\" \/>\n<link rel=\"canonical\" href=\"https:\/\/www.azaros.eu\/fr\/produit\/boules-dalumine\/\" \/>\n<meta property=\"og:locale\" content=\"fr_FR\" \/>\n<meta property=\"og:type\" content=\"article\" \/>\n<meta property=\"og:title\" content=\"Boules d&#039;alumine | Azaros\" \/>\n<meta property=\"og:description\" content=\"Billes fabriqu\u00e9es avec un pourcentage \u00e9lev\u00e9 d&#039;alumine dans son plus haut degr\u00e9 de calcination, ce qui leur conf\u00e8re des propri\u00e9t\u00e9s m\u00e9caniques \u00e9lev\u00e9es et une grande r\u00e9sistance aux contraintes thermiques.\" \/>\n<meta property=\"og:url\" content=\"https:\/\/www.azaros.eu\/fr\/produit\/boules-dalumine\/\" \/>\n<meta property=\"og:site_name\" content=\"Azaros\" \/>\n<meta property=\"article:modified_time\" content=\"2025-06-27T07:28:03+00:00\" \/>\n<meta property=\"og:image\" content=\"https:\/\/www.azaros.eu\/wp-content\/uploads\/2018\/11\/Bolas-Alumina.jpg\" \/>\n\t<meta property=\"og:image:width\" content=\"1200\" \/>\n\t<meta property=\"og:image:height\" content=\"700\" \/>\n\t<meta property=\"og:image:type\" content=\"image\/jpeg\" \/>\n<meta name=\"twitter:card\" content=\"summary_large_image\" \/>\n<script type=\"application\/ld+json\" class=\"yoast-schema-graph\">{\"@context\":\"https:\\\/\\\/schema.org\",\"@graph\":[{\"@type\":\"WebPage\",\"@id\":\"https:\\\/\\\/www.azaros.eu\\\/fr\\\/produit\\\/boules-dalumine\\\/\",\"url\":\"https:\\\/\\\/www.azaros.eu\\\/fr\\\/produit\\\/boules-dalumine\\\/\",\"name\":\"Boules d'alumine | Azaros\",\"isPartOf\":{\"@id\":\"https:\\\/\\\/www.azaros.eu\\\/fr\\\/#website\"},\"primaryImageOfPage\":{\"@id\":\"https:\\\/\\\/www.azaros.eu\\\/fr\\\/produit\\\/boules-dalumine\\\/#primaryimage\"},\"image\":{\"@id\":\"https:\\\/\\\/www.azaros.eu\\\/fr\\\/produit\\\/boules-dalumine\\\/#primaryimage\"},\"thumbnailUrl\":\"https:\\\/\\\/www.azaros.eu\\\/wp-content\\\/uploads\\\/2018\\\/11\\\/Bolas-Alumina.jpg\",\"datePublished\":\"2018-11-24T09:11:11+00:00\",\"dateModified\":\"2025-06-27T07:28:03+00:00\",\"description\":\"Billes fabriqu\u00e9es avec un pourcentage \u00e9lev\u00e9 d'alumine dans son plus haut degr\u00e9 de calcination, ce qui leur conf\u00e8re des propri\u00e9t\u00e9s m\u00e9caniques \u00e9lev\u00e9es et une grande r\u00e9sistance aux contraintes thermiques.\",\"breadcrumb\":{\"@id\":\"https:\\\/\\\/www.azaros.eu\\\/fr\\\/produit\\\/boules-dalumine\\\/#breadcrumb\"},\"inLanguage\":\"fr-FR\",\"potentialAction\":[{\"@type\":\"ReadAction\",\"target\":[\"https:\\\/\\\/www.azaros.eu\\\/fr\\\/produit\\\/boules-dalumine\\\/\"]}]},{\"@type\":\"ImageObject\",\"inLanguage\":\"fr-FR\",\"@id\":\"https:\\\/\\\/www.azaros.eu\\\/fr\\\/produit\\\/boules-dalumine\\\/#primaryimage\",\"url\":\"https:\\\/\\\/www.azaros.eu\\\/wp-content\\\/uploads\\\/2018\\\/11\\\/Bolas-Alumina.jpg\",\"contentUrl\":\"https:\\\/\\\/www.azaros.eu\\\/wp-content\\\/uploads\\\/2018\\\/11\\\/Bolas-Alumina.jpg\",\"width\":1200,\"height\":700},{\"@type\":\"BreadcrumbList\",\"@id\":\"https:\\\/\\\/www.azaros.eu\\\/fr\\\/produit\\\/boules-dalumine\\\/#breadcrumb\",\"itemListElement\":[{\"@type\":\"ListItem\",\"position\":1,\"name\":\"Azaros\",\"item\":\"https:\\\/\\\/www.azaros.eu\\\/fr\\\/azaros-home\\\/\"},{\"@type\":\"ListItem\",\"position\":2,\"name\":\"Produits\",\"item\":\"https:\\\/\\\/www.azaros.eu\\\/fr\\\/produits\\\/\"},{\"@type\":\"ListItem\",\"position\":3,\"name\":\"Fournitures de fonderie\",\"item\":\"https:\\\/\\\/www.azaros.eu\\\/fr\\\/produits\\\/fournitures-de-fonderie\\\/\"},{\"@type\":\"ListItem\",\"position\":4,\"name\":\"Consommables fonderie\",\"item\":\"https:\\\/\\\/www.azaros.eu\\\/fr\\\/produits\\\/fournitures-de-fonderie\\\/consommables-fonderie\\\/\"},{\"@type\":\"ListItem\",\"position\":5,\"name\":\"Boules d&rsquo;alumine\"}]},{\"@type\":\"WebSite\",\"@id\":\"https:\\\/\\\/www.azaros.eu\\\/fr\\\/#website\",\"url\":\"https:\\\/\\\/www.azaros.eu\\\/fr\\\/\",\"name\":\"Azaros\",\"description\":\"Fabricamos, distribuimos y comercializamos una gran gama de suministros.\",\"potentialAction\":[{\"@type\":\"SearchAction\",\"target\":{\"@type\":\"EntryPoint\",\"urlTemplate\":\"https:\\\/\\\/www.azaros.eu\\\/fr\\\/?s={search_term_string}\"},\"query-input\":{\"@type\":\"PropertyValueSpecification\",\"valueRequired\":true,\"valueName\":\"search_term_string\"}}],\"inLanguage\":\"fr-FR\"}]}<\/script>\n<!-- \/ Yoast SEO plugin. -->","yoast_head_json":{"title":"Boules d'alumine | Azaros","description":"Billes fabriqu\u00e9es avec un pourcentage \u00e9lev\u00e9 d'alumine dans son plus haut degr\u00e9 de calcination, ce qui leur conf\u00e8re des propri\u00e9t\u00e9s m\u00e9caniques \u00e9lev\u00e9es et une grande r\u00e9sistance aux contraintes thermiques.","robots":{"index":"index","follow":"follow","max-snippet":"max-snippet:-1","max-image-preview":"max-image-preview:large","max-video-preview":"max-video-preview:-1"},"canonical":"https:\/\/www.azaros.eu\/fr\/produit\/boules-dalumine\/","og_locale":"fr_FR","og_type":"article","og_title":"Boules d'alumine | Azaros","og_description":"Billes fabriqu\u00e9es avec un pourcentage \u00e9lev\u00e9 d'alumine dans son plus haut degr\u00e9 de calcination, ce qui leur conf\u00e8re des propri\u00e9t\u00e9s m\u00e9caniques \u00e9lev\u00e9es et une grande r\u00e9sistance aux contraintes thermiques.","og_url":"https:\/\/www.azaros.eu\/fr\/produit\/boules-dalumine\/","og_site_name":"Azaros","article_modified_time":"2025-06-27T07:28:03+00:00","og_image":[{"width":1200,"height":700,"url":"https:\/\/www.azaros.eu\/wp-content\/uploads\/2018\/11\/Bolas-Alumina.jpg","type":"image\/jpeg"}],"twitter_card":"summary_large_image","schema":{"@context":"https:\/\/schema.org","@graph":[{"@type":"WebPage","@id":"https:\/\/www.azaros.eu\/fr\/produit\/boules-dalumine\/","url":"https:\/\/www.azaros.eu\/fr\/produit\/boules-dalumine\/","name":"Boules d'alumine | Azaros","isPartOf":{"@id":"https:\/\/www.azaros.eu\/fr\/#website"},"primaryImageOfPage":{"@id":"https:\/\/www.azaros.eu\/fr\/produit\/boules-dalumine\/#primaryimage"},"image":{"@id":"https:\/\/www.azaros.eu\/fr\/produit\/boules-dalumine\/#primaryimage"},"thumbnailUrl":"https:\/\/www.azaros.eu\/wp-content\/uploads\/2018\/11\/Bolas-Alumina.jpg","datePublished":"2018-11-24T09:11:11+00:00","dateModified":"2025-06-27T07:28:03+00:00","description":"Billes fabriqu\u00e9es avec un pourcentage \u00e9lev\u00e9 d'alumine dans son plus haut degr\u00e9 de calcination, ce qui leur conf\u00e8re des propri\u00e9t\u00e9s m\u00e9caniques \u00e9lev\u00e9es et une grande r\u00e9sistance aux contraintes thermiques.","breadcrumb":{"@id":"https:\/\/www.azaros.eu\/fr\/produit\/boules-dalumine\/#breadcrumb"},"inLanguage":"fr-FR","potentialAction":[{"@type":"ReadAction","target":["https:\/\/www.azaros.eu\/fr\/produit\/boules-dalumine\/"]}]},{"@type":"ImageObject","inLanguage":"fr-FR","@id":"https:\/\/www.azaros.eu\/fr\/produit\/boules-dalumine\/#primaryimage","url":"https:\/\/www.azaros.eu\/wp-content\/uploads\/2018\/11\/Bolas-Alumina.jpg","contentUrl":"https:\/\/www.azaros.eu\/wp-content\/uploads\/2018\/11\/Bolas-Alumina.jpg","width":1200,"height":700},{"@type":"BreadcrumbList","@id":"https:\/\/www.azaros.eu\/fr\/produit\/boules-dalumine\/#breadcrumb","itemListElement":[{"@type":"ListItem","position":1,"name":"Azaros","item":"https:\/\/www.azaros.eu\/fr\/azaros-home\/"},{"@type":"ListItem","position":2,"name":"Produits","item":"https:\/\/www.azaros.eu\/fr\/produits\/"},{"@type":"ListItem","position":3,"name":"Fournitures de fonderie","item":"https:\/\/www.azaros.eu\/fr\/produits\/fournitures-de-fonderie\/"},{"@type":"ListItem","position":4,"name":"Consommables fonderie","item":"https:\/\/www.azaros.eu\/fr\/produits\/fournitures-de-fonderie\/consommables-fonderie\/"},{"@type":"ListItem","position":5,"name":"Boules d&rsquo;alumine"}]},{"@type":"WebSite","@id":"https:\/\/www.azaros.eu\/fr\/#website","url":"https:\/\/www.azaros.eu\/fr\/","name":"Azaros","description":"Fabricamos, distribuimos y comercializamos una gran gama de suministros.","potentialAction":[{"@type":"SearchAction","target":{"@type":"EntryPoint","urlTemplate":"https:\/\/www.azaros.eu\/fr\/?s={search_term_string}"},"query-input":{"@type":"PropertyValueSpecification","valueRequired":true,"valueName":"search_term_string"}}],"inLanguage":"fr-FR"}]}},"_links":{"self":[{"href":"https:\/\/www.azaros.eu\/fr\/wp-json\/wp\/v2\/product\/8684","targetHints":{"allow":["GET"]}}],"collection":[{"href":"https:\/\/www.azaros.eu\/fr\/wp-json\/wp\/v2\/product"}],"about":[{"href":"https:\/\/www.azaros.eu\/fr\/wp-json\/wp\/v2\/types\/product"}],"wp:featuredmedia":[{"embeddable":true,"href":"https:\/\/www.azaros.eu\/fr\/wp-json\/wp\/v2\/media\/6172"}],"wp:attachment":[{"href":"https:\/\/www.azaros.eu\/fr\/wp-json\/wp\/v2\/media?parent=8684"}],"wp:term":[{"taxonomy":"product_brand","embeddable":true,"href":"https:\/\/www.azaros.eu\/fr\/wp-json\/wp\/v2\/product_brand?post=8684"},{"taxonomy":"product_cat","embeddable":true,"href":"https:\/\/www.azaros.eu\/fr\/wp-json\/wp\/v2\/product_cat?post=8684"},{"taxonomy":"product_tag","embeddable":true,"href":"https:\/\/www.azaros.eu\/fr\/wp-json\/wp\/v2\/product_tag?post=8684"}],"curies":[{"name":"wp","href":"https:\/\/api.w.org\/{rel}","templated":true}]}}