{"id":8712,"date":"2018-08-06T09:38:24","date_gmt":"2018-08-06T08:38:24","guid":{"rendered":"https:\/\/www.azaros.eu\/producto\/panneaux-de-mica\/"},"modified":"2025-05-20T08:40:15","modified_gmt":"2025-05-20T07:40:15","slug":"panneaux-de-mica","status":"publish","type":"product","link":"https:\/\/www.azaros.eu\/fr\/produit\/panneaux-de-mica\/","title":{"rendered":"Plaque en mica"},"content":{"rendered":"<div class=\"row\"  id=\"row-533209240\">\n\n\t<div id=\"col-698495036\" class=\"col medium-6 small-12 large-6\"  >\n\t\t\t\t<div class=\"col-inner\"  >\n\t\t\t\n\t\t\t\n<div class=\"container section-title-container\" ><h2 class=\"section-title section-title-normal\"><b aria-hidden=\"true\"><\/b><span class=\"section-title-main\" style=\"font-size:80%;\">Caract\u00e9ristiques<\/span><b aria-hidden=\"true\"><\/b><\/h2><\/div>\n<p>Les plaques sont compos\u00e9es de papier de mica phlogopite agglom\u00e9r\u00e9 \u00e0 l\u2019aide d\u2019une r\u00e9sine poss\u00e9dant d\u2019excellentes propri\u00e9t\u00e9s thermiques et \u00e9lectriques. Le mat\u00e9riau est soumis \u00e0 une forte pression et \u00e0 une temp\u00e9rature \u00e9lev\u00e9e, pour assurer son durcissement. <\/p>\n<p>Formats disponibles :<\/p>\n<ul>\n<li>Plaques rigides:\n<ul style=\"list-style-type: square;\">\n<li>\u00c9paisseur : 0.10 \u2013 50 mm.<\/li>\n<li>Dimensions standard : 1200 x 1000 \u2013 2000 x 1000 \u2013 2400 x 1000 mm.<\/li>\n<\/ul>\n<\/li>\n<li>Plaques flexibles:\n<ul style=\"list-style-type: square;\">\n<li>\u00c9paisseur : 0.10 \u2013 2 mm.<\/li>\n<li>Dimensions standard : 1200 x 1000 \u2013 2000 x 1000 \u2013 2400 x 1000 mm<\/li>\n<\/ul>\n<\/li>\n<\/ul>\n<p>Remarque: possibilit\u00e9 de fournir des pi\u00e8ces d\u00e9coup\u00e9es selon plan, ainsi que d&rsquo;autres dimensions sur demande.<\/p>\n\t\t<\/div>\n\t\t\t\t\t<\/div>\n\n\t\n\n\t<div id=\"col-746113974\" class=\"col medium-6 small-12 large-6\"  >\n\t\t\t\t<div class=\"col-inner\"  >\n\t\t\t\n\t\t\t\n<div class=\"container section-title-container\" ><h2 class=\"section-title section-title-normal\"><b aria-hidden=\"true\"><\/b><span class=\"section-title-main\" style=\"font-size:80%;\">Applications typiques<\/span><b aria-hidden=\"true\"><\/b><\/h2><\/div>\n<p>Le mica est utilis\u00e9e dans des applications o\u00f9 l\u2019isolant doit \u00e9pouser des formes sp\u00e9cifiques tout en offrant une excellente r\u00e9sistance thermique, di\u00e9lectrique et de flexion : ventilateurs \u00e0 air chaud, disjoncteurs, transformateurs, etc.<br \/>\nC\u2019est un mat\u00e9riau id\u00e9al comme support de r\u00e9sistances dans les secteurs suivants : \u00e9lectrom\u00e9nager, automobile, a\u00e9ronautique, ferroviaire et pour toute application \u00e9lectrique n\u00e9cessitant une r\u00e9sistance \u00e9lev\u00e9e \u00e0 la temp\u00e9rature tout en conservant ses propri\u00e9t\u00e9s m\u00e9caniques et \u00e9lectriques.<\/p>\n\t\t<\/div>\n\t\t\t\t\t<\/div>\n\n\t\n<\/div>\n","protected":false},"excerpt":{"rendered":"<p>Plaques en mica phlogopite et muscovite, flexibles et rigides<br \/>\nLe mica est un min\u00e9ral appartenant \u00e0 un vaste groupe de silicates d\u2019alumine, de fer, de calcium, de magn\u00e9sium et d\u2019autres min\u00e9raux alcalins, caract\u00e9ris\u00e9 par sa capacit\u00e9 \u00e0 s\u2019exfolier facilement en fines lamelles.<\/p>\n","protected":false},"featured_media":6331,"template":"","meta":[],"product_brand":[],"product_cat":[56],"product_tag":[],"class_list":{"0":"post-8712","1":"product","2":"type-product","3":"status-publish","4":"has-post-thumbnail","6":"product_cat-mica","8":"first","9":"instock","10":"shipping-taxable","11":"product-type-simple"},"yoast_head":"<!-- This site is optimized with the Yoast SEO plugin v27.5 - https:\/\/yoast.com\/product\/yoast-seo-wordpress\/ -->\n<title>Panneaux de mica | Azaros<\/title>\n<meta name=\"description\" content=\"Trouvez chez Azaros.eu les meilleures plaques en mica du march\u00e9. D\u00e9couvrez les plaques en mica Azaros au meilleur prix.\" \/>\n<meta name=\"robots\" content=\"index, follow, max-snippet:-1, max-image-preview:large, max-video-preview:-1\" \/>\n<link rel=\"canonical\" href=\"https:\/\/www.azaros.eu\/fr\/produit\/panneaux-de-mica\/\" \/>\n<meta property=\"og:locale\" content=\"fr_FR\" \/>\n<meta property=\"og:type\" content=\"article\" \/>\n<meta property=\"og:title\" content=\"Panneaux de mica | Azaros\" \/>\n<meta property=\"og:description\" content=\"Trouvez chez Azaros.eu les meilleures plaques en mica du march\u00e9. D\u00e9couvrez les plaques en mica Azaros au meilleur prix.\" \/>\n<meta property=\"og:url\" content=\"https:\/\/www.azaros.eu\/fr\/produit\/panneaux-de-mica\/\" \/>\n<meta property=\"og:site_name\" content=\"Azaros\" \/>\n<meta property=\"article:modified_time\" content=\"2025-05-20T07:40:15+00:00\" \/>\n<meta property=\"og:image\" content=\"https:\/\/www.azaros.eu\/wp-content\/uploads\/2018\/08\/Placas-de-Mica-34-12.jpg\" \/>\n\t<meta property=\"og:image:width\" content=\"1200\" \/>\n\t<meta property=\"og:image:height\" content=\"700\" \/>\n\t<meta property=\"og:image:type\" content=\"image\/jpeg\" \/>\n<meta name=\"twitter:card\" content=\"summary_large_image\" \/>\n<meta name=\"twitter:label1\" content=\"Dur\u00e9e de lecture estim\u00e9e\" \/>\n\t<meta name=\"twitter:data1\" content=\"1 minute\" \/>\n<script type=\"application\/ld+json\" class=\"yoast-schema-graph\">{\"@context\":\"https:\\\/\\\/schema.org\",\"@graph\":[{\"@type\":\"WebPage\",\"@id\":\"https:\\\/\\\/www.azaros.eu\\\/fr\\\/produit\\\/panneaux-de-mica\\\/\",\"url\":\"https:\\\/\\\/www.azaros.eu\\\/fr\\\/produit\\\/panneaux-de-mica\\\/\",\"name\":\"Panneaux de mica | Azaros\",\"isPartOf\":{\"@id\":\"https:\\\/\\\/www.azaros.eu\\\/fr\\\/#website\"},\"primaryImageOfPage\":{\"@id\":\"https:\\\/\\\/www.azaros.eu\\\/fr\\\/produit\\\/panneaux-de-mica\\\/#primaryimage\"},\"image\":{\"@id\":\"https:\\\/\\\/www.azaros.eu\\\/fr\\\/produit\\\/panneaux-de-mica\\\/#primaryimage\"},\"thumbnailUrl\":\"https:\\\/\\\/www.azaros.eu\\\/wp-content\\\/uploads\\\/2018\\\/08\\\/Placas-de-Mica-34-12.jpg\",\"datePublished\":\"2018-08-06T08:38:24+00:00\",\"dateModified\":\"2025-05-20T07:40:15+00:00\",\"description\":\"Trouvez chez Azaros.eu les meilleures plaques en mica du march\u00e9. D\u00e9couvrez les plaques en mica Azaros au meilleur prix.\",\"breadcrumb\":{\"@id\":\"https:\\\/\\\/www.azaros.eu\\\/fr\\\/produit\\\/panneaux-de-mica\\\/#breadcrumb\"},\"inLanguage\":\"fr-FR\",\"potentialAction\":[{\"@type\":\"ReadAction\",\"target\":[\"https:\\\/\\\/www.azaros.eu\\\/fr\\\/produit\\\/panneaux-de-mica\\\/\"]}]},{\"@type\":\"ImageObject\",\"inLanguage\":\"fr-FR\",\"@id\":\"https:\\\/\\\/www.azaros.eu\\\/fr\\\/produit\\\/panneaux-de-mica\\\/#primaryimage\",\"url\":\"https:\\\/\\\/www.azaros.eu\\\/wp-content\\\/uploads\\\/2018\\\/08\\\/Placas-de-Mica-34-12.jpg\",\"contentUrl\":\"https:\\\/\\\/www.azaros.eu\\\/wp-content\\\/uploads\\\/2018\\\/08\\\/Placas-de-Mica-34-12.jpg\",\"width\":1200,\"height\":700},{\"@type\":\"BreadcrumbList\",\"@id\":\"https:\\\/\\\/www.azaros.eu\\\/fr\\\/produit\\\/panneaux-de-mica\\\/#breadcrumb\",\"itemListElement\":[{\"@type\":\"ListItem\",\"position\":1,\"name\":\"Azaros\",\"item\":\"https:\\\/\\\/www.azaros.eu\\\/fr\\\/azaros-home\\\/\"},{\"@type\":\"ListItem\",\"position\":2,\"name\":\"Produits\",\"item\":\"https:\\\/\\\/www.azaros.eu\\\/fr\\\/produits\\\/\"},{\"@type\":\"ListItem\",\"position\":3,\"name\":\"Isolant \u00e9lectrique\",\"item\":\"https:\\\/\\\/www.azaros.eu\\\/fr\\\/produits\\\/isolant-electrique\\\/\"},{\"@type\":\"ListItem\",\"position\":4,\"name\":\"Mica\",\"item\":\"https:\\\/\\\/www.azaros.eu\\\/fr\\\/produits\\\/isolant-electrique\\\/mica\\\/\"},{\"@type\":\"ListItem\",\"position\":5,\"name\":\"Plaque en mica\"}]},{\"@type\":\"WebSite\",\"@id\":\"https:\\\/\\\/www.azaros.eu\\\/fr\\\/#website\",\"url\":\"https:\\\/\\\/www.azaros.eu\\\/fr\\\/\",\"name\":\"Azaros\",\"description\":\"Fabricamos, distribuimos y comercializamos una gran gama de suministros.\",\"potentialAction\":[{\"@type\":\"SearchAction\",\"target\":{\"@type\":\"EntryPoint\",\"urlTemplate\":\"https:\\\/\\\/www.azaros.eu\\\/fr\\\/?s={search_term_string}\"},\"query-input\":{\"@type\":\"PropertyValueSpecification\",\"valueRequired\":true,\"valueName\":\"search_term_string\"}}],\"inLanguage\":\"fr-FR\"}]}<\/script>\n<!-- \/ Yoast SEO plugin. -->","yoast_head_json":{"title":"Panneaux de mica | Azaros","description":"Trouvez chez Azaros.eu les meilleures plaques en mica du march\u00e9. D\u00e9couvrez les plaques en mica Azaros au meilleur prix.","robots":{"index":"index","follow":"follow","max-snippet":"max-snippet:-1","max-image-preview":"max-image-preview:large","max-video-preview":"max-video-preview:-1"},"canonical":"https:\/\/www.azaros.eu\/fr\/produit\/panneaux-de-mica\/","og_locale":"fr_FR","og_type":"article","og_title":"Panneaux de mica | Azaros","og_description":"Trouvez chez Azaros.eu les meilleures plaques en mica du march\u00e9. D\u00e9couvrez les plaques en mica Azaros au meilleur prix.","og_url":"https:\/\/www.azaros.eu\/fr\/produit\/panneaux-de-mica\/","og_site_name":"Azaros","article_modified_time":"2025-05-20T07:40:15+00:00","og_image":[{"width":1200,"height":700,"url":"https:\/\/www.azaros.eu\/wp-content\/uploads\/2018\/08\/Placas-de-Mica-34-12.jpg","type":"image\/jpeg"}],"twitter_card":"summary_large_image","twitter_misc":{"Dur\u00e9e de lecture estim\u00e9e":"1 minute"},"schema":{"@context":"https:\/\/schema.org","@graph":[{"@type":"WebPage","@id":"https:\/\/www.azaros.eu\/fr\/produit\/panneaux-de-mica\/","url":"https:\/\/www.azaros.eu\/fr\/produit\/panneaux-de-mica\/","name":"Panneaux de mica | Azaros","isPartOf":{"@id":"https:\/\/www.azaros.eu\/fr\/#website"},"primaryImageOfPage":{"@id":"https:\/\/www.azaros.eu\/fr\/produit\/panneaux-de-mica\/#primaryimage"},"image":{"@id":"https:\/\/www.azaros.eu\/fr\/produit\/panneaux-de-mica\/#primaryimage"},"thumbnailUrl":"https:\/\/www.azaros.eu\/wp-content\/uploads\/2018\/08\/Placas-de-Mica-34-12.jpg","datePublished":"2018-08-06T08:38:24+00:00","dateModified":"2025-05-20T07:40:15+00:00","description":"Trouvez chez Azaros.eu les meilleures plaques en mica du march\u00e9. D\u00e9couvrez les plaques en mica Azaros au meilleur prix.","breadcrumb":{"@id":"https:\/\/www.azaros.eu\/fr\/produit\/panneaux-de-mica\/#breadcrumb"},"inLanguage":"fr-FR","potentialAction":[{"@type":"ReadAction","target":["https:\/\/www.azaros.eu\/fr\/produit\/panneaux-de-mica\/"]}]},{"@type":"ImageObject","inLanguage":"fr-FR","@id":"https:\/\/www.azaros.eu\/fr\/produit\/panneaux-de-mica\/#primaryimage","url":"https:\/\/www.azaros.eu\/wp-content\/uploads\/2018\/08\/Placas-de-Mica-34-12.jpg","contentUrl":"https:\/\/www.azaros.eu\/wp-content\/uploads\/2018\/08\/Placas-de-Mica-34-12.jpg","width":1200,"height":700},{"@type":"BreadcrumbList","@id":"https:\/\/www.azaros.eu\/fr\/produit\/panneaux-de-mica\/#breadcrumb","itemListElement":[{"@type":"ListItem","position":1,"name":"Azaros","item":"https:\/\/www.azaros.eu\/fr\/azaros-home\/"},{"@type":"ListItem","position":2,"name":"Produits","item":"https:\/\/www.azaros.eu\/fr\/produits\/"},{"@type":"ListItem","position":3,"name":"Isolant \u00e9lectrique","item":"https:\/\/www.azaros.eu\/fr\/produits\/isolant-electrique\/"},{"@type":"ListItem","position":4,"name":"Mica","item":"https:\/\/www.azaros.eu\/fr\/produits\/isolant-electrique\/mica\/"},{"@type":"ListItem","position":5,"name":"Plaque en mica"}]},{"@type":"WebSite","@id":"https:\/\/www.azaros.eu\/fr\/#website","url":"https:\/\/www.azaros.eu\/fr\/","name":"Azaros","description":"Fabricamos, distribuimos y comercializamos una gran gama de suministros.","potentialAction":[{"@type":"SearchAction","target":{"@type":"EntryPoint","urlTemplate":"https:\/\/www.azaros.eu\/fr\/?s={search_term_string}"},"query-input":{"@type":"PropertyValueSpecification","valueRequired":true,"valueName":"search_term_string"}}],"inLanguage":"fr-FR"}]}},"_links":{"self":[{"href":"https:\/\/www.azaros.eu\/fr\/wp-json\/wp\/v2\/product\/8712","targetHints":{"allow":["GET"]}}],"collection":[{"href":"https:\/\/www.azaros.eu\/fr\/wp-json\/wp\/v2\/product"}],"about":[{"href":"https:\/\/www.azaros.eu\/fr\/wp-json\/wp\/v2\/types\/product"}],"wp:featuredmedia":[{"embeddable":true,"href":"https:\/\/www.azaros.eu\/fr\/wp-json\/wp\/v2\/media\/6331"}],"wp:attachment":[{"href":"https:\/\/www.azaros.eu\/fr\/wp-json\/wp\/v2\/media?parent=8712"}],"wp:term":[{"taxonomy":"product_brand","embeddable":true,"href":"https:\/\/www.azaros.eu\/fr\/wp-json\/wp\/v2\/product_brand?post=8712"},{"taxonomy":"product_cat","embeddable":true,"href":"https:\/\/www.azaros.eu\/fr\/wp-json\/wp\/v2\/product_cat?post=8712"},{"taxonomy":"product_tag","embeddable":true,"href":"https:\/\/www.azaros.eu\/fr\/wp-json\/wp\/v2\/product_tag?post=8712"}],"curies":[{"name":"wp","href":"https:\/\/api.w.org\/{rel}","templated":true}]}}