{"id":8715,"date":"2018-08-06T09:38:23","date_gmt":"2018-08-06T08:38:23","guid":{"rendered":"https:\/\/www.azaros.eu\/producto\/plaques-de-silicate-de-calcium\/"},"modified":"2025-05-19T10:34:31","modified_gmt":"2025-05-19T09:34:31","slug":"plaques-de-silicate-de-calcium","status":"publish","type":"product","link":"https:\/\/www.azaros.eu\/fr\/produit\/plaques-de-silicate-de-calcium\/","title":{"rendered":"Plaques de silicate de calcium"},"content":{"rendered":"<div class=\"row\"  id=\"row-33089239\">\n\n\t<div id=\"col-1265713023\" class=\"col medium-6 small-12 large-6\"  >\n\t\t\t\t<div class=\"col-inner\"  >\n\t\t\t\n\t\t\t\n<div class=\"container section-title-container\" ><h2 class=\"section-title section-title-normal\"><b aria-hidden=\"true\"><\/b><span class=\"section-title-main\" style=\"font-size:80%;\">Caract\u00e9ristiques<\/span><b aria-hidden=\"true\"><\/b><\/h2><\/div>\n<ul>\n<li>Couleur gris clair, lisses, rigides et sans poussi\u00e8re.<\/li>\n<li>Les plaques se pr\u00e9sentent dans diverses dimensions standard:\n<ul style=\"list-style-type: square;\">\n<li>Dimensions standard disponibles: 1000 x 1220 \u2013 1000 x 610 \u2013 1000 x 305 mm.<\/li>\n<li>Plage d\u2019\u00e9paisseurs : de 25 mm. \u00e0 100 mm.<\/li>\n<\/ul>\n<\/li>\n<li>Facilit\u00e9 de coupe et possibilit\u00e9 de fourniture de formes sp\u00e9ciales usin\u00e9es sur demande<\/li>\n<li>Traitement hydrofuge disponible sur un c\u00f4t\u00e9<\/li>\n<li>Temp\u00e9rature maximale d&rsquo;utilisation : 1000-1100 \u00b0C.<\/li>\n<\/ul>\n\t\t<\/div>\n\t\t\t\t\t<\/div>\n\n\t\n\n\t<div id=\"col-954904929\" class=\"col medium-6 small-12 large-6\"  >\n\t\t\t\t<div class=\"col-inner\"  >\n\t\t\t\n\t\t\t\n<div class=\"container section-title-container\" ><h2 class=\"section-title section-title-normal\"><b aria-hidden=\"true\"><\/b><span class=\"section-title-main\" style=\"font-size:80%;\">Applications typiques<\/span><b aria-hidden=\"true\"><\/b><\/h2><\/div>\n<p>Isolation de fond pour les rev\u00eatements r\u00e9fractaires tels que les briques denses, les briques isolantes, les b\u00e9tons, et les masses plastiques.<\/p>\n\t\t<\/div>\n\t\t\t\t\t<\/div>\n\n\t\n<\/div>\n","protected":false},"excerpt":{"rendered":"<p>Les plaques de silicate de calcium sont une gamme de mat\u00e9riaux isolants extr\u00eamement l\u00e9gers, offrant une excellente performance thermique, une grande r\u00e9sistance m\u00e9canique et une bonne r\u00e9sistance \u00e0 la chaleur. Elles sont con\u00e7ues pour \u00eatre utilis\u00e9es comme isolant de fond pour divers rev\u00eatements r\u00e9fractaires dans des environnements industriels \u00e0 haute temp\u00e9rature.<\/p>\n","protected":false},"featured_media":6016,"template":"","meta":[],"product_brand":[],"product_cat":[245],"product_tag":[],"class_list":{"0":"post-8715","1":"product","2":"type-product","3":"status-publish","4":"has-post-thumbnail","6":"product_cat-silicate-de-calcium","8":"first","9":"instock","10":"shipping-taxable","11":"product-type-simple"},"yoast_head":"<!-- This site is optimized with the Yoast SEO plugin v27.3 - https:\/\/yoast.com\/product\/yoast-seo-wordpress\/ -->\n<title>Plaques de silicate de calcium | Azaros<\/title>\n<meta name=\"description\" content=\"Les plaques de silicate de calcium couvrent une gamme de panneaux isolants extr\u00eamement l\u00e9gers \u00e0 haute valeur isolante, excellente r\u00e9sistance m\u00e9canique et bonne r\u00e9sistance \u00e0 la chaleur.\" \/>\n<meta name=\"robots\" content=\"index, follow, max-snippet:-1, max-image-preview:large, max-video-preview:-1\" \/>\n<link rel=\"canonical\" href=\"https:\/\/www.azaros.eu\/fr\/produit\/plaques-de-silicate-de-calcium\/\" \/>\n<meta property=\"og:locale\" content=\"fr_FR\" \/>\n<meta property=\"og:type\" content=\"article\" \/>\n<meta property=\"og:title\" content=\"Plaques de silicate de calcium | Azaros\" \/>\n<meta property=\"og:description\" content=\"Les plaques de silicate de calcium couvrent une gamme de panneaux isolants extr\u00eamement l\u00e9gers \u00e0 haute valeur isolante, excellente r\u00e9sistance m\u00e9canique et bonne r\u00e9sistance \u00e0 la chaleur.\" \/>\n<meta property=\"og:url\" content=\"https:\/\/www.azaros.eu\/fr\/produit\/plaques-de-silicate-de-calcium\/\" \/>\n<meta property=\"og:site_name\" content=\"Azaros\" \/>\n<meta property=\"article:modified_time\" content=\"2025-05-19T09:34:31+00:00\" \/>\n<meta property=\"og:image\" content=\"https:\/\/www.azaros.eu\/wp-content\/uploads\/2018\/08\/Tiras-Silicato-Calcico-11-2-15.jpg\" \/>\n\t<meta property=\"og:image:width\" content=\"1200\" \/>\n\t<meta property=\"og:image:height\" content=\"700\" \/>\n\t<meta property=\"og:image:type\" content=\"image\/jpeg\" \/>\n<meta name=\"twitter:card\" content=\"summary_large_image\" \/>\n<meta name=\"twitter:label1\" content=\"Dur\u00e9e de lecture estim\u00e9e\" \/>\n\t<meta name=\"twitter:data1\" content=\"1 minute\" \/>\n<script type=\"application\/ld+json\" class=\"yoast-schema-graph\">{\"@context\":\"https:\\\/\\\/schema.org\",\"@graph\":[{\"@type\":\"WebPage\",\"@id\":\"https:\\\/\\\/www.azaros.eu\\\/fr\\\/produit\\\/plaques-de-silicate-de-calcium\\\/\",\"url\":\"https:\\\/\\\/www.azaros.eu\\\/fr\\\/produit\\\/plaques-de-silicate-de-calcium\\\/\",\"name\":\"Plaques de silicate de calcium | Azaros\",\"isPartOf\":{\"@id\":\"https:\\\/\\\/www.azaros.eu\\\/fr\\\/#website\"},\"primaryImageOfPage\":{\"@id\":\"https:\\\/\\\/www.azaros.eu\\\/fr\\\/produit\\\/plaques-de-silicate-de-calcium\\\/#primaryimage\"},\"image\":{\"@id\":\"https:\\\/\\\/www.azaros.eu\\\/fr\\\/produit\\\/plaques-de-silicate-de-calcium\\\/#primaryimage\"},\"thumbnailUrl\":\"https:\\\/\\\/www.azaros.eu\\\/wp-content\\\/uploads\\\/2018\\\/08\\\/Tiras-Silicato-Calcico-11-2-15.jpg\",\"datePublished\":\"2018-08-06T08:38:23+00:00\",\"dateModified\":\"2025-05-19T09:34:31+00:00\",\"description\":\"Les plaques de silicate de calcium couvrent une gamme de panneaux isolants extr\u00eamement l\u00e9gers \u00e0 haute valeur isolante, excellente r\u00e9sistance m\u00e9canique et bonne r\u00e9sistance \u00e0 la chaleur.\",\"breadcrumb\":{\"@id\":\"https:\\\/\\\/www.azaros.eu\\\/fr\\\/produit\\\/plaques-de-silicate-de-calcium\\\/#breadcrumb\"},\"inLanguage\":\"fr-FR\",\"potentialAction\":[{\"@type\":\"ReadAction\",\"target\":[\"https:\\\/\\\/www.azaros.eu\\\/fr\\\/produit\\\/plaques-de-silicate-de-calcium\\\/\"]}]},{\"@type\":\"ImageObject\",\"inLanguage\":\"fr-FR\",\"@id\":\"https:\\\/\\\/www.azaros.eu\\\/fr\\\/produit\\\/plaques-de-silicate-de-calcium\\\/#primaryimage\",\"url\":\"https:\\\/\\\/www.azaros.eu\\\/wp-content\\\/uploads\\\/2018\\\/08\\\/Tiras-Silicato-Calcico-11-2-15.jpg\",\"contentUrl\":\"https:\\\/\\\/www.azaros.eu\\\/wp-content\\\/uploads\\\/2018\\\/08\\\/Tiras-Silicato-Calcico-11-2-15.jpg\",\"width\":1200,\"height\":700},{\"@type\":\"BreadcrumbList\",\"@id\":\"https:\\\/\\\/www.azaros.eu\\\/fr\\\/produit\\\/plaques-de-silicate-de-calcium\\\/#breadcrumb\",\"itemListElement\":[{\"@type\":\"ListItem\",\"position\":1,\"name\":\"Azaros\",\"item\":\"https:\\\/\\\/www.azaros.eu\\\/fr\\\/azaros-home\\\/\"},{\"@type\":\"ListItem\",\"position\":2,\"name\":\"Produits\",\"item\":\"https:\\\/\\\/www.azaros.eu\\\/fr\\\/produits\\\/\"},{\"@type\":\"ListItem\",\"position\":3,\"name\":\"Isolant thermique\",\"item\":\"https:\\\/\\\/www.azaros.eu\\\/fr\\\/produits\\\/isolant-thermique\\\/\"},{\"@type\":\"ListItem\",\"position\":4,\"name\":\"Silicate de Calcium\",\"item\":\"https:\\\/\\\/www.azaros.eu\\\/fr\\\/produits\\\/isolant-thermique\\\/silicate-de-calcium\\\/\"},{\"@type\":\"ListItem\",\"position\":5,\"name\":\"Plaques de silicate de calcium\"}]},{\"@type\":\"WebSite\",\"@id\":\"https:\\\/\\\/www.azaros.eu\\\/fr\\\/#website\",\"url\":\"https:\\\/\\\/www.azaros.eu\\\/fr\\\/\",\"name\":\"Azaros\",\"description\":\"Fabricamos, distribuimos y comercializamos una gran gama de suministros.\",\"potentialAction\":[{\"@type\":\"SearchAction\",\"target\":{\"@type\":\"EntryPoint\",\"urlTemplate\":\"https:\\\/\\\/www.azaros.eu\\\/fr\\\/?s={search_term_string}\"},\"query-input\":{\"@type\":\"PropertyValueSpecification\",\"valueRequired\":true,\"valueName\":\"search_term_string\"}}],\"inLanguage\":\"fr-FR\"}]}<\/script>\n<!-- \/ Yoast SEO plugin. -->","yoast_head_json":{"title":"Plaques de silicate de calcium | Azaros","description":"Les plaques de silicate de calcium couvrent une gamme de panneaux isolants extr\u00eamement l\u00e9gers \u00e0 haute valeur isolante, excellente r\u00e9sistance m\u00e9canique et bonne r\u00e9sistance \u00e0 la chaleur.","robots":{"index":"index","follow":"follow","max-snippet":"max-snippet:-1","max-image-preview":"max-image-preview:large","max-video-preview":"max-video-preview:-1"},"canonical":"https:\/\/www.azaros.eu\/fr\/produit\/plaques-de-silicate-de-calcium\/","og_locale":"fr_FR","og_type":"article","og_title":"Plaques de silicate de calcium | Azaros","og_description":"Les plaques de silicate de calcium couvrent une gamme de panneaux isolants extr\u00eamement l\u00e9gers \u00e0 haute valeur isolante, excellente r\u00e9sistance m\u00e9canique et bonne r\u00e9sistance \u00e0 la chaleur.","og_url":"https:\/\/www.azaros.eu\/fr\/produit\/plaques-de-silicate-de-calcium\/","og_site_name":"Azaros","article_modified_time":"2025-05-19T09:34:31+00:00","og_image":[{"width":1200,"height":700,"url":"https:\/\/www.azaros.eu\/wp-content\/uploads\/2018\/08\/Tiras-Silicato-Calcico-11-2-15.jpg","type":"image\/jpeg"}],"twitter_card":"summary_large_image","twitter_misc":{"Dur\u00e9e de lecture estim\u00e9e":"1 minute"},"schema":{"@context":"https:\/\/schema.org","@graph":[{"@type":"WebPage","@id":"https:\/\/www.azaros.eu\/fr\/produit\/plaques-de-silicate-de-calcium\/","url":"https:\/\/www.azaros.eu\/fr\/produit\/plaques-de-silicate-de-calcium\/","name":"Plaques de silicate de calcium | Azaros","isPartOf":{"@id":"https:\/\/www.azaros.eu\/fr\/#website"},"primaryImageOfPage":{"@id":"https:\/\/www.azaros.eu\/fr\/produit\/plaques-de-silicate-de-calcium\/#primaryimage"},"image":{"@id":"https:\/\/www.azaros.eu\/fr\/produit\/plaques-de-silicate-de-calcium\/#primaryimage"},"thumbnailUrl":"https:\/\/www.azaros.eu\/wp-content\/uploads\/2018\/08\/Tiras-Silicato-Calcico-11-2-15.jpg","datePublished":"2018-08-06T08:38:23+00:00","dateModified":"2025-05-19T09:34:31+00:00","description":"Les plaques de silicate de calcium couvrent une gamme de panneaux isolants extr\u00eamement l\u00e9gers \u00e0 haute valeur isolante, excellente r\u00e9sistance m\u00e9canique et bonne r\u00e9sistance \u00e0 la chaleur.","breadcrumb":{"@id":"https:\/\/www.azaros.eu\/fr\/produit\/plaques-de-silicate-de-calcium\/#breadcrumb"},"inLanguage":"fr-FR","potentialAction":[{"@type":"ReadAction","target":["https:\/\/www.azaros.eu\/fr\/produit\/plaques-de-silicate-de-calcium\/"]}]},{"@type":"ImageObject","inLanguage":"fr-FR","@id":"https:\/\/www.azaros.eu\/fr\/produit\/plaques-de-silicate-de-calcium\/#primaryimage","url":"https:\/\/www.azaros.eu\/wp-content\/uploads\/2018\/08\/Tiras-Silicato-Calcico-11-2-15.jpg","contentUrl":"https:\/\/www.azaros.eu\/wp-content\/uploads\/2018\/08\/Tiras-Silicato-Calcico-11-2-15.jpg","width":1200,"height":700},{"@type":"BreadcrumbList","@id":"https:\/\/www.azaros.eu\/fr\/produit\/plaques-de-silicate-de-calcium\/#breadcrumb","itemListElement":[{"@type":"ListItem","position":1,"name":"Azaros","item":"https:\/\/www.azaros.eu\/fr\/azaros-home\/"},{"@type":"ListItem","position":2,"name":"Produits","item":"https:\/\/www.azaros.eu\/fr\/produits\/"},{"@type":"ListItem","position":3,"name":"Isolant thermique","item":"https:\/\/www.azaros.eu\/fr\/produits\/isolant-thermique\/"},{"@type":"ListItem","position":4,"name":"Silicate de Calcium","item":"https:\/\/www.azaros.eu\/fr\/produits\/isolant-thermique\/silicate-de-calcium\/"},{"@type":"ListItem","position":5,"name":"Plaques de silicate de calcium"}]},{"@type":"WebSite","@id":"https:\/\/www.azaros.eu\/fr\/#website","url":"https:\/\/www.azaros.eu\/fr\/","name":"Azaros","description":"Fabricamos, distribuimos y comercializamos una gran gama de suministros.","potentialAction":[{"@type":"SearchAction","target":{"@type":"EntryPoint","urlTemplate":"https:\/\/www.azaros.eu\/fr\/?s={search_term_string}"},"query-input":{"@type":"PropertyValueSpecification","valueRequired":true,"valueName":"search_term_string"}}],"inLanguage":"fr-FR"}]}},"_links":{"self":[{"href":"https:\/\/www.azaros.eu\/fr\/wp-json\/wp\/v2\/product\/8715","targetHints":{"allow":["GET"]}}],"collection":[{"href":"https:\/\/www.azaros.eu\/fr\/wp-json\/wp\/v2\/product"}],"about":[{"href":"https:\/\/www.azaros.eu\/fr\/wp-json\/wp\/v2\/types\/product"}],"wp:featuredmedia":[{"embeddable":true,"href":"https:\/\/www.azaros.eu\/fr\/wp-json\/wp\/v2\/media\/6016"}],"wp:attachment":[{"href":"https:\/\/www.azaros.eu\/fr\/wp-json\/wp\/v2\/media?parent=8715"}],"wp:term":[{"taxonomy":"product_brand","embeddable":true,"href":"https:\/\/www.azaros.eu\/fr\/wp-json\/wp\/v2\/product_brand?post=8715"},{"taxonomy":"product_cat","embeddable":true,"href":"https:\/\/www.azaros.eu\/fr\/wp-json\/wp\/v2\/product_cat?post=8715"},{"taxonomy":"product_tag","embeddable":true,"href":"https:\/\/www.azaros.eu\/fr\/wp-json\/wp\/v2\/product_tag?post=8715"}],"curies":[{"name":"wp","href":"https:\/\/api.w.org\/{rel}","templated":true}]}}