{"id":8720,"date":"2018-08-06T09:38:22","date_gmt":"2018-08-06T08:38:22","guid":{"rendered":"https:\/\/www.azaros.eu\/producto\/cordierite\/"},"modified":"2025-05-20T09:39:46","modified_gmt":"2025-05-20T08:39:46","slug":"cordierite","status":"publish","type":"product","link":"https:\/\/www.azaros.eu\/fr\/produit\/cordierite\/","title":{"rendered":"Cordi\u00e9rite"},"content":{"rendered":"\n","protected":false},"excerpt":{"rendered":"<p>La c\u00e9ramique de cordi\u00e9rite est un type de silicate de magn\u00e9sium et d\u2019aluminium, reconnu pour ses bonnes propri\u00e9t\u00e9s de r\u00e9sistance aux chocs thermiques. Sa faible conductivit\u00e9 thermique ainsi que sa tr\u00e8s faible dilatation thermique, en font un mat\u00e9riau tr\u00e8s rentable.<br \/>Elle est souvent utilis\u00e9e comme c\u00e9ramique structurelle pour les \u00e9quipements de fours et d\u2019autres applications soumises \u00e0 des variations rapides de temp\u00e9rature.<br \/>La cordi\u00e9rite \u00e0 haute densit\u00e9 peut \u00eatre facilement press\u00e9e pour former des composants techniques, tandis que la cordi\u00e9rite poreuse offre une meilleure r\u00e9sistance aux chocs thermiques, ce qui la rend id\u00e9ale pour les applications de chauffage.<br \/>Elle peut supporter des temp\u00e9ratures continues allant jusqu\u2019\u00e0 1200\u202f\u00b0C \u2013 1220\u202f\u00b0C.    <\/p>\n","protected":false},"featured_media":5986,"template":"","meta":[],"product_brand":[],"product_cat":[237],"product_tag":[],"class_list":{"0":"post-8720","1":"product","2":"type-product","3":"status-publish","4":"has-post-thumbnail","6":"product_cat-pieces-en-ceramique","8":"first","9":"instock","10":"shipping-taxable","11":"product-type-simple"},"yoast_head":"<!-- This site is optimized with the Yoast SEO plugin v27.6 - https:\/\/yoast.com\/product\/yoast-seo-wordpress\/ -->\n<title>Cordi\u00e9rite | Azaros<\/title>\n<meta name=\"description\" content=\"Trouvez chez Azaros.eu la meilleure cordi\u00e9rite du march\u00e9. D\u00e9couvrez la cordi\u00e9rite Azaros au meilleur prix.\" \/>\n<meta name=\"robots\" content=\"index, follow, max-snippet:-1, max-image-preview:large, max-video-preview:-1\" \/>\n<link rel=\"canonical\" href=\"https:\/\/www.azaros.eu\/fr\/produit\/cordierite\/\" \/>\n<meta property=\"og:locale\" content=\"fr_FR\" \/>\n<meta property=\"og:type\" content=\"article\" \/>\n<meta property=\"og:title\" content=\"Cordi\u00e9rite | Azaros\" \/>\n<meta property=\"og:description\" content=\"Trouvez chez Azaros.eu la meilleure cordi\u00e9rite du march\u00e9. D\u00e9couvrez la cordi\u00e9rite Azaros au meilleur prix.\" \/>\n<meta property=\"og:url\" content=\"https:\/\/www.azaros.eu\/fr\/produit\/cordierite\/\" \/>\n<meta property=\"og:site_name\" content=\"Azaros\" \/>\n<meta property=\"article:modified_time\" content=\"2025-05-20T08:39:46+00:00\" \/>\n<meta property=\"og:image\" content=\"https:\/\/www.azaros.eu\/wp-content\/uploads\/2018\/08\/Piezas-Cordierita-y-Esteatita-10-46.jpg\" \/>\n\t<meta property=\"og:image:width\" content=\"1200\" \/>\n\t<meta property=\"og:image:height\" content=\"699\" \/>\n\t<meta property=\"og:image:type\" content=\"image\/jpeg\" \/>\n<meta name=\"twitter:card\" content=\"summary_large_image\" \/>\n<script type=\"application\/ld+json\" class=\"yoast-schema-graph\">{\"@context\":\"https:\\\/\\\/schema.org\",\"@graph\":[{\"@type\":\"WebPage\",\"@id\":\"https:\\\/\\\/www.azaros.eu\\\/fr\\\/produit\\\/cordierite\\\/\",\"url\":\"https:\\\/\\\/www.azaros.eu\\\/fr\\\/produit\\\/cordierite\\\/\",\"name\":\"Cordi\u00e9rite | Azaros\",\"isPartOf\":{\"@id\":\"https:\\\/\\\/www.azaros.eu\\\/fr\\\/#website\"},\"primaryImageOfPage\":{\"@id\":\"https:\\\/\\\/www.azaros.eu\\\/fr\\\/produit\\\/cordierite\\\/#primaryimage\"},\"image\":{\"@id\":\"https:\\\/\\\/www.azaros.eu\\\/fr\\\/produit\\\/cordierite\\\/#primaryimage\"},\"thumbnailUrl\":\"https:\\\/\\\/www.azaros.eu\\\/wp-content\\\/uploads\\\/2018\\\/08\\\/Piezas-Cordierita-y-Esteatita-10-46.jpg\",\"datePublished\":\"2018-08-06T08:38:22+00:00\",\"dateModified\":\"2025-05-20T08:39:46+00:00\",\"description\":\"Trouvez chez Azaros.eu la meilleure cordi\u00e9rite du march\u00e9. D\u00e9couvrez la cordi\u00e9rite Azaros au meilleur prix.\",\"breadcrumb\":{\"@id\":\"https:\\\/\\\/www.azaros.eu\\\/fr\\\/produit\\\/cordierite\\\/#breadcrumb\"},\"inLanguage\":\"fr-FR\",\"potentialAction\":[{\"@type\":\"ReadAction\",\"target\":[\"https:\\\/\\\/www.azaros.eu\\\/fr\\\/produit\\\/cordierite\\\/\"]}]},{\"@type\":\"ImageObject\",\"inLanguage\":\"fr-FR\",\"@id\":\"https:\\\/\\\/www.azaros.eu\\\/fr\\\/produit\\\/cordierite\\\/#primaryimage\",\"url\":\"https:\\\/\\\/www.azaros.eu\\\/wp-content\\\/uploads\\\/2018\\\/08\\\/Piezas-Cordierita-y-Esteatita-10-46.jpg\",\"contentUrl\":\"https:\\\/\\\/www.azaros.eu\\\/wp-content\\\/uploads\\\/2018\\\/08\\\/Piezas-Cordierita-y-Esteatita-10-46.jpg\",\"width\":1200,\"height\":699},{\"@type\":\"BreadcrumbList\",\"@id\":\"https:\\\/\\\/www.azaros.eu\\\/fr\\\/produit\\\/cordierite\\\/#breadcrumb\",\"itemListElement\":[{\"@type\":\"ListItem\",\"position\":1,\"name\":\"Azaros\",\"item\":\"https:\\\/\\\/www.azaros.eu\\\/fr\\\/azaros-home\\\/\"},{\"@type\":\"ListItem\",\"position\":2,\"name\":\"Produits\",\"item\":\"https:\\\/\\\/www.azaros.eu\\\/fr\\\/produits\\\/\"},{\"@type\":\"ListItem\",\"position\":3,\"name\":\"Isolant \u00e9lectrique\",\"item\":\"https:\\\/\\\/www.azaros.eu\\\/fr\\\/produits\\\/isolant-electrique\\\/\"},{\"@type\":\"ListItem\",\"position\":4,\"name\":\"Pi\u00e8ces en c\u00e9ramique\",\"item\":\"https:\\\/\\\/www.azaros.eu\\\/fr\\\/produits\\\/isolant-electrique\\\/pieces-en-ceramique\\\/\"},{\"@type\":\"ListItem\",\"position\":5,\"name\":\"Cordi\u00e9rite\"}]},{\"@type\":\"WebSite\",\"@id\":\"https:\\\/\\\/www.azaros.eu\\\/fr\\\/#website\",\"url\":\"https:\\\/\\\/www.azaros.eu\\\/fr\\\/\",\"name\":\"Azaros\",\"description\":\"Fabricamos, distribuimos y comercializamos una gran gama de suministros.\",\"potentialAction\":[{\"@type\":\"SearchAction\",\"target\":{\"@type\":\"EntryPoint\",\"urlTemplate\":\"https:\\\/\\\/www.azaros.eu\\\/fr\\\/?s={search_term_string}\"},\"query-input\":{\"@type\":\"PropertyValueSpecification\",\"valueRequired\":true,\"valueName\":\"search_term_string\"}}],\"inLanguage\":\"fr-FR\"}]}<\/script>\n<!-- \/ Yoast SEO plugin. -->","yoast_head_json":{"title":"Cordi\u00e9rite | Azaros","description":"Trouvez chez Azaros.eu la meilleure cordi\u00e9rite du march\u00e9. D\u00e9couvrez la cordi\u00e9rite Azaros au meilleur prix.","robots":{"index":"index","follow":"follow","max-snippet":"max-snippet:-1","max-image-preview":"max-image-preview:large","max-video-preview":"max-video-preview:-1"},"canonical":"https:\/\/www.azaros.eu\/fr\/produit\/cordierite\/","og_locale":"fr_FR","og_type":"article","og_title":"Cordi\u00e9rite | Azaros","og_description":"Trouvez chez Azaros.eu la meilleure cordi\u00e9rite du march\u00e9. D\u00e9couvrez la cordi\u00e9rite Azaros au meilleur prix.","og_url":"https:\/\/www.azaros.eu\/fr\/produit\/cordierite\/","og_site_name":"Azaros","article_modified_time":"2025-05-20T08:39:46+00:00","og_image":[{"width":1200,"height":699,"url":"https:\/\/www.azaros.eu\/wp-content\/uploads\/2018\/08\/Piezas-Cordierita-y-Esteatita-10-46.jpg","type":"image\/jpeg"}],"twitter_card":"summary_large_image","schema":{"@context":"https:\/\/schema.org","@graph":[{"@type":"WebPage","@id":"https:\/\/www.azaros.eu\/fr\/produit\/cordierite\/","url":"https:\/\/www.azaros.eu\/fr\/produit\/cordierite\/","name":"Cordi\u00e9rite | Azaros","isPartOf":{"@id":"https:\/\/www.azaros.eu\/fr\/#website"},"primaryImageOfPage":{"@id":"https:\/\/www.azaros.eu\/fr\/produit\/cordierite\/#primaryimage"},"image":{"@id":"https:\/\/www.azaros.eu\/fr\/produit\/cordierite\/#primaryimage"},"thumbnailUrl":"https:\/\/www.azaros.eu\/wp-content\/uploads\/2018\/08\/Piezas-Cordierita-y-Esteatita-10-46.jpg","datePublished":"2018-08-06T08:38:22+00:00","dateModified":"2025-05-20T08:39:46+00:00","description":"Trouvez chez Azaros.eu la meilleure cordi\u00e9rite du march\u00e9. D\u00e9couvrez la cordi\u00e9rite Azaros au meilleur prix.","breadcrumb":{"@id":"https:\/\/www.azaros.eu\/fr\/produit\/cordierite\/#breadcrumb"},"inLanguage":"fr-FR","potentialAction":[{"@type":"ReadAction","target":["https:\/\/www.azaros.eu\/fr\/produit\/cordierite\/"]}]},{"@type":"ImageObject","inLanguage":"fr-FR","@id":"https:\/\/www.azaros.eu\/fr\/produit\/cordierite\/#primaryimage","url":"https:\/\/www.azaros.eu\/wp-content\/uploads\/2018\/08\/Piezas-Cordierita-y-Esteatita-10-46.jpg","contentUrl":"https:\/\/www.azaros.eu\/wp-content\/uploads\/2018\/08\/Piezas-Cordierita-y-Esteatita-10-46.jpg","width":1200,"height":699},{"@type":"BreadcrumbList","@id":"https:\/\/www.azaros.eu\/fr\/produit\/cordierite\/#breadcrumb","itemListElement":[{"@type":"ListItem","position":1,"name":"Azaros","item":"https:\/\/www.azaros.eu\/fr\/azaros-home\/"},{"@type":"ListItem","position":2,"name":"Produits","item":"https:\/\/www.azaros.eu\/fr\/produits\/"},{"@type":"ListItem","position":3,"name":"Isolant \u00e9lectrique","item":"https:\/\/www.azaros.eu\/fr\/produits\/isolant-electrique\/"},{"@type":"ListItem","position":4,"name":"Pi\u00e8ces en c\u00e9ramique","item":"https:\/\/www.azaros.eu\/fr\/produits\/isolant-electrique\/pieces-en-ceramique\/"},{"@type":"ListItem","position":5,"name":"Cordi\u00e9rite"}]},{"@type":"WebSite","@id":"https:\/\/www.azaros.eu\/fr\/#website","url":"https:\/\/www.azaros.eu\/fr\/","name":"Azaros","description":"Fabricamos, distribuimos y comercializamos una gran gama de suministros.","potentialAction":[{"@type":"SearchAction","target":{"@type":"EntryPoint","urlTemplate":"https:\/\/www.azaros.eu\/fr\/?s={search_term_string}"},"query-input":{"@type":"PropertyValueSpecification","valueRequired":true,"valueName":"search_term_string"}}],"inLanguage":"fr-FR"}]}},"_links":{"self":[{"href":"https:\/\/www.azaros.eu\/fr\/wp-json\/wp\/v2\/product\/8720","targetHints":{"allow":["GET"]}}],"collection":[{"href":"https:\/\/www.azaros.eu\/fr\/wp-json\/wp\/v2\/product"}],"about":[{"href":"https:\/\/www.azaros.eu\/fr\/wp-json\/wp\/v2\/types\/product"}],"wp:featuredmedia":[{"embeddable":true,"href":"https:\/\/www.azaros.eu\/fr\/wp-json\/wp\/v2\/media\/5986"}],"wp:attachment":[{"href":"https:\/\/www.azaros.eu\/fr\/wp-json\/wp\/v2\/media?parent=8720"}],"wp:term":[{"taxonomy":"product_brand","embeddable":true,"href":"https:\/\/www.azaros.eu\/fr\/wp-json\/wp\/v2\/product_brand?post=8720"},{"taxonomy":"product_cat","embeddable":true,"href":"https:\/\/www.azaros.eu\/fr\/wp-json\/wp\/v2\/product_cat?post=8720"},{"taxonomy":"product_tag","embeddable":true,"href":"https:\/\/www.azaros.eu\/fr\/wp-json\/wp\/v2\/product_tag?post=8720"}],"curies":[{"name":"wp","href":"https:\/\/api.w.org\/{rel}","templated":true}]}}