{"id":8732,"date":"2018-08-06T09:38:20","date_gmt":"2018-08-06T08:38:20","guid":{"rendered":"https:\/\/www.azaros.eu\/producto\/couverture-en-fibre-polycristalline\/"},"modified":"2025-05-19T10:05:33","modified_gmt":"2025-05-19T09:05:33","slug":"couverture-en-fibre-polycristalline","status":"publish","type":"product","link":"https:\/\/www.azaros.eu\/fr\/produit\/couverture-en-fibre-polycristalline\/","title":{"rendered":"Nappe en fibre polycristalline"},"content":{"rendered":"<div class=\"row\"  id=\"row-1136875361\">\n\n\t<div id=\"col-2040519243\" class=\"col medium-6 small-12 large-6\"  >\n\t\t\t\t<div class=\"col-inner\"  >\n\t\t\t\n\t\t\t\n<div class=\"container section-title-container\" ><h2 class=\"section-title section-title-normal\"><b aria-hidden=\"true\"><\/b><span class=\"section-title-main\" style=\"font-size:80%;\">Caract\u00e9ristiques<\/span><b aria-hidden=\"true\"><\/b><\/h2><\/div>\n<ul>\n<li>Excellente stabilit\u00e9 \u00e0 haute temp\u00e9rature.<\/li>\n<li>Faible retrait thermique<\/li>\n<li>Faible teneur en scories, excellentes performances isolantes et r\u00e9fractaires<\/li>\n<li>Taux \u00e9lev\u00e9 de noircissement, bonne capacit\u00e9 de r\u00e9flexion thermique<\/li>\n<li>Faible accumulation de chaleur, faible conductivit\u00e9 thermique<\/li>\n<li>R\u00e9partition homog\u00e8ne du diam\u00e8tre des fibres, haute r\u00e9sistance \u00e0 la traction<\/li>\n<li>Bonne flexibilit\u00e9 \u00e0 haute temp\u00e9rature, excellente r\u00e9sistance au choc thermique et aux vibrations m\u00e9caniques<\/li>\n<li>Comportement chimique stable, excellente r\u00e9sistance \u00e0 la corrosion<\/li>\n<\/ul>\n\t\t<\/div>\n\t\t\t\t\t<\/div>\n\n\t\n\n\t<div id=\"col-969472733\" class=\"col medium-6 small-12 large-6\"  >\n\t\t\t\t<div class=\"col-inner\"  >\n\t\t\t\n\t\t\t\n<div class=\"container section-title-container\" ><h2 class=\"section-title section-title-normal\"><b aria-hidden=\"true\"><\/b><span class=\"section-title-main\" style=\"font-size:80%;\">Applications typiques<\/span><b aria-hidden=\"true\"><\/b><\/h2><\/div>\n<ul>\n<li>Fours de l\u2019industrie sid\u00e9rurgique, fonctionnant entre 1250\u202f\u00b0C et 1500\u202f\u00b0C<\/li>\n<li>Rev\u00eatement de face chaude ou couche de couverture dans les fours \u00e0 sole mobile, fours basculants, fours circulaires, lignes de recuit et de galvanisation en continu, coul\u00e9e de t\u00f4les fines, fours de laminage, lignes de recuit continu pour fer au silicium ou acier inoxydable, etc.<\/li>\n<li>Isolation externe des poutres coulissantes dans les fours basculants<\/li>\n<li>Couche de protection contre les chutes sur la face chaude des lignes de recuit et de galvanisation en continu<\/li>\n<li>Fours haute temp\u00e9rature dans le secteur p\u00e9trochimique<\/li>\n<li>Rev\u00eatement de colonnes et d\u2019angles dans les fours de craquage \u00e0 l\u2019\u00e9thyl\u00e8ne<\/li>\n<li>Rev\u00eatement de face chaude dans les fours de reformage<\/li>\n<li>Mat\u00e9riau de remplissage pour interstices \u00e0 haute temp\u00e9rature<\/li>\n<li>Rev\u00eatement de fours de cuisson rapide dans l\u2019industrie c\u00e9ramique<\/li>\n<li>Rev\u00eatement \u00e9lectromagn\u00e9tique de four intermittent.<\/li>\n<li>Joint d\u2019\u00e9tanch\u00e9it\u00e9 pour catalyseur \u00e0 trois voies dans l\u2019industrie automobile<\/li>\n<li>Joints d\u2019\u00e9tanch\u00e9it\u00e9 pour zones soumises \u00e0 haute temp\u00e9rature<\/li>\n<\/ul>\n\t\t<\/div>\n\t\t\t\t\t<\/div>\n\n\t\n<\/div>\n","protected":false},"excerpt":{"rendered":"<p>La nappe polycristalline est fabriqu\u00e9e selon le proc\u00e9d\u00e9 collo\u00efdal \u00ab\u202fSol-Gel\u202f\u00bb pour produire une fibre r\u00e9fractaire haute temp\u00e9rature \u00e0 base de mullite microcristalline, obtenue par calcination \u00e0 haute temp\u00e9rature.<br \/>\nElle est con\u00e7ue \u00e0 partir de fibre d\u2019alumine avec un double aiguilletage et ne contient aucun additif ni autre composant.<\/p>\n","protected":false},"featured_media":5923,"template":"","meta":[],"product_brand":[],"product_cat":[49],"product_tag":[],"class_list":{"0":"post-8732","1":"product","2":"type-product","3":"status-publish","4":"has-post-thumbnail","6":"product_cat-fibre-polycristalline","8":"first","9":"instock","10":"shipping-taxable","11":"product-type-simple"},"yoast_head":"<!-- This site is optimized with the Yoast SEO plugin v27.4 - https:\/\/yoast.com\/product\/yoast-seo-wordpress\/ -->\n<title>Couverture en fibre polycristalline | Azaros<\/title>\n<meta name=\"description\" content=\"Trouvez chez Azaros.eu la meilleure nappe en fibre polycristalline du march\u00e9. D\u00e9couvrez la nappe en fibre polycristalline Azaros au meilleur prix.\" \/>\n<meta name=\"robots\" content=\"index, follow, max-snippet:-1, max-image-preview:large, max-video-preview:-1\" \/>\n<link rel=\"canonical\" href=\"https:\/\/www.azaros.eu\/fr\/produit\/couverture-en-fibre-polycristalline\/\" \/>\n<meta property=\"og:locale\" content=\"fr_FR\" \/>\n<meta property=\"og:type\" content=\"article\" \/>\n<meta property=\"og:title\" content=\"Couverture en fibre polycristalline | Azaros\" \/>\n<meta property=\"og:description\" content=\"Trouvez chez Azaros.eu la meilleure nappe en fibre polycristalline du march\u00e9. D\u00e9couvrez la nappe en fibre polycristalline Azaros au meilleur prix.\" \/>\n<meta property=\"og:url\" content=\"https:\/\/www.azaros.eu\/fr\/produit\/couverture-en-fibre-polycristalline\/\" \/>\n<meta property=\"og:site_name\" content=\"Azaros\" \/>\n<meta property=\"article:modified_time\" content=\"2025-05-19T09:05:33+00:00\" \/>\n<meta property=\"og:image\" content=\"https:\/\/www.azaros.eu\/wp-content\/uploads\/2018\/08\/Manta-01.jpg\" \/>\n\t<meta property=\"og:image:width\" content=\"1200\" \/>\n\t<meta property=\"og:image:height\" content=\"700\" \/>\n\t<meta property=\"og:image:type\" content=\"image\/jpeg\" \/>\n<meta name=\"twitter:card\" content=\"summary_large_image\" \/>\n<meta name=\"twitter:label1\" content=\"Dur\u00e9e de lecture estim\u00e9e\" \/>\n\t<meta name=\"twitter:data1\" content=\"1 minute\" \/>\n<script type=\"application\/ld+json\" class=\"yoast-schema-graph\">{\"@context\":\"https:\\\/\\\/schema.org\",\"@graph\":[{\"@type\":\"WebPage\",\"@id\":\"https:\\\/\\\/www.azaros.eu\\\/fr\\\/produit\\\/couverture-en-fibre-polycristalline\\\/\",\"url\":\"https:\\\/\\\/www.azaros.eu\\\/fr\\\/produit\\\/couverture-en-fibre-polycristalline\\\/\",\"name\":\"Couverture en fibre polycristalline | Azaros\",\"isPartOf\":{\"@id\":\"https:\\\/\\\/www.azaros.eu\\\/fr\\\/#website\"},\"primaryImageOfPage\":{\"@id\":\"https:\\\/\\\/www.azaros.eu\\\/fr\\\/produit\\\/couverture-en-fibre-polycristalline\\\/#primaryimage\"},\"image\":{\"@id\":\"https:\\\/\\\/www.azaros.eu\\\/fr\\\/produit\\\/couverture-en-fibre-polycristalline\\\/#primaryimage\"},\"thumbnailUrl\":\"https:\\\/\\\/www.azaros.eu\\\/wp-content\\\/uploads\\\/2018\\\/08\\\/Manta-01.jpg\",\"datePublished\":\"2018-08-06T08:38:20+00:00\",\"dateModified\":\"2025-05-19T09:05:33+00:00\",\"description\":\"Trouvez chez Azaros.eu la meilleure nappe en fibre polycristalline du march\u00e9. D\u00e9couvrez la nappe en fibre polycristalline Azaros au meilleur prix.\",\"breadcrumb\":{\"@id\":\"https:\\\/\\\/www.azaros.eu\\\/fr\\\/produit\\\/couverture-en-fibre-polycristalline\\\/#breadcrumb\"},\"inLanguage\":\"fr-FR\",\"potentialAction\":[{\"@type\":\"ReadAction\",\"target\":[\"https:\\\/\\\/www.azaros.eu\\\/fr\\\/produit\\\/couverture-en-fibre-polycristalline\\\/\"]}]},{\"@type\":\"ImageObject\",\"inLanguage\":\"fr-FR\",\"@id\":\"https:\\\/\\\/www.azaros.eu\\\/fr\\\/produit\\\/couverture-en-fibre-polycristalline\\\/#primaryimage\",\"url\":\"https:\\\/\\\/www.azaros.eu\\\/wp-content\\\/uploads\\\/2018\\\/08\\\/Manta-01.jpg\",\"contentUrl\":\"https:\\\/\\\/www.azaros.eu\\\/wp-content\\\/uploads\\\/2018\\\/08\\\/Manta-01.jpg\",\"width\":1200,\"height\":700},{\"@type\":\"BreadcrumbList\",\"@id\":\"https:\\\/\\\/www.azaros.eu\\\/fr\\\/produit\\\/couverture-en-fibre-polycristalline\\\/#breadcrumb\",\"itemListElement\":[{\"@type\":\"ListItem\",\"position\":1,\"name\":\"Azaros\",\"item\":\"https:\\\/\\\/www.azaros.eu\\\/fr\\\/azaros-home\\\/\"},{\"@type\":\"ListItem\",\"position\":2,\"name\":\"Produits\",\"item\":\"https:\\\/\\\/www.azaros.eu\\\/fr\\\/produits\\\/\"},{\"@type\":\"ListItem\",\"position\":3,\"name\":\"Isolant thermique\",\"item\":\"https:\\\/\\\/www.azaros.eu\\\/fr\\\/produits\\\/isolant-thermique\\\/\"},{\"@type\":\"ListItem\",\"position\":4,\"name\":\"Fibre polycristalline\",\"item\":\"https:\\\/\\\/www.azaros.eu\\\/fr\\\/produits\\\/isolant-thermique\\\/fibre-polycristalline\\\/\"},{\"@type\":\"ListItem\",\"position\":5,\"name\":\"Nappe en fibre polycristalline\"}]},{\"@type\":\"WebSite\",\"@id\":\"https:\\\/\\\/www.azaros.eu\\\/fr\\\/#website\",\"url\":\"https:\\\/\\\/www.azaros.eu\\\/fr\\\/\",\"name\":\"Azaros\",\"description\":\"Fabricamos, distribuimos y comercializamos una gran gama de suministros.\",\"potentialAction\":[{\"@type\":\"SearchAction\",\"target\":{\"@type\":\"EntryPoint\",\"urlTemplate\":\"https:\\\/\\\/www.azaros.eu\\\/fr\\\/?s={search_term_string}\"},\"query-input\":{\"@type\":\"PropertyValueSpecification\",\"valueRequired\":true,\"valueName\":\"search_term_string\"}}],\"inLanguage\":\"fr-FR\"}]}<\/script>\n<!-- \/ Yoast SEO plugin. -->","yoast_head_json":{"title":"Couverture en fibre polycristalline | Azaros","description":"Trouvez chez Azaros.eu la meilleure nappe en fibre polycristalline du march\u00e9. D\u00e9couvrez la nappe en fibre polycristalline Azaros au meilleur prix.","robots":{"index":"index","follow":"follow","max-snippet":"max-snippet:-1","max-image-preview":"max-image-preview:large","max-video-preview":"max-video-preview:-1"},"canonical":"https:\/\/www.azaros.eu\/fr\/produit\/couverture-en-fibre-polycristalline\/","og_locale":"fr_FR","og_type":"article","og_title":"Couverture en fibre polycristalline | Azaros","og_description":"Trouvez chez Azaros.eu la meilleure nappe en fibre polycristalline du march\u00e9. D\u00e9couvrez la nappe en fibre polycristalline Azaros au meilleur prix.","og_url":"https:\/\/www.azaros.eu\/fr\/produit\/couverture-en-fibre-polycristalline\/","og_site_name":"Azaros","article_modified_time":"2025-05-19T09:05:33+00:00","og_image":[{"width":1200,"height":700,"url":"https:\/\/www.azaros.eu\/wp-content\/uploads\/2018\/08\/Manta-01.jpg","type":"image\/jpeg"}],"twitter_card":"summary_large_image","twitter_misc":{"Dur\u00e9e de lecture estim\u00e9e":"1 minute"},"schema":{"@context":"https:\/\/schema.org","@graph":[{"@type":"WebPage","@id":"https:\/\/www.azaros.eu\/fr\/produit\/couverture-en-fibre-polycristalline\/","url":"https:\/\/www.azaros.eu\/fr\/produit\/couverture-en-fibre-polycristalline\/","name":"Couverture en fibre polycristalline | Azaros","isPartOf":{"@id":"https:\/\/www.azaros.eu\/fr\/#website"},"primaryImageOfPage":{"@id":"https:\/\/www.azaros.eu\/fr\/produit\/couverture-en-fibre-polycristalline\/#primaryimage"},"image":{"@id":"https:\/\/www.azaros.eu\/fr\/produit\/couverture-en-fibre-polycristalline\/#primaryimage"},"thumbnailUrl":"https:\/\/www.azaros.eu\/wp-content\/uploads\/2018\/08\/Manta-01.jpg","datePublished":"2018-08-06T08:38:20+00:00","dateModified":"2025-05-19T09:05:33+00:00","description":"Trouvez chez Azaros.eu la meilleure nappe en fibre polycristalline du march\u00e9. D\u00e9couvrez la nappe en fibre polycristalline Azaros au meilleur prix.","breadcrumb":{"@id":"https:\/\/www.azaros.eu\/fr\/produit\/couverture-en-fibre-polycristalline\/#breadcrumb"},"inLanguage":"fr-FR","potentialAction":[{"@type":"ReadAction","target":["https:\/\/www.azaros.eu\/fr\/produit\/couverture-en-fibre-polycristalline\/"]}]},{"@type":"ImageObject","inLanguage":"fr-FR","@id":"https:\/\/www.azaros.eu\/fr\/produit\/couverture-en-fibre-polycristalline\/#primaryimage","url":"https:\/\/www.azaros.eu\/wp-content\/uploads\/2018\/08\/Manta-01.jpg","contentUrl":"https:\/\/www.azaros.eu\/wp-content\/uploads\/2018\/08\/Manta-01.jpg","width":1200,"height":700},{"@type":"BreadcrumbList","@id":"https:\/\/www.azaros.eu\/fr\/produit\/couverture-en-fibre-polycristalline\/#breadcrumb","itemListElement":[{"@type":"ListItem","position":1,"name":"Azaros","item":"https:\/\/www.azaros.eu\/fr\/azaros-home\/"},{"@type":"ListItem","position":2,"name":"Produits","item":"https:\/\/www.azaros.eu\/fr\/produits\/"},{"@type":"ListItem","position":3,"name":"Isolant thermique","item":"https:\/\/www.azaros.eu\/fr\/produits\/isolant-thermique\/"},{"@type":"ListItem","position":4,"name":"Fibre polycristalline","item":"https:\/\/www.azaros.eu\/fr\/produits\/isolant-thermique\/fibre-polycristalline\/"},{"@type":"ListItem","position":5,"name":"Nappe en fibre polycristalline"}]},{"@type":"WebSite","@id":"https:\/\/www.azaros.eu\/fr\/#website","url":"https:\/\/www.azaros.eu\/fr\/","name":"Azaros","description":"Fabricamos, distribuimos y comercializamos una gran gama de suministros.","potentialAction":[{"@type":"SearchAction","target":{"@type":"EntryPoint","urlTemplate":"https:\/\/www.azaros.eu\/fr\/?s={search_term_string}"},"query-input":{"@type":"PropertyValueSpecification","valueRequired":true,"valueName":"search_term_string"}}],"inLanguage":"fr-FR"}]}},"_links":{"self":[{"href":"https:\/\/www.azaros.eu\/fr\/wp-json\/wp\/v2\/product\/8732","targetHints":{"allow":["GET"]}}],"collection":[{"href":"https:\/\/www.azaros.eu\/fr\/wp-json\/wp\/v2\/product"}],"about":[{"href":"https:\/\/www.azaros.eu\/fr\/wp-json\/wp\/v2\/types\/product"}],"wp:featuredmedia":[{"embeddable":true,"href":"https:\/\/www.azaros.eu\/fr\/wp-json\/wp\/v2\/media\/5923"}],"wp:attachment":[{"href":"https:\/\/www.azaros.eu\/fr\/wp-json\/wp\/v2\/media?parent=8732"}],"wp:term":[{"taxonomy":"product_brand","embeddable":true,"href":"https:\/\/www.azaros.eu\/fr\/wp-json\/wp\/v2\/product_brand?post=8732"},{"taxonomy":"product_cat","embeddable":true,"href":"https:\/\/www.azaros.eu\/fr\/wp-json\/wp\/v2\/product_cat?post=8732"},{"taxonomy":"product_tag","embeddable":true,"href":"https:\/\/www.azaros.eu\/fr\/wp-json\/wp\/v2\/product_tag?post=8732"}],"curies":[{"name":"wp","href":"https:\/\/api.w.org\/{rel}","templated":true}]}}