{"id":8740,"date":"2018-08-06T09:38:18","date_gmt":"2018-08-06T08:38:18","guid":{"rendered":"https:\/\/www.azaros.eu\/producto\/modules-en-fibre-ceramique\/"},"modified":"2025-05-16T12:37:07","modified_gmt":"2025-05-16T11:37:07","slug":"modules-en-fibre-ceramique","status":"publish","type":"product","link":"https:\/\/www.azaros.eu\/fr\/produit\/modules-en-fibre-ceramique\/","title":{"rendered":"Modules en fibre c\u00e9ramique"},"content":{"rendered":"<div class=\"row\"  id=\"row-722974445\">\n\n\t<div id=\"col-977434383\" class=\"col medium-6 small-12 large-6\"  >\n\t\t\t\t<div class=\"col-inner\"  >\n\t\t\t\n\t\t\t\n<div class=\"container section-title-container\" ><h2 class=\"section-title section-title-normal\"><b aria-hidden=\"true\"><\/b><span class=\"section-title-main\" style=\"font-size:80%;\">Caract\u00e9ristiques<\/span><b aria-hidden=\"true\"><\/b><\/h2><\/div>\n<ul>\n<li>Haut pouvoir isolant<\/li>\n<li>Faible perte de chaleur<\/li>\n<li>Faible capacit\u00e9 de stockage de chaleur<\/li>\n<\/ul>\n\t\t<\/div>\n\t\t\t\t\t<\/div>\n\n\t\n\n\t<div id=\"col-839903597\" class=\"col medium-6 small-12 large-6\"  >\n\t\t\t\t<div class=\"col-inner\"  >\n\t\t\t\n\t\t\t\n<div class=\"container section-title-container\" ><h2 class=\"section-title section-title-normal\"><b aria-hidden=\"true\"><\/b><span class=\"section-title-main\" style=\"font-size:80%;\">Applications typiques<\/span><b aria-hidden=\"true\"><\/b><\/h2><\/div>\n<ul>\n<li>Chariots, portes et fours dans l\u2019industrie c\u00e9ramique<\/li>\n<li>Conduits, chaudi\u00e8res et r\u00e9cup\u00e9rateurs<\/li>\n<li>Fours de traitement thermique, s\u00e9choirs, pr\u00e9chauffeurs, etc.<\/li>\n<\/ul>\n\t\t<\/div>\n\t\t\t\t\t<\/div>\n\n\t\n<\/div>\n","protected":false},"excerpt":{"rendered":"<p>Compos\u00e9s de fibres pli\u00e9es et comprim\u00e9es selon une densit\u00e9 sp\u00e9cifique, ces composants offrent une dur\u00e9e de vie prolong\u00e9e des \u00e9quipements dans lesquels ils sont install\u00e9s.<\/p>\n","protected":false},"featured_media":9230,"template":"","meta":[],"product_brand":[],"product_cat":[48],"product_tag":[],"class_list":{"0":"post-8740","1":"product","2":"type-product","3":"status-publish","4":"has-post-thumbnail","6":"product_cat-fibres-ceramiques","8":"first","9":"instock","10":"shipping-taxable","11":"product-type-simple"},"yoast_head":"<!-- This site is optimized with the Yoast SEO plugin v27.6 - https:\/\/yoast.com\/product\/yoast-seo-wordpress\/ -->\n<title>Modules en fibre c\u00e9ramique | Azaros<\/title>\n<meta name=\"description\" content=\"Trouvez chez Azaros.eu les meilleurs modules en fibre c\u00e9ramique du march\u00e9. D\u00e9couvrez les modules en fibre c\u00e9ramique Azaros au meilleur prix.\" \/>\n<meta name=\"robots\" content=\"index, follow, max-snippet:-1, max-image-preview:large, max-video-preview:-1\" \/>\n<link rel=\"canonical\" href=\"https:\/\/www.azaros.eu\/fr\/produit\/modules-en-fibre-ceramique\/\" \/>\n<meta property=\"og:locale\" content=\"fr_FR\" \/>\n<meta property=\"og:type\" content=\"article\" \/>\n<meta property=\"og:title\" content=\"Modules en fibre c\u00e9ramique | Azaros\" \/>\n<meta property=\"og:description\" content=\"Trouvez chez Azaros.eu les meilleurs modules en fibre c\u00e9ramique du march\u00e9. D\u00e9couvrez les modules en fibre c\u00e9ramique Azaros au meilleur prix.\" \/>\n<meta property=\"og:url\" content=\"https:\/\/www.azaros.eu\/fr\/produit\/modules-en-fibre-ceramique\/\" \/>\n<meta property=\"og:site_name\" content=\"Azaros\" \/>\n<meta property=\"article:modified_time\" content=\"2025-05-16T11:37:07+00:00\" \/>\n<meta property=\"og:image\" content=\"https:\/\/www.azaros.eu\/wp-content\/uploads\/2025\/03\/SoliBloc-medium.jpg\" \/>\n\t<meta property=\"og:image:width\" content=\"1200\" \/>\n\t<meta property=\"og:image:height\" content=\"700\" \/>\n\t<meta property=\"og:image:type\" content=\"image\/jpeg\" \/>\n<meta name=\"twitter:card\" content=\"summary_large_image\" \/>\n<script type=\"application\/ld+json\" class=\"yoast-schema-graph\">{\"@context\":\"https:\\\/\\\/schema.org\",\"@graph\":[{\"@type\":\"WebPage\",\"@id\":\"https:\\\/\\\/www.azaros.eu\\\/fr\\\/produit\\\/modules-en-fibre-ceramique\\\/\",\"url\":\"https:\\\/\\\/www.azaros.eu\\\/fr\\\/produit\\\/modules-en-fibre-ceramique\\\/\",\"name\":\"Modules en fibre c\u00e9ramique | Azaros\",\"isPartOf\":{\"@id\":\"https:\\\/\\\/www.azaros.eu\\\/fr\\\/#website\"},\"primaryImageOfPage\":{\"@id\":\"https:\\\/\\\/www.azaros.eu\\\/fr\\\/produit\\\/modules-en-fibre-ceramique\\\/#primaryimage\"},\"image\":{\"@id\":\"https:\\\/\\\/www.azaros.eu\\\/fr\\\/produit\\\/modules-en-fibre-ceramique\\\/#primaryimage\"},\"thumbnailUrl\":\"https:\\\/\\\/www.azaros.eu\\\/wp-content\\\/uploads\\\/2025\\\/03\\\/SoliBloc-medium.jpg\",\"datePublished\":\"2018-08-06T08:38:18+00:00\",\"dateModified\":\"2025-05-16T11:37:07+00:00\",\"description\":\"Trouvez chez Azaros.eu les meilleurs modules en fibre c\u00e9ramique du march\u00e9. D\u00e9couvrez les modules en fibre c\u00e9ramique Azaros au meilleur prix.\",\"breadcrumb\":{\"@id\":\"https:\\\/\\\/www.azaros.eu\\\/fr\\\/produit\\\/modules-en-fibre-ceramique\\\/#breadcrumb\"},\"inLanguage\":\"fr-FR\",\"potentialAction\":[{\"@type\":\"ReadAction\",\"target\":[\"https:\\\/\\\/www.azaros.eu\\\/fr\\\/produit\\\/modules-en-fibre-ceramique\\\/\"]}]},{\"@type\":\"ImageObject\",\"inLanguage\":\"fr-FR\",\"@id\":\"https:\\\/\\\/www.azaros.eu\\\/fr\\\/produit\\\/modules-en-fibre-ceramique\\\/#primaryimage\",\"url\":\"https:\\\/\\\/www.azaros.eu\\\/wp-content\\\/uploads\\\/2025\\\/03\\\/SoliBloc-medium.jpg\",\"contentUrl\":\"https:\\\/\\\/www.azaros.eu\\\/wp-content\\\/uploads\\\/2025\\\/03\\\/SoliBloc-medium.jpg\",\"width\":1200,\"height\":700},{\"@type\":\"BreadcrumbList\",\"@id\":\"https:\\\/\\\/www.azaros.eu\\\/fr\\\/produit\\\/modules-en-fibre-ceramique\\\/#breadcrumb\",\"itemListElement\":[{\"@type\":\"ListItem\",\"position\":1,\"name\":\"Azaros\",\"item\":\"https:\\\/\\\/www.azaros.eu\\\/fr\\\/azaros-home\\\/\"},{\"@type\":\"ListItem\",\"position\":2,\"name\":\"Produits\",\"item\":\"https:\\\/\\\/www.azaros.eu\\\/fr\\\/produits\\\/\"},{\"@type\":\"ListItem\",\"position\":3,\"name\":\"Isolant thermique\",\"item\":\"https:\\\/\\\/www.azaros.eu\\\/fr\\\/produits\\\/isolant-thermique\\\/\"},{\"@type\":\"ListItem\",\"position\":4,\"name\":\"Fibres c\u00e9ramiques\",\"item\":\"https:\\\/\\\/www.azaros.eu\\\/fr\\\/produits\\\/isolant-thermique\\\/fibres-ceramiques\\\/\"},{\"@type\":\"ListItem\",\"position\":5,\"name\":\"Modules en fibre c\u00e9ramique\"}]},{\"@type\":\"WebSite\",\"@id\":\"https:\\\/\\\/www.azaros.eu\\\/fr\\\/#website\",\"url\":\"https:\\\/\\\/www.azaros.eu\\\/fr\\\/\",\"name\":\"Azaros\",\"description\":\"Fabricamos, distribuimos y comercializamos una gran gama de suministros.\",\"potentialAction\":[{\"@type\":\"SearchAction\",\"target\":{\"@type\":\"EntryPoint\",\"urlTemplate\":\"https:\\\/\\\/www.azaros.eu\\\/fr\\\/?s={search_term_string}\"},\"query-input\":{\"@type\":\"PropertyValueSpecification\",\"valueRequired\":true,\"valueName\":\"search_term_string\"}}],\"inLanguage\":\"fr-FR\"}]}<\/script>\n<!-- \/ Yoast SEO plugin. -->","yoast_head_json":{"title":"Modules en fibre c\u00e9ramique | Azaros","description":"Trouvez chez Azaros.eu les meilleurs modules en fibre c\u00e9ramique du march\u00e9. D\u00e9couvrez les modules en fibre c\u00e9ramique Azaros au meilleur prix.","robots":{"index":"index","follow":"follow","max-snippet":"max-snippet:-1","max-image-preview":"max-image-preview:large","max-video-preview":"max-video-preview:-1"},"canonical":"https:\/\/www.azaros.eu\/fr\/produit\/modules-en-fibre-ceramique\/","og_locale":"fr_FR","og_type":"article","og_title":"Modules en fibre c\u00e9ramique | Azaros","og_description":"Trouvez chez Azaros.eu les meilleurs modules en fibre c\u00e9ramique du march\u00e9. D\u00e9couvrez les modules en fibre c\u00e9ramique Azaros au meilleur prix.","og_url":"https:\/\/www.azaros.eu\/fr\/produit\/modules-en-fibre-ceramique\/","og_site_name":"Azaros","article_modified_time":"2025-05-16T11:37:07+00:00","og_image":[{"width":1200,"height":700,"url":"https:\/\/www.azaros.eu\/wp-content\/uploads\/2025\/03\/SoliBloc-medium.jpg","type":"image\/jpeg"}],"twitter_card":"summary_large_image","schema":{"@context":"https:\/\/schema.org","@graph":[{"@type":"WebPage","@id":"https:\/\/www.azaros.eu\/fr\/produit\/modules-en-fibre-ceramique\/","url":"https:\/\/www.azaros.eu\/fr\/produit\/modules-en-fibre-ceramique\/","name":"Modules en fibre c\u00e9ramique | Azaros","isPartOf":{"@id":"https:\/\/www.azaros.eu\/fr\/#website"},"primaryImageOfPage":{"@id":"https:\/\/www.azaros.eu\/fr\/produit\/modules-en-fibre-ceramique\/#primaryimage"},"image":{"@id":"https:\/\/www.azaros.eu\/fr\/produit\/modules-en-fibre-ceramique\/#primaryimage"},"thumbnailUrl":"https:\/\/www.azaros.eu\/wp-content\/uploads\/2025\/03\/SoliBloc-medium.jpg","datePublished":"2018-08-06T08:38:18+00:00","dateModified":"2025-05-16T11:37:07+00:00","description":"Trouvez chez Azaros.eu les meilleurs modules en fibre c\u00e9ramique du march\u00e9. D\u00e9couvrez les modules en fibre c\u00e9ramique Azaros au meilleur prix.","breadcrumb":{"@id":"https:\/\/www.azaros.eu\/fr\/produit\/modules-en-fibre-ceramique\/#breadcrumb"},"inLanguage":"fr-FR","potentialAction":[{"@type":"ReadAction","target":["https:\/\/www.azaros.eu\/fr\/produit\/modules-en-fibre-ceramique\/"]}]},{"@type":"ImageObject","inLanguage":"fr-FR","@id":"https:\/\/www.azaros.eu\/fr\/produit\/modules-en-fibre-ceramique\/#primaryimage","url":"https:\/\/www.azaros.eu\/wp-content\/uploads\/2025\/03\/SoliBloc-medium.jpg","contentUrl":"https:\/\/www.azaros.eu\/wp-content\/uploads\/2025\/03\/SoliBloc-medium.jpg","width":1200,"height":700},{"@type":"BreadcrumbList","@id":"https:\/\/www.azaros.eu\/fr\/produit\/modules-en-fibre-ceramique\/#breadcrumb","itemListElement":[{"@type":"ListItem","position":1,"name":"Azaros","item":"https:\/\/www.azaros.eu\/fr\/azaros-home\/"},{"@type":"ListItem","position":2,"name":"Produits","item":"https:\/\/www.azaros.eu\/fr\/produits\/"},{"@type":"ListItem","position":3,"name":"Isolant thermique","item":"https:\/\/www.azaros.eu\/fr\/produits\/isolant-thermique\/"},{"@type":"ListItem","position":4,"name":"Fibres c\u00e9ramiques","item":"https:\/\/www.azaros.eu\/fr\/produits\/isolant-thermique\/fibres-ceramiques\/"},{"@type":"ListItem","position":5,"name":"Modules en fibre c\u00e9ramique"}]},{"@type":"WebSite","@id":"https:\/\/www.azaros.eu\/fr\/#website","url":"https:\/\/www.azaros.eu\/fr\/","name":"Azaros","description":"Fabricamos, distribuimos y comercializamos una gran gama de suministros.","potentialAction":[{"@type":"SearchAction","target":{"@type":"EntryPoint","urlTemplate":"https:\/\/www.azaros.eu\/fr\/?s={search_term_string}"},"query-input":{"@type":"PropertyValueSpecification","valueRequired":true,"valueName":"search_term_string"}}],"inLanguage":"fr-FR"}]}},"_links":{"self":[{"href":"https:\/\/www.azaros.eu\/fr\/wp-json\/wp\/v2\/product\/8740","targetHints":{"allow":["GET"]}}],"collection":[{"href":"https:\/\/www.azaros.eu\/fr\/wp-json\/wp\/v2\/product"}],"about":[{"href":"https:\/\/www.azaros.eu\/fr\/wp-json\/wp\/v2\/types\/product"}],"wp:featuredmedia":[{"embeddable":true,"href":"https:\/\/www.azaros.eu\/fr\/wp-json\/wp\/v2\/media\/9230"}],"wp:attachment":[{"href":"https:\/\/www.azaros.eu\/fr\/wp-json\/wp\/v2\/media?parent=8740"}],"wp:term":[{"taxonomy":"product_brand","embeddable":true,"href":"https:\/\/www.azaros.eu\/fr\/wp-json\/wp\/v2\/product_brand?post=8740"},{"taxonomy":"product_cat","embeddable":true,"href":"https:\/\/www.azaros.eu\/fr\/wp-json\/wp\/v2\/product_cat?post=8740"},{"taxonomy":"product_tag","embeddable":true,"href":"https:\/\/www.azaros.eu\/fr\/wp-json\/wp\/v2\/product_tag?post=8740"}],"curies":[{"name":"wp","href":"https:\/\/api.w.org\/{rel}","templated":true}]}}