{"id":8741,"date":"2018-08-06T09:38:18","date_gmt":"2018-08-06T08:38:18","guid":{"rendered":"https:\/\/www.azaros.eu\/producto\/couverture-en-fibre-soluble\/"},"modified":"2025-05-16T09:48:52","modified_gmt":"2025-05-16T08:48:52","slug":"couverture-en-fibre-soluble","status":"publish","type":"product","link":"https:\/\/www.azaros.eu\/fr\/produit\/couverture-en-fibre-soluble\/","title":{"rendered":"Nappe en fibre soluble"},"content":{"rendered":"<div class=\"row\"  id=\"row-636884378\">\n\n\t<div id=\"col-976419296\" class=\"col medium-6 small-12 large-6\"  >\n\t\t\t\t<div class=\"col-inner\"  >\n\t\t\t\n\t\t\t\n<div class=\"container section-title-container\" ><h2 class=\"section-title section-title-normal\"><b aria-hidden=\"true\"><\/b><span class=\"section-title-main\" style=\"font-size:80%;\">Caract\u00e9ristiques<\/span><b aria-hidden=\"true\"><\/b><\/h2><\/div>\n<ul>\n<li>Faible conductivit\u00e9 thermique<\/li>\n<li>Faible capacit\u00e9 de stockage de chaleur<\/li>\n<li>Haute r\u00e9sistance \u00e0 la traction<\/li>\n<li>R\u00e9sistance aux chocs thermiques<\/li>\n<li>L\u00e9g\u00e8ret\u00e9<\/li>\n<\/ul>\n\t\t<\/div>\n\t\t\t\t\t<\/div>\n\n\t\n\n\t<div id=\"col-1039512497\" class=\"col medium-6 small-12 large-6\"  >\n\t\t\t\t<div class=\"col-inner\"  >\n\t\t\t\n\t\t\t\n<div class=\"container section-title-container\" ><h2 class=\"section-title section-title-normal\"><b aria-hidden=\"true\"><\/b><span class=\"section-title-main\" style=\"font-size:80%;\">Applications typiques<\/span><b aria-hidden=\"true\"><\/b><\/h2><\/div>\n<ul>\n<li>Rev\u00eatement de parois, plafonds, portes, etc., de fours r\u00e9fractaires industriels<\/li>\n<li>Rev\u00eatement de fours de recuit<\/li>\n<li>Rev\u00eatement de fours avec traitement thermique<\/li>\n<\/ul>\n\t\t<\/div>\n\t\t\t\t\t<\/div>\n\n\t\n<\/div>\n","protected":false},"excerpt":{"rendered":"<p>La nappe de fibre biosoluble utilise une technologie de filage unique et des propri\u00e9t\u00e9s m\u00e9caniques exceptionnelles dans sa fabrication.<br \/>Ces fibres sp\u00e9ciales sont compos\u00e9es d&rsquo;un m\u00e9lange de calcium, silice et magn\u00e9sium, ce qui leur conf\u00e8re la capacit\u00e9 de supporter des applications continues dans des conditions de haute temp\u00e9rature. <\/p>\n<p>La nappe de fibre biosoluble est flexible et id\u00e9ale pour les traitements avec rev\u00eatement r\u00e9fractaire, isolation thermique et transfert de m\u00e9taux. De plus, elle s&rsquo;est av\u00e9r\u00e9e \u00eatre \u00e9cologique et sup\u00e9rieure aux fibres c\u00e9ramiques r\u00e9fractaires traditionnelles. <\/p>\n","protected":false},"featured_media":6130,"template":"","meta":[],"product_brand":[],"product_cat":[47],"product_tag":[],"class_list":{"0":"post-8741","1":"product","2":"type-product","3":"status-publish","4":"has-post-thumbnail","6":"product_cat-fibres-solubles","8":"first","9":"instock","10":"shipping-taxable","11":"product-type-simple"},"yoast_head":"<!-- This site is optimized with the Yoast SEO plugin v27.4 - https:\/\/yoast.com\/product\/yoast-seo-wordpress\/ -->\n<title>Couverture en fibre soluble | Azaros<\/title>\n<meta name=\"description\" content=\"Trouvez chez Azaros.eu la meilleure couverture en fibre soluble du march\u00e9. D\u00e9couvrez la couverture en fibre soluble de Azaros au meilleur prix.\" \/>\n<meta name=\"robots\" content=\"index, follow, max-snippet:-1, max-image-preview:large, max-video-preview:-1\" \/>\n<link rel=\"canonical\" href=\"https:\/\/www.azaros.eu\/fr\/produit\/couverture-en-fibre-soluble\/\" \/>\n<meta property=\"og:locale\" content=\"fr_FR\" \/>\n<meta property=\"og:type\" content=\"article\" \/>\n<meta property=\"og:title\" content=\"Couverture en fibre soluble | Azaros\" \/>\n<meta property=\"og:description\" content=\"Trouvez chez Azaros.eu la meilleure couverture en fibre soluble du march\u00e9. D\u00e9couvrez la couverture en fibre soluble de Azaros au meilleur prix.\" \/>\n<meta property=\"og:url\" content=\"https:\/\/www.azaros.eu\/fr\/produit\/couverture-en-fibre-soluble\/\" \/>\n<meta property=\"og:site_name\" content=\"Azaros\" \/>\n<meta property=\"article:modified_time\" content=\"2025-05-16T08:48:52+00:00\" \/>\n<meta property=\"og:image\" content=\"https:\/\/www.azaros.eu\/wp-content\/uploads\/2018\/08\/Manta-01-ECO.jpg\" \/>\n\t<meta property=\"og:image:width\" content=\"1200\" \/>\n\t<meta property=\"og:image:height\" content=\"700\" \/>\n\t<meta property=\"og:image:type\" content=\"image\/jpeg\" \/>\n<meta name=\"twitter:card\" content=\"summary_large_image\" \/>\n<script type=\"application\/ld+json\" class=\"yoast-schema-graph\">{\"@context\":\"https:\\\/\\\/schema.org\",\"@graph\":[{\"@type\":\"WebPage\",\"@id\":\"https:\\\/\\\/www.azaros.eu\\\/fr\\\/produit\\\/couverture-en-fibre-soluble\\\/\",\"url\":\"https:\\\/\\\/www.azaros.eu\\\/fr\\\/produit\\\/couverture-en-fibre-soluble\\\/\",\"name\":\"Couverture en fibre soluble | Azaros\",\"isPartOf\":{\"@id\":\"https:\\\/\\\/www.azaros.eu\\\/fr\\\/#website\"},\"primaryImageOfPage\":{\"@id\":\"https:\\\/\\\/www.azaros.eu\\\/fr\\\/produit\\\/couverture-en-fibre-soluble\\\/#primaryimage\"},\"image\":{\"@id\":\"https:\\\/\\\/www.azaros.eu\\\/fr\\\/produit\\\/couverture-en-fibre-soluble\\\/#primaryimage\"},\"thumbnailUrl\":\"https:\\\/\\\/www.azaros.eu\\\/wp-content\\\/uploads\\\/2018\\\/08\\\/Manta-01-ECO.jpg\",\"datePublished\":\"2018-08-06T08:38:18+00:00\",\"dateModified\":\"2025-05-16T08:48:52+00:00\",\"description\":\"Trouvez chez Azaros.eu la meilleure couverture en fibre soluble du march\u00e9. D\u00e9couvrez la couverture en fibre soluble de Azaros au meilleur prix.\",\"breadcrumb\":{\"@id\":\"https:\\\/\\\/www.azaros.eu\\\/fr\\\/produit\\\/couverture-en-fibre-soluble\\\/#breadcrumb\"},\"inLanguage\":\"fr-FR\",\"potentialAction\":[{\"@type\":\"ReadAction\",\"target\":[\"https:\\\/\\\/www.azaros.eu\\\/fr\\\/produit\\\/couverture-en-fibre-soluble\\\/\"]}]},{\"@type\":\"ImageObject\",\"inLanguage\":\"fr-FR\",\"@id\":\"https:\\\/\\\/www.azaros.eu\\\/fr\\\/produit\\\/couverture-en-fibre-soluble\\\/#primaryimage\",\"url\":\"https:\\\/\\\/www.azaros.eu\\\/wp-content\\\/uploads\\\/2018\\\/08\\\/Manta-01-ECO.jpg\",\"contentUrl\":\"https:\\\/\\\/www.azaros.eu\\\/wp-content\\\/uploads\\\/2018\\\/08\\\/Manta-01-ECO.jpg\",\"width\":1200,\"height\":700},{\"@type\":\"BreadcrumbList\",\"@id\":\"https:\\\/\\\/www.azaros.eu\\\/fr\\\/produit\\\/couverture-en-fibre-soluble\\\/#breadcrumb\",\"itemListElement\":[{\"@type\":\"ListItem\",\"position\":1,\"name\":\"Azaros\",\"item\":\"https:\\\/\\\/www.azaros.eu\\\/fr\\\/azaros-home\\\/\"},{\"@type\":\"ListItem\",\"position\":2,\"name\":\"Produits\",\"item\":\"https:\\\/\\\/www.azaros.eu\\\/fr\\\/produits\\\/\"},{\"@type\":\"ListItem\",\"position\":3,\"name\":\"Isolant thermique\",\"item\":\"https:\\\/\\\/www.azaros.eu\\\/fr\\\/produits\\\/isolant-thermique\\\/\"},{\"@type\":\"ListItem\",\"position\":4,\"name\":\"Fibres solubles\",\"item\":\"https:\\\/\\\/www.azaros.eu\\\/fr\\\/produits\\\/isolant-thermique\\\/fibres-solubles\\\/\"},{\"@type\":\"ListItem\",\"position\":5,\"name\":\"Nappe en fibre soluble\"}]},{\"@type\":\"WebSite\",\"@id\":\"https:\\\/\\\/www.azaros.eu\\\/fr\\\/#website\",\"url\":\"https:\\\/\\\/www.azaros.eu\\\/fr\\\/\",\"name\":\"Azaros\",\"description\":\"Fabricamos, distribuimos y comercializamos una gran gama de suministros.\",\"potentialAction\":[{\"@type\":\"SearchAction\",\"target\":{\"@type\":\"EntryPoint\",\"urlTemplate\":\"https:\\\/\\\/www.azaros.eu\\\/fr\\\/?s={search_term_string}\"},\"query-input\":{\"@type\":\"PropertyValueSpecification\",\"valueRequired\":true,\"valueName\":\"search_term_string\"}}],\"inLanguage\":\"fr-FR\"}]}<\/script>\n<!-- \/ Yoast SEO plugin. -->","yoast_head_json":{"title":"Couverture en fibre soluble | Azaros","description":"Trouvez chez Azaros.eu la meilleure couverture en fibre soluble du march\u00e9. D\u00e9couvrez la couverture en fibre soluble de Azaros au meilleur prix.","robots":{"index":"index","follow":"follow","max-snippet":"max-snippet:-1","max-image-preview":"max-image-preview:large","max-video-preview":"max-video-preview:-1"},"canonical":"https:\/\/www.azaros.eu\/fr\/produit\/couverture-en-fibre-soluble\/","og_locale":"fr_FR","og_type":"article","og_title":"Couverture en fibre soluble | Azaros","og_description":"Trouvez chez Azaros.eu la meilleure couverture en fibre soluble du march\u00e9. D\u00e9couvrez la couverture en fibre soluble de Azaros au meilleur prix.","og_url":"https:\/\/www.azaros.eu\/fr\/produit\/couverture-en-fibre-soluble\/","og_site_name":"Azaros","article_modified_time":"2025-05-16T08:48:52+00:00","og_image":[{"width":1200,"height":700,"url":"https:\/\/www.azaros.eu\/wp-content\/uploads\/2018\/08\/Manta-01-ECO.jpg","type":"image\/jpeg"}],"twitter_card":"summary_large_image","schema":{"@context":"https:\/\/schema.org","@graph":[{"@type":"WebPage","@id":"https:\/\/www.azaros.eu\/fr\/produit\/couverture-en-fibre-soluble\/","url":"https:\/\/www.azaros.eu\/fr\/produit\/couverture-en-fibre-soluble\/","name":"Couverture en fibre soluble | Azaros","isPartOf":{"@id":"https:\/\/www.azaros.eu\/fr\/#website"},"primaryImageOfPage":{"@id":"https:\/\/www.azaros.eu\/fr\/produit\/couverture-en-fibre-soluble\/#primaryimage"},"image":{"@id":"https:\/\/www.azaros.eu\/fr\/produit\/couverture-en-fibre-soluble\/#primaryimage"},"thumbnailUrl":"https:\/\/www.azaros.eu\/wp-content\/uploads\/2018\/08\/Manta-01-ECO.jpg","datePublished":"2018-08-06T08:38:18+00:00","dateModified":"2025-05-16T08:48:52+00:00","description":"Trouvez chez Azaros.eu la meilleure couverture en fibre soluble du march\u00e9. D\u00e9couvrez la couverture en fibre soluble de Azaros au meilleur prix.","breadcrumb":{"@id":"https:\/\/www.azaros.eu\/fr\/produit\/couverture-en-fibre-soluble\/#breadcrumb"},"inLanguage":"fr-FR","potentialAction":[{"@type":"ReadAction","target":["https:\/\/www.azaros.eu\/fr\/produit\/couverture-en-fibre-soluble\/"]}]},{"@type":"ImageObject","inLanguage":"fr-FR","@id":"https:\/\/www.azaros.eu\/fr\/produit\/couverture-en-fibre-soluble\/#primaryimage","url":"https:\/\/www.azaros.eu\/wp-content\/uploads\/2018\/08\/Manta-01-ECO.jpg","contentUrl":"https:\/\/www.azaros.eu\/wp-content\/uploads\/2018\/08\/Manta-01-ECO.jpg","width":1200,"height":700},{"@type":"BreadcrumbList","@id":"https:\/\/www.azaros.eu\/fr\/produit\/couverture-en-fibre-soluble\/#breadcrumb","itemListElement":[{"@type":"ListItem","position":1,"name":"Azaros","item":"https:\/\/www.azaros.eu\/fr\/azaros-home\/"},{"@type":"ListItem","position":2,"name":"Produits","item":"https:\/\/www.azaros.eu\/fr\/produits\/"},{"@type":"ListItem","position":3,"name":"Isolant thermique","item":"https:\/\/www.azaros.eu\/fr\/produits\/isolant-thermique\/"},{"@type":"ListItem","position":4,"name":"Fibres solubles","item":"https:\/\/www.azaros.eu\/fr\/produits\/isolant-thermique\/fibres-solubles\/"},{"@type":"ListItem","position":5,"name":"Nappe en fibre soluble"}]},{"@type":"WebSite","@id":"https:\/\/www.azaros.eu\/fr\/#website","url":"https:\/\/www.azaros.eu\/fr\/","name":"Azaros","description":"Fabricamos, distribuimos y comercializamos una gran gama de suministros.","potentialAction":[{"@type":"SearchAction","target":{"@type":"EntryPoint","urlTemplate":"https:\/\/www.azaros.eu\/fr\/?s={search_term_string}"},"query-input":{"@type":"PropertyValueSpecification","valueRequired":true,"valueName":"search_term_string"}}],"inLanguage":"fr-FR"}]}},"_links":{"self":[{"href":"https:\/\/www.azaros.eu\/fr\/wp-json\/wp\/v2\/product\/8741","targetHints":{"allow":["GET"]}}],"collection":[{"href":"https:\/\/www.azaros.eu\/fr\/wp-json\/wp\/v2\/product"}],"about":[{"href":"https:\/\/www.azaros.eu\/fr\/wp-json\/wp\/v2\/types\/product"}],"wp:featuredmedia":[{"embeddable":true,"href":"https:\/\/www.azaros.eu\/fr\/wp-json\/wp\/v2\/media\/6130"}],"wp:attachment":[{"href":"https:\/\/www.azaros.eu\/fr\/wp-json\/wp\/v2\/media?parent=8741"}],"wp:term":[{"taxonomy":"product_brand","embeddable":true,"href":"https:\/\/www.azaros.eu\/fr\/wp-json\/wp\/v2\/product_brand?post=8741"},{"taxonomy":"product_cat","embeddable":true,"href":"https:\/\/www.azaros.eu\/fr\/wp-json\/wp\/v2\/product_cat?post=8741"},{"taxonomy":"product_tag","embeddable":true,"href":"https:\/\/www.azaros.eu\/fr\/wp-json\/wp\/v2\/product_tag?post=8741"}],"curies":[{"name":"wp","href":"https:\/\/api.w.org\/{rel}","templated":true}]}}