{"id":8743,"date":"2018-08-06T09:38:17","date_gmt":"2018-08-06T08:38:17","guid":{"rendered":"https:\/\/www.azaros.eu\/producto\/couverture-en-fibre-ceramique\/"},"modified":"2025-07-21T14:49:58","modified_gmt":"2025-07-21T13:49:58","slug":"couverture-en-fibre-ceramique","status":"publish","type":"product","link":"https:\/\/www.azaros.eu\/fr\/produit\/couverture-en-fibre-ceramique\/","title":{"rendered":"Nappes en fibre c\u00e9ramique"},"content":{"rendered":"<div class=\"row\"  id=\"row-1001237641\">\n\n\t<div id=\"col-2017957150\" class=\"col medium-6 small-12 large-6\"  >\n\t\t\t\t<div class=\"col-inner\"  >\n\t\t\t\n\t\t\t\n<div class=\"container section-title-container\" ><h2 class=\"section-title section-title-normal\"><b aria-hidden=\"true\"><\/b><span class=\"section-title-main\" style=\"font-size:80%;\">Caract\u00e9ristiques<\/span><b aria-hidden=\"true\"><\/b><\/h2><\/div>\n<ul>\n<li>Excellente r\u00e9sistance aux chocs thermiques<\/li>\n<li>Excellente stabilit\u00e9 chimique.<\/li>\n<li>Excellente r\u00e9sistance \u00e0 la traction.<\/li>\n<li>Faible conductivit\u00e9 thermique et faible capacit\u00e9 thermique.<\/li>\n<\/ul>\n\t\t<\/div>\n\t\t\t\t\t<\/div>\n\n\t\n\n\t<div id=\"col-407332439\" class=\"col medium-6 small-12 large-6\"  >\n\t\t\t\t<div class=\"col-inner\"  >\n\t\t\t\n\t\t\t\n<div class=\"container section-title-container\" ><h2 class=\"section-title section-title-normal\"><b aria-hidden=\"true\"><\/b><span class=\"section-title-main\" style=\"font-size:80%;\">Applications typiques<\/span><b aria-hidden=\"true\"><\/b><\/h2><\/div>\n<ul>\n<li>Fours de recuit<\/li>\n<li>Rev\u00eatements et joints de portes de four.<\/li>\n<li>Nappes et joints de hottes de refroidissement.<\/li>\n<li>R\u00e9parations sur le c\u00f4t\u00e9 chaud du four.<\/li>\n<li>Rev\u00eatements de la poche de coul\u00e9e et du four de recuit.<\/li>\n<\/ul>\n\t\t<\/div>\n\t\t\t\t\t<\/div>\n\n\t\n<\/div>\n","protected":false},"excerpt":{"rendered":"<p>La nappe en fibre c\u00e9ramique est un mat\u00e9riau r\u00e9fractaire \u00e0 faible conductivit\u00e9 thermique, haute r\u00e9sistance \u00e0 la traction et r\u00e9silience, mais aussi r\u00e9sistant aux chocs thermiques et aux attaques chimiques. Ces nappes offrent des performances d\u2019isolation, de flexibilit\u00e9 et de r\u00e9sistance sup\u00e9rieures. <\/p>\n<p>La plupart des produits chimiques (\u00e0 l\u2019exception de l\u2019acide fluorhydrique, de l\u2019acide phosphorique et des alcalis concentr\u00e9s) n\u2019ont pas d\u2019effet sur les nappes en c\u00e9ramique. De plus, leur faible conductivit\u00e9 thermique contribue \u00e0 une meilleure capacit\u00e9 isolante. <\/p>\n<p>Nos nappes en c\u00e9ramique, enti\u00e8rement inorganiques, ne produisent pas de fum\u00e9e lorsqu\u2019elles sont chauff\u00e9es pour la premi\u00e8re fois.<\/p>\n","protected":false},"featured_media":5923,"template":"","meta":[],"product_brand":[],"product_cat":[48],"product_tag":[],"class_list":{"0":"post-8743","1":"product","2":"type-product","3":"status-publish","4":"has-post-thumbnail","6":"product_cat-fibres-ceramiques","8":"first","9":"instock","10":"shipping-taxable","11":"product-type-simple"},"yoast_head":"<!-- This site is optimized with the Yoast SEO plugin v27.4 - https:\/\/yoast.com\/product\/yoast-seo-wordpress\/ -->\n<title>Nappe en fibre c\u00e9ramique | Azaros<\/title>\n<meta name=\"description\" content=\"Trouvez chez Azaros.eu la meilleure nappe en fibre c\u00e9ramique du march\u00e9. D\u00e9couvrez la nappe en fibre c\u00e9ramique Azaros au meilleur prix.\" \/>\n<meta name=\"robots\" content=\"index, follow, max-snippet:-1, max-image-preview:large, max-video-preview:-1\" \/>\n<link rel=\"canonical\" href=\"https:\/\/www.azaros.eu\/fr\/produit\/couverture-en-fibre-ceramique\/\" \/>\n<meta property=\"og:locale\" content=\"fr_FR\" \/>\n<meta property=\"og:type\" content=\"article\" \/>\n<meta property=\"og:title\" content=\"Nappe en fibre c\u00e9ramique | Azaros\" \/>\n<meta property=\"og:description\" content=\"Trouvez chez Azaros.eu la meilleure nappe en fibre c\u00e9ramique du march\u00e9. D\u00e9couvrez la nappe en fibre c\u00e9ramique Azaros au meilleur prix.\" \/>\n<meta property=\"og:url\" content=\"https:\/\/www.azaros.eu\/fr\/produit\/couverture-en-fibre-ceramique\/\" \/>\n<meta property=\"og:site_name\" content=\"Azaros\" \/>\n<meta property=\"article:modified_time\" content=\"2025-07-21T13:49:58+00:00\" \/>\n<meta property=\"og:image\" content=\"https:\/\/www.azaros.eu\/wp-content\/uploads\/2018\/08\/Manta-01.jpg\" \/>\n\t<meta property=\"og:image:width\" content=\"1200\" \/>\n\t<meta property=\"og:image:height\" content=\"700\" \/>\n\t<meta property=\"og:image:type\" content=\"image\/jpeg\" \/>\n<meta name=\"twitter:card\" content=\"summary_large_image\" \/>\n<script type=\"application\/ld+json\" class=\"yoast-schema-graph\">{\"@context\":\"https:\\\/\\\/schema.org\",\"@graph\":[{\"@type\":\"WebPage\",\"@id\":\"https:\\\/\\\/www.azaros.eu\\\/fr\\\/produit\\\/couverture-en-fibre-ceramique\\\/\",\"url\":\"https:\\\/\\\/www.azaros.eu\\\/fr\\\/produit\\\/couverture-en-fibre-ceramique\\\/\",\"name\":\"Nappe en fibre c\u00e9ramique | Azaros\",\"isPartOf\":{\"@id\":\"https:\\\/\\\/www.azaros.eu\\\/fr\\\/#website\"},\"primaryImageOfPage\":{\"@id\":\"https:\\\/\\\/www.azaros.eu\\\/fr\\\/produit\\\/couverture-en-fibre-ceramique\\\/#primaryimage\"},\"image\":{\"@id\":\"https:\\\/\\\/www.azaros.eu\\\/fr\\\/produit\\\/couverture-en-fibre-ceramique\\\/#primaryimage\"},\"thumbnailUrl\":\"https:\\\/\\\/www.azaros.eu\\\/wp-content\\\/uploads\\\/2018\\\/08\\\/Manta-01.jpg\",\"datePublished\":\"2018-08-06T08:38:17+00:00\",\"dateModified\":\"2025-07-21T13:49:58+00:00\",\"description\":\"Trouvez chez Azaros.eu la meilleure nappe en fibre c\u00e9ramique du march\u00e9. D\u00e9couvrez la nappe en fibre c\u00e9ramique Azaros au meilleur prix.\",\"breadcrumb\":{\"@id\":\"https:\\\/\\\/www.azaros.eu\\\/fr\\\/produit\\\/couverture-en-fibre-ceramique\\\/#breadcrumb\"},\"inLanguage\":\"fr-FR\",\"potentialAction\":[{\"@type\":\"ReadAction\",\"target\":[\"https:\\\/\\\/www.azaros.eu\\\/fr\\\/produit\\\/couverture-en-fibre-ceramique\\\/\"]}]},{\"@type\":\"ImageObject\",\"inLanguage\":\"fr-FR\",\"@id\":\"https:\\\/\\\/www.azaros.eu\\\/fr\\\/produit\\\/couverture-en-fibre-ceramique\\\/#primaryimage\",\"url\":\"https:\\\/\\\/www.azaros.eu\\\/wp-content\\\/uploads\\\/2018\\\/08\\\/Manta-01.jpg\",\"contentUrl\":\"https:\\\/\\\/www.azaros.eu\\\/wp-content\\\/uploads\\\/2018\\\/08\\\/Manta-01.jpg\",\"width\":1200,\"height\":700},{\"@type\":\"BreadcrumbList\",\"@id\":\"https:\\\/\\\/www.azaros.eu\\\/fr\\\/produit\\\/couverture-en-fibre-ceramique\\\/#breadcrumb\",\"itemListElement\":[{\"@type\":\"ListItem\",\"position\":1,\"name\":\"Azaros\",\"item\":\"https:\\\/\\\/www.azaros.eu\\\/fr\\\/azaros-home\\\/\"},{\"@type\":\"ListItem\",\"position\":2,\"name\":\"Produits\",\"item\":\"https:\\\/\\\/www.azaros.eu\\\/fr\\\/produits\\\/\"},{\"@type\":\"ListItem\",\"position\":3,\"name\":\"Isolant thermique\",\"item\":\"https:\\\/\\\/www.azaros.eu\\\/fr\\\/produits\\\/isolant-thermique\\\/\"},{\"@type\":\"ListItem\",\"position\":4,\"name\":\"Fibres c\u00e9ramiques\",\"item\":\"https:\\\/\\\/www.azaros.eu\\\/fr\\\/produits\\\/isolant-thermique\\\/fibres-ceramiques\\\/\"},{\"@type\":\"ListItem\",\"position\":5,\"name\":\"Nappes en fibre c\u00e9ramique\"}]},{\"@type\":\"WebSite\",\"@id\":\"https:\\\/\\\/www.azaros.eu\\\/fr\\\/#website\",\"url\":\"https:\\\/\\\/www.azaros.eu\\\/fr\\\/\",\"name\":\"Azaros\",\"description\":\"Fabricamos, distribuimos y comercializamos una gran gama de suministros.\",\"potentialAction\":[{\"@type\":\"SearchAction\",\"target\":{\"@type\":\"EntryPoint\",\"urlTemplate\":\"https:\\\/\\\/www.azaros.eu\\\/fr\\\/?s={search_term_string}\"},\"query-input\":{\"@type\":\"PropertyValueSpecification\",\"valueRequired\":true,\"valueName\":\"search_term_string\"}}],\"inLanguage\":\"fr-FR\"}]}<\/script>\n<!-- \/ Yoast SEO plugin. -->","yoast_head_json":{"title":"Nappe en fibre c\u00e9ramique | Azaros","description":"Trouvez chez Azaros.eu la meilleure nappe en fibre c\u00e9ramique du march\u00e9. D\u00e9couvrez la nappe en fibre c\u00e9ramique Azaros au meilleur prix.","robots":{"index":"index","follow":"follow","max-snippet":"max-snippet:-1","max-image-preview":"max-image-preview:large","max-video-preview":"max-video-preview:-1"},"canonical":"https:\/\/www.azaros.eu\/fr\/produit\/couverture-en-fibre-ceramique\/","og_locale":"fr_FR","og_type":"article","og_title":"Nappe en fibre c\u00e9ramique | Azaros","og_description":"Trouvez chez Azaros.eu la meilleure nappe en fibre c\u00e9ramique du march\u00e9. D\u00e9couvrez la nappe en fibre c\u00e9ramique Azaros au meilleur prix.","og_url":"https:\/\/www.azaros.eu\/fr\/produit\/couverture-en-fibre-ceramique\/","og_site_name":"Azaros","article_modified_time":"2025-07-21T13:49:58+00:00","og_image":[{"width":1200,"height":700,"url":"https:\/\/www.azaros.eu\/wp-content\/uploads\/2018\/08\/Manta-01.jpg","type":"image\/jpeg"}],"twitter_card":"summary_large_image","schema":{"@context":"https:\/\/schema.org","@graph":[{"@type":"WebPage","@id":"https:\/\/www.azaros.eu\/fr\/produit\/couverture-en-fibre-ceramique\/","url":"https:\/\/www.azaros.eu\/fr\/produit\/couverture-en-fibre-ceramique\/","name":"Nappe en fibre c\u00e9ramique | Azaros","isPartOf":{"@id":"https:\/\/www.azaros.eu\/fr\/#website"},"primaryImageOfPage":{"@id":"https:\/\/www.azaros.eu\/fr\/produit\/couverture-en-fibre-ceramique\/#primaryimage"},"image":{"@id":"https:\/\/www.azaros.eu\/fr\/produit\/couverture-en-fibre-ceramique\/#primaryimage"},"thumbnailUrl":"https:\/\/www.azaros.eu\/wp-content\/uploads\/2018\/08\/Manta-01.jpg","datePublished":"2018-08-06T08:38:17+00:00","dateModified":"2025-07-21T13:49:58+00:00","description":"Trouvez chez Azaros.eu la meilleure nappe en fibre c\u00e9ramique du march\u00e9. D\u00e9couvrez la nappe en fibre c\u00e9ramique Azaros au meilleur prix.","breadcrumb":{"@id":"https:\/\/www.azaros.eu\/fr\/produit\/couverture-en-fibre-ceramique\/#breadcrumb"},"inLanguage":"fr-FR","potentialAction":[{"@type":"ReadAction","target":["https:\/\/www.azaros.eu\/fr\/produit\/couverture-en-fibre-ceramique\/"]}]},{"@type":"ImageObject","inLanguage":"fr-FR","@id":"https:\/\/www.azaros.eu\/fr\/produit\/couverture-en-fibre-ceramique\/#primaryimage","url":"https:\/\/www.azaros.eu\/wp-content\/uploads\/2018\/08\/Manta-01.jpg","contentUrl":"https:\/\/www.azaros.eu\/wp-content\/uploads\/2018\/08\/Manta-01.jpg","width":1200,"height":700},{"@type":"BreadcrumbList","@id":"https:\/\/www.azaros.eu\/fr\/produit\/couverture-en-fibre-ceramique\/#breadcrumb","itemListElement":[{"@type":"ListItem","position":1,"name":"Azaros","item":"https:\/\/www.azaros.eu\/fr\/azaros-home\/"},{"@type":"ListItem","position":2,"name":"Produits","item":"https:\/\/www.azaros.eu\/fr\/produits\/"},{"@type":"ListItem","position":3,"name":"Isolant thermique","item":"https:\/\/www.azaros.eu\/fr\/produits\/isolant-thermique\/"},{"@type":"ListItem","position":4,"name":"Fibres c\u00e9ramiques","item":"https:\/\/www.azaros.eu\/fr\/produits\/isolant-thermique\/fibres-ceramiques\/"},{"@type":"ListItem","position":5,"name":"Nappes en fibre c\u00e9ramique"}]},{"@type":"WebSite","@id":"https:\/\/www.azaros.eu\/fr\/#website","url":"https:\/\/www.azaros.eu\/fr\/","name":"Azaros","description":"Fabricamos, distribuimos y comercializamos una gran gama de suministros.","potentialAction":[{"@type":"SearchAction","target":{"@type":"EntryPoint","urlTemplate":"https:\/\/www.azaros.eu\/fr\/?s={search_term_string}"},"query-input":{"@type":"PropertyValueSpecification","valueRequired":true,"valueName":"search_term_string"}}],"inLanguage":"fr-FR"}]}},"_links":{"self":[{"href":"https:\/\/www.azaros.eu\/fr\/wp-json\/wp\/v2\/product\/8743","targetHints":{"allow":["GET"]}}],"collection":[{"href":"https:\/\/www.azaros.eu\/fr\/wp-json\/wp\/v2\/product"}],"about":[{"href":"https:\/\/www.azaros.eu\/fr\/wp-json\/wp\/v2\/types\/product"}],"wp:featuredmedia":[{"embeddable":true,"href":"https:\/\/www.azaros.eu\/fr\/wp-json\/wp\/v2\/media\/5923"}],"wp:attachment":[{"href":"https:\/\/www.azaros.eu\/fr\/wp-json\/wp\/v2\/media?parent=8743"}],"wp:term":[{"taxonomy":"product_brand","embeddable":true,"href":"https:\/\/www.azaros.eu\/fr\/wp-json\/wp\/v2\/product_brand?post=8743"},{"taxonomy":"product_cat","embeddable":true,"href":"https:\/\/www.azaros.eu\/fr\/wp-json\/wp\/v2\/product_cat?post=8743"},{"taxonomy":"product_tag","embeddable":true,"href":"https:\/\/www.azaros.eu\/fr\/wp-json\/wp\/v2\/product_tag?post=8743"}],"curies":[{"name":"wp","href":"https:\/\/api.w.org\/{rel}","templated":true}]}}