{"id":8746,"date":"2018-08-06T09:38:19","date_gmt":"2018-08-06T08:38:19","guid":{"rendered":"https:\/\/www.azaros.eu\/producto\/panneaux-en-fibre-soluble\/"},"modified":"2025-05-16T09:54:08","modified_gmt":"2025-05-16T08:54:08","slug":"panneaux-en-fibre-soluble","status":"publish","type":"product","link":"https:\/\/www.azaros.eu\/fr\/produit\/panneaux-en-fibre-soluble\/","title":{"rendered":"Plaques en fibre soluble"},"content":{"rendered":"<div class=\"row\"  id=\"row-2101118582\">\n\n\t<div id=\"col-1771458421\" class=\"col medium-6 small-12 large-6\"  >\n\t\t\t\t<div class=\"col-inner\"  >\n\t\t\t\n\t\t\t\n<div class=\"container section-title-container\" ><h2 class=\"section-title section-title-normal\"><b aria-hidden=\"true\"><\/b><span class=\"section-title-main\" style=\"font-size:80%;\">Caract\u00e9ristiques<\/span><b aria-hidden=\"true\"><\/b><\/h2><\/div>\n<ul>\n<li>R\u00e9sistance \u00e0 l\u2019eau.<\/li>\n<li>R\u00e9sistance aux chocs thermique.<\/li>\n<li>Faible conductivit\u00e9 thermique.<\/li>\n<li>G\u00e9om\u00e9trie pr\u00e9cise et tol\u00e9rances exactes<\/li>\n<li>Structure homog\u00e8ne facile \u00e0 usiner.<\/li>\n<li>Non fragile.<\/li>\n<li>Haute teneur en fibre.<\/li>\n<li>L\u00e9g\u00e8res, avec faible capacit\u00e9 de stockage de chaleur<\/li>\n<li>Faciles \u00e0 installer<\/li>\n<\/ul>\n\t\t<\/div>\n\t\t\t\t\t<\/div>\n\n\t\n\n\t<div id=\"col-40382874\" class=\"col medium-6 small-12 large-6\"  >\n\t\t\t\t<div class=\"col-inner\"  >\n\t\t\t\n\t\t\t\n<div class=\"container section-title-container\" ><h2 class=\"section-title section-title-normal\"><b aria-hidden=\"true\"><\/b><span class=\"section-title-main\" style=\"font-size:80%;\">Applications typiques<\/span><b aria-hidden=\"true\"><\/b><\/h2><\/div>\n<ul>\n<li>Rev\u00eatement r\u00e9fractaire pour fours industriels: murs, plafonds, portes, etc.<\/li>\n<li>Rev\u00eatement de la chambre de combustion, chaudi\u00e8res et chauffages<\/li>\n<li>Isolation de s\u00e9curit\u00e9 pour briques et mat\u00e9riaux r\u00e9fractaires monolithiques<\/li>\n<li>Transfert d\u2019aluminium fondu et autres m\u00e9taux non ferreux<\/li>\n<li>Planches pour joints de dilatation<\/li>\n<li>Barri\u00e8re contre le feu ou la chaleur<\/li>\n<li>Rev\u00eatement en face chaude de fours expos\u00e9s \u00e0 des atmosph\u00e8res abrasives ou \u00e0 des flux gazeux \u00e0 haute vitesse<\/li>\n<\/ul>\n\t\t<\/div>\n\t\t\t\t\t<\/div>\n\n\t\n<\/div>\n","protected":false},"excerpt":{"rendered":"<p>Les plaques de fibre biosoluble sont fabriqu\u00e9es \u00e0 partir de fibres solubles et d\u2019une petite quantit\u00e9 de liant organique.<br \/>En raison de leur forte teneur en fibres, les plaques de fibre soluble sont solides, l\u00e9g\u00e8res et r\u00e9sistantes aux chocs thermiques. La r\u00e9sistance de l\u2019adh\u00e9rence de deux feuilles plus fines permet d\u2019obtenir une \u00e9paisseur sup\u00e9rieure \u00e0 50 mm.  <\/p>\n","protected":false},"featured_media":6136,"template":"","meta":[],"product_brand":[],"product_cat":[47],"product_tag":[],"class_list":{"0":"post-8746","1":"product","2":"type-product","3":"status-publish","4":"has-post-thumbnail","6":"product_cat-fibres-solubles","8":"first","9":"instock","10":"shipping-taxable","11":"product-type-simple"},"yoast_head":"<!-- This site is optimized with the Yoast SEO plugin v27.4 - https:\/\/yoast.com\/product\/yoast-seo-wordpress\/ -->\n<title>Panneaux en fibre soluble | Azaros<\/title>\n<meta name=\"description\" content=\"Trouvez chez Azaros.eu les meilleures plaques en fibre soluble du march\u00e9. D\u00e9couvrez les plaques en fibre soluble Azaros au meilleur prix.\" \/>\n<meta name=\"robots\" content=\"index, follow, max-snippet:-1, max-image-preview:large, max-video-preview:-1\" \/>\n<link rel=\"canonical\" href=\"https:\/\/www.azaros.eu\/fr\/produit\/panneaux-en-fibre-soluble\/\" \/>\n<meta property=\"og:locale\" content=\"fr_FR\" \/>\n<meta property=\"og:type\" content=\"article\" \/>\n<meta property=\"og:title\" content=\"Panneaux en fibre soluble | Azaros\" \/>\n<meta property=\"og:description\" content=\"Trouvez chez Azaros.eu les meilleures plaques en fibre soluble du march\u00e9. D\u00e9couvrez les plaques en fibre soluble Azaros au meilleur prix.\" \/>\n<meta property=\"og:url\" content=\"https:\/\/www.azaros.eu\/fr\/produit\/panneaux-en-fibre-soluble\/\" \/>\n<meta property=\"og:site_name\" content=\"Azaros\" \/>\n<meta property=\"article:modified_time\" content=\"2025-05-16T08:54:08+00:00\" \/>\n<meta property=\"og:image\" content=\"https:\/\/www.azaros.eu\/wp-content\/uploads\/2018\/08\/Placas-03-y-3537-ECO-1.jpg\" \/>\n\t<meta property=\"og:image:width\" content=\"1200\" \/>\n\t<meta property=\"og:image:height\" content=\"700\" \/>\n\t<meta property=\"og:image:type\" content=\"image\/jpeg\" \/>\n<meta name=\"twitter:card\" content=\"summary_large_image\" \/>\n<meta name=\"twitter:label1\" content=\"Dur\u00e9e de lecture estim\u00e9e\" \/>\n\t<meta name=\"twitter:data1\" content=\"1 minute\" \/>\n<script type=\"application\/ld+json\" class=\"yoast-schema-graph\">{\"@context\":\"https:\\\/\\\/schema.org\",\"@graph\":[{\"@type\":\"WebPage\",\"@id\":\"https:\\\/\\\/www.azaros.eu\\\/fr\\\/produit\\\/panneaux-en-fibre-soluble\\\/\",\"url\":\"https:\\\/\\\/www.azaros.eu\\\/fr\\\/produit\\\/panneaux-en-fibre-soluble\\\/\",\"name\":\"Panneaux en fibre soluble | Azaros\",\"isPartOf\":{\"@id\":\"https:\\\/\\\/www.azaros.eu\\\/fr\\\/#website\"},\"primaryImageOfPage\":{\"@id\":\"https:\\\/\\\/www.azaros.eu\\\/fr\\\/produit\\\/panneaux-en-fibre-soluble\\\/#primaryimage\"},\"image\":{\"@id\":\"https:\\\/\\\/www.azaros.eu\\\/fr\\\/produit\\\/panneaux-en-fibre-soluble\\\/#primaryimage\"},\"thumbnailUrl\":\"https:\\\/\\\/www.azaros.eu\\\/wp-content\\\/uploads\\\/2018\\\/08\\\/Placas-03-y-3537-ECO-1.jpg\",\"datePublished\":\"2018-08-06T08:38:19+00:00\",\"dateModified\":\"2025-05-16T08:54:08+00:00\",\"description\":\"Trouvez chez Azaros.eu les meilleures plaques en fibre soluble du march\u00e9. D\u00e9couvrez les plaques en fibre soluble Azaros au meilleur prix.\",\"breadcrumb\":{\"@id\":\"https:\\\/\\\/www.azaros.eu\\\/fr\\\/produit\\\/panneaux-en-fibre-soluble\\\/#breadcrumb\"},\"inLanguage\":\"fr-FR\",\"potentialAction\":[{\"@type\":\"ReadAction\",\"target\":[\"https:\\\/\\\/www.azaros.eu\\\/fr\\\/produit\\\/panneaux-en-fibre-soluble\\\/\"]}]},{\"@type\":\"ImageObject\",\"inLanguage\":\"fr-FR\",\"@id\":\"https:\\\/\\\/www.azaros.eu\\\/fr\\\/produit\\\/panneaux-en-fibre-soluble\\\/#primaryimage\",\"url\":\"https:\\\/\\\/www.azaros.eu\\\/wp-content\\\/uploads\\\/2018\\\/08\\\/Placas-03-y-3537-ECO-1.jpg\",\"contentUrl\":\"https:\\\/\\\/www.azaros.eu\\\/wp-content\\\/uploads\\\/2018\\\/08\\\/Placas-03-y-3537-ECO-1.jpg\",\"width\":1200,\"height\":700},{\"@type\":\"BreadcrumbList\",\"@id\":\"https:\\\/\\\/www.azaros.eu\\\/fr\\\/produit\\\/panneaux-en-fibre-soluble\\\/#breadcrumb\",\"itemListElement\":[{\"@type\":\"ListItem\",\"position\":1,\"name\":\"Azaros\",\"item\":\"https:\\\/\\\/www.azaros.eu\\\/fr\\\/azaros-home\\\/\"},{\"@type\":\"ListItem\",\"position\":2,\"name\":\"Produits\",\"item\":\"https:\\\/\\\/www.azaros.eu\\\/fr\\\/produits\\\/\"},{\"@type\":\"ListItem\",\"position\":3,\"name\":\"Isolant thermique\",\"item\":\"https:\\\/\\\/www.azaros.eu\\\/fr\\\/produits\\\/isolant-thermique\\\/\"},{\"@type\":\"ListItem\",\"position\":4,\"name\":\"Fibres solubles\",\"item\":\"https:\\\/\\\/www.azaros.eu\\\/fr\\\/produits\\\/isolant-thermique\\\/fibres-solubles\\\/\"},{\"@type\":\"ListItem\",\"position\":5,\"name\":\"Plaques en fibre soluble\"}]},{\"@type\":\"WebSite\",\"@id\":\"https:\\\/\\\/www.azaros.eu\\\/fr\\\/#website\",\"url\":\"https:\\\/\\\/www.azaros.eu\\\/fr\\\/\",\"name\":\"Azaros\",\"description\":\"Fabricamos, distribuimos y comercializamos una gran gama de suministros.\",\"potentialAction\":[{\"@type\":\"SearchAction\",\"target\":{\"@type\":\"EntryPoint\",\"urlTemplate\":\"https:\\\/\\\/www.azaros.eu\\\/fr\\\/?s={search_term_string}\"},\"query-input\":{\"@type\":\"PropertyValueSpecification\",\"valueRequired\":true,\"valueName\":\"search_term_string\"}}],\"inLanguage\":\"fr-FR\"}]}<\/script>\n<!-- \/ Yoast SEO plugin. -->","yoast_head_json":{"title":"Panneaux en fibre soluble | Azaros","description":"Trouvez chez Azaros.eu les meilleures plaques en fibre soluble du march\u00e9. D\u00e9couvrez les plaques en fibre soluble Azaros au meilleur prix.","robots":{"index":"index","follow":"follow","max-snippet":"max-snippet:-1","max-image-preview":"max-image-preview:large","max-video-preview":"max-video-preview:-1"},"canonical":"https:\/\/www.azaros.eu\/fr\/produit\/panneaux-en-fibre-soluble\/","og_locale":"fr_FR","og_type":"article","og_title":"Panneaux en fibre soluble | Azaros","og_description":"Trouvez chez Azaros.eu les meilleures plaques en fibre soluble du march\u00e9. D\u00e9couvrez les plaques en fibre soluble Azaros au meilleur prix.","og_url":"https:\/\/www.azaros.eu\/fr\/produit\/panneaux-en-fibre-soluble\/","og_site_name":"Azaros","article_modified_time":"2025-05-16T08:54:08+00:00","og_image":[{"width":1200,"height":700,"url":"https:\/\/www.azaros.eu\/wp-content\/uploads\/2018\/08\/Placas-03-y-3537-ECO-1.jpg","type":"image\/jpeg"}],"twitter_card":"summary_large_image","twitter_misc":{"Dur\u00e9e de lecture estim\u00e9e":"1 minute"},"schema":{"@context":"https:\/\/schema.org","@graph":[{"@type":"WebPage","@id":"https:\/\/www.azaros.eu\/fr\/produit\/panneaux-en-fibre-soluble\/","url":"https:\/\/www.azaros.eu\/fr\/produit\/panneaux-en-fibre-soluble\/","name":"Panneaux en fibre soluble | Azaros","isPartOf":{"@id":"https:\/\/www.azaros.eu\/fr\/#website"},"primaryImageOfPage":{"@id":"https:\/\/www.azaros.eu\/fr\/produit\/panneaux-en-fibre-soluble\/#primaryimage"},"image":{"@id":"https:\/\/www.azaros.eu\/fr\/produit\/panneaux-en-fibre-soluble\/#primaryimage"},"thumbnailUrl":"https:\/\/www.azaros.eu\/wp-content\/uploads\/2018\/08\/Placas-03-y-3537-ECO-1.jpg","datePublished":"2018-08-06T08:38:19+00:00","dateModified":"2025-05-16T08:54:08+00:00","description":"Trouvez chez Azaros.eu les meilleures plaques en fibre soluble du march\u00e9. D\u00e9couvrez les plaques en fibre soluble Azaros au meilleur prix.","breadcrumb":{"@id":"https:\/\/www.azaros.eu\/fr\/produit\/panneaux-en-fibre-soluble\/#breadcrumb"},"inLanguage":"fr-FR","potentialAction":[{"@type":"ReadAction","target":["https:\/\/www.azaros.eu\/fr\/produit\/panneaux-en-fibre-soluble\/"]}]},{"@type":"ImageObject","inLanguage":"fr-FR","@id":"https:\/\/www.azaros.eu\/fr\/produit\/panneaux-en-fibre-soluble\/#primaryimage","url":"https:\/\/www.azaros.eu\/wp-content\/uploads\/2018\/08\/Placas-03-y-3537-ECO-1.jpg","contentUrl":"https:\/\/www.azaros.eu\/wp-content\/uploads\/2018\/08\/Placas-03-y-3537-ECO-1.jpg","width":1200,"height":700},{"@type":"BreadcrumbList","@id":"https:\/\/www.azaros.eu\/fr\/produit\/panneaux-en-fibre-soluble\/#breadcrumb","itemListElement":[{"@type":"ListItem","position":1,"name":"Azaros","item":"https:\/\/www.azaros.eu\/fr\/azaros-home\/"},{"@type":"ListItem","position":2,"name":"Produits","item":"https:\/\/www.azaros.eu\/fr\/produits\/"},{"@type":"ListItem","position":3,"name":"Isolant thermique","item":"https:\/\/www.azaros.eu\/fr\/produits\/isolant-thermique\/"},{"@type":"ListItem","position":4,"name":"Fibres solubles","item":"https:\/\/www.azaros.eu\/fr\/produits\/isolant-thermique\/fibres-solubles\/"},{"@type":"ListItem","position":5,"name":"Plaques en fibre soluble"}]},{"@type":"WebSite","@id":"https:\/\/www.azaros.eu\/fr\/#website","url":"https:\/\/www.azaros.eu\/fr\/","name":"Azaros","description":"Fabricamos, distribuimos y comercializamos una gran gama de suministros.","potentialAction":[{"@type":"SearchAction","target":{"@type":"EntryPoint","urlTemplate":"https:\/\/www.azaros.eu\/fr\/?s={search_term_string}"},"query-input":{"@type":"PropertyValueSpecification","valueRequired":true,"valueName":"search_term_string"}}],"inLanguage":"fr-FR"}]}},"_links":{"self":[{"href":"https:\/\/www.azaros.eu\/fr\/wp-json\/wp\/v2\/product\/8746","targetHints":{"allow":["GET"]}}],"collection":[{"href":"https:\/\/www.azaros.eu\/fr\/wp-json\/wp\/v2\/product"}],"about":[{"href":"https:\/\/www.azaros.eu\/fr\/wp-json\/wp\/v2\/types\/product"}],"wp:featuredmedia":[{"embeddable":true,"href":"https:\/\/www.azaros.eu\/fr\/wp-json\/wp\/v2\/media\/6136"}],"wp:attachment":[{"href":"https:\/\/www.azaros.eu\/fr\/wp-json\/wp\/v2\/media?parent=8746"}],"wp:term":[{"taxonomy":"product_brand","embeddable":true,"href":"https:\/\/www.azaros.eu\/fr\/wp-json\/wp\/v2\/product_brand?post=8746"},{"taxonomy":"product_cat","embeddable":true,"href":"https:\/\/www.azaros.eu\/fr\/wp-json\/wp\/v2\/product_cat?post=8746"},{"taxonomy":"product_tag","embeddable":true,"href":"https:\/\/www.azaros.eu\/fr\/wp-json\/wp\/v2\/product_tag?post=8746"}],"curies":[{"name":"wp","href":"https:\/\/api.w.org\/{rel}","templated":true}]}}