{"id":8748,"date":"2018-08-06T09:38:17","date_gmt":"2018-08-06T08:38:17","guid":{"rendered":"https:\/\/www.azaros.eu\/producto\/panneaux-en-fibre-ceramique\/"},"modified":"2025-05-16T12:28:41","modified_gmt":"2025-05-16T11:28:41","slug":"panneaux-en-fibre-ceramique","status":"publish","type":"product","link":"https:\/\/www.azaros.eu\/fr\/produit\/panneaux-en-fibre-ceramique\/","title":{"rendered":"Plaques en fibre c\u00e9ramique"},"content":{"rendered":"<div class=\"row\"  id=\"row-1790231296\">\n\n\t<div id=\"col-1311874693\" class=\"col medium-6 small-12 large-6\"  >\n\t\t\t\t<div class=\"col-inner\"  >\n\t\t\t\n\t\t\t\n<div class=\"container section-title-container\" ><h2 class=\"section-title section-title-normal\"><b aria-hidden=\"true\"><\/b><span class=\"section-title-main\" style=\"font-size:80%;\">Caract\u00e9ristiques<\/span><b aria-hidden=\"true\"><\/b><\/h2><\/div>\n<ul>\n<li>Haute rigidit\u00e9 et l\u00e9g\u00e8ret\u00e9<\/li>\n<li>Faible conductivit\u00e9 thermique<\/li>\n<li>R\u00e9sistance aux chocs thermiques et \u00e0 l&rsquo;\u00e9rosion par gaz.<\/li>\n<li>Facile \u00e0 d\u00e9couper et \u00e0 manipuler, flexibilit\u00e9 m\u00e9canique<\/li>\n<li>R\u00e9siste \u00e0 la p\u00e9n\u00e9tration d&rsquo;aluminium fondu et d&rsquo;autres m\u00e9taux non ferreux<\/li>\n<\/ul>\n\t\t<\/div>\n\t\t\t\t\t<\/div>\n\n\t\n\n\t<div id=\"col-915804945\" class=\"col medium-6 small-12 large-6\"  >\n\t\t\t\t<div class=\"col-inner\"  >\n\t\t\t\n\t\t\t\n<div class=\"container section-title-container\" ><h2 class=\"section-title section-title-normal\"><b aria-hidden=\"true\"><\/b><span class=\"section-title-main\" style=\"font-size:80%;\">Applications typiques<\/span><b aria-hidden=\"true\"><\/b><\/h2><\/div>\n<ul>\n<li>Rev\u00eatement r\u00e9fractaire de fours industriels<\/li>\n<li>Rev\u00eatement des chambres de combustion, chaudi\u00e8res et chauffe-eaux<\/li>\n<li>Isolation de s\u00e9curit\u00e9 pour mat\u00e9riaux r\u00e9fractaires monolithiques<\/li>\n<li>Transfert de m\u00e9taux non ferreux.<\/li>\n<li>Plaques de joints de dilatation<\/li>\n<li>Barri\u00e8re contre les incendies<\/li>\n<\/ul>\n\t\t<\/div>\n\t\t\t\t\t<\/div>\n\n\t\n<\/div>\n","protected":false},"excerpt":{"rendered":"<p>La plaque en fibre c\u00e9ramique est fabriqu\u00e9e et con\u00e7ue pour des applications thermiques avec des exigences \u00e9lev\u00e9es en mati\u00e8re de rigidit\u00e9. Les propri\u00e9t\u00e9s d&rsquo;isolation thermique et de r\u00e9sistance \u00e0 l&rsquo;abrasion de la plaque en fibre c\u00e9ramique ont \u00e9t\u00e9 perfectionn\u00e9es gr\u00e2ce \u00e0 sa densit\u00e9 accrue. <\/p>\n<p>La plaque en fibre c\u00e9ramique est un produit form\u00e9 sous vide, capable de r\u00e9sister \u00e0 des vitesses de gaz plus \u00e9lev\u00e9es que la nappe en fibre c\u00e9ramique. Elle est id\u00e9ale pour les fours, les conduits de chaudi\u00e8res et les rev\u00eatements de supports, gr\u00e2ce \u00e0 sa faible conductivit\u00e9 thermique et \u00e0 son faible stockage de chaleur. Cela permet de r\u00e9duire davantage les temps de cycle et d&rsquo;offrir un acc\u00e8s plus rapide pour l&rsquo;entretien des fours industriels. <\/p>\n","protected":false},"featured_media":6004,"template":"","meta":[],"product_brand":[],"product_cat":[48],"product_tag":[],"class_list":{"0":"post-8748","1":"product","2":"type-product","3":"status-publish","4":"has-post-thumbnail","6":"product_cat-fibres-ceramiques","8":"first","9":"instock","10":"shipping-taxable","11":"product-type-simple"},"yoast_head":"<!-- This site is optimized with the Yoast SEO plugin v27.5 - https:\/\/yoast.com\/product\/yoast-seo-wordpress\/ -->\n<title>Panneaux en fibre c\u00e9ramique | Azaros<\/title>\n<meta name=\"description\" content=\"Trouvez chez Azaros.eu les meilleures plaques en fibre c\u00e9ramique du march\u00e9. D\u00e9couvrez les plaques en fibre c\u00e9ramique Azaros au meilleur prix.\" \/>\n<meta name=\"robots\" content=\"index, follow, max-snippet:-1, max-image-preview:large, max-video-preview:-1\" \/>\n<link rel=\"canonical\" href=\"https:\/\/www.azaros.eu\/fr\/produit\/panneaux-en-fibre-ceramique\/\" \/>\n<meta property=\"og:locale\" content=\"fr_FR\" \/>\n<meta property=\"og:type\" content=\"article\" \/>\n<meta property=\"og:title\" content=\"Panneaux en fibre c\u00e9ramique | Azaros\" \/>\n<meta property=\"og:description\" content=\"Trouvez chez Azaros.eu les meilleures plaques en fibre c\u00e9ramique du march\u00e9. D\u00e9couvrez les plaques en fibre c\u00e9ramique Azaros au meilleur prix.\" \/>\n<meta property=\"og:url\" content=\"https:\/\/www.azaros.eu\/fr\/produit\/panneaux-en-fibre-ceramique\/\" \/>\n<meta property=\"og:site_name\" content=\"Azaros\" \/>\n<meta property=\"article:modified_time\" content=\"2025-05-16T11:28:41+00:00\" \/>\n<meta property=\"og:image\" content=\"https:\/\/www.azaros.eu\/wp-content\/uploads\/2018\/08\/Placas-03-y-3537.jpg\" \/>\n\t<meta property=\"og:image:width\" content=\"1200\" \/>\n\t<meta property=\"og:image:height\" content=\"700\" \/>\n\t<meta property=\"og:image:type\" content=\"image\/jpeg\" \/>\n<meta name=\"twitter:card\" content=\"summary_large_image\" \/>\n<meta name=\"twitter:label1\" content=\"Dur\u00e9e de lecture estim\u00e9e\" \/>\n\t<meta name=\"twitter:data1\" content=\"1 minute\" \/>\n<script type=\"application\/ld+json\" class=\"yoast-schema-graph\">{\"@context\":\"https:\\\/\\\/schema.org\",\"@graph\":[{\"@type\":\"WebPage\",\"@id\":\"https:\\\/\\\/www.azaros.eu\\\/fr\\\/produit\\\/panneaux-en-fibre-ceramique\\\/\",\"url\":\"https:\\\/\\\/www.azaros.eu\\\/fr\\\/produit\\\/panneaux-en-fibre-ceramique\\\/\",\"name\":\"Panneaux en fibre c\u00e9ramique | Azaros\",\"isPartOf\":{\"@id\":\"https:\\\/\\\/www.azaros.eu\\\/fr\\\/#website\"},\"primaryImageOfPage\":{\"@id\":\"https:\\\/\\\/www.azaros.eu\\\/fr\\\/produit\\\/panneaux-en-fibre-ceramique\\\/#primaryimage\"},\"image\":{\"@id\":\"https:\\\/\\\/www.azaros.eu\\\/fr\\\/produit\\\/panneaux-en-fibre-ceramique\\\/#primaryimage\"},\"thumbnailUrl\":\"https:\\\/\\\/www.azaros.eu\\\/wp-content\\\/uploads\\\/2018\\\/08\\\/Placas-03-y-3537.jpg\",\"datePublished\":\"2018-08-06T08:38:17+00:00\",\"dateModified\":\"2025-05-16T11:28:41+00:00\",\"description\":\"Trouvez chez Azaros.eu les meilleures plaques en fibre c\u00e9ramique du march\u00e9. D\u00e9couvrez les plaques en fibre c\u00e9ramique Azaros au meilleur prix.\",\"breadcrumb\":{\"@id\":\"https:\\\/\\\/www.azaros.eu\\\/fr\\\/produit\\\/panneaux-en-fibre-ceramique\\\/#breadcrumb\"},\"inLanguage\":\"fr-FR\",\"potentialAction\":[{\"@type\":\"ReadAction\",\"target\":[\"https:\\\/\\\/www.azaros.eu\\\/fr\\\/produit\\\/panneaux-en-fibre-ceramique\\\/\"]}]},{\"@type\":\"ImageObject\",\"inLanguage\":\"fr-FR\",\"@id\":\"https:\\\/\\\/www.azaros.eu\\\/fr\\\/produit\\\/panneaux-en-fibre-ceramique\\\/#primaryimage\",\"url\":\"https:\\\/\\\/www.azaros.eu\\\/wp-content\\\/uploads\\\/2018\\\/08\\\/Placas-03-y-3537.jpg\",\"contentUrl\":\"https:\\\/\\\/www.azaros.eu\\\/wp-content\\\/uploads\\\/2018\\\/08\\\/Placas-03-y-3537.jpg\",\"width\":1200,\"height\":700},{\"@type\":\"BreadcrumbList\",\"@id\":\"https:\\\/\\\/www.azaros.eu\\\/fr\\\/produit\\\/panneaux-en-fibre-ceramique\\\/#breadcrumb\",\"itemListElement\":[{\"@type\":\"ListItem\",\"position\":1,\"name\":\"Azaros\",\"item\":\"https:\\\/\\\/www.azaros.eu\\\/fr\\\/azaros-home\\\/\"},{\"@type\":\"ListItem\",\"position\":2,\"name\":\"Produits\",\"item\":\"https:\\\/\\\/www.azaros.eu\\\/fr\\\/produits\\\/\"},{\"@type\":\"ListItem\",\"position\":3,\"name\":\"Isolant thermique\",\"item\":\"https:\\\/\\\/www.azaros.eu\\\/fr\\\/produits\\\/isolant-thermique\\\/\"},{\"@type\":\"ListItem\",\"position\":4,\"name\":\"Fibres c\u00e9ramiques\",\"item\":\"https:\\\/\\\/www.azaros.eu\\\/fr\\\/produits\\\/isolant-thermique\\\/fibres-ceramiques\\\/\"},{\"@type\":\"ListItem\",\"position\":5,\"name\":\"Plaques en fibre c\u00e9ramique\"}]},{\"@type\":\"WebSite\",\"@id\":\"https:\\\/\\\/www.azaros.eu\\\/fr\\\/#website\",\"url\":\"https:\\\/\\\/www.azaros.eu\\\/fr\\\/\",\"name\":\"Azaros\",\"description\":\"Fabricamos, distribuimos y comercializamos una gran gama de suministros.\",\"potentialAction\":[{\"@type\":\"SearchAction\",\"target\":{\"@type\":\"EntryPoint\",\"urlTemplate\":\"https:\\\/\\\/www.azaros.eu\\\/fr\\\/?s={search_term_string}\"},\"query-input\":{\"@type\":\"PropertyValueSpecification\",\"valueRequired\":true,\"valueName\":\"search_term_string\"}}],\"inLanguage\":\"fr-FR\"}]}<\/script>\n<!-- \/ Yoast SEO plugin. -->","yoast_head_json":{"title":"Panneaux en fibre c\u00e9ramique | Azaros","description":"Trouvez chez Azaros.eu les meilleures plaques en fibre c\u00e9ramique du march\u00e9. D\u00e9couvrez les plaques en fibre c\u00e9ramique Azaros au meilleur prix.","robots":{"index":"index","follow":"follow","max-snippet":"max-snippet:-1","max-image-preview":"max-image-preview:large","max-video-preview":"max-video-preview:-1"},"canonical":"https:\/\/www.azaros.eu\/fr\/produit\/panneaux-en-fibre-ceramique\/","og_locale":"fr_FR","og_type":"article","og_title":"Panneaux en fibre c\u00e9ramique | Azaros","og_description":"Trouvez chez Azaros.eu les meilleures plaques en fibre c\u00e9ramique du march\u00e9. D\u00e9couvrez les plaques en fibre c\u00e9ramique Azaros au meilleur prix.","og_url":"https:\/\/www.azaros.eu\/fr\/produit\/panneaux-en-fibre-ceramique\/","og_site_name":"Azaros","article_modified_time":"2025-05-16T11:28:41+00:00","og_image":[{"width":1200,"height":700,"url":"https:\/\/www.azaros.eu\/wp-content\/uploads\/2018\/08\/Placas-03-y-3537.jpg","type":"image\/jpeg"}],"twitter_card":"summary_large_image","twitter_misc":{"Dur\u00e9e de lecture estim\u00e9e":"1 minute"},"schema":{"@context":"https:\/\/schema.org","@graph":[{"@type":"WebPage","@id":"https:\/\/www.azaros.eu\/fr\/produit\/panneaux-en-fibre-ceramique\/","url":"https:\/\/www.azaros.eu\/fr\/produit\/panneaux-en-fibre-ceramique\/","name":"Panneaux en fibre c\u00e9ramique | Azaros","isPartOf":{"@id":"https:\/\/www.azaros.eu\/fr\/#website"},"primaryImageOfPage":{"@id":"https:\/\/www.azaros.eu\/fr\/produit\/panneaux-en-fibre-ceramique\/#primaryimage"},"image":{"@id":"https:\/\/www.azaros.eu\/fr\/produit\/panneaux-en-fibre-ceramique\/#primaryimage"},"thumbnailUrl":"https:\/\/www.azaros.eu\/wp-content\/uploads\/2018\/08\/Placas-03-y-3537.jpg","datePublished":"2018-08-06T08:38:17+00:00","dateModified":"2025-05-16T11:28:41+00:00","description":"Trouvez chez Azaros.eu les meilleures plaques en fibre c\u00e9ramique du march\u00e9. D\u00e9couvrez les plaques en fibre c\u00e9ramique Azaros au meilleur prix.","breadcrumb":{"@id":"https:\/\/www.azaros.eu\/fr\/produit\/panneaux-en-fibre-ceramique\/#breadcrumb"},"inLanguage":"fr-FR","potentialAction":[{"@type":"ReadAction","target":["https:\/\/www.azaros.eu\/fr\/produit\/panneaux-en-fibre-ceramique\/"]}]},{"@type":"ImageObject","inLanguage":"fr-FR","@id":"https:\/\/www.azaros.eu\/fr\/produit\/panneaux-en-fibre-ceramique\/#primaryimage","url":"https:\/\/www.azaros.eu\/wp-content\/uploads\/2018\/08\/Placas-03-y-3537.jpg","contentUrl":"https:\/\/www.azaros.eu\/wp-content\/uploads\/2018\/08\/Placas-03-y-3537.jpg","width":1200,"height":700},{"@type":"BreadcrumbList","@id":"https:\/\/www.azaros.eu\/fr\/produit\/panneaux-en-fibre-ceramique\/#breadcrumb","itemListElement":[{"@type":"ListItem","position":1,"name":"Azaros","item":"https:\/\/www.azaros.eu\/fr\/azaros-home\/"},{"@type":"ListItem","position":2,"name":"Produits","item":"https:\/\/www.azaros.eu\/fr\/produits\/"},{"@type":"ListItem","position":3,"name":"Isolant thermique","item":"https:\/\/www.azaros.eu\/fr\/produits\/isolant-thermique\/"},{"@type":"ListItem","position":4,"name":"Fibres c\u00e9ramiques","item":"https:\/\/www.azaros.eu\/fr\/produits\/isolant-thermique\/fibres-ceramiques\/"},{"@type":"ListItem","position":5,"name":"Plaques en fibre c\u00e9ramique"}]},{"@type":"WebSite","@id":"https:\/\/www.azaros.eu\/fr\/#website","url":"https:\/\/www.azaros.eu\/fr\/","name":"Azaros","description":"Fabricamos, distribuimos y comercializamos una gran gama de suministros.","potentialAction":[{"@type":"SearchAction","target":{"@type":"EntryPoint","urlTemplate":"https:\/\/www.azaros.eu\/fr\/?s={search_term_string}"},"query-input":{"@type":"PropertyValueSpecification","valueRequired":true,"valueName":"search_term_string"}}],"inLanguage":"fr-FR"}]}},"_links":{"self":[{"href":"https:\/\/www.azaros.eu\/fr\/wp-json\/wp\/v2\/product\/8748","targetHints":{"allow":["GET"]}}],"collection":[{"href":"https:\/\/www.azaros.eu\/fr\/wp-json\/wp\/v2\/product"}],"about":[{"href":"https:\/\/www.azaros.eu\/fr\/wp-json\/wp\/v2\/types\/product"}],"wp:featuredmedia":[{"embeddable":true,"href":"https:\/\/www.azaros.eu\/fr\/wp-json\/wp\/v2\/media\/6004"}],"wp:attachment":[{"href":"https:\/\/www.azaros.eu\/fr\/wp-json\/wp\/v2\/media?parent=8748"}],"wp:term":[{"taxonomy":"product_brand","embeddable":true,"href":"https:\/\/www.azaros.eu\/fr\/wp-json\/wp\/v2\/product_brand?post=8748"},{"taxonomy":"product_cat","embeddable":true,"href":"https:\/\/www.azaros.eu\/fr\/wp-json\/wp\/v2\/product_cat?post=8748"},{"taxonomy":"product_tag","embeddable":true,"href":"https:\/\/www.azaros.eu\/fr\/wp-json\/wp\/v2\/product_tag?post=8748"}],"curies":[{"name":"wp","href":"https:\/\/api.w.org\/{rel}","templated":true}]}}