{"id":8752,"date":"2018-08-06T09:38:17","date_gmt":"2018-08-06T08:38:17","guid":{"rendered":"https:\/\/www.azaros.eu\/producto\/papier-en-fibre-ceramique\/"},"modified":"2025-05-16T12:34:15","modified_gmt":"2025-05-16T11:34:15","slug":"papier-en-fibre-ceramique","status":"publish","type":"product","link":"https:\/\/www.azaros.eu\/fr\/produit\/papier-en-fibre-ceramique\/","title":{"rendered":"Papier en fibre c\u00e9ramique"},"content":{"rendered":"<div class=\"row\"  id=\"row-72903351\">\n\n\t<div id=\"col-890075292\" class=\"col medium-6 small-12 large-6\"  >\n\t\t\t\t<div class=\"col-inner\"  >\n\t\t\t\n\t\t\t\n<div class=\"container section-title-container\" ><h2 class=\"section-title section-title-normal\"><b aria-hidden=\"true\"><\/b><span class=\"section-title-main\" style=\"font-size:80%;\">Caract\u00e9ristiques<\/span><b aria-hidden=\"true\"><\/b><\/h2><\/div>\n<ul>\n<li>Facile \u00e0 d\u00e9couper, manipuler, plier ou enrouler pour l\u2019emballage ou le rev\u00eatement<\/li>\n<li>Faible conductivit\u00e9 thermique<\/li>\n<li>Excellente flexibilit\u00e9<\/li>\n<li>Bonne r\u00e9sistance \u00e0 la traction<\/li>\n<li>R\u00e9sistance exceptionnelle aux chocs thermiques<\/li>\n<li>Excellente r\u00e9sistance \u00e0 la flamme<\/li>\n<li>Haute r\u00e9sistance di\u00e9lectrique<\/li>\n<\/ul>\n\t\t<\/div>\n\t\t\t\t\t<\/div>\n\n\t\n\n\t<div id=\"col-57074317\" class=\"col medium-6 small-12 large-6\"  >\n\t\t\t\t<div class=\"col-inner\"  >\n\t\t\t\n\t\t\t\n<div class=\"container section-title-container\" ><h2 class=\"section-title section-title-normal\"><b aria-hidden=\"true\"><\/b><span class=\"section-title-main\" style=\"font-size:80%;\">Applications typiques<\/span><b aria-hidden=\"true\"><\/b><\/h2><\/div>\n<ul>\n<li>Rev\u00eatement de parois, plafonds, portes, etc., dans des fours industriels r\u00e9fractaires<\/li>\n<li>Isolation des chambres de combustion<\/li>\n<li>Isolation arri\u00e8re de briques ou de blocs r\u00e9fractaires monolithiques<\/li>\n<li>Transvasement de certains m\u00e9taux non ferreux<\/li>\n<li>Utilisation dans des joints de dilatation<\/li>\n<li>Barri\u00e8re thermique et ignifuge<\/li>\n<li>Rev\u00eatement en face chaude de fours expos\u00e9s \u00e0 des atmosph\u00e8res abrasives ou \u00e0 des flux gazeux \u00e0 haute vitesse<\/li>\n<\/ul>\n\t\t<\/div>\n\t\t\t\t\t<\/div>\n\n\t\n<\/div>\n","protected":false},"excerpt":{"rendered":"<p>Fabriqu\u00e9 \u00e0 partir d\u2019un m\u00e9lange de fibres alumine-silice de haute qualit\u00e9, de liants et d\u2019additifs soigneusement s\u00e9lectionn\u00e9s, le papier c\u00e9ramique pr\u00e9sente une flexibilit\u00e9 id\u00e9ale et une grande uniformit\u00e9 pour les applications \u00e0 haute temp\u00e9rature.<br \/>\nGr\u00e2ce \u00e0 sa faible r\u00e9tractabilit\u00e9 thermique, sa bonne r\u00e9sistance \u00e0 la traction et sa faible conductivit\u00e9 thermique, il est adapt\u00e9 \u00e0 une large gamme d\u2019utilisations industrielles. Nos papiers offrent une excellente homog\u00e9n\u00e9it\u00e9 due \u00e0 un contr\u00f4le rigoureux du poids et de l\u2019\u00e9paisseur, garantissant ainsi une conductivit\u00e9 thermique uniforme et une surface lisse.<br \/>\nIls sont enti\u00e8rement exempts d\u2019amiante et peuvent \u00eatre facilement d\u00e9coup\u00e9s, pli\u00e9s, enroul\u00e9s ou fa\u00e7onn\u00e9s selon les besoins.<\/p>\n","protected":false},"featured_media":5977,"template":"","meta":[],"product_brand":[],"product_cat":[48],"product_tag":[],"class_list":{"0":"post-8752","1":"product","2":"type-product","3":"status-publish","4":"has-post-thumbnail","6":"product_cat-fibres-ceramiques","8":"first","9":"instock","10":"shipping-taxable","11":"product-type-simple"},"yoast_head":"<!-- This site is optimized with the Yoast SEO plugin v27.5 - https:\/\/yoast.com\/product\/yoast-seo-wordpress\/ -->\n<title>Papier en fibre c\u00e9ramique | Azaros<\/title>\n<meta name=\"description\" content=\"Trouvez chez Azaros.eu le meilleur papier en fibre c\u00e9ramique du march\u00e9. D\u00e9couvrez le papier en fibre c\u00e9ramique Azaros au meilleur prix.\" \/>\n<meta name=\"robots\" content=\"index, follow, max-snippet:-1, max-image-preview:large, max-video-preview:-1\" \/>\n<link rel=\"canonical\" href=\"https:\/\/www.azaros.eu\/fr\/produit\/papier-en-fibre-ceramique\/\" \/>\n<meta property=\"og:locale\" content=\"fr_FR\" \/>\n<meta property=\"og:type\" content=\"article\" \/>\n<meta property=\"og:title\" content=\"Papier en fibre c\u00e9ramique | Azaros\" \/>\n<meta property=\"og:description\" content=\"Trouvez chez Azaros.eu le meilleur papier en fibre c\u00e9ramique du march\u00e9. D\u00e9couvrez le papier en fibre c\u00e9ramique Azaros au meilleur prix.\" \/>\n<meta property=\"og:url\" content=\"https:\/\/www.azaros.eu\/fr\/produit\/papier-en-fibre-ceramique\/\" \/>\n<meta property=\"og:site_name\" content=\"Azaros\" \/>\n<meta property=\"article:modified_time\" content=\"2025-05-16T11:34:15+00:00\" \/>\n<meta property=\"og:image\" content=\"https:\/\/www.azaros.eu\/wp-content\/uploads\/2018\/08\/Papel-04-y-27-03.jpg\" \/>\n\t<meta property=\"og:image:width\" content=\"1198\" \/>\n\t<meta property=\"og:image:height\" content=\"700\" \/>\n\t<meta property=\"og:image:type\" content=\"image\/jpeg\" \/>\n<meta name=\"twitter:card\" content=\"summary_large_image\" \/>\n<meta name=\"twitter:label1\" content=\"Dur\u00e9e de lecture estim\u00e9e\" \/>\n\t<meta name=\"twitter:data1\" content=\"1 minute\" \/>\n<script type=\"application\/ld+json\" class=\"yoast-schema-graph\">{\"@context\":\"https:\\\/\\\/schema.org\",\"@graph\":[{\"@type\":\"WebPage\",\"@id\":\"https:\\\/\\\/www.azaros.eu\\\/fr\\\/produit\\\/papier-en-fibre-ceramique\\\/\",\"url\":\"https:\\\/\\\/www.azaros.eu\\\/fr\\\/produit\\\/papier-en-fibre-ceramique\\\/\",\"name\":\"Papier en fibre c\u00e9ramique | Azaros\",\"isPartOf\":{\"@id\":\"https:\\\/\\\/www.azaros.eu\\\/fr\\\/#website\"},\"primaryImageOfPage\":{\"@id\":\"https:\\\/\\\/www.azaros.eu\\\/fr\\\/produit\\\/papier-en-fibre-ceramique\\\/#primaryimage\"},\"image\":{\"@id\":\"https:\\\/\\\/www.azaros.eu\\\/fr\\\/produit\\\/papier-en-fibre-ceramique\\\/#primaryimage\"},\"thumbnailUrl\":\"https:\\\/\\\/www.azaros.eu\\\/wp-content\\\/uploads\\\/2018\\\/08\\\/Papel-04-y-27-03.jpg\",\"datePublished\":\"2018-08-06T08:38:17+00:00\",\"dateModified\":\"2025-05-16T11:34:15+00:00\",\"description\":\"Trouvez chez Azaros.eu le meilleur papier en fibre c\u00e9ramique du march\u00e9. D\u00e9couvrez le papier en fibre c\u00e9ramique Azaros au meilleur prix.\",\"breadcrumb\":{\"@id\":\"https:\\\/\\\/www.azaros.eu\\\/fr\\\/produit\\\/papier-en-fibre-ceramique\\\/#breadcrumb\"},\"inLanguage\":\"fr-FR\",\"potentialAction\":[{\"@type\":\"ReadAction\",\"target\":[\"https:\\\/\\\/www.azaros.eu\\\/fr\\\/produit\\\/papier-en-fibre-ceramique\\\/\"]}]},{\"@type\":\"ImageObject\",\"inLanguage\":\"fr-FR\",\"@id\":\"https:\\\/\\\/www.azaros.eu\\\/fr\\\/produit\\\/papier-en-fibre-ceramique\\\/#primaryimage\",\"url\":\"https:\\\/\\\/www.azaros.eu\\\/wp-content\\\/uploads\\\/2018\\\/08\\\/Papel-04-y-27-03.jpg\",\"contentUrl\":\"https:\\\/\\\/www.azaros.eu\\\/wp-content\\\/uploads\\\/2018\\\/08\\\/Papel-04-y-27-03.jpg\",\"width\":1198,\"height\":700},{\"@type\":\"BreadcrumbList\",\"@id\":\"https:\\\/\\\/www.azaros.eu\\\/fr\\\/produit\\\/papier-en-fibre-ceramique\\\/#breadcrumb\",\"itemListElement\":[{\"@type\":\"ListItem\",\"position\":1,\"name\":\"Azaros\",\"item\":\"https:\\\/\\\/www.azaros.eu\\\/fr\\\/azaros-home\\\/\"},{\"@type\":\"ListItem\",\"position\":2,\"name\":\"Produits\",\"item\":\"https:\\\/\\\/www.azaros.eu\\\/fr\\\/produits\\\/\"},{\"@type\":\"ListItem\",\"position\":3,\"name\":\"Isolant thermique\",\"item\":\"https:\\\/\\\/www.azaros.eu\\\/fr\\\/produits\\\/isolant-thermique\\\/\"},{\"@type\":\"ListItem\",\"position\":4,\"name\":\"Fibres c\u00e9ramiques\",\"item\":\"https:\\\/\\\/www.azaros.eu\\\/fr\\\/produits\\\/isolant-thermique\\\/fibres-ceramiques\\\/\"},{\"@type\":\"ListItem\",\"position\":5,\"name\":\"Papier en fibre c\u00e9ramique\"}]},{\"@type\":\"WebSite\",\"@id\":\"https:\\\/\\\/www.azaros.eu\\\/fr\\\/#website\",\"url\":\"https:\\\/\\\/www.azaros.eu\\\/fr\\\/\",\"name\":\"Azaros\",\"description\":\"Fabricamos, distribuimos y comercializamos una gran gama de suministros.\",\"potentialAction\":[{\"@type\":\"SearchAction\",\"target\":{\"@type\":\"EntryPoint\",\"urlTemplate\":\"https:\\\/\\\/www.azaros.eu\\\/fr\\\/?s={search_term_string}\"},\"query-input\":{\"@type\":\"PropertyValueSpecification\",\"valueRequired\":true,\"valueName\":\"search_term_string\"}}],\"inLanguage\":\"fr-FR\"}]}<\/script>\n<!-- \/ Yoast SEO plugin. -->","yoast_head_json":{"title":"Papier en fibre c\u00e9ramique | Azaros","description":"Trouvez chez Azaros.eu le meilleur papier en fibre c\u00e9ramique du march\u00e9. D\u00e9couvrez le papier en fibre c\u00e9ramique Azaros au meilleur prix.","robots":{"index":"index","follow":"follow","max-snippet":"max-snippet:-1","max-image-preview":"max-image-preview:large","max-video-preview":"max-video-preview:-1"},"canonical":"https:\/\/www.azaros.eu\/fr\/produit\/papier-en-fibre-ceramique\/","og_locale":"fr_FR","og_type":"article","og_title":"Papier en fibre c\u00e9ramique | Azaros","og_description":"Trouvez chez Azaros.eu le meilleur papier en fibre c\u00e9ramique du march\u00e9. D\u00e9couvrez le papier en fibre c\u00e9ramique Azaros au meilleur prix.","og_url":"https:\/\/www.azaros.eu\/fr\/produit\/papier-en-fibre-ceramique\/","og_site_name":"Azaros","article_modified_time":"2025-05-16T11:34:15+00:00","og_image":[{"width":1198,"height":700,"url":"https:\/\/www.azaros.eu\/wp-content\/uploads\/2018\/08\/Papel-04-y-27-03.jpg","type":"image\/jpeg"}],"twitter_card":"summary_large_image","twitter_misc":{"Dur\u00e9e de lecture estim\u00e9e":"1 minute"},"schema":{"@context":"https:\/\/schema.org","@graph":[{"@type":"WebPage","@id":"https:\/\/www.azaros.eu\/fr\/produit\/papier-en-fibre-ceramique\/","url":"https:\/\/www.azaros.eu\/fr\/produit\/papier-en-fibre-ceramique\/","name":"Papier en fibre c\u00e9ramique | Azaros","isPartOf":{"@id":"https:\/\/www.azaros.eu\/fr\/#website"},"primaryImageOfPage":{"@id":"https:\/\/www.azaros.eu\/fr\/produit\/papier-en-fibre-ceramique\/#primaryimage"},"image":{"@id":"https:\/\/www.azaros.eu\/fr\/produit\/papier-en-fibre-ceramique\/#primaryimage"},"thumbnailUrl":"https:\/\/www.azaros.eu\/wp-content\/uploads\/2018\/08\/Papel-04-y-27-03.jpg","datePublished":"2018-08-06T08:38:17+00:00","dateModified":"2025-05-16T11:34:15+00:00","description":"Trouvez chez Azaros.eu le meilleur papier en fibre c\u00e9ramique du march\u00e9. D\u00e9couvrez le papier en fibre c\u00e9ramique Azaros au meilleur prix.","breadcrumb":{"@id":"https:\/\/www.azaros.eu\/fr\/produit\/papier-en-fibre-ceramique\/#breadcrumb"},"inLanguage":"fr-FR","potentialAction":[{"@type":"ReadAction","target":["https:\/\/www.azaros.eu\/fr\/produit\/papier-en-fibre-ceramique\/"]}]},{"@type":"ImageObject","inLanguage":"fr-FR","@id":"https:\/\/www.azaros.eu\/fr\/produit\/papier-en-fibre-ceramique\/#primaryimage","url":"https:\/\/www.azaros.eu\/wp-content\/uploads\/2018\/08\/Papel-04-y-27-03.jpg","contentUrl":"https:\/\/www.azaros.eu\/wp-content\/uploads\/2018\/08\/Papel-04-y-27-03.jpg","width":1198,"height":700},{"@type":"BreadcrumbList","@id":"https:\/\/www.azaros.eu\/fr\/produit\/papier-en-fibre-ceramique\/#breadcrumb","itemListElement":[{"@type":"ListItem","position":1,"name":"Azaros","item":"https:\/\/www.azaros.eu\/fr\/azaros-home\/"},{"@type":"ListItem","position":2,"name":"Produits","item":"https:\/\/www.azaros.eu\/fr\/produits\/"},{"@type":"ListItem","position":3,"name":"Isolant thermique","item":"https:\/\/www.azaros.eu\/fr\/produits\/isolant-thermique\/"},{"@type":"ListItem","position":4,"name":"Fibres c\u00e9ramiques","item":"https:\/\/www.azaros.eu\/fr\/produits\/isolant-thermique\/fibres-ceramiques\/"},{"@type":"ListItem","position":5,"name":"Papier en fibre c\u00e9ramique"}]},{"@type":"WebSite","@id":"https:\/\/www.azaros.eu\/fr\/#website","url":"https:\/\/www.azaros.eu\/fr\/","name":"Azaros","description":"Fabricamos, distribuimos y comercializamos una gran gama de suministros.","potentialAction":[{"@type":"SearchAction","target":{"@type":"EntryPoint","urlTemplate":"https:\/\/www.azaros.eu\/fr\/?s={search_term_string}"},"query-input":{"@type":"PropertyValueSpecification","valueRequired":true,"valueName":"search_term_string"}}],"inLanguage":"fr-FR"}]}},"_links":{"self":[{"href":"https:\/\/www.azaros.eu\/fr\/wp-json\/wp\/v2\/product\/8752","targetHints":{"allow":["GET"]}}],"collection":[{"href":"https:\/\/www.azaros.eu\/fr\/wp-json\/wp\/v2\/product"}],"about":[{"href":"https:\/\/www.azaros.eu\/fr\/wp-json\/wp\/v2\/types\/product"}],"wp:featuredmedia":[{"embeddable":true,"href":"https:\/\/www.azaros.eu\/fr\/wp-json\/wp\/v2\/media\/5977"}],"wp:attachment":[{"href":"https:\/\/www.azaros.eu\/fr\/wp-json\/wp\/v2\/media?parent=8752"}],"wp:term":[{"taxonomy":"product_brand","embeddable":true,"href":"https:\/\/www.azaros.eu\/fr\/wp-json\/wp\/v2\/product_brand?post=8752"},{"taxonomy":"product_cat","embeddable":true,"href":"https:\/\/www.azaros.eu\/fr\/wp-json\/wp\/v2\/product_cat?post=8752"},{"taxonomy":"product_tag","embeddable":true,"href":"https:\/\/www.azaros.eu\/fr\/wp-json\/wp\/v2\/product_tag?post=8752"}],"curies":[{"name":"wp","href":"https:\/\/api.w.org\/{rel}","templated":true}]}}