{"id":8758,"date":"2024-07-19T08:01:26","date_gmt":"2024-07-19T07:01:26","guid":{"rendered":"https:\/\/www.azaros.eu\/producto\/cones\/"},"modified":"2025-07-30T08:29:34","modified_gmt":"2025-07-30T07:29:34","slug":"cones","status":"publish","type":"product","link":"https:\/\/www.azaros.eu\/fr\/produit\/cones\/","title":{"rendered":"C\u00f4nes"},"content":{"rendered":"<div class=\"row\"  id=\"row-1559228684\">\n\n\t<div id=\"col-31218637\" class=\"col medium-6 small-12 large-6\"  >\n\t\t\t\t<div class=\"col-inner\"  >\n\t\t\t\n\t\t\t\n<div class=\"container section-title-container\" ><h2 class=\"section-title section-title-normal\"><b aria-hidden=\"true\"><\/b><span class=\"section-title-main\" style=\"font-size:80%;\">Caract\u00e9ristiques<\/span><b aria-hidden=\"true\"><\/b><\/h2><\/div>\n<ul>\n<li style=\"list-style-type: none;\">\n<ul>\n<li>Grand pouvoir isolant<\/li>\n<li>Faible densit\u00e9.<\/li>\n<li>R\u00e9sistance aux chocs thermiques<\/li>\n<li>Ne contient pas d\u2019amiante<\/li>\n<\/ul>\n<\/li>\n<\/ul>\n<p>Fabrication selon plans et exigences du client<\/p>\n\t\t<\/div>\n\t\t\t\t\t<\/div>\n\n\t\n\n\t<div id=\"col-1571428090\" class=\"col medium-6 small-12 large-6\"  >\n\t\t\t\t<div class=\"col-inner\"  >\n\t\t\t\n\t\t\t\n<div class=\"container section-title-container\" ><h2 class=\"section-title section-title-normal\"><b aria-hidden=\"true\"><\/b><span class=\"section-title-main\" style=\"font-size:80%;\">Applications typiques<\/span><b aria-hidden=\"true\"><\/b><\/h2><\/div>\n<p>Isolation thermique dans l\u2019industrie : machines, r\u00e9servoirs, chaudi\u00e8res et cuves, installations d\u2019aspiration, constructions soumises \u00e0 des charges thermiques \u00e9lev\u00e9es, installations de s\u00e9chage, constructions de fours et autres proc\u00e9d\u00e9s industriels.<\/p>\n\t\t<\/div>\n\t\t\t\t\t<\/div>\n\n\t\n<\/div>\n","protected":false},"excerpt":{"rendered":"<p>Pi\u00e8ces sp\u00e9ciales form\u00e9es sous vide avec une structure fibreuse et homog\u00e8ne.<\/p>\n<p>Selon l\u2019application, elles peuvent \u00eatre fabriqu\u00e9es \u00e0 partir de fibres c\u00e9ramiques ou solubles.<\/p>\n","protected":false},"featured_media":6061,"template":"","meta":[],"product_brand":[],"product_cat":[267],"product_tag":[],"class_list":{"0":"post-8758","1":"product","2":"type-product","3":"status-publish","4":"has-post-thumbnail","6":"product_cat-consommables-de-blanchisserie","8":"first","9":"instock","10":"shipping-taxable","11":"product-type-simple"},"yoast_head":"<!-- This site is optimized with the Yoast SEO plugin v27.4 - https:\/\/yoast.com\/product\/yoast-seo-wordpress\/ -->\n<title>C\u00f4nes | Azaros<\/title>\n<meta name=\"description\" content=\"Trouvez chez Azaros.eu les meilleurs c\u00f4nes du march\u00e9. D\u00e9couvrez les c\u00f4nes Azaros au meilleur prix.\" \/>\n<meta name=\"robots\" content=\"index, follow, max-snippet:-1, max-image-preview:large, max-video-preview:-1\" \/>\n<link rel=\"canonical\" href=\"https:\/\/www.azaros.eu\/fr\/produit\/cones\/\" \/>\n<meta property=\"og:locale\" content=\"fr_FR\" \/>\n<meta property=\"og:type\" content=\"article\" \/>\n<meta property=\"og:title\" content=\"C\u00f4nes | Azaros\" \/>\n<meta property=\"og:description\" content=\"Trouvez chez Azaros.eu les meilleurs c\u00f4nes du march\u00e9. D\u00e9couvrez les c\u00f4nes Azaros au meilleur prix.\" \/>\n<meta property=\"og:url\" content=\"https:\/\/www.azaros.eu\/fr\/produit\/cones\/\" \/>\n<meta property=\"og:site_name\" content=\"Azaros\" \/>\n<meta property=\"article:modified_time\" content=\"2025-07-30T07:29:34+00:00\" \/>\n<meta property=\"og:image\" content=\"https:\/\/www.azaros.eu\/wp-content\/uploads\/2018\/08\/Conos-5-2.jpg\" \/>\n\t<meta property=\"og:image:width\" content=\"1200\" \/>\n\t<meta property=\"og:image:height\" content=\"700\" \/>\n\t<meta property=\"og:image:type\" content=\"image\/jpeg\" \/>\n<meta name=\"twitter:card\" content=\"summary_large_image\" \/>\n<script type=\"application\/ld+json\" class=\"yoast-schema-graph\">{\"@context\":\"https:\\\/\\\/schema.org\",\"@graph\":[{\"@type\":\"WebPage\",\"@id\":\"https:\\\/\\\/www.azaros.eu\\\/fr\\\/produit\\\/cones\\\/\",\"url\":\"https:\\\/\\\/www.azaros.eu\\\/fr\\\/produit\\\/cones\\\/\",\"name\":\"C\u00f4nes | Azaros\",\"isPartOf\":{\"@id\":\"https:\\\/\\\/www.azaros.eu\\\/fr\\\/#website\"},\"primaryImageOfPage\":{\"@id\":\"https:\\\/\\\/www.azaros.eu\\\/fr\\\/produit\\\/cones\\\/#primaryimage\"},\"image\":{\"@id\":\"https:\\\/\\\/www.azaros.eu\\\/fr\\\/produit\\\/cones\\\/#primaryimage\"},\"thumbnailUrl\":\"https:\\\/\\\/www.azaros.eu\\\/wp-content\\\/uploads\\\/2018\\\/08\\\/Conos-5-2.jpg\",\"datePublished\":\"2024-07-19T07:01:26+00:00\",\"dateModified\":\"2025-07-30T07:29:34+00:00\",\"description\":\"Trouvez chez Azaros.eu les meilleurs c\u00f4nes du march\u00e9. D\u00e9couvrez les c\u00f4nes Azaros au meilleur prix.\",\"breadcrumb\":{\"@id\":\"https:\\\/\\\/www.azaros.eu\\\/fr\\\/produit\\\/cones\\\/#breadcrumb\"},\"inLanguage\":\"fr-FR\",\"potentialAction\":[{\"@type\":\"ReadAction\",\"target\":[\"https:\\\/\\\/www.azaros.eu\\\/fr\\\/produit\\\/cones\\\/\"]}]},{\"@type\":\"ImageObject\",\"inLanguage\":\"fr-FR\",\"@id\":\"https:\\\/\\\/www.azaros.eu\\\/fr\\\/produit\\\/cones\\\/#primaryimage\",\"url\":\"https:\\\/\\\/www.azaros.eu\\\/wp-content\\\/uploads\\\/2018\\\/08\\\/Conos-5-2.jpg\",\"contentUrl\":\"https:\\\/\\\/www.azaros.eu\\\/wp-content\\\/uploads\\\/2018\\\/08\\\/Conos-5-2.jpg\",\"width\":1200,\"height\":700},{\"@type\":\"BreadcrumbList\",\"@id\":\"https:\\\/\\\/www.azaros.eu\\\/fr\\\/produit\\\/cones\\\/#breadcrumb\",\"itemListElement\":[{\"@type\":\"ListItem\",\"position\":1,\"name\":\"Azaros\",\"item\":\"https:\\\/\\\/www.azaros.eu\\\/fr\\\/azaros-home\\\/\"},{\"@type\":\"ListItem\",\"position\":2,\"name\":\"Produits\",\"item\":\"https:\\\/\\\/www.azaros.eu\\\/fr\\\/produits\\\/\"},{\"@type\":\"ListItem\",\"position\":3,\"name\":\"Fournitures de fonderie\",\"item\":\"https:\\\/\\\/www.azaros.eu\\\/fr\\\/produits\\\/fournitures-de-fonderie\\\/\"},{\"@type\":\"ListItem\",\"position\":4,\"name\":\"Consommables de blanchisserie\",\"item\":\"https:\\\/\\\/www.azaros.eu\\\/fr\\\/produits\\\/fournitures-de-fonderie\\\/consommables-de-blanchisserie\\\/\"},{\"@type\":\"ListItem\",\"position\":5,\"name\":\"C\u00f4nes\"}]},{\"@type\":\"WebSite\",\"@id\":\"https:\\\/\\\/www.azaros.eu\\\/fr\\\/#website\",\"url\":\"https:\\\/\\\/www.azaros.eu\\\/fr\\\/\",\"name\":\"Azaros\",\"description\":\"Fabricamos, distribuimos y comercializamos una gran gama de suministros.\",\"potentialAction\":[{\"@type\":\"SearchAction\",\"target\":{\"@type\":\"EntryPoint\",\"urlTemplate\":\"https:\\\/\\\/www.azaros.eu\\\/fr\\\/?s={search_term_string}\"},\"query-input\":{\"@type\":\"PropertyValueSpecification\",\"valueRequired\":true,\"valueName\":\"search_term_string\"}}],\"inLanguage\":\"fr-FR\"}]}<\/script>\n<!-- \/ Yoast SEO plugin. -->","yoast_head_json":{"title":"C\u00f4nes | Azaros","description":"Trouvez chez Azaros.eu les meilleurs c\u00f4nes du march\u00e9. D\u00e9couvrez les c\u00f4nes Azaros au meilleur prix.","robots":{"index":"index","follow":"follow","max-snippet":"max-snippet:-1","max-image-preview":"max-image-preview:large","max-video-preview":"max-video-preview:-1"},"canonical":"https:\/\/www.azaros.eu\/fr\/produit\/cones\/","og_locale":"fr_FR","og_type":"article","og_title":"C\u00f4nes | Azaros","og_description":"Trouvez chez Azaros.eu les meilleurs c\u00f4nes du march\u00e9. D\u00e9couvrez les c\u00f4nes Azaros au meilleur prix.","og_url":"https:\/\/www.azaros.eu\/fr\/produit\/cones\/","og_site_name":"Azaros","article_modified_time":"2025-07-30T07:29:34+00:00","og_image":[{"width":1200,"height":700,"url":"https:\/\/www.azaros.eu\/wp-content\/uploads\/2018\/08\/Conos-5-2.jpg","type":"image\/jpeg"}],"twitter_card":"summary_large_image","schema":{"@context":"https:\/\/schema.org","@graph":[{"@type":"WebPage","@id":"https:\/\/www.azaros.eu\/fr\/produit\/cones\/","url":"https:\/\/www.azaros.eu\/fr\/produit\/cones\/","name":"C\u00f4nes | Azaros","isPartOf":{"@id":"https:\/\/www.azaros.eu\/fr\/#website"},"primaryImageOfPage":{"@id":"https:\/\/www.azaros.eu\/fr\/produit\/cones\/#primaryimage"},"image":{"@id":"https:\/\/www.azaros.eu\/fr\/produit\/cones\/#primaryimage"},"thumbnailUrl":"https:\/\/www.azaros.eu\/wp-content\/uploads\/2018\/08\/Conos-5-2.jpg","datePublished":"2024-07-19T07:01:26+00:00","dateModified":"2025-07-30T07:29:34+00:00","description":"Trouvez chez Azaros.eu les meilleurs c\u00f4nes du march\u00e9. D\u00e9couvrez les c\u00f4nes Azaros au meilleur prix.","breadcrumb":{"@id":"https:\/\/www.azaros.eu\/fr\/produit\/cones\/#breadcrumb"},"inLanguage":"fr-FR","potentialAction":[{"@type":"ReadAction","target":["https:\/\/www.azaros.eu\/fr\/produit\/cones\/"]}]},{"@type":"ImageObject","inLanguage":"fr-FR","@id":"https:\/\/www.azaros.eu\/fr\/produit\/cones\/#primaryimage","url":"https:\/\/www.azaros.eu\/wp-content\/uploads\/2018\/08\/Conos-5-2.jpg","contentUrl":"https:\/\/www.azaros.eu\/wp-content\/uploads\/2018\/08\/Conos-5-2.jpg","width":1200,"height":700},{"@type":"BreadcrumbList","@id":"https:\/\/www.azaros.eu\/fr\/produit\/cones\/#breadcrumb","itemListElement":[{"@type":"ListItem","position":1,"name":"Azaros","item":"https:\/\/www.azaros.eu\/fr\/azaros-home\/"},{"@type":"ListItem","position":2,"name":"Produits","item":"https:\/\/www.azaros.eu\/fr\/produits\/"},{"@type":"ListItem","position":3,"name":"Fournitures de fonderie","item":"https:\/\/www.azaros.eu\/fr\/produits\/fournitures-de-fonderie\/"},{"@type":"ListItem","position":4,"name":"Consommables de blanchisserie","item":"https:\/\/www.azaros.eu\/fr\/produits\/fournitures-de-fonderie\/consommables-de-blanchisserie\/"},{"@type":"ListItem","position":5,"name":"C\u00f4nes"}]},{"@type":"WebSite","@id":"https:\/\/www.azaros.eu\/fr\/#website","url":"https:\/\/www.azaros.eu\/fr\/","name":"Azaros","description":"Fabricamos, distribuimos y comercializamos una gran gama de suministros.","potentialAction":[{"@type":"SearchAction","target":{"@type":"EntryPoint","urlTemplate":"https:\/\/www.azaros.eu\/fr\/?s={search_term_string}"},"query-input":{"@type":"PropertyValueSpecification","valueRequired":true,"valueName":"search_term_string"}}],"inLanguage":"fr-FR"}]}},"_links":{"self":[{"href":"https:\/\/www.azaros.eu\/fr\/wp-json\/wp\/v2\/product\/8758","targetHints":{"allow":["GET"]}}],"collection":[{"href":"https:\/\/www.azaros.eu\/fr\/wp-json\/wp\/v2\/product"}],"about":[{"href":"https:\/\/www.azaros.eu\/fr\/wp-json\/wp\/v2\/types\/product"}],"wp:featuredmedia":[{"embeddable":true,"href":"https:\/\/www.azaros.eu\/fr\/wp-json\/wp\/v2\/media\/6061"}],"wp:attachment":[{"href":"https:\/\/www.azaros.eu\/fr\/wp-json\/wp\/v2\/media?parent=8758"}],"wp:term":[{"taxonomy":"product_brand","embeddable":true,"href":"https:\/\/www.azaros.eu\/fr\/wp-json\/wp\/v2\/product_brand?post=8758"},{"taxonomy":"product_cat","embeddable":true,"href":"https:\/\/www.azaros.eu\/fr\/wp-json\/wp\/v2\/product_cat?post=8758"},{"taxonomy":"product_tag","embeddable":true,"href":"https:\/\/www.azaros.eu\/fr\/wp-json\/wp\/v2\/product_tag?post=8758"}],"curies":[{"name":"wp","href":"https:\/\/api.w.org\/{rel}","templated":true}]}}