{"id":11665,"date":"2024-06-10T17:24:51","date_gmt":"2024-06-10T16:24:51","guid":{"rendered":"https:\/\/www.azaros.eu\/producto\/senza-alluminio\/"},"modified":"2025-06-20T12:32:19","modified_gmt":"2025-06-20T11:32:19","slug":"senza-alluminio","status":"publish","type":"product","link":"https:\/\/www.azaros.eu\/it\/prodotto\/senza-alluminio\/","title":{"rendered":"Senza Alluminio"},"content":{"rendered":"<div class=\"row\"  id=\"row-960783556\">\n\n\t<div id=\"col-696949245\" class=\"col medium-6 small-12 large-6\"  >\n\t\t\t\t<div class=\"col-inner\"  >\n\t\t\t\n\t\t\t\n<div class=\"container section-title-container\" ><h2 class=\"section-title section-title-normal\"><b aria-hidden=\"true\"><\/b><span class=\"section-title-main\" style=\"font-size:80%;\">Caratteristiche<\/span><b aria-hidden=\"true\"><\/b><\/h2><\/div>\n<table>\n<tbody>\n<tr>\n<td>Color<\/td>\n<td>gris<\/td>\n<\/tr>\n<tr>\n<td>Temperatura m\u00e1xima de trabajo<\/td>\n<td>1.050 \u00baC<\/td>\n<\/tr>\n<tr>\n<td>Densidad<\/td>\n<td>270\u2013320 kg\/m3<\/td>\n<\/tr>\n<tr>\n<td>Test de no combustibilidad<\/td>\n<td>Clase A1<\/td>\n<\/tr>\n<tr>\n<td>Resistencia a compresi\u00f3n a 10%<\/td>\n<td>&gt; 0,32 MPa<\/td>\n<\/tr>\n<tr>\n<td>Conductividad t\u00e9rmica (DIN 51046)<\/td>\n<td>a 200 \u00baC -&gt; 0,022 W\/mK<br \/>\na 400 \u00baC -&gt; 0,025 W\/mK<br \/>\na 600 \u00baC -&gt; 0,030 W\/mK<br \/>\na 800 \u00baC -&gt; 0,040 W\/mK<\/td>\n<\/tr>\n<\/tbody>\n<\/table>\n\t\t<\/div>\n\t\t\t\t\t<\/div>\n\n\t\n\n\t<div id=\"col-1466594925\" class=\"col medium-6 small-12 large-6\"  >\n\t\t\t\t<div class=\"col-inner\"  >\n\t\t\t\n\t\t\t\n<div class=\"container section-title-container\" ><h2 class=\"section-title section-title-normal\"><b aria-hidden=\"true\"><\/b><span class=\"section-title-main\" style=\"font-size:80%;\">Applicazioni tipiche<\/span><b aria-hidden=\"true\"><\/b><\/h2><\/div>\n<ul>\n<li>Senza rivestimento<\/li>\n<li>Pu\u00f2 essere fornito avvolto in alluminio, pellicola di plastica o tessuto non tessuto in fibra di vetro<strong>.<\/strong><\/li>\n<li>Avvolto in alluminio, pellicola di plastica o tessuto non tessuto in fibra di vetro<\/li>\n<li>Conservare e maneggiare in un ambiente asciutto<\/li>\n<li>Se conservato correttamente, il pannello ha una durata illimitata; non scade<\/li>\n<li>Il materiale utilizzato non \u00e8 pericoloso per la salute umana o per l&#8217;ambiente, secondo la Direttiva Europea UE2006\/1907\/EEC. Le fibre utilizzate per la sua produzione hanno un diametro superiore a 3\u03bcm. &gt; 3\u03bcm. <\/li>\n<\/ul>\n\t\t<\/div>\n\t\t\t\t\t<\/div>\n\n\t\n<\/div>\n","protected":false},"excerpt":{"rendered":"<p>Il pannello microporoso \u00e8 un materiale isolante con una bassa conduttivit\u00e0 termica, il che gli conferisce ottime propriet\u00e0 isolanti. \u00c8 composto principalmente da silice pirogenica o materiali pacificanti per ridurre la radiazione infrarossa, oltre a fibra di rinforzo. <\/p>\n","protected":false},"featured_media":5930,"template":"","meta":[],"product_brand":[],"product_cat":[280],"product_tag":[],"class_list":{"0":"post-11665","1":"product","2":"type-product","3":"status-publish","4":"has-post-thumbnail","6":"product_cat-microporoso","8":"first","9":"instock","10":"shipping-taxable","11":"product-type-simple"},"yoast_head":"<!-- This site is optimized with the Yoast SEO plugin v27.4 - https:\/\/yoast.com\/product\/yoast-seo-wordpress\/ -->\n<title>Senza Alluminio - Azaros<\/title>\n<meta name=\"robots\" content=\"index, follow, max-snippet:-1, max-image-preview:large, max-video-preview:-1\" \/>\n<link rel=\"canonical\" href=\"https:\/\/www.azaros.eu\/it\/prodotto\/senza-alluminio\/\" \/>\n<meta property=\"og:locale\" content=\"it_IT\" \/>\n<meta property=\"og:type\" content=\"article\" \/>\n<meta property=\"og:title\" content=\"Senza Alluminio - Azaros\" \/>\n<meta property=\"og:description\" content=\"Il pannello microporoso \u00e8 un materiale isolante con una bassa conduttivit\u00e0 termica, il che gli conferisce ottime propriet\u00e0 isolanti. \u00c8 composto principalmente da silice pirogenica o materiali pacificanti per ridurre la radiazione infrarossa, oltre a fibra di rinforzo.\" \/>\n<meta property=\"og:url\" content=\"https:\/\/www.azaros.eu\/it\/prodotto\/senza-alluminio\/\" \/>\n<meta property=\"og:site_name\" content=\"Azaros\" \/>\n<meta property=\"article:modified_time\" content=\"2025-06-20T11:32:19+00:00\" \/>\n<meta property=\"og:image\" content=\"https:\/\/www.azaros.eu\/wp-content\/uploads\/2018\/08\/Microporoso-31-46.jpg\" \/>\n\t<meta property=\"og:image:width\" content=\"1200\" \/>\n\t<meta property=\"og:image:height\" content=\"699\" \/>\n\t<meta property=\"og:image:type\" content=\"image\/jpeg\" \/>\n<meta name=\"twitter:card\" content=\"summary_large_image\" \/>\n<meta name=\"twitter:label1\" content=\"Tempo di lettura stimato\" \/>\n\t<meta name=\"twitter:data1\" content=\"1 minuto\" \/>\n<script type=\"application\/ld+json\" class=\"yoast-schema-graph\">{\"@context\":\"https:\\\/\\\/schema.org\",\"@graph\":[{\"@type\":\"WebPage\",\"@id\":\"https:\\\/\\\/www.azaros.eu\\\/it\\\/prodotto\\\/senza-alluminio\\\/\",\"url\":\"https:\\\/\\\/www.azaros.eu\\\/it\\\/prodotto\\\/senza-alluminio\\\/\",\"name\":\"Senza Alluminio - Azaros\",\"isPartOf\":{\"@id\":\"https:\\\/\\\/www.azaros.eu\\\/it\\\/#website\"},\"primaryImageOfPage\":{\"@id\":\"https:\\\/\\\/www.azaros.eu\\\/it\\\/prodotto\\\/senza-alluminio\\\/#primaryimage\"},\"image\":{\"@id\":\"https:\\\/\\\/www.azaros.eu\\\/it\\\/prodotto\\\/senza-alluminio\\\/#primaryimage\"},\"thumbnailUrl\":\"https:\\\/\\\/www.azaros.eu\\\/wp-content\\\/uploads\\\/2018\\\/08\\\/Microporoso-31-46.jpg\",\"datePublished\":\"2024-06-10T16:24:51+00:00\",\"dateModified\":\"2025-06-20T11:32:19+00:00\",\"breadcrumb\":{\"@id\":\"https:\\\/\\\/www.azaros.eu\\\/it\\\/prodotto\\\/senza-alluminio\\\/#breadcrumb\"},\"inLanguage\":\"it-IT\",\"potentialAction\":[{\"@type\":\"ReadAction\",\"target\":[\"https:\\\/\\\/www.azaros.eu\\\/it\\\/prodotto\\\/senza-alluminio\\\/\"]}]},{\"@type\":\"ImageObject\",\"inLanguage\":\"it-IT\",\"@id\":\"https:\\\/\\\/www.azaros.eu\\\/it\\\/prodotto\\\/senza-alluminio\\\/#primaryimage\",\"url\":\"https:\\\/\\\/www.azaros.eu\\\/wp-content\\\/uploads\\\/2018\\\/08\\\/Microporoso-31-46.jpg\",\"contentUrl\":\"https:\\\/\\\/www.azaros.eu\\\/wp-content\\\/uploads\\\/2018\\\/08\\\/Microporoso-31-46.jpg\",\"width\":1200,\"height\":699},{\"@type\":\"BreadcrumbList\",\"@id\":\"https:\\\/\\\/www.azaros.eu\\\/it\\\/prodotto\\\/senza-alluminio\\\/#breadcrumb\",\"itemListElement\":[{\"@type\":\"ListItem\",\"position\":1,\"name\":\"Azaros\",\"item\":\"https:\\\/\\\/www.azaros.eu\\\/it\\\/azaros-home\\\/\"},{\"@type\":\"ListItem\",\"position\":2,\"name\":\"Prodotti\",\"item\":\"https:\\\/\\\/www.azaros.eu\\\/it\\\/prodotti\\\/\"},{\"@type\":\"ListItem\",\"position\":3,\"name\":\"Isolamento termico\",\"item\":\"https:\\\/\\\/www.azaros.eu\\\/it\\\/prodotti\\\/isolamento-termico\\\/\"},{\"@type\":\"ListItem\",\"position\":4,\"name\":\"Microporoso\",\"item\":\"https:\\\/\\\/www.azaros.eu\\\/it\\\/prodotti\\\/isolamento-termico\\\/microporoso\\\/\"},{\"@type\":\"ListItem\",\"position\":5,\"name\":\"Senza Alluminio\"}]},{\"@type\":\"WebSite\",\"@id\":\"https:\\\/\\\/www.azaros.eu\\\/it\\\/#website\",\"url\":\"https:\\\/\\\/www.azaros.eu\\\/it\\\/\",\"name\":\"Azaros\",\"description\":\"Fabricamos, distribuimos y comercializamos una gran gama de suministros.\",\"potentialAction\":[{\"@type\":\"SearchAction\",\"target\":{\"@type\":\"EntryPoint\",\"urlTemplate\":\"https:\\\/\\\/www.azaros.eu\\\/it\\\/?s={search_term_string}\"},\"query-input\":{\"@type\":\"PropertyValueSpecification\",\"valueRequired\":true,\"valueName\":\"search_term_string\"}}],\"inLanguage\":\"it-IT\"}]}<\/script>\n<!-- \/ Yoast SEO plugin. -->","yoast_head_json":{"title":"Senza Alluminio - Azaros","robots":{"index":"index","follow":"follow","max-snippet":"max-snippet:-1","max-image-preview":"max-image-preview:large","max-video-preview":"max-video-preview:-1"},"canonical":"https:\/\/www.azaros.eu\/it\/prodotto\/senza-alluminio\/","og_locale":"it_IT","og_type":"article","og_title":"Senza Alluminio - Azaros","og_description":"Il pannello microporoso \u00e8 un materiale isolante con una bassa conduttivit\u00e0 termica, il che gli conferisce ottime propriet\u00e0 isolanti. \u00c8 composto principalmente da silice pirogenica o materiali pacificanti per ridurre la radiazione infrarossa, oltre a fibra di rinforzo.","og_url":"https:\/\/www.azaros.eu\/it\/prodotto\/senza-alluminio\/","og_site_name":"Azaros","article_modified_time":"2025-06-20T11:32:19+00:00","og_image":[{"width":1200,"height":699,"url":"https:\/\/www.azaros.eu\/wp-content\/uploads\/2018\/08\/Microporoso-31-46.jpg","type":"image\/jpeg"}],"twitter_card":"summary_large_image","twitter_misc":{"Tempo di lettura stimato":"1 minuto"},"schema":{"@context":"https:\/\/schema.org","@graph":[{"@type":"WebPage","@id":"https:\/\/www.azaros.eu\/it\/prodotto\/senza-alluminio\/","url":"https:\/\/www.azaros.eu\/it\/prodotto\/senza-alluminio\/","name":"Senza Alluminio - Azaros","isPartOf":{"@id":"https:\/\/www.azaros.eu\/it\/#website"},"primaryImageOfPage":{"@id":"https:\/\/www.azaros.eu\/it\/prodotto\/senza-alluminio\/#primaryimage"},"image":{"@id":"https:\/\/www.azaros.eu\/it\/prodotto\/senza-alluminio\/#primaryimage"},"thumbnailUrl":"https:\/\/www.azaros.eu\/wp-content\/uploads\/2018\/08\/Microporoso-31-46.jpg","datePublished":"2024-06-10T16:24:51+00:00","dateModified":"2025-06-20T11:32:19+00:00","breadcrumb":{"@id":"https:\/\/www.azaros.eu\/it\/prodotto\/senza-alluminio\/#breadcrumb"},"inLanguage":"it-IT","potentialAction":[{"@type":"ReadAction","target":["https:\/\/www.azaros.eu\/it\/prodotto\/senza-alluminio\/"]}]},{"@type":"ImageObject","inLanguage":"it-IT","@id":"https:\/\/www.azaros.eu\/it\/prodotto\/senza-alluminio\/#primaryimage","url":"https:\/\/www.azaros.eu\/wp-content\/uploads\/2018\/08\/Microporoso-31-46.jpg","contentUrl":"https:\/\/www.azaros.eu\/wp-content\/uploads\/2018\/08\/Microporoso-31-46.jpg","width":1200,"height":699},{"@type":"BreadcrumbList","@id":"https:\/\/www.azaros.eu\/it\/prodotto\/senza-alluminio\/#breadcrumb","itemListElement":[{"@type":"ListItem","position":1,"name":"Azaros","item":"https:\/\/www.azaros.eu\/it\/azaros-home\/"},{"@type":"ListItem","position":2,"name":"Prodotti","item":"https:\/\/www.azaros.eu\/it\/prodotti\/"},{"@type":"ListItem","position":3,"name":"Isolamento termico","item":"https:\/\/www.azaros.eu\/it\/prodotti\/isolamento-termico\/"},{"@type":"ListItem","position":4,"name":"Microporoso","item":"https:\/\/www.azaros.eu\/it\/prodotti\/isolamento-termico\/microporoso\/"},{"@type":"ListItem","position":5,"name":"Senza Alluminio"}]},{"@type":"WebSite","@id":"https:\/\/www.azaros.eu\/it\/#website","url":"https:\/\/www.azaros.eu\/it\/","name":"Azaros","description":"Fabricamos, distribuimos y comercializamos una gran gama de suministros.","potentialAction":[{"@type":"SearchAction","target":{"@type":"EntryPoint","urlTemplate":"https:\/\/www.azaros.eu\/it\/?s={search_term_string}"},"query-input":{"@type":"PropertyValueSpecification","valueRequired":true,"valueName":"search_term_string"}}],"inLanguage":"it-IT"}]}},"_links":{"self":[{"href":"https:\/\/www.azaros.eu\/it\/wp-json\/wp\/v2\/product\/11665","targetHints":{"allow":["GET"]}}],"collection":[{"href":"https:\/\/www.azaros.eu\/it\/wp-json\/wp\/v2\/product"}],"about":[{"href":"https:\/\/www.azaros.eu\/it\/wp-json\/wp\/v2\/types\/product"}],"wp:featuredmedia":[{"embeddable":true,"href":"https:\/\/www.azaros.eu\/it\/wp-json\/wp\/v2\/media\/5930"}],"wp:attachment":[{"href":"https:\/\/www.azaros.eu\/it\/wp-json\/wp\/v2\/media?parent=11665"}],"wp:term":[{"taxonomy":"product_brand","embeddable":true,"href":"https:\/\/www.azaros.eu\/it\/wp-json\/wp\/v2\/product_brand?post=11665"},{"taxonomy":"product_cat","embeddable":true,"href":"https:\/\/www.azaros.eu\/it\/wp-json\/wp\/v2\/product_cat?post=11665"},{"taxonomy":"product_tag","embeddable":true,"href":"https:\/\/www.azaros.eu\/it\/wp-json\/wp\/v2\/product_tag?post=11665"}],"curies":[{"name":"wp","href":"https:\/\/api.w.org\/{rel}","templated":true}]}}