{"id":11667,"date":"2024-04-14T11:59:11","date_gmt":"2024-04-14T10:59:11","guid":{"rendered":"https:\/\/www.azaros.eu\/producto\/microporoso-con-alluminio-adesivo\/"},"modified":"2025-06-24T12:34:41","modified_gmt":"2025-06-24T11:34:41","slug":"microporoso-con-alluminio-adesivo","status":"publish","type":"product","link":"https:\/\/www.azaros.eu\/it\/prodotto\/microporoso-con-alluminio-adesivo\/","title":{"rendered":"Microporoso con alluminio adesivo"},"content":{"rendered":"<div class=\"row\"  id=\"row-1962661377\">\n\n\t<div id=\"col-1766692199\" class=\"col medium-6 small-12 large-6\"  >\n\t\t\t\t<div class=\"col-inner\"  >\n\t\t\t\n\t\t\t\n<div class=\"container section-title-container\" ><h2 class=\"section-title section-title-normal\"><b aria-hidden=\"true\"><\/b><span class=\"section-title-main\" style=\"font-size:80%;\">Caratteristiche<\/span><b aria-hidden=\"true\"><\/b><\/h2><\/div>\n<ul>\n<li>Se conservato correttamente in un ambiente asciutto, la durata del pannello \u00e8 illimitata, non ha data di scadenza <\/li>\n<li>Se conservato correttamente in ambienti secchi, la vita del pannello \u00e8 illimitata, non scade<\/li>\n<li>Il materiale utilizzato non \u00e8 pericoloso per la salute umana o per l&#8217;ambiente secondo la Direttiva Europea UE2006\/1907\/EEC<\/li>\n<li>Dimensioni standard (mm): 1100 x 700 \/ 550 x 700 \/ 550 x 350<\/li>\n<li>Spessori standard (mm): 7-10\u201315\u201320\u201325\u201330\u201335\u201340\u201345\u201350<\/li>\n<\/ul>\n\t\t<\/div>\n\t\t\t\t\t<\/div>\n\n\t\n\n\t<div id=\"col-295554068\" class=\"col medium-6 small-12 large-6\"  >\n\t\t\t\t<div class=\"col-inner\"  >\n\t\t\t\n\t\t\t\n<div class=\"container section-title-container\" ><h2 class=\"section-title section-title-normal\"><b aria-hidden=\"true\"><\/b><span class=\"section-title-main\" style=\"font-size:80%;\">Applicazioni tipiche<\/span><b aria-hidden=\"true\"><\/b><\/h2><\/div>\n<ul>\n<li>Impianti di trattamento termico per metalli, vetro e ceramica<\/li>\n<li>Industria petrolchimica<\/li>\n<li>Industria dell&#8217;alluminio (palette, forni, ecc.)<\/li>\n<li>Protezione contro il fuoco<\/li>\n<\/ul>\n\t\t<\/div>\n\t\t\t\t\t<\/div>\n\n\t\n<\/div>\n\n","protected":false},"excerpt":{"rendered":"<p>Il pannello microporoso \u00e8 un materiale di isolamento con una conducibilit\u00e0 termica molto bassa, che lo rende particolarmente efficace nelle applicazioni di isolamento. \u00c8 costituito principalmente da silice pirogenica, pacificanti per ridurre la radiazione infrarossa e fibre di rinforzo. <\/p>\n","protected":false},"featured_media":9238,"template":"","meta":[],"product_brand":[],"product_cat":[280],"product_tag":[],"class_list":{"0":"post-11667","1":"product","2":"type-product","3":"status-publish","4":"has-post-thumbnail","6":"product_cat-microporoso","8":"first","9":"instock","10":"shipping-taxable","11":"product-type-simple"},"yoast_head":"<!-- This site is optimized with the Yoast SEO plugin v27.4 - https:\/\/yoast.com\/product\/yoast-seo-wordpress\/ -->\n<title>Microporoso con alluminio adesivo - Azaros<\/title>\n<meta name=\"robots\" content=\"index, follow, max-snippet:-1, max-image-preview:large, max-video-preview:-1\" \/>\n<link rel=\"canonical\" href=\"https:\/\/www.azaros.eu\/it\/prodotto\/microporoso-con-alluminio-adesivo\/\" \/>\n<meta property=\"og:locale\" content=\"it_IT\" \/>\n<meta property=\"og:type\" content=\"article\" \/>\n<meta property=\"og:title\" content=\"Microporoso con alluminio adesivo - Azaros\" \/>\n<meta property=\"og:description\" content=\"Il pannello microporoso \u00e8 un materiale di isolamento con una conducibilit\u00e0 termica molto bassa, che lo rende particolarmente efficace nelle applicazioni di isolamento. \u00c8 costituito principalmente da silice pirogenica, pacificanti per ridurre la radiazione infrarossa e fibre di rinforzo.\" \/>\n<meta property=\"og:url\" content=\"https:\/\/www.azaros.eu\/it\/prodotto\/microporoso-con-alluminio-adesivo\/\" \/>\n<meta property=\"og:site_name\" content=\"Azaros\" \/>\n<meta property=\"article:modified_time\" content=\"2025-06-24T11:34:41+00:00\" \/>\n<meta property=\"og:image\" content=\"https:\/\/www.azaros.eu\/wp-content\/uploads\/2024\/04\/aislantes-micropor-alum-adhesivo.jpg\" \/>\n\t<meta property=\"og:image:width\" content=\"1200\" \/>\n\t<meta property=\"og:image:height\" content=\"700\" \/>\n\t<meta property=\"og:image:type\" content=\"image\/jpeg\" \/>\n<meta name=\"twitter:card\" content=\"summary_large_image\" \/>\n<meta name=\"twitter:label1\" content=\"Tempo di lettura stimato\" \/>\n\t<meta name=\"twitter:data1\" content=\"1 minuto\" \/>\n<script type=\"application\/ld+json\" class=\"yoast-schema-graph\">{\"@context\":\"https:\\\/\\\/schema.org\",\"@graph\":[{\"@type\":\"WebPage\",\"@id\":\"https:\\\/\\\/www.azaros.eu\\\/it\\\/prodotto\\\/microporoso-con-alluminio-adesivo\\\/\",\"url\":\"https:\\\/\\\/www.azaros.eu\\\/it\\\/prodotto\\\/microporoso-con-alluminio-adesivo\\\/\",\"name\":\"Microporoso con alluminio adesivo - Azaros\",\"isPartOf\":{\"@id\":\"https:\\\/\\\/www.azaros.eu\\\/it\\\/#website\"},\"primaryImageOfPage\":{\"@id\":\"https:\\\/\\\/www.azaros.eu\\\/it\\\/prodotto\\\/microporoso-con-alluminio-adesivo\\\/#primaryimage\"},\"image\":{\"@id\":\"https:\\\/\\\/www.azaros.eu\\\/it\\\/prodotto\\\/microporoso-con-alluminio-adesivo\\\/#primaryimage\"},\"thumbnailUrl\":\"https:\\\/\\\/www.azaros.eu\\\/wp-content\\\/uploads\\\/2024\\\/04\\\/aislantes-micropor-alum-adhesivo.jpg\",\"datePublished\":\"2024-04-14T10:59:11+00:00\",\"dateModified\":\"2025-06-24T11:34:41+00:00\",\"breadcrumb\":{\"@id\":\"https:\\\/\\\/www.azaros.eu\\\/it\\\/prodotto\\\/microporoso-con-alluminio-adesivo\\\/#breadcrumb\"},\"inLanguage\":\"it-IT\",\"potentialAction\":[{\"@type\":\"ReadAction\",\"target\":[\"https:\\\/\\\/www.azaros.eu\\\/it\\\/prodotto\\\/microporoso-con-alluminio-adesivo\\\/\"]}]},{\"@type\":\"ImageObject\",\"inLanguage\":\"it-IT\",\"@id\":\"https:\\\/\\\/www.azaros.eu\\\/it\\\/prodotto\\\/microporoso-con-alluminio-adesivo\\\/#primaryimage\",\"url\":\"https:\\\/\\\/www.azaros.eu\\\/wp-content\\\/uploads\\\/2024\\\/04\\\/aislantes-micropor-alum-adhesivo.jpg\",\"contentUrl\":\"https:\\\/\\\/www.azaros.eu\\\/wp-content\\\/uploads\\\/2024\\\/04\\\/aislantes-micropor-alum-adhesivo.jpg\",\"width\":1200,\"height\":700},{\"@type\":\"BreadcrumbList\",\"@id\":\"https:\\\/\\\/www.azaros.eu\\\/it\\\/prodotto\\\/microporoso-con-alluminio-adesivo\\\/#breadcrumb\",\"itemListElement\":[{\"@type\":\"ListItem\",\"position\":1,\"name\":\"Azaros\",\"item\":\"https:\\\/\\\/www.azaros.eu\\\/it\\\/azaros-home\\\/\"},{\"@type\":\"ListItem\",\"position\":2,\"name\":\"Prodotti\",\"item\":\"https:\\\/\\\/www.azaros.eu\\\/it\\\/prodotti\\\/\"},{\"@type\":\"ListItem\",\"position\":3,\"name\":\"Isolamento termico\",\"item\":\"https:\\\/\\\/www.azaros.eu\\\/it\\\/prodotti\\\/isolamento-termico\\\/\"},{\"@type\":\"ListItem\",\"position\":4,\"name\":\"Microporoso\",\"item\":\"https:\\\/\\\/www.azaros.eu\\\/it\\\/prodotti\\\/isolamento-termico\\\/microporoso\\\/\"},{\"@type\":\"ListItem\",\"position\":5,\"name\":\"Microporoso con alluminio adesivo\"}]},{\"@type\":\"WebSite\",\"@id\":\"https:\\\/\\\/www.azaros.eu\\\/it\\\/#website\",\"url\":\"https:\\\/\\\/www.azaros.eu\\\/it\\\/\",\"name\":\"Azaros\",\"description\":\"Fabricamos, distribuimos y comercializamos una gran gama de suministros.\",\"potentialAction\":[{\"@type\":\"SearchAction\",\"target\":{\"@type\":\"EntryPoint\",\"urlTemplate\":\"https:\\\/\\\/www.azaros.eu\\\/it\\\/?s={search_term_string}\"},\"query-input\":{\"@type\":\"PropertyValueSpecification\",\"valueRequired\":true,\"valueName\":\"search_term_string\"}}],\"inLanguage\":\"it-IT\"}]}<\/script>\n<!-- \/ Yoast SEO plugin. -->","yoast_head_json":{"title":"Microporoso con alluminio adesivo - Azaros","robots":{"index":"index","follow":"follow","max-snippet":"max-snippet:-1","max-image-preview":"max-image-preview:large","max-video-preview":"max-video-preview:-1"},"canonical":"https:\/\/www.azaros.eu\/it\/prodotto\/microporoso-con-alluminio-adesivo\/","og_locale":"it_IT","og_type":"article","og_title":"Microporoso con alluminio adesivo - Azaros","og_description":"Il pannello microporoso \u00e8 un materiale di isolamento con una conducibilit\u00e0 termica molto bassa, che lo rende particolarmente efficace nelle applicazioni di isolamento. \u00c8 costituito principalmente da silice pirogenica, pacificanti per ridurre la radiazione infrarossa e fibre di rinforzo.","og_url":"https:\/\/www.azaros.eu\/it\/prodotto\/microporoso-con-alluminio-adesivo\/","og_site_name":"Azaros","article_modified_time":"2025-06-24T11:34:41+00:00","og_image":[{"width":1200,"height":700,"url":"https:\/\/www.azaros.eu\/wp-content\/uploads\/2024\/04\/aislantes-micropor-alum-adhesivo.jpg","type":"image\/jpeg"}],"twitter_card":"summary_large_image","twitter_misc":{"Tempo di lettura stimato":"1 minuto"},"schema":{"@context":"https:\/\/schema.org","@graph":[{"@type":"WebPage","@id":"https:\/\/www.azaros.eu\/it\/prodotto\/microporoso-con-alluminio-adesivo\/","url":"https:\/\/www.azaros.eu\/it\/prodotto\/microporoso-con-alluminio-adesivo\/","name":"Microporoso con alluminio adesivo - Azaros","isPartOf":{"@id":"https:\/\/www.azaros.eu\/it\/#website"},"primaryImageOfPage":{"@id":"https:\/\/www.azaros.eu\/it\/prodotto\/microporoso-con-alluminio-adesivo\/#primaryimage"},"image":{"@id":"https:\/\/www.azaros.eu\/it\/prodotto\/microporoso-con-alluminio-adesivo\/#primaryimage"},"thumbnailUrl":"https:\/\/www.azaros.eu\/wp-content\/uploads\/2024\/04\/aislantes-micropor-alum-adhesivo.jpg","datePublished":"2024-04-14T10:59:11+00:00","dateModified":"2025-06-24T11:34:41+00:00","breadcrumb":{"@id":"https:\/\/www.azaros.eu\/it\/prodotto\/microporoso-con-alluminio-adesivo\/#breadcrumb"},"inLanguage":"it-IT","potentialAction":[{"@type":"ReadAction","target":["https:\/\/www.azaros.eu\/it\/prodotto\/microporoso-con-alluminio-adesivo\/"]}]},{"@type":"ImageObject","inLanguage":"it-IT","@id":"https:\/\/www.azaros.eu\/it\/prodotto\/microporoso-con-alluminio-adesivo\/#primaryimage","url":"https:\/\/www.azaros.eu\/wp-content\/uploads\/2024\/04\/aislantes-micropor-alum-adhesivo.jpg","contentUrl":"https:\/\/www.azaros.eu\/wp-content\/uploads\/2024\/04\/aislantes-micropor-alum-adhesivo.jpg","width":1200,"height":700},{"@type":"BreadcrumbList","@id":"https:\/\/www.azaros.eu\/it\/prodotto\/microporoso-con-alluminio-adesivo\/#breadcrumb","itemListElement":[{"@type":"ListItem","position":1,"name":"Azaros","item":"https:\/\/www.azaros.eu\/it\/azaros-home\/"},{"@type":"ListItem","position":2,"name":"Prodotti","item":"https:\/\/www.azaros.eu\/it\/prodotti\/"},{"@type":"ListItem","position":3,"name":"Isolamento termico","item":"https:\/\/www.azaros.eu\/it\/prodotti\/isolamento-termico\/"},{"@type":"ListItem","position":4,"name":"Microporoso","item":"https:\/\/www.azaros.eu\/it\/prodotti\/isolamento-termico\/microporoso\/"},{"@type":"ListItem","position":5,"name":"Microporoso con alluminio adesivo"}]},{"@type":"WebSite","@id":"https:\/\/www.azaros.eu\/it\/#website","url":"https:\/\/www.azaros.eu\/it\/","name":"Azaros","description":"Fabricamos, distribuimos y comercializamos una gran gama de suministros.","potentialAction":[{"@type":"SearchAction","target":{"@type":"EntryPoint","urlTemplate":"https:\/\/www.azaros.eu\/it\/?s={search_term_string}"},"query-input":{"@type":"PropertyValueSpecification","valueRequired":true,"valueName":"search_term_string"}}],"inLanguage":"it-IT"}]}},"_links":{"self":[{"href":"https:\/\/www.azaros.eu\/it\/wp-json\/wp\/v2\/product\/11667","targetHints":{"allow":["GET"]}}],"collection":[{"href":"https:\/\/www.azaros.eu\/it\/wp-json\/wp\/v2\/product"}],"about":[{"href":"https:\/\/www.azaros.eu\/it\/wp-json\/wp\/v2\/types\/product"}],"wp:featuredmedia":[{"embeddable":true,"href":"https:\/\/www.azaros.eu\/it\/wp-json\/wp\/v2\/media\/9238"}],"wp:attachment":[{"href":"https:\/\/www.azaros.eu\/it\/wp-json\/wp\/v2\/media?parent=11667"}],"wp:term":[{"taxonomy":"product_brand","embeddable":true,"href":"https:\/\/www.azaros.eu\/it\/wp-json\/wp\/v2\/product_brand?post=11667"},{"taxonomy":"product_cat","embeddable":true,"href":"https:\/\/www.azaros.eu\/it\/wp-json\/wp\/v2\/product_cat?post=11667"},{"taxonomy":"product_tag","embeddable":true,"href":"https:\/\/www.azaros.eu\/it\/wp-json\/wp\/v2\/product_tag?post=11667"}],"curies":[{"name":"wp","href":"https:\/\/api.w.org\/{rel}","templated":true}]}}