{"id":11733,"date":"2018-08-06T09:38:24","date_gmt":"2018-08-06T08:38:24","guid":{"rendered":"https:\/\/www.azaros.eu\/producto\/prodotti-in-mica-su-misura\/"},"modified":"2025-06-25T13:45:07","modified_gmt":"2025-06-25T12:45:07","slug":"prodotti-in-mica-su-misura","status":"publish","type":"product","link":"https:\/\/www.azaros.eu\/it\/prodotto\/prodotti-in-mica-su-misura\/","title":{"rendered":"Prodotti in mica su misura"},"content":{"rendered":"<div class=\"row\"  id=\"row-949779368\">\n\n\t<div id=\"col-962466748\" class=\"col medium-6 small-12 large-6\"  >\n\t\t\t\t<div class=\"col-inner\"  >\n\t\t\t\n\t\t\t\n<div class=\"container section-title-container\" ><h2 class=\"section-title section-title-normal\"><b aria-hidden=\"true\"><\/b><span class=\"section-title-main\" style=\"font-size:80%;\">Caratteristiche<\/span><b aria-hidden=\"true\"><\/b><\/h2><\/div>\n<p>Questi particolari in mica realizzati in carta di mica (qualit\u00e0 muscovite o flogopite) agglomerata con una resina dalle elevate propriet\u00e0 termiche ed elettriche. Per la polimerizzazione il materiale viene sottoposto a pressione e calore. <\/p>\n<p>Forniamo tutti i tipi di particolari in base alle esigenze del cliente (su disegno o campione), sia stampati che lavorati meccanicamente.<\/p>\n\t\t<\/div>\n\t\t\t\t\t<\/div>\n\n\t\n\n\t<div id=\"col-625529553\" class=\"col medium-6 small-12 large-6\"  >\n\t\t\t\t<div class=\"col-inner\"  >\n\t\t\t\n\t\t\t\n<div class=\"container section-title-container\" ><h2 class=\"section-title section-title-normal\"><b aria-hidden=\"true\"><\/b><span class=\"section-title-main\" style=\"font-size:80%;\">Applicazioni tipiche<\/span><b aria-hidden=\"true\"><\/b><\/h2><\/div>\n<p>La mica \u00e8 un materiale eccellente per l&#8217;impiego come supporto di resistenze in ambito domestico, come asciugacapelli, tostapane, ecc., e per tutti i tipi di applicazioni elettriche, in particolare quelle che devono resistere ad alte temperature mantenendo inalterate le proprie propriet\u00e0 meccaniche ed elettriche. Viene utilizzato anche in applicazioni in cui l&#8217;isolante deve assumere forme specifiche, che richiedono elevate propriet\u00e0 termiche e dielettriche, nonch\u00e9 resistenza alla flessione: ventilatori ad aria calda, interruttori automatici, trasformatori, ecc. Viene utilizzato come rivestimento o protezione, ma anche come separatore o come foglio isolante. Alcune applicazioni sfruttano la sua azione elastica.   <\/p>\n<p>Il grado muscovite \u00e8 solitamente utilizzato in applicazioni che richiedono una maggiore resistenza meccanica, mentre il grado flogopite \u00e8 utilizzato quando \u00e8 richiesta una maggiore resistenza termica.<\/p>\n\t\t<\/div>\n\t\t\t\t\t<\/div>\n\n\t\n<\/div>\n<div class=\"row\"  id=\"row-959818435\">\n\n<\/div>\n","protected":false},"excerpt":{"rendered":"<p>La mica \u00e8 un minerale che fa parte di un vasto gruppo di silicati di allumina, ferro, calcio, magnesio e minerali alcalini, caratterizzati dalla loro facile esfoliazione in lamine sottili, flessibili, elastiche e molto lucide.<br \/>\nLa flessibilit\u00e0, l&#8217;elasticit\u00e0 e la resistenza termica della mica la rendono un materiale molto interessante per l&#8217;industria, grazie alle sue propriet\u00e0 di isolante termico ed elettrico.<\/p>\n","protected":false},"featured_media":7643,"template":"","meta":[],"product_brand":[],"product_cat":[271],"product_tag":[],"class_list":{"0":"post-11733","1":"product","2":"type-product","3":"status-publish","4":"has-post-thumbnail","6":"product_cat-mica-it","8":"first","9":"instock","10":"shipping-taxable","11":"product-type-simple"},"yoast_head":"<!-- This site is optimized with the Yoast SEO plugin v27.4 - https:\/\/yoast.com\/product\/yoast-seo-wordpress\/ -->\n<title>Prodotti in mica su misura | Azaros<\/title>\n<meta name=\"description\" content=\"Trova i migliori pezzi di mica fustellati sul mercato su Azaros.eu. Scopri i pezzi in mica fustellati di Azaros al miglior prezzo.\" \/>\n<meta name=\"robots\" content=\"index, follow, max-snippet:-1, max-image-preview:large, max-video-preview:-1\" \/>\n<link rel=\"canonical\" href=\"https:\/\/www.azaros.eu\/it\/prodotto\/prodotti-in-mica-su-misura\/\" \/>\n<meta property=\"og:locale\" content=\"it_IT\" \/>\n<meta property=\"og:type\" content=\"article\" \/>\n<meta property=\"og:title\" content=\"Prodotti in mica su misura | Azaros\" \/>\n<meta property=\"og:description\" content=\"Trova i migliori pezzi di mica fustellati sul mercato su Azaros.eu. Scopri i pezzi in mica fustellati di Azaros al miglior prezzo.\" \/>\n<meta property=\"og:url\" content=\"https:\/\/www.azaros.eu\/it\/prodotto\/prodotti-in-mica-su-misura\/\" \/>\n<meta property=\"og:site_name\" content=\"Azaros\" \/>\n<meta property=\"article:modified_time\" content=\"2025-06-25T12:45:07+00:00\" \/>\n<meta property=\"og:image\" content=\"https:\/\/www.azaros.eu\/wp-content\/uploads\/2024\/07\/Imagen-de-Subcategoria-Mica.jpg\" \/>\n\t<meta property=\"og:image:width\" content=\"1200\" \/>\n\t<meta property=\"og:image:height\" content=\"700\" \/>\n\t<meta property=\"og:image:type\" content=\"image\/jpeg\" \/>\n<meta name=\"twitter:card\" content=\"summary_large_image\" \/>\n<meta name=\"twitter:label1\" content=\"Tempo di lettura stimato\" \/>\n\t<meta name=\"twitter:data1\" content=\"2 minuti\" \/>\n<script type=\"application\/ld+json\" class=\"yoast-schema-graph\">{\"@context\":\"https:\\\/\\\/schema.org\",\"@graph\":[{\"@type\":\"WebPage\",\"@id\":\"https:\\\/\\\/www.azaros.eu\\\/it\\\/prodotto\\\/prodotti-in-mica-su-misura\\\/\",\"url\":\"https:\\\/\\\/www.azaros.eu\\\/it\\\/prodotto\\\/prodotti-in-mica-su-misura\\\/\",\"name\":\"Prodotti in mica su misura | Azaros\",\"isPartOf\":{\"@id\":\"https:\\\/\\\/www.azaros.eu\\\/it\\\/#website\"},\"primaryImageOfPage\":{\"@id\":\"https:\\\/\\\/www.azaros.eu\\\/it\\\/prodotto\\\/prodotti-in-mica-su-misura\\\/#primaryimage\"},\"image\":{\"@id\":\"https:\\\/\\\/www.azaros.eu\\\/it\\\/prodotto\\\/prodotti-in-mica-su-misura\\\/#primaryimage\"},\"thumbnailUrl\":\"https:\\\/\\\/www.azaros.eu\\\/wp-content\\\/uploads\\\/2024\\\/07\\\/Imagen-de-Subcategoria-Mica.jpg\",\"datePublished\":\"2018-08-06T08:38:24+00:00\",\"dateModified\":\"2025-06-25T12:45:07+00:00\",\"description\":\"Trova i migliori pezzi di mica fustellati sul mercato su Azaros.eu. Scopri i pezzi in mica fustellati di Azaros al miglior prezzo.\",\"breadcrumb\":{\"@id\":\"https:\\\/\\\/www.azaros.eu\\\/it\\\/prodotto\\\/prodotti-in-mica-su-misura\\\/#breadcrumb\"},\"inLanguage\":\"it-IT\",\"potentialAction\":[{\"@type\":\"ReadAction\",\"target\":[\"https:\\\/\\\/www.azaros.eu\\\/it\\\/prodotto\\\/prodotti-in-mica-su-misura\\\/\"]}]},{\"@type\":\"ImageObject\",\"inLanguage\":\"it-IT\",\"@id\":\"https:\\\/\\\/www.azaros.eu\\\/it\\\/prodotto\\\/prodotti-in-mica-su-misura\\\/#primaryimage\",\"url\":\"https:\\\/\\\/www.azaros.eu\\\/wp-content\\\/uploads\\\/2024\\\/07\\\/Imagen-de-Subcategoria-Mica.jpg\",\"contentUrl\":\"https:\\\/\\\/www.azaros.eu\\\/wp-content\\\/uploads\\\/2024\\\/07\\\/Imagen-de-Subcategoria-Mica.jpg\",\"width\":1200,\"height\":700},{\"@type\":\"BreadcrumbList\",\"@id\":\"https:\\\/\\\/www.azaros.eu\\\/it\\\/prodotto\\\/prodotti-in-mica-su-misura\\\/#breadcrumb\",\"itemListElement\":[{\"@type\":\"ListItem\",\"position\":1,\"name\":\"Azaros\",\"item\":\"https:\\\/\\\/www.azaros.eu\\\/it\\\/azaros-home\\\/\"},{\"@type\":\"ListItem\",\"position\":2,\"name\":\"Prodotti\",\"item\":\"https:\\\/\\\/www.azaros.eu\\\/it\\\/prodotti\\\/\"},{\"@type\":\"ListItem\",\"position\":3,\"name\":\"Isolamento elettrico\",\"item\":\"https:\\\/\\\/www.azaros.eu\\\/it\\\/prodotti\\\/isolamento-elettrico\\\/\"},{\"@type\":\"ListItem\",\"position\":4,\"name\":\"Mica\",\"item\":\"https:\\\/\\\/www.azaros.eu\\\/it\\\/prodotti\\\/isolamento-elettrico\\\/mica-it\\\/\"},{\"@type\":\"ListItem\",\"position\":5,\"name\":\"Prodotti in mica su misura\"}]},{\"@type\":\"WebSite\",\"@id\":\"https:\\\/\\\/www.azaros.eu\\\/it\\\/#website\",\"url\":\"https:\\\/\\\/www.azaros.eu\\\/it\\\/\",\"name\":\"Azaros\",\"description\":\"Fabricamos, distribuimos y comercializamos una gran gama de suministros.\",\"potentialAction\":[{\"@type\":\"SearchAction\",\"target\":{\"@type\":\"EntryPoint\",\"urlTemplate\":\"https:\\\/\\\/www.azaros.eu\\\/it\\\/?s={search_term_string}\"},\"query-input\":{\"@type\":\"PropertyValueSpecification\",\"valueRequired\":true,\"valueName\":\"search_term_string\"}}],\"inLanguage\":\"it-IT\"}]}<\/script>\n<!-- \/ Yoast SEO plugin. -->","yoast_head_json":{"title":"Prodotti in mica su misura | Azaros","description":"Trova i migliori pezzi di mica fustellati sul mercato su Azaros.eu. Scopri i pezzi in mica fustellati di Azaros al miglior prezzo.","robots":{"index":"index","follow":"follow","max-snippet":"max-snippet:-1","max-image-preview":"max-image-preview:large","max-video-preview":"max-video-preview:-1"},"canonical":"https:\/\/www.azaros.eu\/it\/prodotto\/prodotti-in-mica-su-misura\/","og_locale":"it_IT","og_type":"article","og_title":"Prodotti in mica su misura | Azaros","og_description":"Trova i migliori pezzi di mica fustellati sul mercato su Azaros.eu. Scopri i pezzi in mica fustellati di Azaros al miglior prezzo.","og_url":"https:\/\/www.azaros.eu\/it\/prodotto\/prodotti-in-mica-su-misura\/","og_site_name":"Azaros","article_modified_time":"2025-06-25T12:45:07+00:00","og_image":[{"width":1200,"height":700,"url":"https:\/\/www.azaros.eu\/wp-content\/uploads\/2024\/07\/Imagen-de-Subcategoria-Mica.jpg","type":"image\/jpeg"}],"twitter_card":"summary_large_image","twitter_misc":{"Tempo di lettura stimato":"2 minuti"},"schema":{"@context":"https:\/\/schema.org","@graph":[{"@type":"WebPage","@id":"https:\/\/www.azaros.eu\/it\/prodotto\/prodotti-in-mica-su-misura\/","url":"https:\/\/www.azaros.eu\/it\/prodotto\/prodotti-in-mica-su-misura\/","name":"Prodotti in mica su misura | Azaros","isPartOf":{"@id":"https:\/\/www.azaros.eu\/it\/#website"},"primaryImageOfPage":{"@id":"https:\/\/www.azaros.eu\/it\/prodotto\/prodotti-in-mica-su-misura\/#primaryimage"},"image":{"@id":"https:\/\/www.azaros.eu\/it\/prodotto\/prodotti-in-mica-su-misura\/#primaryimage"},"thumbnailUrl":"https:\/\/www.azaros.eu\/wp-content\/uploads\/2024\/07\/Imagen-de-Subcategoria-Mica.jpg","datePublished":"2018-08-06T08:38:24+00:00","dateModified":"2025-06-25T12:45:07+00:00","description":"Trova i migliori pezzi di mica fustellati sul mercato su Azaros.eu. Scopri i pezzi in mica fustellati di Azaros al miglior prezzo.","breadcrumb":{"@id":"https:\/\/www.azaros.eu\/it\/prodotto\/prodotti-in-mica-su-misura\/#breadcrumb"},"inLanguage":"it-IT","potentialAction":[{"@type":"ReadAction","target":["https:\/\/www.azaros.eu\/it\/prodotto\/prodotti-in-mica-su-misura\/"]}]},{"@type":"ImageObject","inLanguage":"it-IT","@id":"https:\/\/www.azaros.eu\/it\/prodotto\/prodotti-in-mica-su-misura\/#primaryimage","url":"https:\/\/www.azaros.eu\/wp-content\/uploads\/2024\/07\/Imagen-de-Subcategoria-Mica.jpg","contentUrl":"https:\/\/www.azaros.eu\/wp-content\/uploads\/2024\/07\/Imagen-de-Subcategoria-Mica.jpg","width":1200,"height":700},{"@type":"BreadcrumbList","@id":"https:\/\/www.azaros.eu\/it\/prodotto\/prodotti-in-mica-su-misura\/#breadcrumb","itemListElement":[{"@type":"ListItem","position":1,"name":"Azaros","item":"https:\/\/www.azaros.eu\/it\/azaros-home\/"},{"@type":"ListItem","position":2,"name":"Prodotti","item":"https:\/\/www.azaros.eu\/it\/prodotti\/"},{"@type":"ListItem","position":3,"name":"Isolamento elettrico","item":"https:\/\/www.azaros.eu\/it\/prodotti\/isolamento-elettrico\/"},{"@type":"ListItem","position":4,"name":"Mica","item":"https:\/\/www.azaros.eu\/it\/prodotti\/isolamento-elettrico\/mica-it\/"},{"@type":"ListItem","position":5,"name":"Prodotti in mica su misura"}]},{"@type":"WebSite","@id":"https:\/\/www.azaros.eu\/it\/#website","url":"https:\/\/www.azaros.eu\/it\/","name":"Azaros","description":"Fabricamos, distribuimos y comercializamos una gran gama de suministros.","potentialAction":[{"@type":"SearchAction","target":{"@type":"EntryPoint","urlTemplate":"https:\/\/www.azaros.eu\/it\/?s={search_term_string}"},"query-input":{"@type":"PropertyValueSpecification","valueRequired":true,"valueName":"search_term_string"}}],"inLanguage":"it-IT"}]}},"_links":{"self":[{"href":"https:\/\/www.azaros.eu\/it\/wp-json\/wp\/v2\/product\/11733","targetHints":{"allow":["GET"]}}],"collection":[{"href":"https:\/\/www.azaros.eu\/it\/wp-json\/wp\/v2\/product"}],"about":[{"href":"https:\/\/www.azaros.eu\/it\/wp-json\/wp\/v2\/types\/product"}],"wp:featuredmedia":[{"embeddable":true,"href":"https:\/\/www.azaros.eu\/it\/wp-json\/wp\/v2\/media\/7643"}],"wp:attachment":[{"href":"https:\/\/www.azaros.eu\/it\/wp-json\/wp\/v2\/media?parent=11733"}],"wp:term":[{"taxonomy":"product_brand","embeddable":true,"href":"https:\/\/www.azaros.eu\/it\/wp-json\/wp\/v2\/product_brand?post=11733"},{"taxonomy":"product_cat","embeddable":true,"href":"https:\/\/www.azaros.eu\/it\/wp-json\/wp\/v2\/product_cat?post=11733"},{"taxonomy":"product_tag","embeddable":true,"href":"https:\/\/www.azaros.eu\/it\/wp-json\/wp\/v2\/product_tag?post=11733"}],"curies":[{"name":"wp","href":"https:\/\/api.w.org\/{rel}","templated":true}]}}