{"id":11744,"date":"2018-08-06T09:38:22","date_gmt":"2018-08-06T08:38:22","guid":{"rendered":"https:\/\/www.azaros.eu\/producto\/cordierite\/"},"modified":"2025-06-25T14:14:52","modified_gmt":"2025-06-25T13:14:52","slug":"cordierite","status":"publish","type":"product","link":"https:\/\/www.azaros.eu\/it\/prodotto\/cordierite\/","title":{"rendered":"Cordierite"},"content":{"rendered":"\n","protected":false},"excerpt":{"rendered":"<p>La cordierite \u00e8 un tipo di silicato di magnesio e alluminio con buone propriet\u00e0 di resistenza agli shock termici. Anche la conduttivit\u00e0 termica e l&#8217;espansione della cordierite sono molto basse, il che la rende molto conveniente. Viene spesso utilizzato come ceramica strutturale per mobili da forno e altre applicazioni in cui la temperatura cambia rapidamente. La cordierite ad alta densit\u00e0 pu\u00f2 essere facilmente pressata in componenti tecnici, mentre la cordierite porosa ha prestazioni superiori in termini di resistenza agli shock termici, rendendola adatta all&#8217;uso in applicazioni di riscaldamento. Resiste a temperature continue fino a 1200\u00ba-1220\u00ba.    <\/p>\n","protected":false},"featured_media":5987,"template":"","meta":[],"product_brand":[],"product_cat":[272],"product_tag":[],"class_list":{"0":"post-11744","1":"product","2":"type-product","3":"status-publish","4":"has-post-thumbnail","6":"product_cat-pezzi-di-ceramica","8":"first","9":"instock","10":"shipping-taxable","11":"product-type-simple"},"yoast_head":"<!-- This site is optimized with the Yoast SEO plugin v27.4 - https:\/\/yoast.com\/product\/yoast-seo-wordpress\/ -->\n<title>Cordierite | Azaros<\/title>\n<meta name=\"description\" content=\"Trova la migliore cordierite sul mercato su Azaros.eu. Scopri la cordierite Azaros al miglior prezzo\" \/>\n<meta name=\"robots\" content=\"index, follow, max-snippet:-1, max-image-preview:large, max-video-preview:-1\" \/>\n<link rel=\"canonical\" href=\"https:\/\/www.azaros.eu\/it\/prodotto\/cordierite\/\" \/>\n<meta property=\"og:locale\" content=\"it_IT\" \/>\n<meta property=\"og:type\" content=\"article\" \/>\n<meta property=\"og:title\" content=\"Cordierite | Azaros\" \/>\n<meta property=\"og:description\" content=\"Trova la migliore cordierite sul mercato su Azaros.eu. Scopri la cordierite Azaros al miglior prezzo\" \/>\n<meta property=\"og:url\" content=\"https:\/\/www.azaros.eu\/it\/prodotto\/cordierite\/\" \/>\n<meta property=\"og:site_name\" content=\"Azaros\" \/>\n<meta property=\"article:modified_time\" content=\"2025-06-25T13:14:52+00:00\" \/>\n<meta property=\"og:image\" content=\"https:\/\/www.azaros.eu\/wp-content\/uploads\/2018\/08\/Piezas-Cordierita-y-Esteatita-10-46.jpg\" \/>\n\t<meta property=\"og:image:width\" content=\"1200\" \/>\n\t<meta property=\"og:image:height\" content=\"699\" \/>\n\t<meta property=\"og:image:type\" content=\"image\/jpeg\" \/>\n<meta name=\"twitter:card\" content=\"summary_large_image\" \/>\n<script type=\"application\/ld+json\" class=\"yoast-schema-graph\">{\"@context\":\"https:\\\/\\\/schema.org\",\"@graph\":[{\"@type\":\"WebPage\",\"@id\":\"https:\\\/\\\/www.azaros.eu\\\/it\\\/prodotto\\\/cordierite\\\/\",\"url\":\"https:\\\/\\\/www.azaros.eu\\\/it\\\/prodotto\\\/cordierite\\\/\",\"name\":\"Cordierite | Azaros\",\"isPartOf\":{\"@id\":\"https:\\\/\\\/www.azaros.eu\\\/it\\\/#website\"},\"primaryImageOfPage\":{\"@id\":\"https:\\\/\\\/www.azaros.eu\\\/it\\\/prodotto\\\/cordierite\\\/#primaryimage\"},\"image\":{\"@id\":\"https:\\\/\\\/www.azaros.eu\\\/it\\\/prodotto\\\/cordierite\\\/#primaryimage\"},\"thumbnailUrl\":\"https:\\\/\\\/www.azaros.eu\\\/wp-content\\\/uploads\\\/2018\\\/08\\\/Piezas-Cordierita-y-Esteatita-10-46.jpg\",\"datePublished\":\"2018-08-06T08:38:22+00:00\",\"dateModified\":\"2025-06-25T13:14:52+00:00\",\"description\":\"Trova la migliore cordierite sul mercato su Azaros.eu. Scopri la cordierite Azaros al miglior prezzo\",\"breadcrumb\":{\"@id\":\"https:\\\/\\\/www.azaros.eu\\\/it\\\/prodotto\\\/cordierite\\\/#breadcrumb\"},\"inLanguage\":\"it-IT\",\"potentialAction\":[{\"@type\":\"ReadAction\",\"target\":[\"https:\\\/\\\/www.azaros.eu\\\/it\\\/prodotto\\\/cordierite\\\/\"]}]},{\"@type\":\"ImageObject\",\"inLanguage\":\"it-IT\",\"@id\":\"https:\\\/\\\/www.azaros.eu\\\/it\\\/prodotto\\\/cordierite\\\/#primaryimage\",\"url\":\"https:\\\/\\\/www.azaros.eu\\\/wp-content\\\/uploads\\\/2018\\\/08\\\/Piezas-Cordierita-y-Esteatita-10-46.jpg\",\"contentUrl\":\"https:\\\/\\\/www.azaros.eu\\\/wp-content\\\/uploads\\\/2018\\\/08\\\/Piezas-Cordierita-y-Esteatita-10-46.jpg\",\"width\":1200,\"height\":699},{\"@type\":\"BreadcrumbList\",\"@id\":\"https:\\\/\\\/www.azaros.eu\\\/it\\\/prodotto\\\/cordierite\\\/#breadcrumb\",\"itemListElement\":[{\"@type\":\"ListItem\",\"position\":1,\"name\":\"Azaros\",\"item\":\"https:\\\/\\\/www.azaros.eu\\\/it\\\/azaros-home\\\/\"},{\"@type\":\"ListItem\",\"position\":2,\"name\":\"Prodotti\",\"item\":\"https:\\\/\\\/www.azaros.eu\\\/it\\\/prodotti\\\/\"},{\"@type\":\"ListItem\",\"position\":3,\"name\":\"Isolamento elettrico\",\"item\":\"https:\\\/\\\/www.azaros.eu\\\/it\\\/prodotti\\\/isolamento-elettrico\\\/\"},{\"@type\":\"ListItem\",\"position\":4,\"name\":\"Pezzi di ceramica\",\"item\":\"https:\\\/\\\/www.azaros.eu\\\/it\\\/prodotti\\\/isolamento-elettrico\\\/pezzi-di-ceramica\\\/\"},{\"@type\":\"ListItem\",\"position\":5,\"name\":\"Cordierite\"}]},{\"@type\":\"WebSite\",\"@id\":\"https:\\\/\\\/www.azaros.eu\\\/it\\\/#website\",\"url\":\"https:\\\/\\\/www.azaros.eu\\\/it\\\/\",\"name\":\"Azaros\",\"description\":\"Fabricamos, distribuimos y comercializamos una gran gama de suministros.\",\"potentialAction\":[{\"@type\":\"SearchAction\",\"target\":{\"@type\":\"EntryPoint\",\"urlTemplate\":\"https:\\\/\\\/www.azaros.eu\\\/it\\\/?s={search_term_string}\"},\"query-input\":{\"@type\":\"PropertyValueSpecification\",\"valueRequired\":true,\"valueName\":\"search_term_string\"}}],\"inLanguage\":\"it-IT\"}]}<\/script>\n<!-- \/ Yoast SEO plugin. -->","yoast_head_json":{"title":"Cordierite | Azaros","description":"Trova la migliore cordierite sul mercato su Azaros.eu. Scopri la cordierite Azaros al miglior prezzo","robots":{"index":"index","follow":"follow","max-snippet":"max-snippet:-1","max-image-preview":"max-image-preview:large","max-video-preview":"max-video-preview:-1"},"canonical":"https:\/\/www.azaros.eu\/it\/prodotto\/cordierite\/","og_locale":"it_IT","og_type":"article","og_title":"Cordierite | Azaros","og_description":"Trova la migliore cordierite sul mercato su Azaros.eu. Scopri la cordierite Azaros al miglior prezzo","og_url":"https:\/\/www.azaros.eu\/it\/prodotto\/cordierite\/","og_site_name":"Azaros","article_modified_time":"2025-06-25T13:14:52+00:00","og_image":[{"width":1200,"height":699,"url":"https:\/\/www.azaros.eu\/wp-content\/uploads\/2018\/08\/Piezas-Cordierita-y-Esteatita-10-46.jpg","type":"image\/jpeg"}],"twitter_card":"summary_large_image","schema":{"@context":"https:\/\/schema.org","@graph":[{"@type":"WebPage","@id":"https:\/\/www.azaros.eu\/it\/prodotto\/cordierite\/","url":"https:\/\/www.azaros.eu\/it\/prodotto\/cordierite\/","name":"Cordierite | Azaros","isPartOf":{"@id":"https:\/\/www.azaros.eu\/it\/#website"},"primaryImageOfPage":{"@id":"https:\/\/www.azaros.eu\/it\/prodotto\/cordierite\/#primaryimage"},"image":{"@id":"https:\/\/www.azaros.eu\/it\/prodotto\/cordierite\/#primaryimage"},"thumbnailUrl":"https:\/\/www.azaros.eu\/wp-content\/uploads\/2018\/08\/Piezas-Cordierita-y-Esteatita-10-46.jpg","datePublished":"2018-08-06T08:38:22+00:00","dateModified":"2025-06-25T13:14:52+00:00","description":"Trova la migliore cordierite sul mercato su Azaros.eu. Scopri la cordierite Azaros al miglior prezzo","breadcrumb":{"@id":"https:\/\/www.azaros.eu\/it\/prodotto\/cordierite\/#breadcrumb"},"inLanguage":"it-IT","potentialAction":[{"@type":"ReadAction","target":["https:\/\/www.azaros.eu\/it\/prodotto\/cordierite\/"]}]},{"@type":"ImageObject","inLanguage":"it-IT","@id":"https:\/\/www.azaros.eu\/it\/prodotto\/cordierite\/#primaryimage","url":"https:\/\/www.azaros.eu\/wp-content\/uploads\/2018\/08\/Piezas-Cordierita-y-Esteatita-10-46.jpg","contentUrl":"https:\/\/www.azaros.eu\/wp-content\/uploads\/2018\/08\/Piezas-Cordierita-y-Esteatita-10-46.jpg","width":1200,"height":699},{"@type":"BreadcrumbList","@id":"https:\/\/www.azaros.eu\/it\/prodotto\/cordierite\/#breadcrumb","itemListElement":[{"@type":"ListItem","position":1,"name":"Azaros","item":"https:\/\/www.azaros.eu\/it\/azaros-home\/"},{"@type":"ListItem","position":2,"name":"Prodotti","item":"https:\/\/www.azaros.eu\/it\/prodotti\/"},{"@type":"ListItem","position":3,"name":"Isolamento elettrico","item":"https:\/\/www.azaros.eu\/it\/prodotti\/isolamento-elettrico\/"},{"@type":"ListItem","position":4,"name":"Pezzi di ceramica","item":"https:\/\/www.azaros.eu\/it\/prodotti\/isolamento-elettrico\/pezzi-di-ceramica\/"},{"@type":"ListItem","position":5,"name":"Cordierite"}]},{"@type":"WebSite","@id":"https:\/\/www.azaros.eu\/it\/#website","url":"https:\/\/www.azaros.eu\/it\/","name":"Azaros","description":"Fabricamos, distribuimos y comercializamos una gran gama de suministros.","potentialAction":[{"@type":"SearchAction","target":{"@type":"EntryPoint","urlTemplate":"https:\/\/www.azaros.eu\/it\/?s={search_term_string}"},"query-input":{"@type":"PropertyValueSpecification","valueRequired":true,"valueName":"search_term_string"}}],"inLanguage":"it-IT"}]}},"_links":{"self":[{"href":"https:\/\/www.azaros.eu\/it\/wp-json\/wp\/v2\/product\/11744","targetHints":{"allow":["GET"]}}],"collection":[{"href":"https:\/\/www.azaros.eu\/it\/wp-json\/wp\/v2\/product"}],"about":[{"href":"https:\/\/www.azaros.eu\/it\/wp-json\/wp\/v2\/types\/product"}],"wp:featuredmedia":[{"embeddable":true,"href":"https:\/\/www.azaros.eu\/it\/wp-json\/wp\/v2\/media\/5987"}],"wp:attachment":[{"href":"https:\/\/www.azaros.eu\/it\/wp-json\/wp\/v2\/media?parent=11744"}],"wp:term":[{"taxonomy":"product_brand","embeddable":true,"href":"https:\/\/www.azaros.eu\/it\/wp-json\/wp\/v2\/product_brand?post=11744"},{"taxonomy":"product_cat","embeddable":true,"href":"https:\/\/www.azaros.eu\/it\/wp-json\/wp\/v2\/product_cat?post=11744"},{"taxonomy":"product_tag","embeddable":true,"href":"https:\/\/www.azaros.eu\/it\/wp-json\/wp\/v2\/product_tag?post=11744"}],"curies":[{"name":"wp","href":"https:\/\/api.w.org\/{rel}","templated":true}]}}