{"id":154,"date":"2018-08-06T09:38:20","date_gmt":"2018-08-06T09:38:20","guid":{"rendered":"https:\/\/www.azaros.eu\/producto\/manta-de-fibra-policristalina\/"},"modified":"2025-04-09T09:02:37","modified_gmt":"2025-04-09T08:02:37","slug":"manta-de-fibra-policristalina-2","status":"publish","type":"product","link":"https:\/\/www.azaros.eu\/it\/prodotto\/manta-de-fibra-policristalina-2\/","title":{"rendered":"Manta de fibra policristalina"},"content":{"rendered":"<div class=\"row\"  id=\"row-1659521860\">\n\n\t<div id=\"col-1823714057\" class=\"col medium-6 small-12 large-6\"  >\n\t\t\t\t<div class=\"col-inner\"  >\n\t\t\t\n\t\t\t\n<div class=\"container section-title-container\" ><h2 class=\"section-title section-title-normal\"><b aria-hidden=\"true\"><\/b><span class=\"section-title-main\" style=\"font-size:80%;\">Caracter\u00edsticas<\/span><b aria-hidden=\"true\"><\/b><\/h2><\/div>\n<ul>\n<li>Excelente estabilidad a la alta temperatura.<\/li>\n<li>Ligera contracci\u00f3n por calentamiento.<\/li>\n<li>Bajo contenido de granalla, notable rendimiento aislante y refractario.<\/li>\n<li>Alto ennegrecimiento, buena capacidad de reflexi\u00f3n t\u00e9rmica.<\/li>\n<li>Bajo almacenamiento de calor, baja conductividad t\u00e9rmica.<\/li>\n<li>Distribuci\u00f3n uniforme del di\u00e1metro de fibra, alta resistencia a la tracci\u00f3n.<\/li>\n<li>Buen comportamiento flexible a alta temperaturas, excelente choque t\u00e9rmico y resistencia a la vibraci\u00f3n mec\u00e1nica.<\/li>\n<li>Comportamiento qu\u00edmico estable, alta resistencia a la corrosi\u00f3n.<\/li>\n<\/ul>\n\t\t<\/div>\n\t\t\t\t\t<\/div>\n\n\t\n\n\t<div id=\"col-2053209996\" class=\"col medium-6 small-12 large-6\"  >\n\t\t\t\t<div class=\"col-inner\"  >\n\t\t\t\n\t\t\t\n<div class=\"container section-title-container\" ><h2 class=\"section-title section-title-normal\"><b aria-hidden=\"true\"><\/b><span class=\"section-title-main\" style=\"font-size:80%;\">Aplicaciones t\u00edpicas<\/span><b aria-hidden=\"true\"><\/b><\/h2><\/div>\n<ul>\n<li>Horno para industrias sider\u00fargica con temperaturas entre 1250\u2103 ~1500\u2103.<\/li>\n<li>Revestimiento de cara caliente o capa de cubierta en horno de solera m\u00f3vil, horno de balancines, horno circular, l\u00ednea de recocido y galvanizado continuo, fundici\u00f3n de l\u00e1minas finas y horno de laminaci\u00f3n, l\u00ednea de recocido continuo de hierro al silicio, l\u00ednea de recocido continuo de acero inoxidable, etc.<\/li>\n<li>Aislamiento externo de viga deslizante en horno de balanc\u00edn.<\/li>\n<li>Capa de protecci\u00f3n contra ca\u00eddas en cara caliente de la l\u00ednea de recocido y galvanizado continuo.<\/li>\n<li>Horno de alta temperatura en el sector petroqu\u00edmico.<\/li>\n<li>Revestimiento de columna y esquina en etileno para horno de craqueo.<\/li>\n<li>Revestimiento de cara caliente en horno reformador.<\/li>\n<li>Material para rellenar huecos a alta temperatura.<\/li>\n<li>Revestimiento de horno de cocci\u00f3n r\u00e1pida en industria cer\u00e1mica.<\/li>\n<li>Revestimiento electromagn\u00e9tico de horno intermitente.<\/li>\n<li>Junta de estanqueidad de catalizador de 3 v\u00edas en la industria automovil\u00edstica.<\/li>\n<li>Junta de estanqueidad en secci\u00f3n de alta temperatura.<\/li>\n<\/ul>\n\t\t<\/div>\n\t\t\t\t\t<\/div>\n\n\t\n<\/div>\n","protected":false},"excerpt":{"rendered":"<p>La manta policristalina se fabrica con el m\u00e9todo coloidal \u201cSol-Gel\u201d, para ser fibra refractaria de alta temperatura de base de mullita microcristalina mediante calcinaci\u00f3n a alta temperatura.<\/p>\n<p>Se fabrica a partir de fibra de al\u00famina con punzonado doble, no contiene ning\u00fan tipo de aditivos ni otros ingredientes.<\/p>\n","protected":false},"featured_media":1105,"template":"","meta":[],"product_brand":[],"product_cat":[308],"product_tag":[],"class_list":{"0":"post-154","1":"product","2":"type-product","3":"status-publish","4":"has-post-thumbnail","6":"product_cat-fibra-policristalina","8":"first","9":"instock","10":"shipping-taxable","11":"product-type-simple"},"yoast_head":"<!-- This site is optimized with the Yoast SEO plugin v27.4 - https:\/\/yoast.com\/product\/yoast-seo-wordpress\/ -->\n<title>Manta de fibra policristalina | Azaros<\/title>\n<meta name=\"description\" content=\"Encuentra en Azaros.eu la mejor manta de fibra policristalina del mercado. Descubre la manta de fibra policristalina de Azaros al mejor precio\" \/>\n<meta name=\"robots\" content=\"index, follow, max-snippet:-1, max-image-preview:large, max-video-preview:-1\" \/>\n<link rel=\"canonical\" href=\"https:\/\/www.azaros.eu\/it\/prodotto\/manta-de-fibra-policristalina-2\/\" \/>\n<meta property=\"og:locale\" content=\"it_IT\" \/>\n<meta property=\"og:type\" content=\"article\" \/>\n<meta property=\"og:title\" content=\"Manta de fibra policristalina | Azaros\" \/>\n<meta property=\"og:description\" content=\"Encuentra en Azaros.eu la mejor manta de fibra policristalina del mercado. Descubre la manta de fibra policristalina de Azaros al mejor precio\" \/>\n<meta property=\"og:url\" content=\"https:\/\/www.azaros.eu\/it\/prodotto\/manta-de-fibra-policristalina-2\/\" \/>\n<meta property=\"og:site_name\" content=\"Azaros\" \/>\n<meta property=\"article:modified_time\" content=\"2025-04-09T08:02:37+00:00\" \/>\n<meta property=\"og:image\" content=\"https:\/\/www.azaros.eu\/wp-content\/uploads\/2018\/08\/Manta-01.jpg\" \/>\n\t<meta property=\"og:image:width\" content=\"1200\" \/>\n\t<meta property=\"og:image:height\" content=\"700\" \/>\n\t<meta property=\"og:image:type\" content=\"image\/jpeg\" \/>\n<meta name=\"twitter:card\" content=\"summary_large_image\" \/>\n<meta name=\"twitter:label1\" content=\"Tempo di lettura stimato\" \/>\n\t<meta name=\"twitter:data1\" content=\"2 minuti\" \/>\n<script type=\"application\/ld+json\" class=\"yoast-schema-graph\">{\"@context\":\"https:\\\/\\\/schema.org\",\"@graph\":[{\"@type\":\"WebPage\",\"@id\":\"https:\\\/\\\/www.azaros.eu\\\/it\\\/prodotto\\\/manta-de-fibra-policristalina-2\\\/\",\"url\":\"https:\\\/\\\/www.azaros.eu\\\/it\\\/prodotto\\\/manta-de-fibra-policristalina-2\\\/\",\"name\":\"Manta de fibra policristalina | Azaros\",\"isPartOf\":{\"@id\":\"https:\\\/\\\/www.azaros.eu\\\/it\\\/#website\"},\"primaryImageOfPage\":{\"@id\":\"https:\\\/\\\/www.azaros.eu\\\/it\\\/prodotto\\\/manta-de-fibra-policristalina-2\\\/#primaryimage\"},\"image\":{\"@id\":\"https:\\\/\\\/www.azaros.eu\\\/it\\\/prodotto\\\/manta-de-fibra-policristalina-2\\\/#primaryimage\"},\"thumbnailUrl\":\"https:\\\/\\\/www.azaros.eu\\\/wp-content\\\/uploads\\\/2018\\\/08\\\/Manta-01.jpg\",\"datePublished\":\"2018-08-06T09:38:20+00:00\",\"dateModified\":\"2025-04-09T08:02:37+00:00\",\"description\":\"Encuentra en Azaros.eu la mejor manta de fibra policristalina del mercado. Descubre la manta de fibra policristalina de Azaros al mejor precio\",\"breadcrumb\":{\"@id\":\"https:\\\/\\\/www.azaros.eu\\\/it\\\/prodotto\\\/manta-de-fibra-policristalina-2\\\/#breadcrumb\"},\"inLanguage\":\"it-IT\",\"potentialAction\":[{\"@type\":\"ReadAction\",\"target\":[\"https:\\\/\\\/www.azaros.eu\\\/it\\\/prodotto\\\/manta-de-fibra-policristalina-2\\\/\"]}]},{\"@type\":\"ImageObject\",\"inLanguage\":\"it-IT\",\"@id\":\"https:\\\/\\\/www.azaros.eu\\\/it\\\/prodotto\\\/manta-de-fibra-policristalina-2\\\/#primaryimage\",\"url\":\"https:\\\/\\\/www.azaros.eu\\\/wp-content\\\/uploads\\\/2018\\\/08\\\/Manta-01.jpg\",\"contentUrl\":\"https:\\\/\\\/www.azaros.eu\\\/wp-content\\\/uploads\\\/2018\\\/08\\\/Manta-01.jpg\",\"width\":1200,\"height\":700,\"caption\":\"Manta\"},{\"@type\":\"BreadcrumbList\",\"@id\":\"https:\\\/\\\/www.azaros.eu\\\/it\\\/prodotto\\\/manta-de-fibra-policristalina-2\\\/#breadcrumb\",\"itemListElement\":[{\"@type\":\"ListItem\",\"position\":1,\"name\":\"Azaros\",\"item\":\"https:\\\/\\\/www.azaros.eu\\\/it\\\/azaros-home\\\/\"},{\"@type\":\"ListItem\",\"position\":2,\"name\":\"Prodotti\",\"item\":\"https:\\\/\\\/www.azaros.eu\\\/it\\\/prodotti\\\/\"},{\"@type\":\"ListItem\",\"position\":3,\"name\":\"Isolamento termico\",\"item\":\"https:\\\/\\\/www.azaros.eu\\\/it\\\/prodotti\\\/isolamento-termico\\\/\"},{\"@type\":\"ListItem\",\"position\":4,\"name\":\"Fibra policristallina\",\"item\":\"https:\\\/\\\/www.azaros.eu\\\/it\\\/prodotti\\\/isolamento-termico\\\/fibra-policristallina\\\/\"},{\"@type\":\"ListItem\",\"position\":5,\"name\":\"Manta de fibra policristalina\"}]},{\"@type\":\"WebSite\",\"@id\":\"https:\\\/\\\/www.azaros.eu\\\/it\\\/#website\",\"url\":\"https:\\\/\\\/www.azaros.eu\\\/it\\\/\",\"name\":\"Azaros\",\"description\":\"Fabricamos, distribuimos y comercializamos una gran gama de suministros.\",\"potentialAction\":[{\"@type\":\"SearchAction\",\"target\":{\"@type\":\"EntryPoint\",\"urlTemplate\":\"https:\\\/\\\/www.azaros.eu\\\/it\\\/?s={search_term_string}\"},\"query-input\":{\"@type\":\"PropertyValueSpecification\",\"valueRequired\":true,\"valueName\":\"search_term_string\"}}],\"inLanguage\":\"it-IT\"}]}<\/script>\n<!-- \/ Yoast SEO plugin. -->","yoast_head_json":{"title":"Manta de fibra policristalina | Azaros","description":"Encuentra en Azaros.eu la mejor manta de fibra policristalina del mercado. Descubre la manta de fibra policristalina de Azaros al mejor precio","robots":{"index":"index","follow":"follow","max-snippet":"max-snippet:-1","max-image-preview":"max-image-preview:large","max-video-preview":"max-video-preview:-1"},"canonical":"https:\/\/www.azaros.eu\/it\/prodotto\/manta-de-fibra-policristalina-2\/","og_locale":"it_IT","og_type":"article","og_title":"Manta de fibra policristalina | Azaros","og_description":"Encuentra en Azaros.eu la mejor manta de fibra policristalina del mercado. Descubre la manta de fibra policristalina de Azaros al mejor precio","og_url":"https:\/\/www.azaros.eu\/it\/prodotto\/manta-de-fibra-policristalina-2\/","og_site_name":"Azaros","article_modified_time":"2025-04-09T08:02:37+00:00","og_image":[{"width":1200,"height":700,"url":"https:\/\/www.azaros.eu\/wp-content\/uploads\/2018\/08\/Manta-01.jpg","type":"image\/jpeg"}],"twitter_card":"summary_large_image","twitter_misc":{"Tempo di lettura stimato":"2 minuti"},"schema":{"@context":"https:\/\/schema.org","@graph":[{"@type":"WebPage","@id":"https:\/\/www.azaros.eu\/it\/prodotto\/manta-de-fibra-policristalina-2\/","url":"https:\/\/www.azaros.eu\/it\/prodotto\/manta-de-fibra-policristalina-2\/","name":"Manta de fibra policristalina | Azaros","isPartOf":{"@id":"https:\/\/www.azaros.eu\/it\/#website"},"primaryImageOfPage":{"@id":"https:\/\/www.azaros.eu\/it\/prodotto\/manta-de-fibra-policristalina-2\/#primaryimage"},"image":{"@id":"https:\/\/www.azaros.eu\/it\/prodotto\/manta-de-fibra-policristalina-2\/#primaryimage"},"thumbnailUrl":"https:\/\/www.azaros.eu\/wp-content\/uploads\/2018\/08\/Manta-01.jpg","datePublished":"2018-08-06T09:38:20+00:00","dateModified":"2025-04-09T08:02:37+00:00","description":"Encuentra en Azaros.eu la mejor manta de fibra policristalina del mercado. Descubre la manta de fibra policristalina de Azaros al mejor precio","breadcrumb":{"@id":"https:\/\/www.azaros.eu\/it\/prodotto\/manta-de-fibra-policristalina-2\/#breadcrumb"},"inLanguage":"it-IT","potentialAction":[{"@type":"ReadAction","target":["https:\/\/www.azaros.eu\/it\/prodotto\/manta-de-fibra-policristalina-2\/"]}]},{"@type":"ImageObject","inLanguage":"it-IT","@id":"https:\/\/www.azaros.eu\/it\/prodotto\/manta-de-fibra-policristalina-2\/#primaryimage","url":"https:\/\/www.azaros.eu\/wp-content\/uploads\/2018\/08\/Manta-01.jpg","contentUrl":"https:\/\/www.azaros.eu\/wp-content\/uploads\/2018\/08\/Manta-01.jpg","width":1200,"height":700,"caption":"Manta"},{"@type":"BreadcrumbList","@id":"https:\/\/www.azaros.eu\/it\/prodotto\/manta-de-fibra-policristalina-2\/#breadcrumb","itemListElement":[{"@type":"ListItem","position":1,"name":"Azaros","item":"https:\/\/www.azaros.eu\/it\/azaros-home\/"},{"@type":"ListItem","position":2,"name":"Prodotti","item":"https:\/\/www.azaros.eu\/it\/prodotti\/"},{"@type":"ListItem","position":3,"name":"Isolamento termico","item":"https:\/\/www.azaros.eu\/it\/prodotti\/isolamento-termico\/"},{"@type":"ListItem","position":4,"name":"Fibra policristallina","item":"https:\/\/www.azaros.eu\/it\/prodotti\/isolamento-termico\/fibra-policristallina\/"},{"@type":"ListItem","position":5,"name":"Manta de fibra policristalina"}]},{"@type":"WebSite","@id":"https:\/\/www.azaros.eu\/it\/#website","url":"https:\/\/www.azaros.eu\/it\/","name":"Azaros","description":"Fabricamos, distribuimos y comercializamos una gran gama de suministros.","potentialAction":[{"@type":"SearchAction","target":{"@type":"EntryPoint","urlTemplate":"https:\/\/www.azaros.eu\/it\/?s={search_term_string}"},"query-input":{"@type":"PropertyValueSpecification","valueRequired":true,"valueName":"search_term_string"}}],"inLanguage":"it-IT"}]}},"_links":{"self":[{"href":"https:\/\/www.azaros.eu\/it\/wp-json\/wp\/v2\/product\/154","targetHints":{"allow":["GET"]}}],"collection":[{"href":"https:\/\/www.azaros.eu\/it\/wp-json\/wp\/v2\/product"}],"about":[{"href":"https:\/\/www.azaros.eu\/it\/wp-json\/wp\/v2\/types\/product"}],"wp:featuredmedia":[{"embeddable":true,"href":"https:\/\/www.azaros.eu\/it\/wp-json\/wp\/v2\/media\/1105"}],"wp:attachment":[{"href":"https:\/\/www.azaros.eu\/it\/wp-json\/wp\/v2\/media?parent=154"}],"wp:term":[{"taxonomy":"product_brand","embeddable":true,"href":"https:\/\/www.azaros.eu\/it\/wp-json\/wp\/v2\/product_brand?post=154"},{"taxonomy":"product_cat","embeddable":true,"href":"https:\/\/www.azaros.eu\/it\/wp-json\/wp\/v2\/product_cat?post=154"},{"taxonomy":"product_tag","embeddable":true,"href":"https:\/\/www.azaros.eu\/it\/wp-json\/wp\/v2\/product_tag?post=154"}],"curies":[{"name":"wp","href":"https:\/\/api.w.org\/{rel}","templated":true}]}}