{"id":9841,"date":"2018-07-27T14:18:36","date_gmt":"2018-07-27T13:18:36","guid":{"rendered":"https:\/\/www.azaros.eu\/azaros\/"},"modified":"2025-07-28T11:40:27","modified_gmt":"2025-07-28T10:40:27","slug":"azaros","status":"publish","type":"page","link":"https:\/\/www.azaros.eu\/pt-pt\/azaros\/","title":{"rendered":"Azaros"},"content":{"rendered":"\n\t<section class=\"section\" id=\"section_1983724686\">\n\t\t<div class=\"section-bg fill\" >\n\t\t\t\t\t\t\t\t\t\n\t\t\t\n\n\t\t<\/div>\n\n\t\t\n\n\t\t<div class=\"section-content relative\">\n\t\t\t\n<div class=\"row\"  id=\"row-929777022\">\n\n\t<div id=\"col-1157704740\" class=\"col hide-for-small small-12 large-12\"  >\n\t\t\t\t<div class=\"col-inner\"  >\n\t\t\t\n\t\t\t\n\n  <div class=\"banner has-hover\" id=\"banner-2076957654\">\n          <div class=\"banner-inner fill\">\n        <div class=\"banner-bg fill\" >\n            <img loading=\"lazy\" decoding=\"async\" width=\"1020\" height=\"693\" src=\"https:\/\/www.azaros.eu\/wp-content\/uploads\/2018\/11\/raya-AZAROS-2-1024x696.png\" class=\"bg attachment-large size-large\" alt=\"Raya Azaros\" \/>                                    \n                    <\/div>\n\t\t\n        <div class=\"banner-layers container\">\n            <div class=\"fill banner-link\"><\/div>            \n   <div id=\"text-box-1907270354\" class=\"text-box banner-layer x50 md-x50 lg-x50 y50 md-y50 lg-y50 res-text\">\n                                <div class=\"text-box-content text \">\n              \n              <div class=\"text-inner text-center\">\n                  \n<p><span style=\"font-size: 3.5em;\"><strong>Azaros \u00e9 uma empresa<br \/>distribuidora de<br \/>fornecimentos industriais.<\/strong><\/span><\/p>\n              <\/div>\n           <\/div>\n                            \n<style>\n#text-box-1907270354 {\n  width: 100%;\n}\n#text-box-1907270354 .text-box-content {\n  font-size: 100%;\n}\n<\/style>\n    <\/div>\n \n        <\/div>\n      <\/div>\n\n              <div class=\"height-fix is-invisible\"><img loading=\"lazy\" decoding=\"async\" width=\"1020\" height=\"693\" src=\"https:\/\/www.azaros.eu\/wp-content\/uploads\/2018\/11\/raya-AZAROS-2-1024x696.png\" class=\"attachment-large size-large\" alt=\"Raya Azaros\" srcset=\"https:\/\/www.azaros.eu\/wp-content\/uploads\/2018\/11\/raya-AZAROS-2-1024x696.png 1024w, https:\/\/www.azaros.eu\/wp-content\/uploads\/2018\/11\/raya-AZAROS-2-200x136.png 200w, https:\/\/www.azaros.eu\/wp-content\/uploads\/2018\/11\/raya-AZAROS-2-300x204.png 300w, https:\/\/www.azaros.eu\/wp-content\/uploads\/2018\/11\/raya-AZAROS-2-768x522.png 768w, https:\/\/www.azaros.eu\/wp-content\/uploads\/2018\/11\/raya-AZAROS-2.png 1200w\" sizes=\"auto, (max-width: 1020px) 100vw, 1020px\" \/><\/div>\n            \n<style>\n#banner-2076957654 {\n  background-color: rgb(255,255,255);\n}\n<\/style>\n  <\/div>\n\n\n\t\t<\/div>\n\t\t\t\t\t<\/div>\n\n\t\n\n\t<div id=\"col-2037726267\" class=\"col show-for-small small-12 large-12\"  >\n\t\t\t\t<div class=\"col-inner text-center\"  >\n\t\t\t\n\t\t\t\n\t<div id=\"text-1200788846\" class=\"text\">\n\t\t\n<h1>Azaros \u00e9 uma empresa distribuidora de fornecimentos industriais.<\/h1>\n\t\t\n<style>\n#text-1200788846 {\n  font-size: 0.75rem;\n}\n<\/style>\n\t<\/div>\n\t\n\t\t<\/div>\n\t\t\t\t\n<style>\n#col-2037726267 > .col-inner {\n  padding: 10px 0px 0px 0px;\n}\n<\/style>\n\t<\/div>\n\n\t\n<\/div>\n\t\t<\/div>\n\n\t\t\n<style>\n#section_1983724686 {\n  padding-top: 60px;\n  padding-bottom: 60px;\n}\n@media (min-width:550px) {\n  #section_1983724686 {\n    padding-top: 0px;\n    padding-bottom: 0px;\n  }\n}\n<\/style>\n\t<\/section>\n\t\n\n\t<section class=\"section\" id=\"section_332012917\">\n\t\t<div class=\"section-bg fill\" >\n\t\t\t\t\t\t\t\t\t\n\t\t\t\n\t<div class=\"is-border\"\n\t\tstyle=\"border-color:rgb(235, 235, 235);border-width:0px 0px 0px 0px;\">\n\t<\/div>\n\n\t\t<\/div>\n\n\t\t\n\n\t\t<div class=\"section-content relative\">\n\t\t\t\n<div class=\"row row-collapse row-full-width align-middle\"  id=\"row-1825924122\">\n\n\t<div id=\"col-937239614\" class=\"col medium-6 small-12 large-6\"  >\n\t\t\t\t<div class=\"col-inner\"  >\n\t\t\t\n\t\t\t\n<div style=\"padding: 0px 30px 0px 30px;\">\n<h2>O que fazemos? <span class=\"azaros-slash\">\/<\/span><\/h2>\n<p>Na Azaros, oferecemos um servi\u00e7o integral, proporcionando um alto valor agregado \u00e0 cadeia de suprimentos de nossos clientes.<\/p>\n<p>Somos especialistas na busca de fontes de suprimento, em atender \u00e0s necessidades mais complexas de nossos clientes por meio de nossas solu\u00e7\u00f5es personalizadas e em manter uma grande capacidade de armazenamento (&gt;4.000m\u00b2).<\/p>\n<\/div>\n\t\t<\/div>\n\t\t\t\t\n<style>\n#col-937239614 > .col-inner {\n  padding: 5vh 20px 0px 20px;\n}\n@media (min-width:550px) {\n  #col-937239614 > .col-inner {\n    padding: 0px 20px 0px 20px;\n  }\n}\n@media (min-width:850px) {\n  #col-937239614 > .col-inner {\n    padding: 0px 60px 0px 120px;\n  }\n}\n<\/style>\n\t<\/div>\n\n\t\n\n\t<div id=\"col-1547759709\" class=\"col medium-6 small-12 large-6\"  >\n\t\t\t\t<div class=\"col-inner\"  >\n\t\t\t\n\t\t\t\n\t<div class=\"img has-hover x md-x lg-x y md-y lg-y\" id=\"image_2026545765\">\n\t\t\t\t\t\t<div data-animate=\"fadeInUp\">\t\t<div class=\"img-inner image-cover dark\" style=\"padding-top:80vh;\">\n\t\t\t<img loading=\"lazy\" decoding=\"async\" width=\"1150\" height=\"800\" src=\"https:\/\/www.azaros.eu\/wp-content\/uploads\/2025\/05\/Azaros-Oficina2-2025.jpg\" class=\"attachment-original size-original\" alt=\"\" srcset=\"https:\/\/www.azaros.eu\/wp-content\/uploads\/2025\/05\/Azaros-Oficina2-2025.jpg 1150w, https:\/\/www.azaros.eu\/wp-content\/uploads\/2025\/05\/Azaros-Oficina2-2025-200x139.jpg 200w, https:\/\/www.azaros.eu\/wp-content\/uploads\/2025\/05\/Azaros-Oficina2-2025-1024x712.jpg 1024w, https:\/\/www.azaros.eu\/wp-content\/uploads\/2025\/05\/Azaros-Oficina2-2025-300x209.jpg 300w, https:\/\/www.azaros.eu\/wp-content\/uploads\/2025\/05\/Azaros-Oficina2-2025-768x534.jpg 768w\" sizes=\"auto, (max-width: 1150px) 100vw, 1150px\" \/>\t\t\t\t\t\t\n\t\t\t\t\t<\/div>\n\t\t<\/div>\t\t\t\t\t\t\n<style>\n#image_2026545765 {\n  width: 100%;\n}\n<\/style>\n\t<\/div>\n\t\n\t\t<\/div>\n\t\t\t\t\t<\/div>\n\n\t\n<\/div>\n\t\t<\/div>\n\n\t\t\n<style>\n#section_332012917 {\n  padding-top: 0px;\n  padding-bottom: 0px;\n  min-height: 80vh;\n  background-color: #e7e9ea;\n}\n@media (min-width:550px) {\n  #section_332012917 {\n    padding-top: 0px;\n    padding-bottom: 0px;\n  }\n}\n<\/style>\n\t<\/section>\n\t\n\n\t<section class=\"section\" id=\"section_1200644227\">\n\t\t<div class=\"section-bg fill\" >\n\t\t\t\t\t\t\t\t\t\n\t\t\t\n\n\t\t<\/div>\n\n\t\t\n\n\t\t<div class=\"section-content relative\">\n\t\t\t\n<div class=\"row row-collapse align-bottom\"  id=\"row-1508937680\">\n\n\t<div id=\"col-1927720743\" class=\"col medium-6 small-12 large-6\"  >\n\t\t\t\t<div class=\"col-inner\"  >\n\t\t\t\n\t\t\t\n<h2>Onde estamos? <span class=\"azaros-slash\">\/<\/span><\/h2>\n<p>Nossa sede principal est\u00e1 localizada no norte da Espanha (Pa\u00eds Basco), perto do porto industrial de Bilbao, abertos para o mundo.<\/p>\n\t\t<\/div>\n\t\t\t\t\n<style>\n#col-1927720743 > .col-inner {\n  padding: 0px 10vh 0px 10vh;\n}\n@media (min-width:550px) {\n  #col-1927720743 > .col-inner {\n    padding: 0px 30px 0px 30px;\n  }\n}\n<\/style>\n\t<\/div>\n\n\t\n\n\t<div id=\"col-447985717\" class=\"col medium-6 small-12 large-6\"  >\n\t\t\t\t<div class=\"col-inner\"  >\n\t\t\t\n\t\t\t\n<p>Atualmente, estamos presentes em mais de 20 pa\u00edses e 4 continentes, sempre prontos para ir onde for necess\u00e1rio.<\/p>\n\t\t<\/div>\n\t\t\t\t\n<style>\n#col-447985717 > .col-inner {\n  padding: 0px 10vh 0px 10vh;\n}\n@media (min-width:550px) {\n  #col-447985717 > .col-inner {\n    padding: 0px 30px 0px 30px;\n  }\n}\n<\/style>\n\t<\/div>\n\n\t\n\n<style>\n#row-1508937680 > .col > .col-inner {\n  padding: 0px 5vh 0px 5vh;\n}\n@media (min-width:550px) {\n  #row-1508937680 > .col > .col-inner {\n    padding: 5vh 5vh 5vh 5vh;\n  }\n}\n@media (min-width:850px) {\n  #row-1508937680 > .col > .col-inner {\n    padding: 5vh 0px 5vh 0px;\n  }\n}\n<\/style>\n<\/div>\n<div class=\"row\"  id=\"row-1727304131\">\n\n\t<div id=\"col-1041268481\" class=\"col small-12 large-12\"  >\n\t\t\t\t<div class=\"col-inner\"  >\n\t\t\t\n\t\t\t\n\t<div class=\"img has-hover x md-x lg-x y md-y lg-y\" id=\"image_1276329630\">\n\t\t\t\t\t\t<div data-animate=\"fadeInUp\">\t\t<div class=\"img-inner dark\" >\n\t\t\t<img loading=\"lazy\" decoding=\"async\" width=\"1649\" height=\"1054\" src=\"https:\/\/www.azaros.eu\/wp-content\/uploads\/2025\/07\/Mapa-AZAROS.png\" class=\"attachment-original size-original\" alt=\"\" srcset=\"https:\/\/www.azaros.eu\/wp-content\/uploads\/2025\/07\/Mapa-AZAROS.png 1649w, https:\/\/www.azaros.eu\/wp-content\/uploads\/2025\/07\/Mapa-AZAROS-200x128.png 200w, https:\/\/www.azaros.eu\/wp-content\/uploads\/2025\/07\/Mapa-AZAROS-1024x655.png 1024w, https:\/\/www.azaros.eu\/wp-content\/uploads\/2025\/07\/Mapa-AZAROS-300x192.png 300w, https:\/\/www.azaros.eu\/wp-content\/uploads\/2025\/07\/Mapa-AZAROS-768x491.png 768w, https:\/\/www.azaros.eu\/wp-content\/uploads\/2025\/07\/Mapa-AZAROS-1536x982.png 1536w\" sizes=\"auto, (max-width: 1649px) 100vw, 1649px\" \/>\t\t\t\t\t\t\n\t\t\t\t\t<\/div>\n\t\t<\/div>\t\t\t\t\t\t\n<style>\n#image_1276329630 {\n  width: 100%;\n}\n<\/style>\n\t<\/div>\n\t\n\t\t<\/div>\n\t\t\t\t\t<\/div>\n\n\t\n<\/div>\n\t\t<\/div>\n\n\t\t\n<style>\n#section_1200644227 {\n  padding-top: 60px;\n  padding-bottom: 60px;\n  background-color: rgb(255,255,255);\n}\n<\/style>\n\t<\/section>\n\t\n\n\t<section class=\"section\" id=\"section_20749685\">\n\t\t<div class=\"section-bg fill\" >\n\t\t\t\t\t\t\t\t\t\n\t\t\t\n\t<div class=\"is-border\"\n\t\tstyle=\"border-width:0px 0px 0px 0px;margin:0px 0px 0px 0px;\">\n\t<\/div>\n\n\t\t<\/div>\n\n\t\t\n\n\t\t<div class=\"section-content relative\">\n\t\t\t\n<div class=\"row row-collapse row-full-width align-middle\"  id=\"row-720556554\">\n\n\t<div id=\"col-650359516\" class=\"col medium-6 small-12 large-6\"  >\n\t\t\t\t<div class=\"col-inner\"  >\n\t\t\t\n\t\t\t\n\t<div class=\"img has-hover x md-x lg-x y md-y lg-y\" id=\"image_1967009188\">\n\t\t\t\t\t\t<div data-animate=\"fadeInUp\">\t\t<div class=\"img-inner image-cover dark\" style=\"padding-top:80vh;margin:0px 0px 0px 0px;\">\n\t\t\t<img loading=\"lazy\" decoding=\"async\" width=\"1150\" height=\"800\" src=\"https:\/\/www.azaros.eu\/wp-content\/uploads\/2025\/05\/Azaros_Historia-25.jpg\" class=\"attachment-original size-original\" alt=\"\" srcset=\"https:\/\/www.azaros.eu\/wp-content\/uploads\/2025\/05\/Azaros_Historia-25.jpg 1150w, https:\/\/www.azaros.eu\/wp-content\/uploads\/2025\/05\/Azaros_Historia-25-200x139.jpg 200w, https:\/\/www.azaros.eu\/wp-content\/uploads\/2025\/05\/Azaros_Historia-25-1024x712.jpg 1024w, https:\/\/www.azaros.eu\/wp-content\/uploads\/2025\/05\/Azaros_Historia-25-300x209.jpg 300w, https:\/\/www.azaros.eu\/wp-content\/uploads\/2025\/05\/Azaros_Historia-25-768x534.jpg 768w\" sizes=\"auto, (max-width: 1150px) 100vw, 1150px\" \/>\t\t\t\t\t\t\n\t\t\t\t\t<\/div>\n\t\t<\/div>\t\t\t\t\t\t\n<style>\n#image_1967009188 {\n  width: 100%;\n}\n<\/style>\n\t<\/div>\n\t\n\t\t<\/div>\n\t\t\t\t\t<\/div>\n\n\t\n\n\t<div id=\"col-1496958323\" class=\"col medium-6 small-12 large-6 small-col-first\"  >\n\t\t\t\t<div class=\"col-inner\"  >\n\t\t\t\n\t\t\t\n<h2>Nossa hist\u00f3ria <span class=\"azaros-slash\">\/<\/span><\/h2>\n<p>Nascemos em 2001 como resultado do desenvolvimento das oportunidades de mercado que o setor industrial oferecia em rela\u00e7\u00e3o \u00e0 demanda por componentes, consum\u00edveis e mat\u00e9rias-primas.<\/p>\n<p>Com base no profundo conhecimento do setor industrial por parte da nossa equipe, desenvolvemos uma ampla gama de materiais para atender \u00e0s necessidades de nossos clientes.<\/p>\n<p>A Azaros continuou a progredir e a desenvolver novos materiais para aplica\u00e7\u00f5es em setores alternativos, permitindo a diversifica\u00e7\u00e3o de sua atividade. Avan\u00e7amos para o futuro com responsabilidade e compromisso. <\/p>\n\t\t<\/div>\n\t\t\t\t\n<style>\n#col-1496958323 > .col-inner {\n  padding: 5vh 20px 5vh 20px;\n}\n@media (min-width:550px) {\n  #col-1496958323 > .col-inner {\n    padding: 0px 20px 0px 20px;\n  }\n}\n@media (min-width:850px) {\n  #col-1496958323 > .col-inner {\n    padding: 0px 120px 0px 60px;\n  }\n}\n<\/style>\n\t<\/div>\n\n\t\n<\/div>\n\t\t<\/div>\n\n\t\t\n<style>\n#section_20749685 {\n  padding-top: 0px;\n  padding-bottom: 0px;\n  min-height: 80vh;\n  background-color: rgb(231, 233, 234);\n}\n@media (min-width:550px) {\n  #section_20749685 {\n    padding-top: 0px;\n    padding-bottom: 0px;\n  }\n}\n<\/style>\n\t<\/section>\n\t\n\n\t<section class=\"section\" id=\"section_2051895294\">\n\t\t<div class=\"section-bg fill\" >\n\t\t\t\t\t\t\t\t\t\n\t\t\t\n\n\t\t<\/div>\n\n\t\t\n\n\t\t<div class=\"section-content relative\">\n\t\t\t\n<div class=\"row align-center\"  id=\"row-1033148850\">\n\n\t<div id=\"col-1477924190\" class=\"col medium-8 small-12 large-8\"  >\n\t\t\t\t<div class=\"col-inner text-center\"  >\n\t\t\t\n\t\t\t\n\t<div id=\"text-3665524188\" class=\"text\">\n\t\t\n<h2>Nosso Compromisso <span class=\"azaros-slash\">\/<\/span><\/h2>\n\t\t\n<style>\n#text-3665524188 {\n  font-size: 0.95rem;\n}\n<\/style>\n\t<\/div>\n\t\n\t<div id=\"gap-1630330836\" class=\"gap-element clearfix\" style=\"display:block; height:auto;\">\n\t\t\n<style>\n#gap-1630330836 {\n  padding-top: 60px;\n}\n<\/style>\n\t<\/div>\n\t\n\t<div id=\"text-1654601364\" class=\"text\">\n\t\t\n<p>Todas as pessoas que trabalham na Azaros est\u00e3o totalmente comprometidas com altos padr\u00f5es de orienta\u00e7\u00e3o ao cliente. Gra\u00e7as a isso, somos especialistas na realiza\u00e7\u00e3o de demandas personalizadas. <\/p>\n<p>Valores como respeito e confian\u00e7a est\u00e3o profundamente enraizados na filosofia da Azaros e fazem a diferen\u00e7a nas rela\u00e7\u00f5es com nossos clientes.<br \/>\n\t\t\n<style>\n#text-1654601364 {\n  text-align: center;\n}\n<\/style>\n\t<\/div>\n\t\n\t\t<\/div>\n\t\t\t\t\t<\/div>\n\n\t\n\n<style>\n#row-1033148850 > .col > .col-inner {\n  padding: 10vh 0px 10vh 0px;\n}\n@media (min-width:550px) {\n  #row-1033148850 > .col > .col-inner {\n    padding: 40px 0px 80px 0px;\n  }\n}\n<\/style>\n<\/div>\n\t\t<\/div>\n\n\t\t\n<style>\n#section_2051895294 {\n  padding-top: 0px;\n  padding-bottom: 0px;\n}\n@media (min-width:550px) {\n  #section_2051895294 {\n    padding-top: 120px;\n    padding-bottom: 120px;\n  }\n}\n<\/style>\n\t<\/section>\n\t\n","protected":false},"excerpt":{"rendered":"","protected":false},"author":1,"featured_media":0,"parent":0,"menu_order":0,"comment_status":"closed","ping_status":"closed","template":"page-blank.php","meta":{"footnotes":""},"class_list":["post-9841","page","type-page","status-publish","hentry"],"yoast_head":"<!-- This site is optimized with the Yoast SEO plugin v27.5 - https:\/\/yoast.com\/product\/yoast-seo-wordpress\/ -->\n<title>Servi\u00e7o de qualidade com solu\u00e7\u00f5es personalizadas | Azaros<\/title>\n<meta name=\"description\" content=\"A Azaros \u00e9 l\u00edder nacional e internacional no fornecimento e comercializa\u00e7\u00e3o das principais mat\u00e9rias-primas procuradas por todos os setores. Entre em contacto connosco!\" \/>\n<meta name=\"robots\" content=\"index, follow, max-snippet:-1, max-image-preview:large, max-video-preview:-1\" \/>\n<link rel=\"canonical\" href=\"https:\/\/www.azaros.eu\/pt-pt\/azaros\/\" \/>\n<meta property=\"og:locale\" content=\"pt_PT\" \/>\n<meta property=\"og:type\" content=\"article\" \/>\n<meta property=\"og:title\" content=\"Servi\u00e7o de qualidade com solu\u00e7\u00f5es personalizadas | Azaros\" \/>\n<meta property=\"og:description\" content=\"A Azaros \u00e9 l\u00edder nacional e internacional no fornecimento e comercializa\u00e7\u00e3o das principais mat\u00e9rias-primas procuradas por todos os setores. Entre em contacto connosco!\" \/>\n<meta property=\"og:url\" content=\"https:\/\/www.azaros.eu\/pt-pt\/azaros\/\" \/>\n<meta property=\"og:site_name\" content=\"Azaros\" \/>\n<meta property=\"article:modified_time\" content=\"2025-07-28T10:40:27+00:00\" \/>\n<meta name=\"twitter:card\" content=\"summary_large_image\" \/>\n<meta name=\"twitter:label1\" content=\"Tempo estimado de leitura\" \/>\n\t<meta name=\"twitter:data1\" content=\"3 minutos\" \/>\n<script type=\"application\/ld+json\" class=\"yoast-schema-graph\">{\"@context\":\"https:\\\/\\\/schema.org\",\"@graph\":[{\"@type\":\"WebPage\",\"@id\":\"https:\\\/\\\/www.azaros.eu\\\/pt-pt\\\/azaros\\\/\",\"url\":\"https:\\\/\\\/www.azaros.eu\\\/pt-pt\\\/azaros\\\/\",\"name\":\"Servi\u00e7o de qualidade com solu\u00e7\u00f5es personalizadas | Azaros\",\"isPartOf\":{\"@id\":\"https:\\\/\\\/www.azaros.eu\\\/pt-pt\\\/#website\"},\"datePublished\":\"2018-07-27T13:18:36+00:00\",\"dateModified\":\"2025-07-28T10:40:27+00:00\",\"description\":\"A Azaros \u00e9 l\u00edder nacional e internacional no fornecimento e comercializa\u00e7\u00e3o das principais mat\u00e9rias-primas procuradas por todos os setores. Entre em contacto connosco!\",\"breadcrumb\":{\"@id\":\"https:\\\/\\\/www.azaros.eu\\\/pt-pt\\\/azaros\\\/#breadcrumb\"},\"inLanguage\":\"pt-PT\",\"potentialAction\":[{\"@type\":\"ReadAction\",\"target\":[\"https:\\\/\\\/www.azaros.eu\\\/pt-pt\\\/azaros\\\/\"]}]},{\"@type\":\"BreadcrumbList\",\"@id\":\"https:\\\/\\\/www.azaros.eu\\\/pt-pt\\\/azaros\\\/#breadcrumb\",\"itemListElement\":[{\"@type\":\"ListItem\",\"position\":1,\"name\":\"Azaros\",\"item\":\"https:\\\/\\\/www.azaros.eu\\\/pt-pt\\\/azaros-home\\\/\"},{\"@type\":\"ListItem\",\"position\":2,\"name\":\"Azaros\"}]},{\"@type\":\"WebSite\",\"@id\":\"https:\\\/\\\/www.azaros.eu\\\/pt-pt\\\/#website\",\"url\":\"https:\\\/\\\/www.azaros.eu\\\/pt-pt\\\/\",\"name\":\"Azaros\",\"description\":\"Fabricamos, distribuimos y comercializamos una gran gama de suministros.\",\"potentialAction\":[{\"@type\":\"SearchAction\",\"target\":{\"@type\":\"EntryPoint\",\"urlTemplate\":\"https:\\\/\\\/www.azaros.eu\\\/pt-pt\\\/?s={search_term_string}\"},\"query-input\":{\"@type\":\"PropertyValueSpecification\",\"valueRequired\":true,\"valueName\":\"search_term_string\"}}],\"inLanguage\":\"pt-PT\"}]}<\/script>\n<!-- \/ Yoast SEO plugin. -->","yoast_head_json":{"title":"Servi\u00e7o de qualidade com solu\u00e7\u00f5es personalizadas | Azaros","description":"A Azaros \u00e9 l\u00edder nacional e internacional no fornecimento e comercializa\u00e7\u00e3o das principais mat\u00e9rias-primas procuradas por todos os setores. Entre em contacto connosco!","robots":{"index":"index","follow":"follow","max-snippet":"max-snippet:-1","max-image-preview":"max-image-preview:large","max-video-preview":"max-video-preview:-1"},"canonical":"https:\/\/www.azaros.eu\/pt-pt\/azaros\/","og_locale":"pt_PT","og_type":"article","og_title":"Servi\u00e7o de qualidade com solu\u00e7\u00f5es personalizadas | Azaros","og_description":"A Azaros \u00e9 l\u00edder nacional e internacional no fornecimento e comercializa\u00e7\u00e3o das principais mat\u00e9rias-primas procuradas por todos os setores. Entre em contacto connosco!","og_url":"https:\/\/www.azaros.eu\/pt-pt\/azaros\/","og_site_name":"Azaros","article_modified_time":"2025-07-28T10:40:27+00:00","twitter_card":"summary_large_image","twitter_misc":{"Tempo estimado de leitura":"3 minutos"},"schema":{"@context":"https:\/\/schema.org","@graph":[{"@type":"WebPage","@id":"https:\/\/www.azaros.eu\/pt-pt\/azaros\/","url":"https:\/\/www.azaros.eu\/pt-pt\/azaros\/","name":"Servi\u00e7o de qualidade com solu\u00e7\u00f5es personalizadas | Azaros","isPartOf":{"@id":"https:\/\/www.azaros.eu\/pt-pt\/#website"},"datePublished":"2018-07-27T13:18:36+00:00","dateModified":"2025-07-28T10:40:27+00:00","description":"A Azaros \u00e9 l\u00edder nacional e internacional no fornecimento e comercializa\u00e7\u00e3o das principais mat\u00e9rias-primas procuradas por todos os setores. Entre em contacto connosco!","breadcrumb":{"@id":"https:\/\/www.azaros.eu\/pt-pt\/azaros\/#breadcrumb"},"inLanguage":"pt-PT","potentialAction":[{"@type":"ReadAction","target":["https:\/\/www.azaros.eu\/pt-pt\/azaros\/"]}]},{"@type":"BreadcrumbList","@id":"https:\/\/www.azaros.eu\/pt-pt\/azaros\/#breadcrumb","itemListElement":[{"@type":"ListItem","position":1,"name":"Azaros","item":"https:\/\/www.azaros.eu\/pt-pt\/azaros-home\/"},{"@type":"ListItem","position":2,"name":"Azaros"}]},{"@type":"WebSite","@id":"https:\/\/www.azaros.eu\/pt-pt\/#website","url":"https:\/\/www.azaros.eu\/pt-pt\/","name":"Azaros","description":"Fabricamos, distribuimos y comercializamos una gran gama de suministros.","potentialAction":[{"@type":"SearchAction","target":{"@type":"EntryPoint","urlTemplate":"https:\/\/www.azaros.eu\/pt-pt\/?s={search_term_string}"},"query-input":{"@type":"PropertyValueSpecification","valueRequired":true,"valueName":"search_term_string"}}],"inLanguage":"pt-PT"}]}},"_links":{"self":[{"href":"https:\/\/www.azaros.eu\/pt-pt\/wp-json\/wp\/v2\/pages\/9841","targetHints":{"allow":["GET"]}}],"collection":[{"href":"https:\/\/www.azaros.eu\/pt-pt\/wp-json\/wp\/v2\/pages"}],"about":[{"href":"https:\/\/www.azaros.eu\/pt-pt\/wp-json\/wp\/v2\/types\/page"}],"author":[{"embeddable":true,"href":"https:\/\/www.azaros.eu\/pt-pt\/wp-json\/wp\/v2\/users\/1"}],"replies":[{"embeddable":true,"href":"https:\/\/www.azaros.eu\/pt-pt\/wp-json\/wp\/v2\/comments?post=9841"}],"version-history":[{"count":0,"href":"https:\/\/www.azaros.eu\/pt-pt\/wp-json\/wp\/v2\/pages\/9841\/revisions"}],"wp:attachment":[{"href":"https:\/\/www.azaros.eu\/pt-pt\/wp-json\/wp\/v2\/media?parent=9841"}],"curies":[{"name":"wp","href":"https:\/\/api.w.org\/{rel}","templated":true}]}}