{"id":9858,"date":"2018-08-06T08:51:45","date_gmt":"2018-08-06T07:51:45","guid":{"rendered":"https:\/\/www.azaros.eu\/refratario\/"},"modified":"2025-05-15T15:13:18","modified_gmt":"2025-05-15T14:13:18","slug":"refratario","status":"publish","type":"page","link":"https:\/\/www.azaros.eu\/pt-pt\/setores-industriais\/refratario\/","title":{"rendered":"Refrat\u00e1rio"},"content":{"rendered":"\n\t<section class=\"section bannersectores\" id=\"section_1736907693\">\n\t\t<div class=\"section-bg fill\" >\n\t\t\t<img loading=\"lazy\" decoding=\"async\" width=\"2000\" height=\"560\" src=\"https:\/\/www.azaros.eu\/wp-content\/uploads\/2025\/04\/AZAROS-sectores-Refractarios.jpg\" class=\"bg attachment-original size-original\" alt=\"\" \/>\t\t\t\t\t\t\n\t\t\t\n\t<div class=\"is-border\"\n\t\tstyle=\"border-width:0px 0px 0px 0px;margin:0px 0px 0px 0px;\">\n\t<\/div>\n\n\t\t<\/div>\n\n\t\t\n\n\t\t<div class=\"section-content relative\">\n\t\t\t\n<div class=\"row row-collapse columnaSectores\"  id=\"row-74514561\">\n\n\t<div id=\"col-1656683257\" class=\"col small-12 large-12\"  >\n\t\t\t\t<div class=\"col-inner\"  >\n\t\t\t\n\t\t\t\n\t<div class=\"img has-hover lineaProductoNegro x md-x lg-x y md-y lg-y\" id=\"image_1830915852\">\n\t\t\t\t\t\t\t\t<div class=\"img-inner image-cover dark\" style=\"padding-top:15px;margin:0px 0px 0px 0px;\">\n\t\t\t<img loading=\"lazy\" decoding=\"async\" width=\"320\" height=\"16\" src=\"https:\/\/www.azaros.eu\/wp-content\/uploads\/2018\/10\/Recurso-79.jpg\" class=\"attachment-original size-original\" alt=\"\" srcset=\"https:\/\/www.azaros.eu\/wp-content\/uploads\/2018\/10\/Recurso-79.jpg 320w, https:\/\/www.azaros.eu\/wp-content\/uploads\/2018\/10\/Recurso-79-200x10.jpg 200w, https:\/\/www.azaros.eu\/wp-content\/uploads\/2018\/10\/Recurso-79-300x15.jpg 300w\" sizes=\"auto, (max-width: 320px) 100vw, 320px\" \/>\t\t\t\t\t\t\n\t\t\t\t\t<\/div>\n\t\t\t\t\t\t\t\t\n<style>\n#image_1830915852 {\n  width: 100%;\n}\n<\/style>\n\t<\/div>\n\t\n\t<div id=\"text-2511248634\" class=\"text TextSectores\">\n\t\t\n<h1 style=\"font-size: 3em;\">Fornecimento para o setor refrat\u00e1rio \/<\/h1>\n\t\t\t<\/div>\n\t\n\t<div class=\"img has-hover lineaProductoNegro x md-x lg-x y md-y lg-y\" id=\"image_451387720\">\n\t\t\t\t\t\t\t\t<div class=\"img-inner image-cover dark\" style=\"padding-top:15px;margin:0px 0px 0px 0px;\">\n\t\t\t<img loading=\"lazy\" decoding=\"async\" width=\"320\" height=\"16\" src=\"https:\/\/www.azaros.eu\/wp-content\/uploads\/2018\/10\/Recurso-79.jpg\" class=\"attachment-original size-original\" alt=\"\" srcset=\"https:\/\/www.azaros.eu\/wp-content\/uploads\/2018\/10\/Recurso-79.jpg 320w, https:\/\/www.azaros.eu\/wp-content\/uploads\/2018\/10\/Recurso-79-200x10.jpg 200w, https:\/\/www.azaros.eu\/wp-content\/uploads\/2018\/10\/Recurso-79-300x15.jpg 300w\" sizes=\"auto, (max-width: 320px) 100vw, 320px\" \/>\t\t\t\t\t\t\n\t\t\t\t\t<\/div>\n\t\t\t\t\t\t\t\t\n<style>\n#image_451387720 {\n  width: 100%;\n}\n<\/style>\n\t<\/div>\n\t\n\t\t<\/div>\n\t\t\t\t\t<\/div>\n\n\t\n\n<style>\n#row-74514561 > .col > .col-inner {\n  padding: 0px 15px 0px 15px;\n}\n<\/style>\n<\/div>\n\t\t<\/div>\n\n\t\t\n<style>\n#section_1736907693 {\n  padding-top: 0px;\n  padding-bottom: 0px;\n  margin-bottom: 0px;\n  min-height: 400px;\n}\n<\/style>\n\t<\/section>\n\t\n\n\t<section class=\"section\" id=\"section_1027967754\">\n\t\t<div class=\"section-bg fill\" >\n\t\t\t\t\t\t\t\t\t\n\t\t\t\n\n\t\t<\/div>\n\n\t\t\n\n\t\t<div class=\"section-content relative\">\n\t\t\t\n<div class=\"row row-large align-middle divider-azaros-bottom-negro\"  id=\"row-263597009\">\n\n\t<div id=\"col-600068213\" class=\"col medium-6 small-12 large-6\"  >\n\t\t\t\t<div class=\"col-inner text-left\"  >\n\t\t\t\n\t\t\t\n<p><strong>Solu\u00e7\u00f5es para o setor refrat\u00e1rio<br \/>\n<\/strong><br \/>\nOferecemos solu\u00e7\u00f5es tanto para a fabrica\u00e7\u00e3o de materiais refrat\u00e1rios quanto para a repara\u00e7\u00e3o e manuten\u00e7\u00e3o das instala\u00e7\u00f5es.<\/p>\n<p>Na Azaros, voc\u00ea encontrar\u00e1 uma ampla gama de materiais de alta qualidade, adaptados \u00e0s necessidades e exig\u00eancias espec\u00edficas do setor refrat\u00e1rio.<\/p>\n<p>Contamos com amplos recursos de armazenamento e log\u00edstica para garantir um servi\u00e7o \u00e1gil em qualquer parte do mundo.<\/p>\n\t\t<\/div>\n\t\t\t\t\t<\/div>\n\n\t\n\n\t<div id=\"col-407696227\" class=\"col hide-for-small medium-6 small-12 large-6\"  >\n\t\t\t\t<div class=\"col-inner text-center\"  >\n\t\t\t\n\t\t\t\n\t<div id=\"text-2115925567\" class=\"text\">\n\t\t\n<p><b>Se voc\u00ea n\u00e3o encontrar o que procura, entre em contato conosco para que possamos oferecer uma solu\u00e7\u00e3o sob medida.<\/b><\/p>\n\t\t\n<style>\n#text-2115925567 {\n  font-size: 2rem;\n  text-align: left;\n}\n<\/style>\n\t<\/div>\n\t\n<a href=\"https:\/\/www.azaros.eu\/pt-pt\/contato\/\" class=\"button white is-outline\" style=\"border-radius:99px;\">\n\t\t<span>Contato<\/span>\n\t<\/a>\n\n\t\t<\/div>\n\t\t\t\t\n<style>\n#col-407696227 > .col-inner {\n  padding: 0px 60px 0px 60px;\n}\n<\/style>\n\t<\/div>\n\n\t\n<\/div>\n\t\t<\/div>\n\n\t\t\n<style>\n#section_1027967754 {\n  padding-top: 60px;\n  padding-bottom: 60px;\n}\n<\/style>\n\t<\/section>\n\t\n\n\t<section class=\"section\" id=\"section_784853220\">\n\t\t<div class=\"section-bg fill\" >\n\t\t\t\t\t\t\t\t\t\n\t\t\t\n\n\t\t<\/div>\n\n\t\t\n\n\t\t<div class=\"section-content relative\">\n\t\t\t\n<div class=\"row align-middle\"  id=\"row-1181386488\">\n\n\t<div id=\"col-597469368\" class=\"col medium-6 small-12 large-6\"  >\n\t\t\t\t<div class=\"col-inner\"  >\n\t\t\t\n\t\t\t\n\t<div id=\"text-2908647344\" class=\"text\">\n\t\t\n<h2>Produtos<br \/>\nrelacionado<span class=\"azaros-slash\">\/<\/span><\/h2>\n\t\t\n<style>\n#text-2908647344 {\n  font-size: 0.95rem;\n}\n<\/style>\n\t<\/div>\n\t\n\t\t<\/div>\n\t\t\t\t\t<\/div>\n\n\t\n\n\t<div id=\"col-769060104\" class=\"col medium-6 small-12 large-6\"  >\n\t\t\t\t<div class=\"col-inner text-center\"  >\n\t\t\t\n\t\t\t\n<a data-animate=\"fadeInRight\" href=\"\/pt-pt\/produtos\/\" class=\"button white is-outline lowercase\" style=\"border-radius:99px;\">\n\t\t<span>ver todos os produtos<\/span>\n\t<\/a>\n\n\t\t<\/div>\n\t\t\t\t\t<\/div>\n\n\t\n\n<style>\n#row-1181386488 > .col > .col-inner {\n  padding: 60px 0px 60px 0px;\n}\n<\/style>\n<\/div>\n<div class=\"row\"  id=\"row-1760583132\">\n\n\t<div id=\"col-314832805\" class=\"col small-12 large-12\"  >\n\t\t\t\t<div class=\"col-inner\"  >\n\t\t\t\n\t\t\t\n\t\n  \n    <div class=\"row large-columns-3 medium-columns- small-columns-1 row-small slider row-slider slider-nav-simple slider-nav-outside slider-nav-push\"  data-flickity-options='{&quot;imagesLoaded&quot;: true, &quot;groupCells&quot;: &quot;100%&quot;, &quot;dragThreshold&quot; : 5, &quot;cellAlign&quot;: &quot;left&quot;,&quot;wrapAround&quot;: true,&quot;prevNextButtons&quot;: true,&quot;percentPosition&quot;: true,&quot;pageDots&quot;: false, &quot;rightToLeft&quot;: false, &quot;autoPlay&quot; : 2000}' >\n\n  \n\t     <div class=\"product-small col has-hover product type-product post-10171 status-publish first instock product_cat-carbeto-de-silicio has-post-thumbnail shipping-taxable product-type-simple\">\n\t<div class=\"col-inner\">\n\t\n<div class=\"badge-container absolute left top z-1\">\n\n<\/div>\n\t<div class=\"product-small box \">\n\t\t<div class=\"box-image\">\n\t\t\t<div class=\"image-fade-in\">\n\t\t\t\t<a href=\"https:\/\/www.azaros.eu\/pt-pt\/produto\/placa-de-carboneto-de-silicio-sem-nitretado\/\">\n\t\t\t\t\t<img loading=\"lazy\" decoding=\"async\" width=\"496\" height=\"595\" src=\"https:\/\/www.azaros.eu\/wp-content\/uploads\/2024\/06\/Carril-Carburo-Silicio-496x595.jpg\" class=\"attachment-woocommerce_thumbnail size-woocommerce_thumbnail\" alt=\"Placa de carboneto de sil\u00edcio sem nitretado\" \/>\t\t\t\t<\/a>\n\t\t\t<\/div>\n\t\t\t<div class=\"image-tools is-small top right show-on-hover\">\n\t\t\t\t\t\t\t<\/div>\n\t\t\t<div class=\"image-tools is-small hide-for-small bottom left show-on-hover\">\n\t\t\t\t\t\t\t<\/div>\n\t\t\t<div class=\"image-tools grid-tools text-center hide-for-small bottom hover-slide-in show-on-hover\">\n\t\t\t\t\t\t\t<\/div>\n\t\t\t\t\t<\/div>\n\n\t\t<div class=\"box-text box-text-products\">\n\t\t\t<div class=\"title-wrapper\"><p class=\"name product-title woocommerce-loop-product__title\"><a href=\"https:\/\/www.azaros.eu\/pt-pt\/produto\/placa-de-carboneto-de-silicio-sem-nitretado\/\" class=\"woocommerce-LoopProduct-link woocommerce-loop-product__link\">Placa de carboneto de sil\u00edcio sem nitretado<\/a><\/p><\/div><div class=\"price-wrapper\"><\/div>\t\t<\/div>\n\t<\/div>\n\t\t<\/div>\n<\/div><div class=\"product-small col has-hover product type-product post-10397 status-publish last instock product_cat-granalha has-post-thumbnail shipping-taxable product-type-simple\">\n\t<div class=\"col-inner\">\n\t\n<div class=\"badge-container absolute left top z-1\">\n\n<\/div>\n\t<div class=\"product-small box \">\n\t\t<div class=\"box-image\">\n\t\t\t<div class=\"image-fade-in\">\n\t\t\t\t<a href=\"https:\/\/www.azaros.eu\/pt-pt\/produto\/alambre-de-acero-al-carbono\/\">\n\t\t\t\t\t<img loading=\"lazy\" decoding=\"async\" width=\"496\" height=\"595\" src=\"https:\/\/www.azaros.eu\/wp-content\/uploads\/2024\/07\/AZAROS-Alambre-de-acero-al-carbono-496x595.jpg\" class=\"attachment-woocommerce_thumbnail size-woocommerce_thumbnail\" alt=\"Arame de a\u00e7o carbono\" \/>\t\t\t\t<\/a>\n\t\t\t<\/div>\n\t\t\t<div class=\"image-tools is-small top right show-on-hover\">\n\t\t\t\t\t\t\t<\/div>\n\t\t\t<div class=\"image-tools is-small hide-for-small bottom left show-on-hover\">\n\t\t\t\t\t\t\t<\/div>\n\t\t\t<div class=\"image-tools grid-tools text-center hide-for-small bottom hover-slide-in show-on-hover\">\n\t\t\t\t\t\t\t<\/div>\n\t\t\t\t\t<\/div>\n\n\t\t<div class=\"box-text box-text-products\">\n\t\t\t<div class=\"title-wrapper\"><p class=\"name product-title woocommerce-loop-product__title\"><a href=\"https:\/\/www.azaros.eu\/pt-pt\/produto\/alambre-de-acero-al-carbono\/\" class=\"woocommerce-LoopProduct-link woocommerce-loop-product__link\">Arame de a\u00e7o carbono<\/a><\/p><\/div><div class=\"price-wrapper\"><\/div>\t\t<\/div>\n\t<\/div>\n\t\t<\/div>\n<\/div><\/div>\n\t\t<\/div>\n\t\t\t\t\t<\/div>\n\n\t\n<\/div>\n\t\t<\/div>\n\n\t\t\n<style>\n#section_784853220 {\n  padding-top: 0px;\n  padding-bottom: 0px;\n}\n<\/style>\n\t<\/section>\n\t\n","protected":false},"excerpt":{"rendered":"","protected":false},"author":1,"featured_media":0,"parent":10462,"menu_order":0,"comment_status":"closed","ping_status":"closed","template":"page-blank.php","meta":{"footnotes":""},"class_list":["post-9858","page","type-page","status-publish","hentry"],"yoast_head":"<!-- This site is optimized with the Yoast SEO plugin v27.5 - https:\/\/yoast.com\/product\/yoast-seo-wordpress\/ -->\n<title>Solu\u00e7\u00f5es para o setor refrat\u00e1rio | Azaros<\/title>\n<meta name=\"description\" content=\"Na Azaros, encontrar\u00e1 uma vasta gama de materiais de elevada qualidade adaptados \u00e0s necessidades e requisitos espec\u00edficos das solu\u00e7\u00f5es refrat\u00e1rias. Consum\u00edveis para refrat\u00e1rios.\" \/>\n<meta name=\"robots\" content=\"index, follow, max-snippet:-1, max-image-preview:large, max-video-preview:-1\" \/>\n<link rel=\"canonical\" href=\"https:\/\/www.azaros.eu\/pt-pt\/setores-industriais\/refratario\/\" \/>\n<meta property=\"og:locale\" content=\"pt_PT\" \/>\n<meta property=\"og:type\" content=\"article\" \/>\n<meta property=\"og:title\" content=\"Solu\u00e7\u00f5es para o setor refrat\u00e1rio | Azaros\" \/>\n<meta property=\"og:description\" content=\"Na Azaros, encontrar\u00e1 uma vasta gama de materiais de elevada qualidade adaptados \u00e0s necessidades e requisitos espec\u00edficos das solu\u00e7\u00f5es refrat\u00e1rias. Consum\u00edveis para refrat\u00e1rios.\" \/>\n<meta property=\"og:url\" content=\"https:\/\/www.azaros.eu\/pt-pt\/setores-industriais\/refratario\/\" \/>\n<meta property=\"og:site_name\" content=\"Azaros\" \/>\n<meta property=\"article:modified_time\" content=\"2025-05-15T14:13:18+00:00\" \/>\n<meta name=\"twitter:card\" content=\"summary_large_image\" \/>\n<meta name=\"twitter:label1\" content=\"Tempo estimado de leitura\" \/>\n\t<meta name=\"twitter:data1\" content=\"2 minutos\" \/>\n<script type=\"application\/ld+json\" class=\"yoast-schema-graph\">{\"@context\":\"https:\\\/\\\/schema.org\",\"@graph\":[{\"@type\":\"WebPage\",\"@id\":\"https:\\\/\\\/www.azaros.eu\\\/pt-pt\\\/setores-industriais\\\/refratario\\\/\",\"url\":\"https:\\\/\\\/www.azaros.eu\\\/pt-pt\\\/setores-industriais\\\/refratario\\\/\",\"name\":\"Solu\u00e7\u00f5es para o setor refrat\u00e1rio | Azaros\",\"isPartOf\":{\"@id\":\"https:\\\/\\\/www.azaros.eu\\\/pt-pt\\\/#website\"},\"datePublished\":\"2018-08-06T07:51:45+00:00\",\"dateModified\":\"2025-05-15T14:13:18+00:00\",\"description\":\"Na Azaros, encontrar\u00e1 uma vasta gama de materiais de elevada qualidade adaptados \u00e0s necessidades e requisitos espec\u00edficos das solu\u00e7\u00f5es refrat\u00e1rias. Consum\u00edveis para refrat\u00e1rios.\",\"breadcrumb\":{\"@id\":\"https:\\\/\\\/www.azaros.eu\\\/pt-pt\\\/setores-industriais\\\/refratario\\\/#breadcrumb\"},\"inLanguage\":\"pt-PT\",\"potentialAction\":[{\"@type\":\"ReadAction\",\"target\":[\"https:\\\/\\\/www.azaros.eu\\\/pt-pt\\\/setores-industriais\\\/refratario\\\/\"]}]},{\"@type\":\"BreadcrumbList\",\"@id\":\"https:\\\/\\\/www.azaros.eu\\\/pt-pt\\\/setores-industriais\\\/refratario\\\/#breadcrumb\",\"itemListElement\":[{\"@type\":\"ListItem\",\"position\":1,\"name\":\"Azaros\",\"item\":\"https:\\\/\\\/www.azaros.eu\\\/pt-pt\\\/azaros-home\\\/\"},{\"@type\":\"ListItem\",\"position\":2,\"name\":\"Setores industriais\",\"item\":\"https:\\\/\\\/www.azaros.eu\\\/pt-pt\\\/setores-industriais\\\/\"},{\"@type\":\"ListItem\",\"position\":3,\"name\":\"Refrat\u00e1rio\"}]},{\"@type\":\"WebSite\",\"@id\":\"https:\\\/\\\/www.azaros.eu\\\/pt-pt\\\/#website\",\"url\":\"https:\\\/\\\/www.azaros.eu\\\/pt-pt\\\/\",\"name\":\"Azaros\",\"description\":\"Fabricamos, distribuimos y comercializamos una gran gama de suministros.\",\"potentialAction\":[{\"@type\":\"SearchAction\",\"target\":{\"@type\":\"EntryPoint\",\"urlTemplate\":\"https:\\\/\\\/www.azaros.eu\\\/pt-pt\\\/?s={search_term_string}\"},\"query-input\":{\"@type\":\"PropertyValueSpecification\",\"valueRequired\":true,\"valueName\":\"search_term_string\"}}],\"inLanguage\":\"pt-PT\"}]}<\/script>\n<!-- \/ Yoast SEO plugin. -->","yoast_head_json":{"title":"Solu\u00e7\u00f5es para o setor refrat\u00e1rio | Azaros","description":"Na Azaros, encontrar\u00e1 uma vasta gama de materiais de elevada qualidade adaptados \u00e0s necessidades e requisitos espec\u00edficos das solu\u00e7\u00f5es refrat\u00e1rias. Consum\u00edveis para refrat\u00e1rios.","robots":{"index":"index","follow":"follow","max-snippet":"max-snippet:-1","max-image-preview":"max-image-preview:large","max-video-preview":"max-video-preview:-1"},"canonical":"https:\/\/www.azaros.eu\/pt-pt\/setores-industriais\/refratario\/","og_locale":"pt_PT","og_type":"article","og_title":"Solu\u00e7\u00f5es para o setor refrat\u00e1rio | Azaros","og_description":"Na Azaros, encontrar\u00e1 uma vasta gama de materiais de elevada qualidade adaptados \u00e0s necessidades e requisitos espec\u00edficos das solu\u00e7\u00f5es refrat\u00e1rias. Consum\u00edveis para refrat\u00e1rios.","og_url":"https:\/\/www.azaros.eu\/pt-pt\/setores-industriais\/refratario\/","og_site_name":"Azaros","article_modified_time":"2025-05-15T14:13:18+00:00","twitter_card":"summary_large_image","twitter_misc":{"Tempo estimado de leitura":"2 minutos"},"schema":{"@context":"https:\/\/schema.org","@graph":[{"@type":"WebPage","@id":"https:\/\/www.azaros.eu\/pt-pt\/setores-industriais\/refratario\/","url":"https:\/\/www.azaros.eu\/pt-pt\/setores-industriais\/refratario\/","name":"Solu\u00e7\u00f5es para o setor refrat\u00e1rio | Azaros","isPartOf":{"@id":"https:\/\/www.azaros.eu\/pt-pt\/#website"},"datePublished":"2018-08-06T07:51:45+00:00","dateModified":"2025-05-15T14:13:18+00:00","description":"Na Azaros, encontrar\u00e1 uma vasta gama de materiais de elevada qualidade adaptados \u00e0s necessidades e requisitos espec\u00edficos das solu\u00e7\u00f5es refrat\u00e1rias. Consum\u00edveis para refrat\u00e1rios.","breadcrumb":{"@id":"https:\/\/www.azaros.eu\/pt-pt\/setores-industriais\/refratario\/#breadcrumb"},"inLanguage":"pt-PT","potentialAction":[{"@type":"ReadAction","target":["https:\/\/www.azaros.eu\/pt-pt\/setores-industriais\/refratario\/"]}]},{"@type":"BreadcrumbList","@id":"https:\/\/www.azaros.eu\/pt-pt\/setores-industriais\/refratario\/#breadcrumb","itemListElement":[{"@type":"ListItem","position":1,"name":"Azaros","item":"https:\/\/www.azaros.eu\/pt-pt\/azaros-home\/"},{"@type":"ListItem","position":2,"name":"Setores industriais","item":"https:\/\/www.azaros.eu\/pt-pt\/setores-industriais\/"},{"@type":"ListItem","position":3,"name":"Refrat\u00e1rio"}]},{"@type":"WebSite","@id":"https:\/\/www.azaros.eu\/pt-pt\/#website","url":"https:\/\/www.azaros.eu\/pt-pt\/","name":"Azaros","description":"Fabricamos, distribuimos y comercializamos una gran gama de suministros.","potentialAction":[{"@type":"SearchAction","target":{"@type":"EntryPoint","urlTemplate":"https:\/\/www.azaros.eu\/pt-pt\/?s={search_term_string}"},"query-input":{"@type":"PropertyValueSpecification","valueRequired":true,"valueName":"search_term_string"}}],"inLanguage":"pt-PT"}]}},"_links":{"self":[{"href":"https:\/\/www.azaros.eu\/pt-pt\/wp-json\/wp\/v2\/pages\/9858","targetHints":{"allow":["GET"]}}],"collection":[{"href":"https:\/\/www.azaros.eu\/pt-pt\/wp-json\/wp\/v2\/pages"}],"about":[{"href":"https:\/\/www.azaros.eu\/pt-pt\/wp-json\/wp\/v2\/types\/page"}],"author":[{"embeddable":true,"href":"https:\/\/www.azaros.eu\/pt-pt\/wp-json\/wp\/v2\/users\/1"}],"replies":[{"embeddable":true,"href":"https:\/\/www.azaros.eu\/pt-pt\/wp-json\/wp\/v2\/comments?post=9858"}],"version-history":[{"count":0,"href":"https:\/\/www.azaros.eu\/pt-pt\/wp-json\/wp\/v2\/pages\/9858\/revisions"}],"up":[{"embeddable":true,"href":"https:\/\/www.azaros.eu\/pt-pt\/wp-json\/wp\/v2\/pages\/10462"}],"wp:attachment":[{"href":"https:\/\/www.azaros.eu\/pt-pt\/wp-json\/wp\/v2\/media?parent=9858"}],"curies":[{"name":"wp","href":"https:\/\/api.w.org\/{rel}","templated":true}]}}