{"id":9862,"date":"2018-08-06T08:52:46","date_gmt":"2018-08-06T07:52:46","guid":{"rendered":"https:\/\/www.azaros.eu\/engenharia-fabricacao-de-fornos\/"},"modified":"2025-05-15T15:34:12","modified_gmt":"2025-05-15T14:34:12","slug":"engenharia-fabricacao-de-fornos","status":"publish","type":"page","link":"https:\/\/www.azaros.eu\/pt-pt\/setores-industriais\/engenharia-fabricacao-de-fornos\/","title":{"rendered":"Engenharia &#8211; Fabrica\u00e7\u00e3o de fornos"},"content":{"rendered":"\n\t<section class=\"section bannersectores\" id=\"section_36845579\">\n\t\t<div class=\"section-bg fill\" >\n\t\t\t<img loading=\"lazy\" decoding=\"async\" width=\"2001\" height=\"561\" src=\"https:\/\/www.azaros.eu\/wp-content\/uploads\/2024\/07\/AZAROS-sectores-Ingenieria.jpg\" class=\"bg attachment-original size-original\" alt=\"\" \/>\t\t\t\t\t\t\n\t\t\t\n\t<div class=\"is-border\"\n\t\tstyle=\"border-width:0px 0px 0px 0px;margin:0px 0px 0px 0px;\">\n\t<\/div>\n\n\t\t<\/div>\n\n\t\t\n\n\t\t<div class=\"section-content relative\">\n\t\t\t\n<div class=\"row row-collapse columnaSectores\"  id=\"row-1636637699\">\n\n\t<div id=\"col-851913761\" class=\"col small-12 large-12\"  >\n\t\t\t\t<div class=\"col-inner\"  >\n\t\t\t\n\t\t\t\n\t<div class=\"img has-hover lineaProductoNegro x md-x lg-x y md-y lg-y\" id=\"image_1215645632\">\n\t\t\t\t\t\t\t\t<div class=\"img-inner image-cover dark\" style=\"padding-top:15px;margin:0px 0px 0px 0px;\">\n\t\t\t<img loading=\"lazy\" decoding=\"async\" width=\"320\" height=\"16\" src=\"https:\/\/www.azaros.eu\/wp-content\/uploads\/2018\/10\/Recurso-79.jpg\" class=\"attachment-original size-original\" alt=\"\" srcset=\"https:\/\/www.azaros.eu\/wp-content\/uploads\/2018\/10\/Recurso-79.jpg 320w, https:\/\/www.azaros.eu\/wp-content\/uploads\/2018\/10\/Recurso-79-200x10.jpg 200w, https:\/\/www.azaros.eu\/wp-content\/uploads\/2018\/10\/Recurso-79-300x15.jpg 300w\" sizes=\"auto, (max-width: 320px) 100vw, 320px\" \/>\t\t\t\t\t\t\n\t\t\t\t\t<\/div>\n\t\t\t\t\t\t\t\t\n<style>\n#image_1215645632 {\n  width: 100%;\n}\n<\/style>\n\t<\/div>\n\t\n\t<div id=\"text-121799394\" class=\"text TextSectores\">\n\t\t\n<h1 style=\"font-size: 3em;\">Fornecimento para o setor da engenharia \/<\/h1>\n\t\t\t<\/div>\n\t\n\t<div class=\"img has-hover lineaProductoNegro x md-x lg-x y md-y lg-y\" id=\"image_278517915\">\n\t\t\t\t\t\t\t\t<div class=\"img-inner image-cover dark\" style=\"padding-top:15px;margin:0px 0px 0px 0px;\">\n\t\t\t<img loading=\"lazy\" decoding=\"async\" width=\"320\" height=\"16\" src=\"https:\/\/www.azaros.eu\/wp-content\/uploads\/2018\/10\/Recurso-79.jpg\" class=\"attachment-original size-original\" alt=\"\" srcset=\"https:\/\/www.azaros.eu\/wp-content\/uploads\/2018\/10\/Recurso-79.jpg 320w, https:\/\/www.azaros.eu\/wp-content\/uploads\/2018\/10\/Recurso-79-200x10.jpg 200w, https:\/\/www.azaros.eu\/wp-content\/uploads\/2018\/10\/Recurso-79-300x15.jpg 300w\" sizes=\"auto, (max-width: 320px) 100vw, 320px\" \/>\t\t\t\t\t\t\n\t\t\t\t\t<\/div>\n\t\t\t\t\t\t\t\t\n<style>\n#image_278517915 {\n  width: 100%;\n}\n<\/style>\n\t<\/div>\n\t\n\t\t<\/div>\n\t\t\t\t\t<\/div>\n\n\t\n\n<style>\n#row-1636637699 > .col > .col-inner {\n  padding: 0px 15px 0px 15px;\n}\n<\/style>\n<\/div>\n\t\t<\/div>\n\n\t\t\n<style>\n#section_36845579 {\n  padding-top: 0px;\n  padding-bottom: 0px;\n  margin-bottom: 0px;\n  min-height: 400px;\n}\n<\/style>\n\t<\/section>\n\t\n\n\t<section class=\"section\" id=\"section_1773261656\">\n\t\t<div class=\"section-bg fill\" >\n\t\t\t\t\t\t\t\t\t\n\t\t\t\n\n\t\t<\/div>\n\n\t\t\n\n\t\t<div class=\"section-content relative\">\n\t\t\t\n<div class=\"row row-large align-middle divider-azaros-bottom-negro\"  id=\"row-21323513\">\n\n\t<div id=\"col-292065680\" class=\"col medium-6 small-12 large-6\"  >\n\t\t\t\t<div class=\"col-inner text-left\"  >\n\t\t\t\n\t\t\t\n<p><strong>Solu\u00e7\u00f5es para a fabrica\u00e7\u00e3o de fornos<\/strong><\/p>\n<p>Somos o parceiro estrat\u00e9gico de empresas de engenharia atuantes em setores como petroqu\u00edmico, vidro, energia solar, entre outros.<\/p>\n<p>Disponibilizamos todos os materiais de isolamento necess\u00e1rios para a fabrica\u00e7\u00e3o de todos os tipos de fornos industriais.<\/p>\n<p>Na Azaros, voc\u00ea encontrar\u00e1 uma ampla gama de materiais de alta qualidade, adaptados \u00e0s necessidades e exig\u00eancias espec\u00edficas de engenharias e fabricantes de fornos, com a representa\u00e7\u00e3o de marcas de refer\u00eancia no setor.<\/p>\n<p>Representamos marcas l\u00edderes do setor a pre\u00e7os muito competitivos.<\/p>\n<p>Contamos com amplos recursos de armazenamento e log\u00edstica para oferecer um servi\u00e7o \u00e1gil em qualquer parte do mundo.<\/p>\n<p>Nossa equipe o acompanhar\u00e1 na busca pela solu\u00e7\u00e3o ideal, colocando \u00e0 sua disposi\u00e7\u00e3o todo o know-how e experi\u00eancia.<\/p>\n\t\t<\/div>\n\t\t\t\t\t<\/div>\n\n\t\n\n\t<div id=\"col-769930923\" class=\"col hide-for-small medium-6 small-12 large-6\"  >\n\t\t\t\t<div class=\"col-inner text-center\"  >\n\t\t\t\n\t\t\t\n\t<div id=\"text-2399718359\" class=\"text\">\n\t\t\n<p><b>Se voc\u00ea n\u00e3o encontrar o que procura, entre em contato conosco para que possamos oferecer uma solu\u00e7\u00e3o sob medida.<\/b><\/p>\n\t\t\n<style>\n#text-2399718359 {\n  font-size: 2rem;\n  text-align: left;\n}\n<\/style>\n\t<\/div>\n\t\n<a href=\"https:\/\/www.azaros.eu\/pt-pt\/contato\/\" class=\"button white is-outline\" style=\"border-radius:99px;\">\n\t\t<span>Contato<\/span>\n\t<\/a>\n\n\t\t<\/div>\n\t\t\t\t\n<style>\n#col-769930923 > .col-inner {\n  padding: 0px 60px 0px 60px;\n}\n<\/style>\n\t<\/div>\n\n\t\n<\/div>\n\t\t<\/div>\n\n\t\t\n<style>\n#section_1773261656 {\n  padding-top: 60px;\n  padding-bottom: 60px;\n}\n<\/style>\n\t<\/section>\n\t\n\n\t<section class=\"section\" id=\"section_1840034826\">\n\t\t<div class=\"section-bg fill\" >\n\t\t\t\t\t\t\t\t\t\n\t\t\t\n\n\t\t<\/div>\n\n\t\t\n\n\t\t<div class=\"section-content relative\">\n\t\t\t\n<div class=\"row align-middle\"  id=\"row-736959651\">\n\n\t<div id=\"col-1515207026\" class=\"col medium-6 small-12 large-6\"  >\n\t\t\t\t<div class=\"col-inner\"  >\n\t\t\t\n\t\t\t\n\t<div id=\"text-2590769028\" class=\"text\">\n\t\t\n<h2>Produtos<br \/>\nrelacionado<span class=\"azaros-slash\">\/<\/span><\/h2>\n\t\t\n<style>\n#text-2590769028 {\n  font-size: 0.95rem;\n}\n<\/style>\n\t<\/div>\n\t\n\t\t<\/div>\n\t\t\t\t\t<\/div>\n\n\t\n\n\t<div id=\"col-897552723\" class=\"col medium-6 small-12 large-6\"  >\n\t\t\t\t<div class=\"col-inner text-center\"  >\n\t\t\t\n\t\t\t\n<a data-animate=\"fadeInRight\" href=\"\/pt-pt\/produtos\/\" class=\"button white is-outline lowercase\" style=\"border-radius:99px;\">\n\t\t<span>ver todos os produtos<\/span>\n\t<\/a>\n\n\t\t<\/div>\n\t\t\t\t\t<\/div>\n\n\t\n\n<style>\n#row-736959651 > .col > .col-inner {\n  padding: 60px 0px 60px 0px;\n}\n<\/style>\n<\/div>\n<div class=\"row\"  id=\"row-320516979\">\n\n\t<div id=\"col-1235263578\" class=\"col small-12 large-12\"  >\n\t\t\t\t<div class=\"col-inner\"  >\n\t\t\t\n\t\t\t\n\t\n  \n    <div class=\"row large-columns-3 medium-columns- small-columns-1 row-small slider row-slider slider-nav-simple slider-nav-outside slider-nav-push\"  data-flickity-options='{&quot;imagesLoaded&quot;: true, &quot;groupCells&quot;: &quot;100%&quot;, &quot;dragThreshold&quot; : 5, &quot;cellAlign&quot;: &quot;left&quot;,&quot;wrapAround&quot;: true,&quot;prevNextButtons&quot;: true,&quot;percentPosition&quot;: true,&quot;pageDots&quot;: false, &quot;rightToLeft&quot;: false, &quot;autoPlay&quot; : 2000}' >\n\n  \n\t     <div class=\"product-small col has-hover product type-product post-10171 status-publish first instock product_cat-carbeto-de-silicio has-post-thumbnail shipping-taxable product-type-simple\">\n\t<div class=\"col-inner\">\n\t\n<div class=\"badge-container absolute left top z-1\">\n\n<\/div>\n\t<div class=\"product-small box \">\n\t\t<div class=\"box-image\">\n\t\t\t<div class=\"image-fade-in\">\n\t\t\t\t<a href=\"https:\/\/www.azaros.eu\/pt-pt\/produto\/placa-de-carboneto-de-silicio-sem-nitretado\/\">\n\t\t\t\t\t<img loading=\"lazy\" decoding=\"async\" width=\"496\" height=\"595\" src=\"https:\/\/www.azaros.eu\/wp-content\/uploads\/2024\/06\/Carril-Carburo-Silicio-496x595.jpg\" class=\"attachment-woocommerce_thumbnail size-woocommerce_thumbnail\" alt=\"Placa de carboneto de sil\u00edcio sem nitretado\" \/>\t\t\t\t<\/a>\n\t\t\t<\/div>\n\t\t\t<div class=\"image-tools is-small top right show-on-hover\">\n\t\t\t\t\t\t\t<\/div>\n\t\t\t<div class=\"image-tools is-small hide-for-small bottom left show-on-hover\">\n\t\t\t\t\t\t\t<\/div>\n\t\t\t<div class=\"image-tools grid-tools text-center hide-for-small bottom hover-slide-in show-on-hover\">\n\t\t\t\t\t\t\t<\/div>\n\t\t\t\t\t<\/div>\n\n\t\t<div class=\"box-text box-text-products\">\n\t\t\t<div class=\"title-wrapper\"><p class=\"name product-title woocommerce-loop-product__title\"><a href=\"https:\/\/www.azaros.eu\/pt-pt\/produto\/placa-de-carboneto-de-silicio-sem-nitretado\/\" class=\"woocommerce-LoopProduct-link woocommerce-loop-product__link\">Placa de carboneto de sil\u00edcio sem nitretado<\/a><\/p><\/div><div class=\"price-wrapper\"><\/div>\t\t<\/div>\n\t<\/div>\n\t\t<\/div>\n<\/div><div class=\"product-small col has-hover product type-product post-10397 status-publish last instock product_cat-granalha has-post-thumbnail shipping-taxable product-type-simple\">\n\t<div class=\"col-inner\">\n\t\n<div class=\"badge-container absolute left top z-1\">\n\n<\/div>\n\t<div class=\"product-small box \">\n\t\t<div class=\"box-image\">\n\t\t\t<div class=\"image-fade-in\">\n\t\t\t\t<a href=\"https:\/\/www.azaros.eu\/pt-pt\/produto\/alambre-de-acero-al-carbono\/\">\n\t\t\t\t\t<img loading=\"lazy\" decoding=\"async\" width=\"496\" height=\"595\" src=\"https:\/\/www.azaros.eu\/wp-content\/uploads\/2024\/07\/AZAROS-Alambre-de-acero-al-carbono-496x595.jpg\" class=\"attachment-woocommerce_thumbnail size-woocommerce_thumbnail\" alt=\"Arame de a\u00e7o carbono\" \/>\t\t\t\t<\/a>\n\t\t\t<\/div>\n\t\t\t<div class=\"image-tools is-small top right show-on-hover\">\n\t\t\t\t\t\t\t<\/div>\n\t\t\t<div class=\"image-tools is-small hide-for-small bottom left show-on-hover\">\n\t\t\t\t\t\t\t<\/div>\n\t\t\t<div class=\"image-tools grid-tools text-center hide-for-small bottom hover-slide-in show-on-hover\">\n\t\t\t\t\t\t\t<\/div>\n\t\t\t\t\t<\/div>\n\n\t\t<div class=\"box-text box-text-products\">\n\t\t\t<div class=\"title-wrapper\"><p class=\"name product-title woocommerce-loop-product__title\"><a href=\"https:\/\/www.azaros.eu\/pt-pt\/produto\/alambre-de-acero-al-carbono\/\" class=\"woocommerce-LoopProduct-link woocommerce-loop-product__link\">Arame de a\u00e7o carbono<\/a><\/p><\/div><div class=\"price-wrapper\"><\/div>\t\t<\/div>\n\t<\/div>\n\t\t<\/div>\n<\/div><\/div>\n\t\t<\/div>\n\t\t\t\t\t<\/div>\n\n\t\n<\/div>\n\t\t<\/div>\n\n\t\t\n<style>\n#section_1840034826 {\n  padding-top: 0px;\n  padding-bottom: 0px;\n}\n<\/style>\n\t<\/section>\n\t\n","protected":false},"excerpt":{"rendered":"","protected":false},"author":1,"featured_media":0,"parent":10462,"menu_order":0,"comment_status":"closed","ping_status":"closed","template":"page-blank.php","meta":{"footnotes":""},"class_list":["post-9862","page","type-page","status-publish","hentry"],"yoast_head":"<!-- This site is optimized with the Yoast SEO plugin v27.4 - https:\/\/yoast.com\/product\/yoast-seo-wordpress\/ -->\n<title>Fornecimento para o setor da engenharia I Azaros<\/title>\n<meta name=\"description\" content=\"Na Azaros, encontrar\u00e1 uma vasta gama de materiais de alta qualidade adaptados \u00e0s necessidades e requisitos espec\u00edficos de engenharia e fabrico de fornos.\" \/>\n<meta name=\"robots\" content=\"index, follow, max-snippet:-1, max-image-preview:large, max-video-preview:-1\" \/>\n<link rel=\"canonical\" href=\"https:\/\/www.azaros.eu\/pt-pt\/setores-industriais\/engenharia-fabricacao-de-fornos\/\" \/>\n<meta property=\"og:locale\" content=\"pt_PT\" \/>\n<meta property=\"og:type\" content=\"article\" \/>\n<meta property=\"og:title\" content=\"Fornecimento para o setor da engenharia I Azaros\" \/>\n<meta property=\"og:description\" content=\"Na Azaros, encontrar\u00e1 uma vasta gama de materiais de alta qualidade adaptados \u00e0s necessidades e requisitos espec\u00edficos de engenharia e fabrico de fornos.\" \/>\n<meta property=\"og:url\" content=\"https:\/\/www.azaros.eu\/pt-pt\/setores-industriais\/engenharia-fabricacao-de-fornos\/\" \/>\n<meta property=\"og:site_name\" content=\"Azaros\" \/>\n<meta property=\"article:modified_time\" content=\"2025-05-15T14:34:12+00:00\" \/>\n<meta name=\"twitter:card\" content=\"summary_large_image\" \/>\n<meta name=\"twitter:label1\" content=\"Tempo estimado de leitura\" \/>\n\t<meta name=\"twitter:data1\" content=\"2 minutos\" \/>\n<script type=\"application\/ld+json\" class=\"yoast-schema-graph\">{\"@context\":\"https:\\\/\\\/schema.org\",\"@graph\":[{\"@type\":\"WebPage\",\"@id\":\"https:\\\/\\\/www.azaros.eu\\\/pt-pt\\\/setores-industriais\\\/engenharia-fabricacao-de-fornos\\\/\",\"url\":\"https:\\\/\\\/www.azaros.eu\\\/pt-pt\\\/setores-industriais\\\/engenharia-fabricacao-de-fornos\\\/\",\"name\":\"Fornecimento para o setor da engenharia I Azaros\",\"isPartOf\":{\"@id\":\"https:\\\/\\\/www.azaros.eu\\\/pt-pt\\\/#website\"},\"datePublished\":\"2018-08-06T07:52:46+00:00\",\"dateModified\":\"2025-05-15T14:34:12+00:00\",\"description\":\"Na Azaros, encontrar\u00e1 uma vasta gama de materiais de alta qualidade adaptados \u00e0s necessidades e requisitos espec\u00edficos de engenharia e fabrico de fornos.\",\"breadcrumb\":{\"@id\":\"https:\\\/\\\/www.azaros.eu\\\/pt-pt\\\/setores-industriais\\\/engenharia-fabricacao-de-fornos\\\/#breadcrumb\"},\"inLanguage\":\"pt-PT\",\"potentialAction\":[{\"@type\":\"ReadAction\",\"target\":[\"https:\\\/\\\/www.azaros.eu\\\/pt-pt\\\/setores-industriais\\\/engenharia-fabricacao-de-fornos\\\/\"]}]},{\"@type\":\"BreadcrumbList\",\"@id\":\"https:\\\/\\\/www.azaros.eu\\\/pt-pt\\\/setores-industriais\\\/engenharia-fabricacao-de-fornos\\\/#breadcrumb\",\"itemListElement\":[{\"@type\":\"ListItem\",\"position\":1,\"name\":\"Azaros\",\"item\":\"https:\\\/\\\/www.azaros.eu\\\/pt-pt\\\/azaros-home\\\/\"},{\"@type\":\"ListItem\",\"position\":2,\"name\":\"Setores industriais\",\"item\":\"https:\\\/\\\/www.azaros.eu\\\/pt-pt\\\/setores-industriais\\\/\"},{\"@type\":\"ListItem\",\"position\":3,\"name\":\"Engenharia &#8211; Fabrica\u00e7\u00e3o de fornos\"}]},{\"@type\":\"WebSite\",\"@id\":\"https:\\\/\\\/www.azaros.eu\\\/pt-pt\\\/#website\",\"url\":\"https:\\\/\\\/www.azaros.eu\\\/pt-pt\\\/\",\"name\":\"Azaros\",\"description\":\"Fabricamos, distribuimos y comercializamos una gran gama de suministros.\",\"potentialAction\":[{\"@type\":\"SearchAction\",\"target\":{\"@type\":\"EntryPoint\",\"urlTemplate\":\"https:\\\/\\\/www.azaros.eu\\\/pt-pt\\\/?s={search_term_string}\"},\"query-input\":{\"@type\":\"PropertyValueSpecification\",\"valueRequired\":true,\"valueName\":\"search_term_string\"}}],\"inLanguage\":\"pt-PT\"}]}<\/script>\n<!-- \/ Yoast SEO plugin. -->","yoast_head_json":{"title":"Fornecimento para o setor da engenharia I Azaros","description":"Na Azaros, encontrar\u00e1 uma vasta gama de materiais de alta qualidade adaptados \u00e0s necessidades e requisitos espec\u00edficos de engenharia e fabrico de fornos.","robots":{"index":"index","follow":"follow","max-snippet":"max-snippet:-1","max-image-preview":"max-image-preview:large","max-video-preview":"max-video-preview:-1"},"canonical":"https:\/\/www.azaros.eu\/pt-pt\/setores-industriais\/engenharia-fabricacao-de-fornos\/","og_locale":"pt_PT","og_type":"article","og_title":"Fornecimento para o setor da engenharia I Azaros","og_description":"Na Azaros, encontrar\u00e1 uma vasta gama de materiais de alta qualidade adaptados \u00e0s necessidades e requisitos espec\u00edficos de engenharia e fabrico de fornos.","og_url":"https:\/\/www.azaros.eu\/pt-pt\/setores-industriais\/engenharia-fabricacao-de-fornos\/","og_site_name":"Azaros","article_modified_time":"2025-05-15T14:34:12+00:00","twitter_card":"summary_large_image","twitter_misc":{"Tempo estimado de leitura":"2 minutos"},"schema":{"@context":"https:\/\/schema.org","@graph":[{"@type":"WebPage","@id":"https:\/\/www.azaros.eu\/pt-pt\/setores-industriais\/engenharia-fabricacao-de-fornos\/","url":"https:\/\/www.azaros.eu\/pt-pt\/setores-industriais\/engenharia-fabricacao-de-fornos\/","name":"Fornecimento para o setor da engenharia I Azaros","isPartOf":{"@id":"https:\/\/www.azaros.eu\/pt-pt\/#website"},"datePublished":"2018-08-06T07:52:46+00:00","dateModified":"2025-05-15T14:34:12+00:00","description":"Na Azaros, encontrar\u00e1 uma vasta gama de materiais de alta qualidade adaptados \u00e0s necessidades e requisitos espec\u00edficos de engenharia e fabrico de fornos.","breadcrumb":{"@id":"https:\/\/www.azaros.eu\/pt-pt\/setores-industriais\/engenharia-fabricacao-de-fornos\/#breadcrumb"},"inLanguage":"pt-PT","potentialAction":[{"@type":"ReadAction","target":["https:\/\/www.azaros.eu\/pt-pt\/setores-industriais\/engenharia-fabricacao-de-fornos\/"]}]},{"@type":"BreadcrumbList","@id":"https:\/\/www.azaros.eu\/pt-pt\/setores-industriais\/engenharia-fabricacao-de-fornos\/#breadcrumb","itemListElement":[{"@type":"ListItem","position":1,"name":"Azaros","item":"https:\/\/www.azaros.eu\/pt-pt\/azaros-home\/"},{"@type":"ListItem","position":2,"name":"Setores industriais","item":"https:\/\/www.azaros.eu\/pt-pt\/setores-industriais\/"},{"@type":"ListItem","position":3,"name":"Engenharia &#8211; Fabrica\u00e7\u00e3o de fornos"}]},{"@type":"WebSite","@id":"https:\/\/www.azaros.eu\/pt-pt\/#website","url":"https:\/\/www.azaros.eu\/pt-pt\/","name":"Azaros","description":"Fabricamos, distribuimos y comercializamos una gran gama de suministros.","potentialAction":[{"@type":"SearchAction","target":{"@type":"EntryPoint","urlTemplate":"https:\/\/www.azaros.eu\/pt-pt\/?s={search_term_string}"},"query-input":{"@type":"PropertyValueSpecification","valueRequired":true,"valueName":"search_term_string"}}],"inLanguage":"pt-PT"}]}},"_links":{"self":[{"href":"https:\/\/www.azaros.eu\/pt-pt\/wp-json\/wp\/v2\/pages\/9862","targetHints":{"allow":["GET"]}}],"collection":[{"href":"https:\/\/www.azaros.eu\/pt-pt\/wp-json\/wp\/v2\/pages"}],"about":[{"href":"https:\/\/www.azaros.eu\/pt-pt\/wp-json\/wp\/v2\/types\/page"}],"author":[{"embeddable":true,"href":"https:\/\/www.azaros.eu\/pt-pt\/wp-json\/wp\/v2\/users\/1"}],"replies":[{"embeddable":true,"href":"https:\/\/www.azaros.eu\/pt-pt\/wp-json\/wp\/v2\/comments?post=9862"}],"version-history":[{"count":0,"href":"https:\/\/www.azaros.eu\/pt-pt\/wp-json\/wp\/v2\/pages\/9862\/revisions"}],"up":[{"embeddable":true,"href":"https:\/\/www.azaros.eu\/pt-pt\/wp-json\/wp\/v2\/pages\/10462"}],"wp:attachment":[{"href":"https:\/\/www.azaros.eu\/pt-pt\/wp-json\/wp\/v2\/media?parent=9862"}],"curies":[{"name":"wp","href":"https:\/\/api.w.org\/{rel}","templated":true}]}}