{"id":10021,"date":"2024-04-14T11:52:10","date_gmt":"2024-04-14T10:52:10","guid":{"rendered":"https:\/\/www.azaros.eu\/producto\/solislab-uls-grade\/"},"modified":"2025-07-30T08:27:43","modified_gmt":"2025-07-30T07:27:43","slug":"solislab-uls-grade","status":"publish","type":"product","link":"https:\/\/www.azaros.eu\/pt-pt\/produto\/solislab-uls-grade\/","title":{"rendered":"SoliSlab ULS-grade"},"content":{"rendered":"<div class=\"row\"  id=\"row-1278572909\">\n\n\t<div id=\"col-1765168673\" class=\"col medium-6 small-12 large-6\"  >\n\t\t\t\t<div class=\"col-inner\"  >\n\t\t\t\n\t\t\t\n<div class=\"container section-title-container\" ><h2 class=\"section-title section-title-normal\"><b aria-hidden=\"true\"><\/b><span class=\"section-title-main\" style=\"font-size:80%;\">Tipo<\/span><b aria-hidden=\"true\"><\/b><\/h2><\/div>\n<p>Troncos de fibra monol\u00edtica de fibra de baja persistencia biol\u00f3gica (LBP) de alta temperatura<\/p>\n<div class=\"container section-title-container\" ><h2 class=\"section-title section-title-normal\"><b aria-hidden=\"true\"><\/b><span class=\"section-title-main\" style=\"font-size:80%;\">Beneficios<\/span><b aria-hidden=\"true\"><\/b><\/h2><\/div>\n<ul>\n<li>Solu\u00e7\u00e3o t\u00e9cnica comprovada<\/li>\n<li>Tecnologia Low shot<\/li>\n<li>Excelente desempenho de isolamento<\/li>\n<li>Alta resist\u00eancia \u00e0 manipula\u00e7\u00e3o<\/li>\n<li>N\u00e3o \u00e9 afetado pela maioria dos produtos qu\u00edmicos<\/li>\n<li>Excelente estabilidade t\u00e9rmica<\/li>\n<li>Resistente ao choque t\u00e9rmico<\/li>\n<li>Isento de classifica\u00e7\u00e3o carcinog\u00eanica<\/li>\n<\/ul>\n\t\t<\/div>\n\t\t\t\t\t<\/div>\n\n\t\n\n\t<div id=\"col-1607760706\" class=\"col medium-6 small-12 large-6\"  >\n\t\t\t\t<div class=\"col-inner\"  >\n\t\t\t\n\t\t\t\n<div class=\"container section-title-container\" ><h2 class=\"section-title section-title-normal\"><b aria-hidden=\"true\"><\/b><span class=\"section-title-main\" style=\"font-size:80%;\">Faixa de temperatura<\/span><b aria-hidden=\"true\"><\/b><\/h2><\/div>\n<p>Os troncos de grau ULS SoliSlab\u2122 t\u00eam uma temperatura de classifica\u00e7\u00e3o de 1200 \u00b0C.<\/p>\n<p>A temperatura m\u00e1xima de uso cont\u00ednuo fornecida na ficha t\u00e9cnica \u00e9 indicativa e se aplica apenas em uma atmosfera oxidante limpa.<\/p>\n<div class=\"container section-title-container\" ><h2 class=\"section-title section-title-normal\"><b aria-hidden=\"true\"><\/b><span class=\"section-title-main\" style=\"font-size:80%;\">Aplicaciones t\u00edpicas<\/span><b aria-hidden=\"true\"><\/b><\/h2><\/div>\n<ul>\n<li>Revestimento cer\u00e2mico e de vidro de vag\u00f5es de forno<\/li>\n<li>Material precursor para a fabrica\u00e7\u00e3o de m\u00f3dulos de fibra monol\u00edtica<\/li>\n<li>Formas in situ em zonas de mirilhas e cantos em revestimentos de fibra<\/li>\n<li>Isolamento t\u00e9cnico geral de fornos e instala\u00e7\u00f5es t\u00e9cnicas<\/li>\n<\/ul>\n\t\t<\/div>\n\t\t\t\t\t<\/div>\n\n\t\n<\/div>\n","protected":false},"excerpt":{"rendered":"<p>O SoliSlab\u2122 \u00e9 fabricado em uma grande fusca para formar uma enorme placa, e atrav\u00e9s da perfura\u00e7\u00e3o cont\u00ednua, \u00e9 alcan\u00e7ado um alto n\u00edvel de entrela\u00e7amento das fibras. Continuamos a adicionar novas camadas at\u00e9 atingir uma espessura total de 152 mm (6 polegadas).<\/p>\n<p>Como resultado da perfura\u00e7\u00e3o cont\u00ednua das camadas de fibra na rueca, o alto \u00edndice de fibra e o entrela\u00e7amento da nossa tecnologia de fia\u00e7\u00e3o de Gera\u00e7\u00e3o III, os troncos de fibra oferecem alta resist\u00eancia e podem ser utilizados em aplica\u00e7\u00f5es com altas velocidades de g\u00e1s.<\/p>\n<p>SoliSlab ULS\u00ae \u00e9 baseado em fibra de baixa biopersist\u00eancia com uma temperatura de classifica\u00e7\u00e3o de 1200 \u00b0C. Todos os produtos da linha de fibras SoliWool\u2122 ULS\u00ae, como o SoliSlab\u2122 ULS, atendem aos requisitos especificados na NOTA Q do Regulamento Europeu 1272\/2008. Portanto, todos os produtos SoliSlab\u2122 ULS\u00ae est\u00e3o isentos dos requisitos de rotulagem na Europa.  <\/p>\n<p>Os troncos de fibra SoliSlab\u2122 ULS\u00ae est\u00e3o dispon\u00edveis de 128 a 240 kg\/m\u00b3. Todos os produtos foram desenvolvidos para atender aos requisitos espec\u00edficos da aplica\u00e7\u00e3o final. <\/p>\n<p>SoliSlab\u2122 ULS\u00ae est\u00e1 dispon\u00edvel em 2 tamanhos principais:<\/p>\n<ul>\n<li>A placa SoliSlab\u2122 padr\u00e3o vem no tamanho de 1000x610x152 mm e \u00e9 embalada com 30 troncos por pallet<\/li>\n<li>SoliSlab\u2122 XXL \u00e9 fornecido em um tronco de grande tamanho de 2150x610x152 mm para otimizar o envio de cont\u00eaineres e minimizar o desperd\u00edcio na convers\u00e3o para m\u00f3dulos<\/li>\n<\/ul>\n","protected":false},"featured_media":12193,"template":"","meta":[],"product_brand":[],"product_cat":[461],"product_tag":[],"class_list":{"0":"post-10021","1":"product","2":"type-product","3":"status-publish","4":"has-post-thumbnail","6":"product_cat-fibras-solubles-pt-pt","8":"first","9":"instock","10":"shipping-taxable","11":"product-type-simple"},"yoast_head":"<!-- This site is optimized with the Yoast SEO plugin v27.4 - https:\/\/yoast.com\/product\/yoast-seo-wordpress\/ -->\n<title>SoliSlab ULS-grade - Azaros<\/title>\n<meta name=\"robots\" content=\"index, follow, max-snippet:-1, max-image-preview:large, max-video-preview:-1\" \/>\n<link rel=\"canonical\" href=\"https:\/\/www.azaros.eu\/pt-pt\/produto\/solislab-uls-grade\/\" \/>\n<meta property=\"og:locale\" content=\"pt_PT\" \/>\n<meta property=\"og:type\" content=\"article\" \/>\n<meta property=\"og:title\" content=\"SoliSlab ULS-grade - Azaros\" \/>\n<meta property=\"og:description\" content=\"O SoliSlab\u2122 \u00e9 fabricado em uma grande fusca para formar uma enorme placa, e atrav\u00e9s da perfura\u00e7\u00e3o cont\u00ednua, \u00e9 alcan\u00e7ado um alto n\u00edvel de entrela\u00e7amento das fibras. Continuamos a adicionar novas camadas at\u00e9 atingir uma espessura total de 152 mm (6 polegadas). Como resultado da perfura\u00e7\u00e3o cont\u00ednua das camadas de fibra na rueca, o alto \u00edndice de fibra e o entrela\u00e7amento da nossa tecnologia de fia\u00e7\u00e3o de Gera\u00e7\u00e3o III, os troncos de fibra oferecem alta resist\u00eancia e podem ser utilizados em aplica\u00e7\u00f5es com altas velocidades de g\u00e1s. SoliSlab ULS\u00ae \u00e9 baseado em fibra de baixa biopersist\u00eancia com uma temperatura de classifica\u00e7\u00e3o de 1200 \u00b0C. Todos os produtos da linha de fibras SoliWool\u2122 ULS\u00ae, como o SoliSlab\u2122 ULS, atendem aos requisitos especificados na NOTA Q do Regulamento Europeu 1272\/2008. Portanto, todos os produtos SoliSlab\u2122 ULS\u00ae est\u00e3o isentos dos requisitos de rotulagem na Europa.  Os troncos de fibra SoliSlab\u2122 ULS\u00ae est\u00e3o dispon\u00edveis de 128 a 240 kg\/m\u00b3. Todos os produtos foram desenvolvidos para atender aos requisitos espec\u00edficos da aplica\u00e7\u00e3o final.  SoliSlab\u2122 ULS\u00ae est\u00e1 dispon\u00edvel em 2 tamanhos principais:  A placa SoliSlab\u2122 padr\u00e3o vem no tamanho de 1000x610x152 mm e \u00e9 embalada com 30 troncos por pallet  SoliSlab\u2122 XXL \u00e9 fornecido em um tronco de grande tamanho de 2150x610x152 mm para otimizar o envio de cont\u00eaineres e minimizar o desperd\u00edcio na convers\u00e3o para m\u00f3dulos\" \/>\n<meta property=\"og:url\" content=\"https:\/\/www.azaros.eu\/pt-pt\/produto\/solislab-uls-grade\/\" \/>\n<meta property=\"og:site_name\" content=\"Azaros\" \/>\n<meta property=\"article:modified_time\" content=\"2025-07-30T07:27:43+00:00\" \/>\n<meta property=\"og:image\" content=\"https:\/\/www.azaros.eu\/wp-content\/uploads\/2025\/07\/SoliSlab-ULS-grade.jpg\" \/>\n\t<meta property=\"og:image:width\" content=\"1199\" \/>\n\t<meta property=\"og:image:height\" content=\"699\" \/>\n\t<meta property=\"og:image:type\" content=\"image\/jpeg\" \/>\n<meta name=\"twitter:card\" content=\"summary_large_image\" \/>\n<meta name=\"twitter:label1\" content=\"Tempo estimado de leitura\" \/>\n\t<meta name=\"twitter:data1\" content=\"1 minuto\" \/>\n<script type=\"application\/ld+json\" class=\"yoast-schema-graph\">{\"@context\":\"https:\\\/\\\/schema.org\",\"@graph\":[{\"@type\":\"WebPage\",\"@id\":\"https:\\\/\\\/www.azaros.eu\\\/pt-pt\\\/produto\\\/solislab-uls-grade\\\/\",\"url\":\"https:\\\/\\\/www.azaros.eu\\\/pt-pt\\\/produto\\\/solislab-uls-grade\\\/\",\"name\":\"SoliSlab ULS-grade - Azaros\",\"isPartOf\":{\"@id\":\"https:\\\/\\\/www.azaros.eu\\\/pt-pt\\\/#website\"},\"primaryImageOfPage\":{\"@id\":\"https:\\\/\\\/www.azaros.eu\\\/pt-pt\\\/produto\\\/solislab-uls-grade\\\/#primaryimage\"},\"image\":{\"@id\":\"https:\\\/\\\/www.azaros.eu\\\/pt-pt\\\/produto\\\/solislab-uls-grade\\\/#primaryimage\"},\"thumbnailUrl\":\"https:\\\/\\\/www.azaros.eu\\\/wp-content\\\/uploads\\\/2025\\\/07\\\/SoliSlab-ULS-grade.jpg\",\"datePublished\":\"2024-04-14T10:52:10+00:00\",\"dateModified\":\"2025-07-30T07:27:43+00:00\",\"breadcrumb\":{\"@id\":\"https:\\\/\\\/www.azaros.eu\\\/pt-pt\\\/produto\\\/solislab-uls-grade\\\/#breadcrumb\"},\"inLanguage\":\"pt-PT\",\"potentialAction\":[{\"@type\":\"ReadAction\",\"target\":[\"https:\\\/\\\/www.azaros.eu\\\/pt-pt\\\/produto\\\/solislab-uls-grade\\\/\"]}]},{\"@type\":\"ImageObject\",\"inLanguage\":\"pt-PT\",\"@id\":\"https:\\\/\\\/www.azaros.eu\\\/pt-pt\\\/produto\\\/solislab-uls-grade\\\/#primaryimage\",\"url\":\"https:\\\/\\\/www.azaros.eu\\\/wp-content\\\/uploads\\\/2025\\\/07\\\/SoliSlab-ULS-grade.jpg\",\"contentUrl\":\"https:\\\/\\\/www.azaros.eu\\\/wp-content\\\/uploads\\\/2025\\\/07\\\/SoliSlab-ULS-grade.jpg\",\"width\":1199,\"height\":699},{\"@type\":\"BreadcrumbList\",\"@id\":\"https:\\\/\\\/www.azaros.eu\\\/pt-pt\\\/produto\\\/solislab-uls-grade\\\/#breadcrumb\",\"itemListElement\":[{\"@type\":\"ListItem\",\"position\":1,\"name\":\"Azaros\",\"item\":\"https:\\\/\\\/www.azaros.eu\\\/pt-pt\\\/azaros-home\\\/\"},{\"@type\":\"ListItem\",\"position\":2,\"name\":\"Produtos\",\"item\":\"https:\\\/\\\/www.azaros.eu\\\/pt-pt\\\/produtos\\\/\"},{\"@type\":\"ListItem\",\"position\":3,\"name\":\"Isolamento t\u00e9rmico\",\"item\":\"https:\\\/\\\/www.azaros.eu\\\/pt-pt\\\/produtos\\\/isolamento-termico-pt\\\/\"},{\"@type\":\"ListItem\",\"position\":4,\"name\":\"Fibras Solubles\",\"item\":\"https:\\\/\\\/www.azaros.eu\\\/pt-pt\\\/produtos\\\/isolamento-termico-pt\\\/fibras-solubles-pt-pt\\\/\"},{\"@type\":\"ListItem\",\"position\":5,\"name\":\"SoliSlab ULS-grade\"}]},{\"@type\":\"WebSite\",\"@id\":\"https:\\\/\\\/www.azaros.eu\\\/pt-pt\\\/#website\",\"url\":\"https:\\\/\\\/www.azaros.eu\\\/pt-pt\\\/\",\"name\":\"Azaros\",\"description\":\"Fabricamos, distribuimos y comercializamos una gran gama de suministros.\",\"potentialAction\":[{\"@type\":\"SearchAction\",\"target\":{\"@type\":\"EntryPoint\",\"urlTemplate\":\"https:\\\/\\\/www.azaros.eu\\\/pt-pt\\\/?s={search_term_string}\"},\"query-input\":{\"@type\":\"PropertyValueSpecification\",\"valueRequired\":true,\"valueName\":\"search_term_string\"}}],\"inLanguage\":\"pt-PT\"}]}<\/script>\n<!-- \/ Yoast SEO plugin. -->","yoast_head_json":{"title":"SoliSlab ULS-grade - Azaros","robots":{"index":"index","follow":"follow","max-snippet":"max-snippet:-1","max-image-preview":"max-image-preview:large","max-video-preview":"max-video-preview:-1"},"canonical":"https:\/\/www.azaros.eu\/pt-pt\/produto\/solislab-uls-grade\/","og_locale":"pt_PT","og_type":"article","og_title":"SoliSlab ULS-grade - Azaros","og_description":"O SoliSlab\u2122 \u00e9 fabricado em uma grande fusca para formar uma enorme placa, e atrav\u00e9s da perfura\u00e7\u00e3o cont\u00ednua, \u00e9 alcan\u00e7ado um alto n\u00edvel de entrela\u00e7amento das fibras. Continuamos a adicionar novas camadas at\u00e9 atingir uma espessura total de 152 mm (6 polegadas). Como resultado da perfura\u00e7\u00e3o cont\u00ednua das camadas de fibra na rueca, o alto \u00edndice de fibra e o entrela\u00e7amento da nossa tecnologia de fia\u00e7\u00e3o de Gera\u00e7\u00e3o III, os troncos de fibra oferecem alta resist\u00eancia e podem ser utilizados em aplica\u00e7\u00f5es com altas velocidades de g\u00e1s. SoliSlab ULS\u00ae \u00e9 baseado em fibra de baixa biopersist\u00eancia com uma temperatura de classifica\u00e7\u00e3o de 1200 \u00b0C. Todos os produtos da linha de fibras SoliWool\u2122 ULS\u00ae, como o SoliSlab\u2122 ULS, atendem aos requisitos especificados na NOTA Q do Regulamento Europeu 1272\/2008. Portanto, todos os produtos SoliSlab\u2122 ULS\u00ae est\u00e3o isentos dos requisitos de rotulagem na Europa.  Os troncos de fibra SoliSlab\u2122 ULS\u00ae est\u00e3o dispon\u00edveis de 128 a 240 kg\/m\u00b3. Todos os produtos foram desenvolvidos para atender aos requisitos espec\u00edficos da aplica\u00e7\u00e3o final.  SoliSlab\u2122 ULS\u00ae est\u00e1 dispon\u00edvel em 2 tamanhos principais:  A placa SoliSlab\u2122 padr\u00e3o vem no tamanho de 1000x610x152 mm e \u00e9 embalada com 30 troncos por pallet  SoliSlab\u2122 XXL \u00e9 fornecido em um tronco de grande tamanho de 2150x610x152 mm para otimizar o envio de cont\u00eaineres e minimizar o desperd\u00edcio na convers\u00e3o para m\u00f3dulos","og_url":"https:\/\/www.azaros.eu\/pt-pt\/produto\/solislab-uls-grade\/","og_site_name":"Azaros","article_modified_time":"2025-07-30T07:27:43+00:00","og_image":[{"width":1199,"height":699,"url":"https:\/\/www.azaros.eu\/wp-content\/uploads\/2025\/07\/SoliSlab-ULS-grade.jpg","type":"image\/jpeg"}],"twitter_card":"summary_large_image","twitter_misc":{"Tempo estimado de leitura":"1 minuto"},"schema":{"@context":"https:\/\/schema.org","@graph":[{"@type":"WebPage","@id":"https:\/\/www.azaros.eu\/pt-pt\/produto\/solislab-uls-grade\/","url":"https:\/\/www.azaros.eu\/pt-pt\/produto\/solislab-uls-grade\/","name":"SoliSlab ULS-grade - Azaros","isPartOf":{"@id":"https:\/\/www.azaros.eu\/pt-pt\/#website"},"primaryImageOfPage":{"@id":"https:\/\/www.azaros.eu\/pt-pt\/produto\/solislab-uls-grade\/#primaryimage"},"image":{"@id":"https:\/\/www.azaros.eu\/pt-pt\/produto\/solislab-uls-grade\/#primaryimage"},"thumbnailUrl":"https:\/\/www.azaros.eu\/wp-content\/uploads\/2025\/07\/SoliSlab-ULS-grade.jpg","datePublished":"2024-04-14T10:52:10+00:00","dateModified":"2025-07-30T07:27:43+00:00","breadcrumb":{"@id":"https:\/\/www.azaros.eu\/pt-pt\/produto\/solislab-uls-grade\/#breadcrumb"},"inLanguage":"pt-PT","potentialAction":[{"@type":"ReadAction","target":["https:\/\/www.azaros.eu\/pt-pt\/produto\/solislab-uls-grade\/"]}]},{"@type":"ImageObject","inLanguage":"pt-PT","@id":"https:\/\/www.azaros.eu\/pt-pt\/produto\/solislab-uls-grade\/#primaryimage","url":"https:\/\/www.azaros.eu\/wp-content\/uploads\/2025\/07\/SoliSlab-ULS-grade.jpg","contentUrl":"https:\/\/www.azaros.eu\/wp-content\/uploads\/2025\/07\/SoliSlab-ULS-grade.jpg","width":1199,"height":699},{"@type":"BreadcrumbList","@id":"https:\/\/www.azaros.eu\/pt-pt\/produto\/solislab-uls-grade\/#breadcrumb","itemListElement":[{"@type":"ListItem","position":1,"name":"Azaros","item":"https:\/\/www.azaros.eu\/pt-pt\/azaros-home\/"},{"@type":"ListItem","position":2,"name":"Produtos","item":"https:\/\/www.azaros.eu\/pt-pt\/produtos\/"},{"@type":"ListItem","position":3,"name":"Isolamento t\u00e9rmico","item":"https:\/\/www.azaros.eu\/pt-pt\/produtos\/isolamento-termico-pt\/"},{"@type":"ListItem","position":4,"name":"Fibras Solubles","item":"https:\/\/www.azaros.eu\/pt-pt\/produtos\/isolamento-termico-pt\/fibras-solubles-pt-pt\/"},{"@type":"ListItem","position":5,"name":"SoliSlab ULS-grade"}]},{"@type":"WebSite","@id":"https:\/\/www.azaros.eu\/pt-pt\/#website","url":"https:\/\/www.azaros.eu\/pt-pt\/","name":"Azaros","description":"Fabricamos, distribuimos y comercializamos una gran gama de suministros.","potentialAction":[{"@type":"SearchAction","target":{"@type":"EntryPoint","urlTemplate":"https:\/\/www.azaros.eu\/pt-pt\/?s={search_term_string}"},"query-input":{"@type":"PropertyValueSpecification","valueRequired":true,"valueName":"search_term_string"}}],"inLanguage":"pt-PT"}]}},"_links":{"self":[{"href":"https:\/\/www.azaros.eu\/pt-pt\/wp-json\/wp\/v2\/product\/10021","targetHints":{"allow":["GET"]}}],"collection":[{"href":"https:\/\/www.azaros.eu\/pt-pt\/wp-json\/wp\/v2\/product"}],"about":[{"href":"https:\/\/www.azaros.eu\/pt-pt\/wp-json\/wp\/v2\/types\/product"}],"wp:featuredmedia":[{"embeddable":true,"href":"https:\/\/www.azaros.eu\/pt-pt\/wp-json\/wp\/v2\/media\/12193"}],"wp:attachment":[{"href":"https:\/\/www.azaros.eu\/pt-pt\/wp-json\/wp\/v2\/media?parent=10021"}],"wp:term":[{"taxonomy":"product_brand","embeddable":true,"href":"https:\/\/www.azaros.eu\/pt-pt\/wp-json\/wp\/v2\/product_brand?post=10021"},{"taxonomy":"product_cat","embeddable":true,"href":"https:\/\/www.azaros.eu\/pt-pt\/wp-json\/wp\/v2\/product_cat?post=10021"},{"taxonomy":"product_tag","embeddable":true,"href":"https:\/\/www.azaros.eu\/pt-pt\/wp-json\/wp\/v2\/product_tag?post=10021"}],"curies":[{"name":"wp","href":"https:\/\/api.w.org\/{rel}","templated":true}]}}