{"id":10054,"date":"2024-07-12T13:09:28","date_gmt":"2024-07-12T12:09:28","guid":{"rendered":"https:\/\/www.azaros.eu\/producto\/solislab-x-grade\/"},"modified":"2025-04-15T15:03:17","modified_gmt":"2025-04-15T14:03:17","slug":"solislab-x-grade","status":"publish","type":"product","link":"https:\/\/www.azaros.eu\/pt-pt\/produto\/solislab-x-grade\/","title":{"rendered":"SoliSlab X-grade"},"content":{"rendered":"<div class=\"row\"  id=\"row-1723545932\">\n\n\t<div id=\"col-31658711\" class=\"col medium-6 small-12 large-6\"  >\n\t\t\t\t<div class=\"col-inner\"  >\n\t\t\t\n\t\t\t\n<div class=\"container section-title-container\" ><h2 class=\"section-title section-title-normal\"><b aria-hidden=\"true\"><\/b><span class=\"section-title-main\" style=\"font-size:80%;\">Dimens\u00f5es dispon\u00edveis:<\/span><b aria-hidden=\"true\"><\/b><\/h2><\/div>\n<ul>\n<li><strong>SoliSlab\u2122 Est\u00e1ndar:<\/strong> 1.000 x 610 x 152 mm<\/li>\n<li><strong>SoliSlab\u2122 XXL :<\/strong> 1. 2 150 x 610 x 152 mm, para minimizar las p\u00e9rdidas al convertir a m\u00f3dulos.<\/li>\n<li>Consulte outros tamanhos dispon\u00edveis<\/li>\n<\/ul>\n<div class=\"container section-title-container\" ><h2 class=\"section-title section-title-normal\"><b aria-hidden=\"true\"><\/b><span class=\"section-title-main\" style=\"font-size:80%;\">Tipo<\/span><b aria-hidden=\"true\"><\/b><\/h2><\/div>\n<p>Troncos de fibra monol\u00edtica de fibra cer\u00e1mica refractaria de alta temperatura.<\/p>\n<div class=\"container section-title-container\" ><h2 class=\"section-title section-title-normal\"><b aria-hidden=\"true\"><\/b><span class=\"section-title-main\" style=\"font-size:80%;\">Beneficios<\/span><b aria-hidden=\"true\"><\/b><\/h2><\/div>\n<ul>\n<li>Solu\u00e7\u00e3o t\u00e9cnica comprovada<\/li>\n<li>Tecnologia Low shot<\/li>\n<li>Excelente desempenho de isolamento<\/li>\n<li>Alta resist\u00eancia \u00e0 manipula\u00e7\u00e3o<\/li>\n<li>N\u00e3o \u00e9 afetado pela maioria dos produtos qu\u00edmicos<\/li>\n<li>Excelente estabilidade t\u00e9rmica<\/li>\n<li>Resistente ao choque t\u00e9rmico<\/li>\n<\/ul>\n\t\t<\/div>\n\t\t\t\t\t<\/div>\n\n\t\n\n\t<div id=\"col-637277812\" class=\"col medium-6 small-12 large-6\"  >\n\t\t\t\t<div class=\"col-inner\"  >\n\t\t\t\n\t\t\t\n<div class=\"container section-title-container\" ><h2 class=\"section-title section-title-normal\"><b aria-hidden=\"true\"><\/b><span class=\"section-title-main\" style=\"font-size:80%;\">Faixa de temperatura<\/span><b aria-hidden=\"true\"><\/b><\/h2><\/div>\n<p>Los troncos de fibra de grado X SoliSlab\u2122 tienen una temperatura de clasificaci\u00f3n de 1260 \u00b0C.<\/p>\n<p>La temperatura m\u00e1xima de uso continuo proporcionada en la hoja de datos es orientativa y solo se aplica en una atm\u00f3sfera oxidante limpia.<\/p>\n<div class=\"container section-title-container\" ><h2 class=\"section-title section-title-normal\"><b aria-hidden=\"true\"><\/b><span class=\"section-title-main\" style=\"font-size:80%;\">Aplica\u00e7\u00f5es t\u00edpicas<\/span><b aria-hidden=\"true\"><\/b><\/h2><\/div>\n<ul>\n<li>Revestimento cer\u00e2mico e de vidro de vag\u00f5es de forno<\/li>\n<li>Material precursor para a fabrica\u00e7\u00e3o de m\u00f3dulos de fibra monol\u00edtica<\/li>\n<li>Formas in situ em zonas de mirilhas e cantos em revestimentos de fibra<\/li>\n<li>Isolamento t\u00e9cnico geral de fornos e instala\u00e7\u00f5es t\u00e9cnicas<\/li>\n<\/ul>\n\t\t<\/div>\n\t\t\t\t\t<\/div>\n\n\t\n<\/div>\n<div class=\"row\"  id=\"row-1053372877\">\n\n\t<div id=\"col-989070156\" class=\"col medium-12 large-12\"  >\n\t\t\t\t<div class=\"col-inner\"  >\n\t\t\t\n\t\t\t\n<table width=\"567\">\n<tbody>\n<tr>\n<td width=\"168\"><strong>Propiedades medidas<\/strong><\/td>\n<td width=\"168\"><strong>Est\u00e1ndar<\/strong><\/td>\n<td width=\"89\"><strong>Unidad<\/strong><\/td>\n<td width=\"142\"><strong>SoliSlab X-grade<\/strong><\/td>\n<\/tr>\n<tr>\n<td width=\"168\">Grado<\/td>\n<td width=\"168\"><\/td>\n<td width=\"89\"><\/td>\n<td width=\"142\">RCF<\/td>\n<\/tr>\n<tr>\n<td width=\"168\">Color<\/td>\n<td width=\"168\"><\/td>\n<td width=\"89\"><\/td>\n<td width=\"142\">Blanco<\/td>\n<\/tr>\n<tr>\n<td width=\"168\">Temperatura de clasificaci\u00f3n<\/td>\n<td width=\"168\"><\/td>\n<td width=\"89\">\u00baC<\/td>\n<td width=\"142\">1260<\/td>\n<\/tr>\n<\/tbody>\n<\/table>\n\t\t<\/div>\n\t\t\t\t\t<\/div>\n\n\t\n<\/div>\n","protected":false},"excerpt":{"rendered":"<p>Os produtos SoliSlab\u2122 s\u00e3o um dos poucos troncos de fibra monol\u00edtica dispon\u00edveis. Os produtos SoliSlab\u2122 s\u00e3o troncos de fibra de grande porte e 152 mm de espessura, que podem ser cortados e convertidos para a produ\u00e7\u00e3o de m\u00f3dulos de fibra monol\u00edtica, ou podem ser utilizados como base para fornos. <\/p>\n<p>O que \u00e9 \u00fanico \u00e9 que nossos SoliSlab\u2122 s\u00e3o fabricados com nossa tecnologia de fibra premium de Gera\u00e7\u00e3o III, tanto em fibra cer\u00e2mica refrat\u00e1ria quanto em fibra de baixa biopersist\u00eancia. Como resultado, os m\u00f3dulos baseados no nosso SoliSlab\u2122 oferecem maior isolamento t\u00e9rmico, alta resist\u00eancia e podem ser utilizados em aplica\u00e7\u00f5es com altas velocidades de g\u00e1s. <\/p>\n<p>O SoliSlab\u2122 \u00e9 fabricado em uma grande fusca para formar uma enorme placa, e atrav\u00e9s da perfura\u00e7\u00e3o cont\u00ednua, \u00e9 alcan\u00e7ado um alto n\u00edvel de entrela\u00e7amento das fibras.<\/p>\n<p>Continuamos adicionando camadas at\u00e9 obtermos uma espessura total de 152 mm. Como resultado da perfura\u00e7\u00e3o cont\u00ednua das camadas de fibra na fusca, o alto \u00edndice de fibra e o entrela\u00e7amento de nossa tecnologia de fia\u00e7\u00e3o de Gera\u00e7\u00e3o III, os troncos de fibra oferecem alta resist\u00eancia e podem ser utilizados em aplica\u00e7\u00f5es com altas velocidades de g\u00e1s. <\/p>\n<p>O SoliSlab X-grade utiliza a mais recente tecnologia de fia\u00e7\u00e3o para oferecer um desempenho superior em compara\u00e7\u00e3o com uma fibra padr\u00e3o do tipo tronco. Com uma temperatura de classifica\u00e7\u00e3o de 1260\u00b0C, recomenda-se o seu uso cont\u00ednuo at\u00e9 1100\u00b0C. <\/p>\n","protected":false},"featured_media":10022,"template":"","meta":[],"product_brand":[],"product_cat":[462],"product_tag":[],"class_list":{"0":"post-10054","1":"product","2":"type-product","3":"status-publish","4":"has-post-thumbnail","6":"product_cat-fibras-ceramicas-pt-pt","8":"first","9":"instock","10":"shipping-taxable","11":"product-type-simple"},"yoast_head":"<!-- This site is optimized with the Yoast SEO plugin v27.4 - https:\/\/yoast.com\/product\/yoast-seo-wordpress\/ -->\n<title>SoliSlab X-grade - Azaros<\/title>\n<meta name=\"robots\" content=\"index, follow, max-snippet:-1, max-image-preview:large, max-video-preview:-1\" \/>\n<link rel=\"canonical\" href=\"https:\/\/www.azaros.eu\/pt-pt\/produto\/solislab-x-grade\/\" \/>\n<meta property=\"og:locale\" content=\"pt_PT\" \/>\n<meta property=\"og:type\" content=\"article\" \/>\n<meta property=\"og:title\" content=\"SoliSlab X-grade - Azaros\" \/>\n<meta property=\"og:description\" content=\"Os produtos SoliSlab\u2122 s\u00e3o um dos poucos troncos de fibra monol\u00edtica dispon\u00edveis. Os produtos SoliSlab\u2122 s\u00e3o troncos de fibra de grande porte e 152 mm de espessura, que podem ser cortados e convertidos para a produ\u00e7\u00e3o de m\u00f3dulos de fibra monol\u00edtica, ou podem ser utilizados como base para fornos.  O que \u00e9 \u00fanico \u00e9 que nossos SoliSlab\u2122 s\u00e3o fabricados com nossa tecnologia de fibra premium de Gera\u00e7\u00e3o III, tanto em fibra cer\u00e2mica refrat\u00e1ria quanto em fibra de baixa biopersist\u00eancia. Como resultado, os m\u00f3dulos baseados no nosso SoliSlab\u2122 oferecem maior isolamento t\u00e9rmico, alta resist\u00eancia e podem ser utilizados em aplica\u00e7\u00f5es com altas velocidades de g\u00e1s.  O SoliSlab\u2122 \u00e9 fabricado em uma grande fusca para formar uma enorme placa, e atrav\u00e9s da perfura\u00e7\u00e3o cont\u00ednua, \u00e9 alcan\u00e7ado um alto n\u00edvel de entrela\u00e7amento das fibras. Continuamos adicionando camadas at\u00e9 obtermos uma espessura total de 152 mm. Como resultado da perfura\u00e7\u00e3o cont\u00ednua das camadas de fibra na fusca, o alto \u00edndice de fibra e o entrela\u00e7amento de nossa tecnologia de fia\u00e7\u00e3o de Gera\u00e7\u00e3o III, os troncos de fibra oferecem alta resist\u00eancia e podem ser utilizados em aplica\u00e7\u00f5es com altas velocidades de g\u00e1s.  O SoliSlab X-grade utiliza a mais recente tecnologia de fia\u00e7\u00e3o para oferecer um desempenho superior em compara\u00e7\u00e3o com uma fibra padr\u00e3o do tipo tronco. Com uma temperatura de classifica\u00e7\u00e3o de 1260\u00b0C, recomenda-se o seu uso cont\u00ednuo at\u00e9 1100\u00b0C.\" \/>\n<meta property=\"og:url\" content=\"https:\/\/www.azaros.eu\/pt-pt\/produto\/solislab-x-grade\/\" \/>\n<meta property=\"og:site_name\" content=\"Azaros\" \/>\n<meta property=\"article:modified_time\" content=\"2025-04-15T14:03:17+00:00\" \/>\n<meta property=\"og:image\" content=\"https:\/\/www.azaros.eu\/wp-content\/uploads\/2024\/04\/Solislab.jpg\" \/>\n\t<meta property=\"og:image:width\" content=\"1200\" \/>\n\t<meta property=\"og:image:height\" content=\"700\" \/>\n\t<meta property=\"og:image:type\" content=\"image\/jpeg\" \/>\n<meta name=\"twitter:card\" content=\"summary_large_image\" \/>\n<meta name=\"twitter:label1\" content=\"Tempo estimado de leitura\" \/>\n\t<meta name=\"twitter:data1\" content=\"1 minuto\" \/>\n<script type=\"application\/ld+json\" class=\"yoast-schema-graph\">{\"@context\":\"https:\\\/\\\/schema.org\",\"@graph\":[{\"@type\":\"WebPage\",\"@id\":\"https:\\\/\\\/www.azaros.eu\\\/pt-pt\\\/produto\\\/solislab-x-grade\\\/\",\"url\":\"https:\\\/\\\/www.azaros.eu\\\/pt-pt\\\/produto\\\/solislab-x-grade\\\/\",\"name\":\"SoliSlab X-grade - Azaros\",\"isPartOf\":{\"@id\":\"https:\\\/\\\/www.azaros.eu\\\/pt-pt\\\/#website\"},\"primaryImageOfPage\":{\"@id\":\"https:\\\/\\\/www.azaros.eu\\\/pt-pt\\\/produto\\\/solislab-x-grade\\\/#primaryimage\"},\"image\":{\"@id\":\"https:\\\/\\\/www.azaros.eu\\\/pt-pt\\\/produto\\\/solislab-x-grade\\\/#primaryimage\"},\"thumbnailUrl\":\"https:\\\/\\\/www.azaros.eu\\\/wp-content\\\/uploads\\\/2024\\\/04\\\/Solislab.jpg\",\"datePublished\":\"2024-07-12T12:09:28+00:00\",\"dateModified\":\"2025-04-15T14:03:17+00:00\",\"breadcrumb\":{\"@id\":\"https:\\\/\\\/www.azaros.eu\\\/pt-pt\\\/produto\\\/solislab-x-grade\\\/#breadcrumb\"},\"inLanguage\":\"pt-PT\",\"potentialAction\":[{\"@type\":\"ReadAction\",\"target\":[\"https:\\\/\\\/www.azaros.eu\\\/pt-pt\\\/produto\\\/solislab-x-grade\\\/\"]}]},{\"@type\":\"ImageObject\",\"inLanguage\":\"pt-PT\",\"@id\":\"https:\\\/\\\/www.azaros.eu\\\/pt-pt\\\/produto\\\/solislab-x-grade\\\/#primaryimage\",\"url\":\"https:\\\/\\\/www.azaros.eu\\\/wp-content\\\/uploads\\\/2024\\\/04\\\/Solislab.jpg\",\"contentUrl\":\"https:\\\/\\\/www.azaros.eu\\\/wp-content\\\/uploads\\\/2024\\\/04\\\/Solislab.jpg\",\"width\":1200,\"height\":700},{\"@type\":\"BreadcrumbList\",\"@id\":\"https:\\\/\\\/www.azaros.eu\\\/pt-pt\\\/produto\\\/solislab-x-grade\\\/#breadcrumb\",\"itemListElement\":[{\"@type\":\"ListItem\",\"position\":1,\"name\":\"Azaros\",\"item\":\"https:\\\/\\\/www.azaros.eu\\\/pt-pt\\\/azaros-home\\\/\"},{\"@type\":\"ListItem\",\"position\":2,\"name\":\"Produtos\",\"item\":\"https:\\\/\\\/www.azaros.eu\\\/pt-pt\\\/produtos\\\/\"},{\"@type\":\"ListItem\",\"position\":3,\"name\":\"Isolamento t\u00e9rmico\",\"item\":\"https:\\\/\\\/www.azaros.eu\\\/pt-pt\\\/produtos\\\/isolamento-termico-pt\\\/\"},{\"@type\":\"ListItem\",\"position\":4,\"name\":\"Fibras cer\u00e2micas\",\"item\":\"https:\\\/\\\/www.azaros.eu\\\/pt-pt\\\/produtos\\\/isolamento-termico-pt\\\/fibras-ceramicas-pt-pt\\\/\"},{\"@type\":\"ListItem\",\"position\":5,\"name\":\"SoliSlab X-grade\"}]},{\"@type\":\"WebSite\",\"@id\":\"https:\\\/\\\/www.azaros.eu\\\/pt-pt\\\/#website\",\"url\":\"https:\\\/\\\/www.azaros.eu\\\/pt-pt\\\/\",\"name\":\"Azaros\",\"description\":\"Fabricamos, distribuimos y comercializamos una gran gama de suministros.\",\"potentialAction\":[{\"@type\":\"SearchAction\",\"target\":{\"@type\":\"EntryPoint\",\"urlTemplate\":\"https:\\\/\\\/www.azaros.eu\\\/pt-pt\\\/?s={search_term_string}\"},\"query-input\":{\"@type\":\"PropertyValueSpecification\",\"valueRequired\":true,\"valueName\":\"search_term_string\"}}],\"inLanguage\":\"pt-PT\"}]}<\/script>\n<!-- \/ Yoast SEO plugin. -->","yoast_head_json":{"title":"SoliSlab X-grade - Azaros","robots":{"index":"index","follow":"follow","max-snippet":"max-snippet:-1","max-image-preview":"max-image-preview:large","max-video-preview":"max-video-preview:-1"},"canonical":"https:\/\/www.azaros.eu\/pt-pt\/produto\/solislab-x-grade\/","og_locale":"pt_PT","og_type":"article","og_title":"SoliSlab X-grade - Azaros","og_description":"Os produtos SoliSlab\u2122 s\u00e3o um dos poucos troncos de fibra monol\u00edtica dispon\u00edveis. Os produtos SoliSlab\u2122 s\u00e3o troncos de fibra de grande porte e 152 mm de espessura, que podem ser cortados e convertidos para a produ\u00e7\u00e3o de m\u00f3dulos de fibra monol\u00edtica, ou podem ser utilizados como base para fornos.  O que \u00e9 \u00fanico \u00e9 que nossos SoliSlab\u2122 s\u00e3o fabricados com nossa tecnologia de fibra premium de Gera\u00e7\u00e3o III, tanto em fibra cer\u00e2mica refrat\u00e1ria quanto em fibra de baixa biopersist\u00eancia. Como resultado, os m\u00f3dulos baseados no nosso SoliSlab\u2122 oferecem maior isolamento t\u00e9rmico, alta resist\u00eancia e podem ser utilizados em aplica\u00e7\u00f5es com altas velocidades de g\u00e1s.  O SoliSlab\u2122 \u00e9 fabricado em uma grande fusca para formar uma enorme placa, e atrav\u00e9s da perfura\u00e7\u00e3o cont\u00ednua, \u00e9 alcan\u00e7ado um alto n\u00edvel de entrela\u00e7amento das fibras. Continuamos adicionando camadas at\u00e9 obtermos uma espessura total de 152 mm. Como resultado da perfura\u00e7\u00e3o cont\u00ednua das camadas de fibra na fusca, o alto \u00edndice de fibra e o entrela\u00e7amento de nossa tecnologia de fia\u00e7\u00e3o de Gera\u00e7\u00e3o III, os troncos de fibra oferecem alta resist\u00eancia e podem ser utilizados em aplica\u00e7\u00f5es com altas velocidades de g\u00e1s.  O SoliSlab X-grade utiliza a mais recente tecnologia de fia\u00e7\u00e3o para oferecer um desempenho superior em compara\u00e7\u00e3o com uma fibra padr\u00e3o do tipo tronco. Com uma temperatura de classifica\u00e7\u00e3o de 1260\u00b0C, recomenda-se o seu uso cont\u00ednuo at\u00e9 1100\u00b0C.","og_url":"https:\/\/www.azaros.eu\/pt-pt\/produto\/solislab-x-grade\/","og_site_name":"Azaros","article_modified_time":"2025-04-15T14:03:17+00:00","og_image":[{"width":1200,"height":700,"url":"https:\/\/www.azaros.eu\/wp-content\/uploads\/2024\/04\/Solislab.jpg","type":"image\/jpeg"}],"twitter_card":"summary_large_image","twitter_misc":{"Tempo estimado de leitura":"1 minuto"},"schema":{"@context":"https:\/\/schema.org","@graph":[{"@type":"WebPage","@id":"https:\/\/www.azaros.eu\/pt-pt\/produto\/solislab-x-grade\/","url":"https:\/\/www.azaros.eu\/pt-pt\/produto\/solislab-x-grade\/","name":"SoliSlab X-grade - Azaros","isPartOf":{"@id":"https:\/\/www.azaros.eu\/pt-pt\/#website"},"primaryImageOfPage":{"@id":"https:\/\/www.azaros.eu\/pt-pt\/produto\/solislab-x-grade\/#primaryimage"},"image":{"@id":"https:\/\/www.azaros.eu\/pt-pt\/produto\/solislab-x-grade\/#primaryimage"},"thumbnailUrl":"https:\/\/www.azaros.eu\/wp-content\/uploads\/2024\/04\/Solislab.jpg","datePublished":"2024-07-12T12:09:28+00:00","dateModified":"2025-04-15T14:03:17+00:00","breadcrumb":{"@id":"https:\/\/www.azaros.eu\/pt-pt\/produto\/solislab-x-grade\/#breadcrumb"},"inLanguage":"pt-PT","potentialAction":[{"@type":"ReadAction","target":["https:\/\/www.azaros.eu\/pt-pt\/produto\/solislab-x-grade\/"]}]},{"@type":"ImageObject","inLanguage":"pt-PT","@id":"https:\/\/www.azaros.eu\/pt-pt\/produto\/solislab-x-grade\/#primaryimage","url":"https:\/\/www.azaros.eu\/wp-content\/uploads\/2024\/04\/Solislab.jpg","contentUrl":"https:\/\/www.azaros.eu\/wp-content\/uploads\/2024\/04\/Solislab.jpg","width":1200,"height":700},{"@type":"BreadcrumbList","@id":"https:\/\/www.azaros.eu\/pt-pt\/produto\/solislab-x-grade\/#breadcrumb","itemListElement":[{"@type":"ListItem","position":1,"name":"Azaros","item":"https:\/\/www.azaros.eu\/pt-pt\/azaros-home\/"},{"@type":"ListItem","position":2,"name":"Produtos","item":"https:\/\/www.azaros.eu\/pt-pt\/produtos\/"},{"@type":"ListItem","position":3,"name":"Isolamento t\u00e9rmico","item":"https:\/\/www.azaros.eu\/pt-pt\/produtos\/isolamento-termico-pt\/"},{"@type":"ListItem","position":4,"name":"Fibras cer\u00e2micas","item":"https:\/\/www.azaros.eu\/pt-pt\/produtos\/isolamento-termico-pt\/fibras-ceramicas-pt-pt\/"},{"@type":"ListItem","position":5,"name":"SoliSlab X-grade"}]},{"@type":"WebSite","@id":"https:\/\/www.azaros.eu\/pt-pt\/#website","url":"https:\/\/www.azaros.eu\/pt-pt\/","name":"Azaros","description":"Fabricamos, distribuimos y comercializamos una gran gama de suministros.","potentialAction":[{"@type":"SearchAction","target":{"@type":"EntryPoint","urlTemplate":"https:\/\/www.azaros.eu\/pt-pt\/?s={search_term_string}"},"query-input":{"@type":"PropertyValueSpecification","valueRequired":true,"valueName":"search_term_string"}}],"inLanguage":"pt-PT"}]}},"_links":{"self":[{"href":"https:\/\/www.azaros.eu\/pt-pt\/wp-json\/wp\/v2\/product\/10054","targetHints":{"allow":["GET"]}}],"collection":[{"href":"https:\/\/www.azaros.eu\/pt-pt\/wp-json\/wp\/v2\/product"}],"about":[{"href":"https:\/\/www.azaros.eu\/pt-pt\/wp-json\/wp\/v2\/types\/product"}],"wp:featuredmedia":[{"embeddable":true,"href":"https:\/\/www.azaros.eu\/pt-pt\/wp-json\/wp\/v2\/media\/10022"}],"wp:attachment":[{"href":"https:\/\/www.azaros.eu\/pt-pt\/wp-json\/wp\/v2\/media?parent=10054"}],"wp:term":[{"taxonomy":"product_brand","embeddable":true,"href":"https:\/\/www.azaros.eu\/pt-pt\/wp-json\/wp\/v2\/product_brand?post=10054"},{"taxonomy":"product_cat","embeddable":true,"href":"https:\/\/www.azaros.eu\/pt-pt\/wp-json\/wp\/v2\/product_cat?post=10054"},{"taxonomy":"product_tag","embeddable":true,"href":"https:\/\/www.azaros.eu\/pt-pt\/wp-json\/wp\/v2\/product_tag?post=10054"}],"curies":[{"name":"wp","href":"https:\/\/api.w.org\/{rel}","templated":true}]}}