{"id":10057,"date":"2018-08-06T09:38:17","date_gmt":"2018-08-06T08:38:17","guid":{"rendered":"https:\/\/www.azaros.eu\/producto\/placas-de-fibra-ceramica\/"},"modified":"2025-04-15T15:17:12","modified_gmt":"2025-04-15T14:17:12","slug":"placas-de-fibra-ceramica","status":"publish","type":"product","link":"https:\/\/www.azaros.eu\/pt-pt\/produto\/placas-de-fibra-ceramica\/","title":{"rendered":"Placas de fibra cer\u00e2mica"},"content":{"rendered":"<div class=\"row\"  id=\"row-397632361\">\n\n\t<div id=\"col-1328694399\" class=\"col medium-6 small-12 large-6\"  >\n\t\t\t\t<div class=\"col-inner\"  >\n\t\t\t\n\t\t\t\n<div class=\"container section-title-container\" ><h2 class=\"section-title section-title-normal\"><b aria-hidden=\"true\"><\/b><span class=\"section-title-main\" style=\"font-size:80%;\">Caracter\u00edsticas<\/span><b aria-hidden=\"true\"><\/b><\/h2><\/div>\n<ul>\n<li>Alta rigidez e baixo peso<\/li>\n<li>Baixa condutividade t\u00e9rmica<\/li>\n<li>Resist\u00eancia ao choque t\u00e9rmico e \u00e0 eros\u00e3o por g\u00e1s<\/li>\n<li>F\u00e1cil de cortar e manipular, flexibilidade mec\u00e2nica<\/li>\n<li>Resistente \u00e0 penetra\u00e7\u00e3o de alum\u00ednio fundido e outros metais n\u00e3o ferrosos<\/li>\n<\/ul>\n\t\t<\/div>\n\t\t\t\t\t<\/div>\n\n\t\n\n\t<div id=\"col-1768624449\" class=\"col medium-6 small-12 large-6\"  >\n\t\t\t\t<div class=\"col-inner\"  >\n\t\t\t\n\t\t\t\n<div class=\"container section-title-container\" ><h2 class=\"section-title section-title-normal\"><b aria-hidden=\"true\"><\/b><span class=\"section-title-main\" style=\"font-size:80%;\">Aplica\u00e7\u00f5es t\u00edpicas<\/span><b aria-hidden=\"true\"><\/b><\/h2><\/div>\n<ul>\n<li>Revestimento refrat\u00e1rio de fornos industriais<\/li>\n<li>Revestimento da c\u00e2mara de combust\u00e3o, caldeiras e aquecedores<\/li>\n<li>Isolamento de seguran\u00e7a para materiais refrat\u00e1rios monol\u00edticos<\/li>\n<li>Transfer\u00eancia de metais n\u00e3o ferrosos<\/li>\n<li>Chapas para juntas de dilata\u00e7\u00e3o<\/li>\n<li>Barreira contra inc\u00eandios<\/li>\n<\/ul>\n\t\t<\/div>\n\t\t\t\t\t<\/div>\n\n\t\n<\/div>\n","protected":false},"excerpt":{"rendered":"<p>A placa de fibra cer\u00e2mica \u00e9 fabricada e projetada para aplica\u00e7\u00f5es t\u00e9rmicas com altas demandas de rigidez. As propriedades de isolamento t\u00e9rmico e resist\u00eancia \u00e0 abras\u00e3o da placa de fibra cer\u00e2mica foram aperfei\u00e7oadas gra\u00e7as \u00e0 maior densidade. <\/p>\n<p>A placa de fibra cer\u00e2mica \u00e9 um produto formado a v\u00e1cuo que resiste a velocidades de g\u00e1s mais altas do que a manta de fibra cer\u00e2mica. \u00c9 ideal para fornos, condutores de caldeira e revestimento de estantes, devido \u00e0 sua baixa condutividade t\u00e9rmica e baixo armazenamento de calor, o que permite reduzir ainda mais os tempos de ciclo e facilitar o acesso mais r\u00e1pido para a manuten\u00e7\u00e3o de fornos industriais. <\/p>\n","protected":false},"featured_media":10058,"template":"","meta":[],"product_brand":[],"product_cat":[462],"product_tag":[],"class_list":{"0":"post-10057","1":"product","2":"type-product","3":"status-publish","4":"has-post-thumbnail","6":"product_cat-fibras-ceramicas-pt-pt","8":"first","9":"instock","10":"shipping-taxable","11":"product-type-simple"},"yoast_head":"<!-- This site is optimized with the Yoast SEO plugin v27.5 - https:\/\/yoast.com\/product\/yoast-seo-wordpress\/ -->\n<title>Placas de fibra cer\u00e2mica | Azaros<\/title>\n<meta name=\"description\" content=\"Encontre as melhores placas de fibra cer\u00e2mica do mercado na Azaros.eu. Descubra os pain\u00e9is de fibra cer\u00e2mica Azaros ao melhor pre\u00e7o\" \/>\n<meta name=\"robots\" content=\"index, follow, max-snippet:-1, max-image-preview:large, max-video-preview:-1\" \/>\n<link rel=\"canonical\" href=\"https:\/\/www.azaros.eu\/pt-pt\/produto\/placas-de-fibra-ceramica\/\" \/>\n<meta property=\"og:locale\" content=\"pt_PT\" \/>\n<meta property=\"og:type\" content=\"article\" \/>\n<meta property=\"og:title\" content=\"Placas de fibra cer\u00e2mica | Azaros\" \/>\n<meta property=\"og:description\" content=\"Encontre as melhores placas de fibra cer\u00e2mica do mercado na Azaros.eu. Descubra os pain\u00e9is de fibra cer\u00e2mica Azaros ao melhor pre\u00e7o\" \/>\n<meta property=\"og:url\" content=\"https:\/\/www.azaros.eu\/pt-pt\/produto\/placas-de-fibra-ceramica\/\" \/>\n<meta property=\"og:site_name\" content=\"Azaros\" \/>\n<meta property=\"article:modified_time\" content=\"2025-04-15T14:17:12+00:00\" \/>\n<meta property=\"og:image\" content=\"https:\/\/www.azaros.eu\/wp-content\/uploads\/2018\/08\/Placas-03-y-3537.jpg\" \/>\n\t<meta property=\"og:image:width\" content=\"1200\" \/>\n\t<meta property=\"og:image:height\" content=\"700\" \/>\n\t<meta property=\"og:image:type\" content=\"image\/jpeg\" \/>\n<meta name=\"twitter:card\" content=\"summary_large_image\" \/>\n<meta name=\"twitter:label1\" content=\"Tempo estimado de leitura\" \/>\n\t<meta name=\"twitter:data1\" content=\"1 minuto\" \/>\n<script type=\"application\/ld+json\" class=\"yoast-schema-graph\">{\"@context\":\"https:\\\/\\\/schema.org\",\"@graph\":[{\"@type\":\"WebPage\",\"@id\":\"https:\\\/\\\/www.azaros.eu\\\/pt-pt\\\/produto\\\/placas-de-fibra-ceramica\\\/\",\"url\":\"https:\\\/\\\/www.azaros.eu\\\/pt-pt\\\/produto\\\/placas-de-fibra-ceramica\\\/\",\"name\":\"Placas de fibra cer\u00e2mica | Azaros\",\"isPartOf\":{\"@id\":\"https:\\\/\\\/www.azaros.eu\\\/pt-pt\\\/#website\"},\"primaryImageOfPage\":{\"@id\":\"https:\\\/\\\/www.azaros.eu\\\/pt-pt\\\/produto\\\/placas-de-fibra-ceramica\\\/#primaryimage\"},\"image\":{\"@id\":\"https:\\\/\\\/www.azaros.eu\\\/pt-pt\\\/produto\\\/placas-de-fibra-ceramica\\\/#primaryimage\"},\"thumbnailUrl\":\"https:\\\/\\\/www.azaros.eu\\\/wp-content\\\/uploads\\\/2018\\\/08\\\/Placas-03-y-3537.jpg\",\"datePublished\":\"2018-08-06T08:38:17+00:00\",\"dateModified\":\"2025-04-15T14:17:12+00:00\",\"description\":\"Encontre as melhores placas de fibra cer\u00e2mica do mercado na Azaros.eu. Descubra os pain\u00e9is de fibra cer\u00e2mica Azaros ao melhor pre\u00e7o\",\"breadcrumb\":{\"@id\":\"https:\\\/\\\/www.azaros.eu\\\/pt-pt\\\/produto\\\/placas-de-fibra-ceramica\\\/#breadcrumb\"},\"inLanguage\":\"pt-PT\",\"potentialAction\":[{\"@type\":\"ReadAction\",\"target\":[\"https:\\\/\\\/www.azaros.eu\\\/pt-pt\\\/produto\\\/placas-de-fibra-ceramica\\\/\"]}]},{\"@type\":\"ImageObject\",\"inLanguage\":\"pt-PT\",\"@id\":\"https:\\\/\\\/www.azaros.eu\\\/pt-pt\\\/produto\\\/placas-de-fibra-ceramica\\\/#primaryimage\",\"url\":\"https:\\\/\\\/www.azaros.eu\\\/wp-content\\\/uploads\\\/2018\\\/08\\\/Placas-03-y-3537.jpg\",\"contentUrl\":\"https:\\\/\\\/www.azaros.eu\\\/wp-content\\\/uploads\\\/2018\\\/08\\\/Placas-03-y-3537.jpg\",\"width\":1200,\"height\":700},{\"@type\":\"BreadcrumbList\",\"@id\":\"https:\\\/\\\/www.azaros.eu\\\/pt-pt\\\/produto\\\/placas-de-fibra-ceramica\\\/#breadcrumb\",\"itemListElement\":[{\"@type\":\"ListItem\",\"position\":1,\"name\":\"Azaros\",\"item\":\"https:\\\/\\\/www.azaros.eu\\\/pt-pt\\\/azaros-home\\\/\"},{\"@type\":\"ListItem\",\"position\":2,\"name\":\"Produtos\",\"item\":\"https:\\\/\\\/www.azaros.eu\\\/pt-pt\\\/produtos\\\/\"},{\"@type\":\"ListItem\",\"position\":3,\"name\":\"Isolamento t\u00e9rmico\",\"item\":\"https:\\\/\\\/www.azaros.eu\\\/pt-pt\\\/produtos\\\/isolamento-termico-pt\\\/\"},{\"@type\":\"ListItem\",\"position\":4,\"name\":\"Fibras cer\u00e2micas\",\"item\":\"https:\\\/\\\/www.azaros.eu\\\/pt-pt\\\/produtos\\\/isolamento-termico-pt\\\/fibras-ceramicas-pt-pt\\\/\"},{\"@type\":\"ListItem\",\"position\":5,\"name\":\"Placas de fibra cer\u00e2mica\"}]},{\"@type\":\"WebSite\",\"@id\":\"https:\\\/\\\/www.azaros.eu\\\/pt-pt\\\/#website\",\"url\":\"https:\\\/\\\/www.azaros.eu\\\/pt-pt\\\/\",\"name\":\"Azaros\",\"description\":\"Fabricamos, distribuimos y comercializamos una gran gama de suministros.\",\"potentialAction\":[{\"@type\":\"SearchAction\",\"target\":{\"@type\":\"EntryPoint\",\"urlTemplate\":\"https:\\\/\\\/www.azaros.eu\\\/pt-pt\\\/?s={search_term_string}\"},\"query-input\":{\"@type\":\"PropertyValueSpecification\",\"valueRequired\":true,\"valueName\":\"search_term_string\"}}],\"inLanguage\":\"pt-PT\"}]}<\/script>\n<!-- \/ Yoast SEO plugin. -->","yoast_head_json":{"title":"Placas de fibra cer\u00e2mica | Azaros","description":"Encontre as melhores placas de fibra cer\u00e2mica do mercado na Azaros.eu. Descubra os pain\u00e9is de fibra cer\u00e2mica Azaros ao melhor pre\u00e7o","robots":{"index":"index","follow":"follow","max-snippet":"max-snippet:-1","max-image-preview":"max-image-preview:large","max-video-preview":"max-video-preview:-1"},"canonical":"https:\/\/www.azaros.eu\/pt-pt\/produto\/placas-de-fibra-ceramica\/","og_locale":"pt_PT","og_type":"article","og_title":"Placas de fibra cer\u00e2mica | Azaros","og_description":"Encontre as melhores placas de fibra cer\u00e2mica do mercado na Azaros.eu. Descubra os pain\u00e9is de fibra cer\u00e2mica Azaros ao melhor pre\u00e7o","og_url":"https:\/\/www.azaros.eu\/pt-pt\/produto\/placas-de-fibra-ceramica\/","og_site_name":"Azaros","article_modified_time":"2025-04-15T14:17:12+00:00","og_image":[{"width":1200,"height":700,"url":"https:\/\/www.azaros.eu\/wp-content\/uploads\/2018\/08\/Placas-03-y-3537.jpg","type":"image\/jpeg"}],"twitter_card":"summary_large_image","twitter_misc":{"Tempo estimado de leitura":"1 minuto"},"schema":{"@context":"https:\/\/schema.org","@graph":[{"@type":"WebPage","@id":"https:\/\/www.azaros.eu\/pt-pt\/produto\/placas-de-fibra-ceramica\/","url":"https:\/\/www.azaros.eu\/pt-pt\/produto\/placas-de-fibra-ceramica\/","name":"Placas de fibra cer\u00e2mica | Azaros","isPartOf":{"@id":"https:\/\/www.azaros.eu\/pt-pt\/#website"},"primaryImageOfPage":{"@id":"https:\/\/www.azaros.eu\/pt-pt\/produto\/placas-de-fibra-ceramica\/#primaryimage"},"image":{"@id":"https:\/\/www.azaros.eu\/pt-pt\/produto\/placas-de-fibra-ceramica\/#primaryimage"},"thumbnailUrl":"https:\/\/www.azaros.eu\/wp-content\/uploads\/2018\/08\/Placas-03-y-3537.jpg","datePublished":"2018-08-06T08:38:17+00:00","dateModified":"2025-04-15T14:17:12+00:00","description":"Encontre as melhores placas de fibra cer\u00e2mica do mercado na Azaros.eu. Descubra os pain\u00e9is de fibra cer\u00e2mica Azaros ao melhor pre\u00e7o","breadcrumb":{"@id":"https:\/\/www.azaros.eu\/pt-pt\/produto\/placas-de-fibra-ceramica\/#breadcrumb"},"inLanguage":"pt-PT","potentialAction":[{"@type":"ReadAction","target":["https:\/\/www.azaros.eu\/pt-pt\/produto\/placas-de-fibra-ceramica\/"]}]},{"@type":"ImageObject","inLanguage":"pt-PT","@id":"https:\/\/www.azaros.eu\/pt-pt\/produto\/placas-de-fibra-ceramica\/#primaryimage","url":"https:\/\/www.azaros.eu\/wp-content\/uploads\/2018\/08\/Placas-03-y-3537.jpg","contentUrl":"https:\/\/www.azaros.eu\/wp-content\/uploads\/2018\/08\/Placas-03-y-3537.jpg","width":1200,"height":700},{"@type":"BreadcrumbList","@id":"https:\/\/www.azaros.eu\/pt-pt\/produto\/placas-de-fibra-ceramica\/#breadcrumb","itemListElement":[{"@type":"ListItem","position":1,"name":"Azaros","item":"https:\/\/www.azaros.eu\/pt-pt\/azaros-home\/"},{"@type":"ListItem","position":2,"name":"Produtos","item":"https:\/\/www.azaros.eu\/pt-pt\/produtos\/"},{"@type":"ListItem","position":3,"name":"Isolamento t\u00e9rmico","item":"https:\/\/www.azaros.eu\/pt-pt\/produtos\/isolamento-termico-pt\/"},{"@type":"ListItem","position":4,"name":"Fibras cer\u00e2micas","item":"https:\/\/www.azaros.eu\/pt-pt\/produtos\/isolamento-termico-pt\/fibras-ceramicas-pt-pt\/"},{"@type":"ListItem","position":5,"name":"Placas de fibra cer\u00e2mica"}]},{"@type":"WebSite","@id":"https:\/\/www.azaros.eu\/pt-pt\/#website","url":"https:\/\/www.azaros.eu\/pt-pt\/","name":"Azaros","description":"Fabricamos, distribuimos y comercializamos una gran gama de suministros.","potentialAction":[{"@type":"SearchAction","target":{"@type":"EntryPoint","urlTemplate":"https:\/\/www.azaros.eu\/pt-pt\/?s={search_term_string}"},"query-input":{"@type":"PropertyValueSpecification","valueRequired":true,"valueName":"search_term_string"}}],"inLanguage":"pt-PT"}]}},"_links":{"self":[{"href":"https:\/\/www.azaros.eu\/pt-pt\/wp-json\/wp\/v2\/product\/10057","targetHints":{"allow":["GET"]}}],"collection":[{"href":"https:\/\/www.azaros.eu\/pt-pt\/wp-json\/wp\/v2\/product"}],"about":[{"href":"https:\/\/www.azaros.eu\/pt-pt\/wp-json\/wp\/v2\/types\/product"}],"wp:featuredmedia":[{"embeddable":true,"href":"https:\/\/www.azaros.eu\/pt-pt\/wp-json\/wp\/v2\/media\/10058"}],"wp:attachment":[{"href":"https:\/\/www.azaros.eu\/pt-pt\/wp-json\/wp\/v2\/media?parent=10057"}],"wp:term":[{"taxonomy":"product_brand","embeddable":true,"href":"https:\/\/www.azaros.eu\/pt-pt\/wp-json\/wp\/v2\/product_brand?post=10057"},{"taxonomy":"product_cat","embeddable":true,"href":"https:\/\/www.azaros.eu\/pt-pt\/wp-json\/wp\/v2\/product_cat?post=10057"},{"taxonomy":"product_tag","embeddable":true,"href":"https:\/\/www.azaros.eu\/pt-pt\/wp-json\/wp\/v2\/product_tag?post=10057"}],"curies":[{"name":"wp","href":"https:\/\/api.w.org\/{rel}","templated":true}]}}