{"id":10074,"date":"2018-08-06T09:38:20","date_gmt":"2018-08-06T08:38:20","guid":{"rendered":"https:\/\/www.azaros.eu\/producto\/manta-de-fibra-policristalina\/"},"modified":"2025-04-15T15:46:27","modified_gmt":"2025-04-15T14:46:27","slug":"manta-de-fibra-policristalina","status":"publish","type":"product","link":"https:\/\/www.azaros.eu\/pt-pt\/produto\/manta-de-fibra-policristalina\/","title":{"rendered":"Manta de fibra policristalina"},"content":{"rendered":"<div class=\"row\"  id=\"row-2069255421\">\n\n\t<div id=\"col-730319771\" class=\"col medium-6 small-12 large-6\"  >\n\t\t\t\t<div class=\"col-inner\"  >\n\t\t\t\n\t\t\t\n<div class=\"container section-title-container\" ><h2 class=\"section-title section-title-normal\"><b aria-hidden=\"true\"><\/b><span class=\"section-title-main\" style=\"font-size:80%;\">Caracter\u00edsticas<\/span><b aria-hidden=\"true\"><\/b><\/h2><\/div>\n<ul>\n<li>Excelente estabilidade em altas temperaturas<\/li>\n<li>Leve contra\u00e7\u00e3o durante o aquecimento<\/li>\n<li>Baixo conte\u00fado de granula\u00e7\u00e3o, not\u00e1vel desempenho isolante e refrat\u00e1rio<\/li>\n<li>Alta capacidade de escurecimento, boa reflex\u00e3o t\u00e9rmica<\/li>\n<li>Baixo armazenamento de calor, baixa condutividade t\u00e9rmica<\/li>\n<li>Distribui\u00e7\u00e3o uniforme do di\u00e2metro das fibras, alta resist\u00eancia \u00e0 tra\u00e7\u00e3o<\/li>\n<li>Bom comportamento flex\u00edvel a altas temperaturas, excelente resist\u00eancia ao choque t\u00e9rmico e \u00e0 vibra\u00e7\u00e3o mec\u00e2nica<\/li>\n<li>Comportamento qu\u00edmico est\u00e1vel, alta resist\u00eancia \u00e0 corros\u00e3o<\/li>\n<\/ul>\n\t\t<\/div>\n\t\t\t\t\t<\/div>\n\n\t\n\n\t<div id=\"col-303182323\" class=\"col medium-6 small-12 large-6\"  >\n\t\t\t\t<div class=\"col-inner\"  >\n\t\t\t\n\t\t\t\n<div class=\"container section-title-container\" ><h2 class=\"section-title section-title-normal\"><b aria-hidden=\"true\"><\/b><span class=\"section-title-main\" style=\"font-size:80%;\">Aplica\u00e7\u00f5es t\u00edpicas<\/span><b aria-hidden=\"true\"><\/b><\/h2><\/div>\n<ul>\n<li>Forno para a ind\u00fastria sider\u00fargica com temperaturas entre 1250\u2103 ~1500\u2103.<\/li>\n<li>Revestimento de face quente ou camada de prote\u00e7\u00e3o em fornos de soleira m\u00f3vel, fornos de balancins, fornos circulares, linha de recocimento e galvaniza\u00e7\u00e3o cont\u00ednua, fundi\u00e7\u00e3o de l\u00e2minas finas e fornos de lamina\u00e7\u00e3o, linha de recocimento cont\u00ednuo de ferro sil\u00edcio, linha de recocimento cont\u00ednuo de a\u00e7o inoxid\u00e1vel, etc.<\/li>\n<li>Isolamento externo de viga deslizante em forno de balancim<\/li>\n<li>Camada de prote\u00e7\u00e3o contra quedas na face quente da linha de recocimento e galvaniza\u00e7\u00e3o cont\u00ednua<\/li>\n<li>Horno de alta temperatura en el sector petroqu\u00edmico<\/li>\n<li>Revestimento de coluna e canto em etileno para forno de craqueamento<\/li>\n<li>Revestimento de face quente em forno reformador<\/li>\n<li>Material para preencher espa\u00e7os a alta temperatura<\/li>\n<li>Revestimento de forno de coc\u00e7\u00e3o r\u00e1pida na ind\u00fastria cer\u00e2mica<\/li>\n<li>Revestimento eletromagn\u00e9tico de forno intermitente<\/li>\n<li>Junta de veda\u00e7\u00e3o de catalisador de 3 vias na ind\u00fastria automobil\u00edstica<\/li>\n<li>Junta de veda\u00e7\u00e3o em se\u00e7\u00e3o de alta temperatura<\/li>\n<\/ul>\n\t\t<\/div>\n\t\t\t\t\t<\/div>\n\n\t\n<\/div>\n","protected":false},"excerpt":{"rendered":"<p>A manta policristalina \u00e9 fabricada pelo m\u00e9todo coloidal \u201cSol-Gel\u201d, para ser fibra refrat\u00e1ria de alta temperatura com base em mullita microcristalina atrav\u00e9s de calcina\u00e7\u00e3o a alta temperatura.<\/p>\n<p>\u00c9 produzida a partir de fibra de alumina com perfura\u00e7\u00e3o dupla, n\u00e3o contendo nenhum tipo de aditivos ou outros ingredientes.<\/p>\n","protected":false},"featured_media":10056,"template":"","meta":[],"product_brand":[],"product_cat":[463],"product_tag":[],"class_list":{"0":"post-10074","1":"product","2":"type-product","3":"status-publish","4":"has-post-thumbnail","6":"product_cat-fibra-policristalina-pt-pt","8":"first","9":"instock","10":"shipping-taxable","11":"product-type-simple"},"yoast_head":"<!-- This site is optimized with the Yoast SEO plugin v27.4 - https:\/\/yoast.com\/product\/yoast-seo-wordpress\/ -->\n<title>Papel de fibra policristalina | Azaros<\/title>\n<meta name=\"description\" content=\"Encontre a melhor manta de fibra policristalina do mercado na Azaros.eu. Descubra a manta de fibra policristalina Azaros ao melhor pre\u00e7o\" \/>\n<meta name=\"robots\" content=\"index, follow, max-snippet:-1, max-image-preview:large, max-video-preview:-1\" \/>\n<link rel=\"canonical\" href=\"https:\/\/www.azaros.eu\/pt-pt\/produto\/manta-de-fibra-policristalina\/\" \/>\n<meta property=\"og:locale\" content=\"pt_PT\" \/>\n<meta property=\"og:type\" content=\"article\" \/>\n<meta property=\"og:title\" content=\"Papel de fibra policristalina | Azaros\" \/>\n<meta property=\"og:description\" content=\"Encontre a melhor manta de fibra policristalina do mercado na Azaros.eu. Descubra a manta de fibra policristalina Azaros ao melhor pre\u00e7o\" \/>\n<meta property=\"og:url\" content=\"https:\/\/www.azaros.eu\/pt-pt\/produto\/manta-de-fibra-policristalina\/\" \/>\n<meta property=\"og:site_name\" content=\"Azaros\" \/>\n<meta property=\"article:modified_time\" content=\"2025-04-15T14:46:27+00:00\" \/>\n<meta property=\"og:image\" content=\"https:\/\/www.azaros.eu\/wp-content\/uploads\/2018\/08\/Manta-01.jpg\" \/>\n\t<meta property=\"og:image:width\" content=\"1200\" \/>\n\t<meta property=\"og:image:height\" content=\"700\" \/>\n\t<meta property=\"og:image:type\" content=\"image\/jpeg\" \/>\n<meta name=\"twitter:card\" content=\"summary_large_image\" \/>\n<meta name=\"twitter:label1\" content=\"Tempo estimado de leitura\" \/>\n\t<meta name=\"twitter:data1\" content=\"1 minuto\" \/>\n<script type=\"application\/ld+json\" class=\"yoast-schema-graph\">{\"@context\":\"https:\\\/\\\/schema.org\",\"@graph\":[{\"@type\":\"WebPage\",\"@id\":\"https:\\\/\\\/www.azaros.eu\\\/pt-pt\\\/produto\\\/manta-de-fibra-policristalina\\\/\",\"url\":\"https:\\\/\\\/www.azaros.eu\\\/pt-pt\\\/produto\\\/manta-de-fibra-policristalina\\\/\",\"name\":\"Papel de fibra policristalina | Azaros\",\"isPartOf\":{\"@id\":\"https:\\\/\\\/www.azaros.eu\\\/pt-pt\\\/#website\"},\"primaryImageOfPage\":{\"@id\":\"https:\\\/\\\/www.azaros.eu\\\/pt-pt\\\/produto\\\/manta-de-fibra-policristalina\\\/#primaryimage\"},\"image\":{\"@id\":\"https:\\\/\\\/www.azaros.eu\\\/pt-pt\\\/produto\\\/manta-de-fibra-policristalina\\\/#primaryimage\"},\"thumbnailUrl\":\"https:\\\/\\\/www.azaros.eu\\\/wp-content\\\/uploads\\\/2018\\\/08\\\/Manta-01.jpg\",\"datePublished\":\"2018-08-06T08:38:20+00:00\",\"dateModified\":\"2025-04-15T14:46:27+00:00\",\"description\":\"Encontre a melhor manta de fibra policristalina do mercado na Azaros.eu. Descubra a manta de fibra policristalina Azaros ao melhor pre\u00e7o\",\"breadcrumb\":{\"@id\":\"https:\\\/\\\/www.azaros.eu\\\/pt-pt\\\/produto\\\/manta-de-fibra-policristalina\\\/#breadcrumb\"},\"inLanguage\":\"pt-PT\",\"potentialAction\":[{\"@type\":\"ReadAction\",\"target\":[\"https:\\\/\\\/www.azaros.eu\\\/pt-pt\\\/produto\\\/manta-de-fibra-policristalina\\\/\"]}]},{\"@type\":\"ImageObject\",\"inLanguage\":\"pt-PT\",\"@id\":\"https:\\\/\\\/www.azaros.eu\\\/pt-pt\\\/produto\\\/manta-de-fibra-policristalina\\\/#primaryimage\",\"url\":\"https:\\\/\\\/www.azaros.eu\\\/wp-content\\\/uploads\\\/2018\\\/08\\\/Manta-01.jpg\",\"contentUrl\":\"https:\\\/\\\/www.azaros.eu\\\/wp-content\\\/uploads\\\/2018\\\/08\\\/Manta-01.jpg\",\"width\":1200,\"height\":700},{\"@type\":\"BreadcrumbList\",\"@id\":\"https:\\\/\\\/www.azaros.eu\\\/pt-pt\\\/produto\\\/manta-de-fibra-policristalina\\\/#breadcrumb\",\"itemListElement\":[{\"@type\":\"ListItem\",\"position\":1,\"name\":\"Azaros\",\"item\":\"https:\\\/\\\/www.azaros.eu\\\/pt-pt\\\/azaros-home\\\/\"},{\"@type\":\"ListItem\",\"position\":2,\"name\":\"Produtos\",\"item\":\"https:\\\/\\\/www.azaros.eu\\\/pt-pt\\\/produtos\\\/\"},{\"@type\":\"ListItem\",\"position\":3,\"name\":\"Isolamento t\u00e9rmico\",\"item\":\"https:\\\/\\\/www.azaros.eu\\\/pt-pt\\\/produtos\\\/isolamento-termico-pt\\\/\"},{\"@type\":\"ListItem\",\"position\":4,\"name\":\"Fibra policristalina\",\"item\":\"https:\\\/\\\/www.azaros.eu\\\/pt-pt\\\/produtos\\\/isolamento-termico-pt\\\/fibra-policristalina-pt-pt\\\/\"},{\"@type\":\"ListItem\",\"position\":5,\"name\":\"Manta de fibra policristalina\"}]},{\"@type\":\"WebSite\",\"@id\":\"https:\\\/\\\/www.azaros.eu\\\/pt-pt\\\/#website\",\"url\":\"https:\\\/\\\/www.azaros.eu\\\/pt-pt\\\/\",\"name\":\"Azaros\",\"description\":\"Fabricamos, distribuimos y comercializamos una gran gama de suministros.\",\"potentialAction\":[{\"@type\":\"SearchAction\",\"target\":{\"@type\":\"EntryPoint\",\"urlTemplate\":\"https:\\\/\\\/www.azaros.eu\\\/pt-pt\\\/?s={search_term_string}\"},\"query-input\":{\"@type\":\"PropertyValueSpecification\",\"valueRequired\":true,\"valueName\":\"search_term_string\"}}],\"inLanguage\":\"pt-PT\"}]}<\/script>\n<!-- \/ Yoast SEO plugin. -->","yoast_head_json":{"title":"Papel de fibra policristalina | Azaros","description":"Encontre a melhor manta de fibra policristalina do mercado na Azaros.eu. Descubra a manta de fibra policristalina Azaros ao melhor pre\u00e7o","robots":{"index":"index","follow":"follow","max-snippet":"max-snippet:-1","max-image-preview":"max-image-preview:large","max-video-preview":"max-video-preview:-1"},"canonical":"https:\/\/www.azaros.eu\/pt-pt\/produto\/manta-de-fibra-policristalina\/","og_locale":"pt_PT","og_type":"article","og_title":"Papel de fibra policristalina | Azaros","og_description":"Encontre a melhor manta de fibra policristalina do mercado na Azaros.eu. Descubra a manta de fibra policristalina Azaros ao melhor pre\u00e7o","og_url":"https:\/\/www.azaros.eu\/pt-pt\/produto\/manta-de-fibra-policristalina\/","og_site_name":"Azaros","article_modified_time":"2025-04-15T14:46:27+00:00","og_image":[{"width":1200,"height":700,"url":"https:\/\/www.azaros.eu\/wp-content\/uploads\/2018\/08\/Manta-01.jpg","type":"image\/jpeg"}],"twitter_card":"summary_large_image","twitter_misc":{"Tempo estimado de leitura":"1 minuto"},"schema":{"@context":"https:\/\/schema.org","@graph":[{"@type":"WebPage","@id":"https:\/\/www.azaros.eu\/pt-pt\/produto\/manta-de-fibra-policristalina\/","url":"https:\/\/www.azaros.eu\/pt-pt\/produto\/manta-de-fibra-policristalina\/","name":"Papel de fibra policristalina | Azaros","isPartOf":{"@id":"https:\/\/www.azaros.eu\/pt-pt\/#website"},"primaryImageOfPage":{"@id":"https:\/\/www.azaros.eu\/pt-pt\/produto\/manta-de-fibra-policristalina\/#primaryimage"},"image":{"@id":"https:\/\/www.azaros.eu\/pt-pt\/produto\/manta-de-fibra-policristalina\/#primaryimage"},"thumbnailUrl":"https:\/\/www.azaros.eu\/wp-content\/uploads\/2018\/08\/Manta-01.jpg","datePublished":"2018-08-06T08:38:20+00:00","dateModified":"2025-04-15T14:46:27+00:00","description":"Encontre a melhor manta de fibra policristalina do mercado na Azaros.eu. Descubra a manta de fibra policristalina Azaros ao melhor pre\u00e7o","breadcrumb":{"@id":"https:\/\/www.azaros.eu\/pt-pt\/produto\/manta-de-fibra-policristalina\/#breadcrumb"},"inLanguage":"pt-PT","potentialAction":[{"@type":"ReadAction","target":["https:\/\/www.azaros.eu\/pt-pt\/produto\/manta-de-fibra-policristalina\/"]}]},{"@type":"ImageObject","inLanguage":"pt-PT","@id":"https:\/\/www.azaros.eu\/pt-pt\/produto\/manta-de-fibra-policristalina\/#primaryimage","url":"https:\/\/www.azaros.eu\/wp-content\/uploads\/2018\/08\/Manta-01.jpg","contentUrl":"https:\/\/www.azaros.eu\/wp-content\/uploads\/2018\/08\/Manta-01.jpg","width":1200,"height":700},{"@type":"BreadcrumbList","@id":"https:\/\/www.azaros.eu\/pt-pt\/produto\/manta-de-fibra-policristalina\/#breadcrumb","itemListElement":[{"@type":"ListItem","position":1,"name":"Azaros","item":"https:\/\/www.azaros.eu\/pt-pt\/azaros-home\/"},{"@type":"ListItem","position":2,"name":"Produtos","item":"https:\/\/www.azaros.eu\/pt-pt\/produtos\/"},{"@type":"ListItem","position":3,"name":"Isolamento t\u00e9rmico","item":"https:\/\/www.azaros.eu\/pt-pt\/produtos\/isolamento-termico-pt\/"},{"@type":"ListItem","position":4,"name":"Fibra policristalina","item":"https:\/\/www.azaros.eu\/pt-pt\/produtos\/isolamento-termico-pt\/fibra-policristalina-pt-pt\/"},{"@type":"ListItem","position":5,"name":"Manta de fibra policristalina"}]},{"@type":"WebSite","@id":"https:\/\/www.azaros.eu\/pt-pt\/#website","url":"https:\/\/www.azaros.eu\/pt-pt\/","name":"Azaros","description":"Fabricamos, distribuimos y comercializamos una gran gama de suministros.","potentialAction":[{"@type":"SearchAction","target":{"@type":"EntryPoint","urlTemplate":"https:\/\/www.azaros.eu\/pt-pt\/?s={search_term_string}"},"query-input":{"@type":"PropertyValueSpecification","valueRequired":true,"valueName":"search_term_string"}}],"inLanguage":"pt-PT"}]}},"_links":{"self":[{"href":"https:\/\/www.azaros.eu\/pt-pt\/wp-json\/wp\/v2\/product\/10074","targetHints":{"allow":["GET"]}}],"collection":[{"href":"https:\/\/www.azaros.eu\/pt-pt\/wp-json\/wp\/v2\/product"}],"about":[{"href":"https:\/\/www.azaros.eu\/pt-pt\/wp-json\/wp\/v2\/types\/product"}],"wp:featuredmedia":[{"embeddable":true,"href":"https:\/\/www.azaros.eu\/pt-pt\/wp-json\/wp\/v2\/media\/10056"}],"wp:attachment":[{"href":"https:\/\/www.azaros.eu\/pt-pt\/wp-json\/wp\/v2\/media?parent=10074"}],"wp:term":[{"taxonomy":"product_brand","embeddable":true,"href":"https:\/\/www.azaros.eu\/pt-pt\/wp-json\/wp\/v2\/product_brand?post=10074"},{"taxonomy":"product_cat","embeddable":true,"href":"https:\/\/www.azaros.eu\/pt-pt\/wp-json\/wp\/v2\/product_cat?post=10074"},{"taxonomy":"product_tag","embeddable":true,"href":"https:\/\/www.azaros.eu\/pt-pt\/wp-json\/wp\/v2\/product_tag?post=10074"}],"curies":[{"name":"wp","href":"https:\/\/api.w.org\/{rel}","templated":true}]}}