{"id":10078,"date":"2024-06-10T17:24:51","date_gmt":"2024-06-10T16:24:51","guid":{"rendered":"https:\/\/www.azaros.eu\/producto\/nu\/"},"modified":"2025-04-15T15:58:07","modified_gmt":"2025-04-15T14:58:07","slug":"nu","status":"publish","type":"product","link":"https:\/\/www.azaros.eu\/pt-pt\/produto\/nu\/","title":{"rendered":"Nu"},"content":{"rendered":"<div class=\"row\"  id=\"row-1016986633\">\n\n\t<div id=\"col-1895564587\" class=\"col medium-6 small-12 large-6\"  >\n\t\t\t\t<div class=\"col-inner\"  >\n\t\t\t\n\t\t\t\n<div class=\"container section-title-container\" ><h2 class=\"section-title section-title-normal\"><b aria-hidden=\"true\"><\/b><span class=\"section-title-main\" style=\"font-size:80%;\">Caracter\u00edsticas<\/span><b aria-hidden=\"true\"><\/b><\/h2><\/div>\n<table>\n<tbody>\n<tr>\n<td>Cor\n<\/td>\n<td>cinza<\/td>\n<\/tr>\n<tr>\n<td>Temperatura m\u00e1xima de trabalho<\/td>\n<td>1.050 \u00baC<\/td>\n<\/tr>\n<tr>\n<td>Densidade\n<\/td>\n<td>270\u2013320 kg\/m3<\/td>\n<\/tr>\n<tr>\n<td>Teste de n\u00e3o combustibilidade\n<\/td>\n<td>Clase A1<\/td>\n<\/tr>\n<tr>\n<td>Resist\u00eancia \u00e0 compress\u00e3o a 10%<\/td>\n<td>&gt; 0,32 MPa<\/td>\n<\/tr>\n<tr>\n<td>Condutividade t\u00e9rmica (DIN 51046)<\/td>\n<td>a 200 \u00baC -&gt; 0,022 W\/mK<br \/>\na 400 \u00baC -&gt; 0,025 W\/mK<br \/>\na 600 \u00baC -&gt; 0,030 W\/mK<br \/>\na 800 \u00baC -&gt; 0,040 W\/mK<\/td>\n<\/tr>\n<\/tbody>\n<\/table>\n\t\t<\/div>\n\t\t\t\t\t<\/div>\n\n\t\n\n\t<div id=\"col-569814127\" class=\"col medium-6 small-12 large-6\"  >\n\t\t\t\t<div class=\"col-inner\"  >\n\t\t\t\n\t\t\t\n<div class=\"container section-title-container\" ><h2 class=\"section-title section-title-normal\"><b aria-hidden=\"true\"><\/b><span class=\"section-title-main\" style=\"font-size:80%;\">Aplica\u00e7\u00f5es t\u00edpicas<\/span><b aria-hidden=\"true\"><\/b><\/h2><\/div>\n<ul>\n<li>Sem cobertura: painel nu<\/li>\n<li>Pode ser fornecido envolto em alum\u00ednio, filme pl\u00e1stico ou tecido n\u00e3o tecido de fibra de vidro<strong>.<\/strong><\/li>\n<li>Envolto em alum\u00ednio, filme pl\u00e1stico ou tecido n\u00e3o tecido de fibra de vidro<\/li>\n<li>Armazenar e manipular em ambiente seco<\/li>\n<li>Se armazenado adequadamente, a vida \u00fatil do painel \u00e9 ilimitada, n\u00e3o tem prazo de validade<\/li>\n<li>O material utilizado n\u00e3o \u00e9 perigoso para a sa\u00fade humana ou para o meio ambiente , de acordo com a Diretiva Europeia UE2006\/1907\/EEC. As fibras utilizadas na sua fabrica\u00e7\u00e3o t\u00eam um di\u00e2metro &gt; 3\u03bcm. <\/li>\n<\/ul>\n\t\t<\/div>\n\t\t\t\t\t<\/div>\n\n\t\n<\/div>\n","protected":false},"excerpt":{"rendered":"<p>O painel microporoso \u00e9 um material de isolamento com uma condutividade t\u00e9rmica muito baixa, ou seja, com excelentes propriedades de isolamento. \u00c9 composto principalmente por s\u00edlica pirog\u00eanica, ou pacificantes para reduzir a radia\u00e7\u00e3o infravermelha, e fibras de refor\u00e7o. <\/p>\n","protected":false},"featured_media":10079,"template":"","meta":[],"product_brand":[],"product_cat":[464],"product_tag":[],"class_list":{"0":"post-10078","1":"product","2":"type-product","3":"status-publish","4":"has-post-thumbnail","6":"product_cat-microporoso-pt-pt","8":"first","9":"instock","10":"shipping-taxable","11":"product-type-simple"},"yoast_head":"<!-- This site is optimized with the Yoast SEO plugin v27.4 - https:\/\/yoast.com\/product\/yoast-seo-wordpress\/ -->\n<title>Nu - Azaros<\/title>\n<meta name=\"robots\" content=\"index, follow, max-snippet:-1, max-image-preview:large, max-video-preview:-1\" \/>\n<link rel=\"canonical\" href=\"https:\/\/www.azaros.eu\/pt-pt\/produto\/nu\/\" \/>\n<meta property=\"og:locale\" content=\"pt_PT\" \/>\n<meta property=\"og:type\" content=\"article\" \/>\n<meta property=\"og:title\" content=\"Nu - Azaros\" \/>\n<meta property=\"og:description\" content=\"O painel microporoso \u00e9 um material de isolamento com uma condutividade t\u00e9rmica muito baixa, ou seja, com excelentes propriedades de isolamento. \u00c9 composto principalmente por s\u00edlica pirog\u00eanica, ou pacificantes para reduzir a radia\u00e7\u00e3o infravermelha, e fibras de refor\u00e7o.\" \/>\n<meta property=\"og:url\" content=\"https:\/\/www.azaros.eu\/pt-pt\/produto\/nu\/\" \/>\n<meta property=\"og:site_name\" content=\"Azaros\" \/>\n<meta property=\"article:modified_time\" content=\"2025-04-15T14:58:07+00:00\" \/>\n<meta property=\"og:image\" content=\"https:\/\/www.azaros.eu\/wp-content\/uploads\/2018\/08\/Microporoso-31-46.jpg\" \/>\n\t<meta property=\"og:image:width\" content=\"1200\" \/>\n\t<meta property=\"og:image:height\" content=\"699\" \/>\n\t<meta property=\"og:image:type\" content=\"image\/jpeg\" \/>\n<meta name=\"twitter:card\" content=\"summary_large_image\" \/>\n<meta name=\"twitter:label1\" content=\"Tempo estimado de leitura\" \/>\n\t<meta name=\"twitter:data1\" content=\"1 minuto\" \/>\n<script type=\"application\/ld+json\" class=\"yoast-schema-graph\">{\"@context\":\"https:\\\/\\\/schema.org\",\"@graph\":[{\"@type\":\"WebPage\",\"@id\":\"https:\\\/\\\/www.azaros.eu\\\/pt-pt\\\/produto\\\/nu\\\/\",\"url\":\"https:\\\/\\\/www.azaros.eu\\\/pt-pt\\\/produto\\\/nu\\\/\",\"name\":\"Nu - Azaros\",\"isPartOf\":{\"@id\":\"https:\\\/\\\/www.azaros.eu\\\/pt-pt\\\/#website\"},\"primaryImageOfPage\":{\"@id\":\"https:\\\/\\\/www.azaros.eu\\\/pt-pt\\\/produto\\\/nu\\\/#primaryimage\"},\"image\":{\"@id\":\"https:\\\/\\\/www.azaros.eu\\\/pt-pt\\\/produto\\\/nu\\\/#primaryimage\"},\"thumbnailUrl\":\"https:\\\/\\\/www.azaros.eu\\\/wp-content\\\/uploads\\\/2018\\\/08\\\/Microporoso-31-46.jpg\",\"datePublished\":\"2024-06-10T16:24:51+00:00\",\"dateModified\":\"2025-04-15T14:58:07+00:00\",\"breadcrumb\":{\"@id\":\"https:\\\/\\\/www.azaros.eu\\\/pt-pt\\\/produto\\\/nu\\\/#breadcrumb\"},\"inLanguage\":\"pt-PT\",\"potentialAction\":[{\"@type\":\"ReadAction\",\"target\":[\"https:\\\/\\\/www.azaros.eu\\\/pt-pt\\\/produto\\\/nu\\\/\"]}]},{\"@type\":\"ImageObject\",\"inLanguage\":\"pt-PT\",\"@id\":\"https:\\\/\\\/www.azaros.eu\\\/pt-pt\\\/produto\\\/nu\\\/#primaryimage\",\"url\":\"https:\\\/\\\/www.azaros.eu\\\/wp-content\\\/uploads\\\/2018\\\/08\\\/Microporoso-31-46.jpg\",\"contentUrl\":\"https:\\\/\\\/www.azaros.eu\\\/wp-content\\\/uploads\\\/2018\\\/08\\\/Microporoso-31-46.jpg\",\"width\":1200,\"height\":699},{\"@type\":\"BreadcrumbList\",\"@id\":\"https:\\\/\\\/www.azaros.eu\\\/pt-pt\\\/produto\\\/nu\\\/#breadcrumb\",\"itemListElement\":[{\"@type\":\"ListItem\",\"position\":1,\"name\":\"Azaros\",\"item\":\"https:\\\/\\\/www.azaros.eu\\\/pt-pt\\\/azaros-home\\\/\"},{\"@type\":\"ListItem\",\"position\":2,\"name\":\"Produtos\",\"item\":\"https:\\\/\\\/www.azaros.eu\\\/pt-pt\\\/produtos\\\/\"},{\"@type\":\"ListItem\",\"position\":3,\"name\":\"Isolamento t\u00e9rmico\",\"item\":\"https:\\\/\\\/www.azaros.eu\\\/pt-pt\\\/produtos\\\/isolamento-termico-pt\\\/\"},{\"@type\":\"ListItem\",\"position\":4,\"name\":\"Microporoso\",\"item\":\"https:\\\/\\\/www.azaros.eu\\\/pt-pt\\\/produtos\\\/isolamento-termico-pt\\\/microporoso-pt-pt\\\/\"},{\"@type\":\"ListItem\",\"position\":5,\"name\":\"Nu\"}]},{\"@type\":\"WebSite\",\"@id\":\"https:\\\/\\\/www.azaros.eu\\\/pt-pt\\\/#website\",\"url\":\"https:\\\/\\\/www.azaros.eu\\\/pt-pt\\\/\",\"name\":\"Azaros\",\"description\":\"Fabricamos, distribuimos y comercializamos una gran gama de suministros.\",\"potentialAction\":[{\"@type\":\"SearchAction\",\"target\":{\"@type\":\"EntryPoint\",\"urlTemplate\":\"https:\\\/\\\/www.azaros.eu\\\/pt-pt\\\/?s={search_term_string}\"},\"query-input\":{\"@type\":\"PropertyValueSpecification\",\"valueRequired\":true,\"valueName\":\"search_term_string\"}}],\"inLanguage\":\"pt-PT\"}]}<\/script>\n<!-- \/ Yoast SEO plugin. -->","yoast_head_json":{"title":"Nu - Azaros","robots":{"index":"index","follow":"follow","max-snippet":"max-snippet:-1","max-image-preview":"max-image-preview:large","max-video-preview":"max-video-preview:-1"},"canonical":"https:\/\/www.azaros.eu\/pt-pt\/produto\/nu\/","og_locale":"pt_PT","og_type":"article","og_title":"Nu - Azaros","og_description":"O painel microporoso \u00e9 um material de isolamento com uma condutividade t\u00e9rmica muito baixa, ou seja, com excelentes propriedades de isolamento. \u00c9 composto principalmente por s\u00edlica pirog\u00eanica, ou pacificantes para reduzir a radia\u00e7\u00e3o infravermelha, e fibras de refor\u00e7o.","og_url":"https:\/\/www.azaros.eu\/pt-pt\/produto\/nu\/","og_site_name":"Azaros","article_modified_time":"2025-04-15T14:58:07+00:00","og_image":[{"width":1200,"height":699,"url":"https:\/\/www.azaros.eu\/wp-content\/uploads\/2018\/08\/Microporoso-31-46.jpg","type":"image\/jpeg"}],"twitter_card":"summary_large_image","twitter_misc":{"Tempo estimado de leitura":"1 minuto"},"schema":{"@context":"https:\/\/schema.org","@graph":[{"@type":"WebPage","@id":"https:\/\/www.azaros.eu\/pt-pt\/produto\/nu\/","url":"https:\/\/www.azaros.eu\/pt-pt\/produto\/nu\/","name":"Nu - Azaros","isPartOf":{"@id":"https:\/\/www.azaros.eu\/pt-pt\/#website"},"primaryImageOfPage":{"@id":"https:\/\/www.azaros.eu\/pt-pt\/produto\/nu\/#primaryimage"},"image":{"@id":"https:\/\/www.azaros.eu\/pt-pt\/produto\/nu\/#primaryimage"},"thumbnailUrl":"https:\/\/www.azaros.eu\/wp-content\/uploads\/2018\/08\/Microporoso-31-46.jpg","datePublished":"2024-06-10T16:24:51+00:00","dateModified":"2025-04-15T14:58:07+00:00","breadcrumb":{"@id":"https:\/\/www.azaros.eu\/pt-pt\/produto\/nu\/#breadcrumb"},"inLanguage":"pt-PT","potentialAction":[{"@type":"ReadAction","target":["https:\/\/www.azaros.eu\/pt-pt\/produto\/nu\/"]}]},{"@type":"ImageObject","inLanguage":"pt-PT","@id":"https:\/\/www.azaros.eu\/pt-pt\/produto\/nu\/#primaryimage","url":"https:\/\/www.azaros.eu\/wp-content\/uploads\/2018\/08\/Microporoso-31-46.jpg","contentUrl":"https:\/\/www.azaros.eu\/wp-content\/uploads\/2018\/08\/Microporoso-31-46.jpg","width":1200,"height":699},{"@type":"BreadcrumbList","@id":"https:\/\/www.azaros.eu\/pt-pt\/produto\/nu\/#breadcrumb","itemListElement":[{"@type":"ListItem","position":1,"name":"Azaros","item":"https:\/\/www.azaros.eu\/pt-pt\/azaros-home\/"},{"@type":"ListItem","position":2,"name":"Produtos","item":"https:\/\/www.azaros.eu\/pt-pt\/produtos\/"},{"@type":"ListItem","position":3,"name":"Isolamento t\u00e9rmico","item":"https:\/\/www.azaros.eu\/pt-pt\/produtos\/isolamento-termico-pt\/"},{"@type":"ListItem","position":4,"name":"Microporoso","item":"https:\/\/www.azaros.eu\/pt-pt\/produtos\/isolamento-termico-pt\/microporoso-pt-pt\/"},{"@type":"ListItem","position":5,"name":"Nu"}]},{"@type":"WebSite","@id":"https:\/\/www.azaros.eu\/pt-pt\/#website","url":"https:\/\/www.azaros.eu\/pt-pt\/","name":"Azaros","description":"Fabricamos, distribuimos y comercializamos una gran gama de suministros.","potentialAction":[{"@type":"SearchAction","target":{"@type":"EntryPoint","urlTemplate":"https:\/\/www.azaros.eu\/pt-pt\/?s={search_term_string}"},"query-input":{"@type":"PropertyValueSpecification","valueRequired":true,"valueName":"search_term_string"}}],"inLanguage":"pt-PT"}]}},"_links":{"self":[{"href":"https:\/\/www.azaros.eu\/pt-pt\/wp-json\/wp\/v2\/product\/10078","targetHints":{"allow":["GET"]}}],"collection":[{"href":"https:\/\/www.azaros.eu\/pt-pt\/wp-json\/wp\/v2\/product"}],"about":[{"href":"https:\/\/www.azaros.eu\/pt-pt\/wp-json\/wp\/v2\/types\/product"}],"wp:featuredmedia":[{"embeddable":true,"href":"https:\/\/www.azaros.eu\/pt-pt\/wp-json\/wp\/v2\/media\/10079"}],"wp:attachment":[{"href":"https:\/\/www.azaros.eu\/pt-pt\/wp-json\/wp\/v2\/media?parent=10078"}],"wp:term":[{"taxonomy":"product_brand","embeddable":true,"href":"https:\/\/www.azaros.eu\/pt-pt\/wp-json\/wp\/v2\/product_brand?post=10078"},{"taxonomy":"product_cat","embeddable":true,"href":"https:\/\/www.azaros.eu\/pt-pt\/wp-json\/wp\/v2\/product_cat?post=10078"},{"taxonomy":"product_tag","embeddable":true,"href":"https:\/\/www.azaros.eu\/pt-pt\/wp-json\/wp\/v2\/product_tag?post=10078"}],"curies":[{"name":"wp","href":"https:\/\/api.w.org\/{rel}","templated":true}]}}