{"id":10083,"date":"2024-04-14T11:59:11","date_gmt":"2024-04-14T10:59:11","guid":{"rendered":"https:\/\/www.azaros.eu\/producto\/paineis-isolantes-microporoso-com-aluminio-adesivo\/"},"modified":"2025-04-16T07:00:20","modified_gmt":"2025-04-16T06:00:20","slug":"paineis-isolantes-microporoso-com-aluminio-adesivo","status":"publish","type":"product","link":"https:\/\/www.azaros.eu\/pt-pt\/produto\/paineis-isolantes-microporoso-com-aluminio-adesivo\/","title":{"rendered":"Pain\u00e9is isolantes microporoso com alum\u00ednio adesivo"},"content":{"rendered":"<div class=\"row\"  id=\"row-813976452\">\n\n\t<div id=\"col-1926820120\" class=\"col medium-6 small-12 large-6\"  >\n\t\t\t\t<div class=\"col-inner\"  >\n\t\t\t\n\t\t\t\n<div class=\"container section-title-container\" ><h2 class=\"section-title section-title-normal\"><b aria-hidden=\"true\"><\/b><span class=\"section-title-main\" style=\"font-size:80%;\">Caracter\u00edsticas<\/span><b aria-hidden=\"true\"><\/b><\/h2><\/div>\n<ul>\n<li>Pode ser fornecido envolto em papel alum\u00ednio ou papel alum\u00ednio adesivo. Tamb\u00e9m pode ser disponibilizado sem revestimento, com filme pl\u00e1stico ou tecido n\u00e3o tecido de fibra de vidro, entre outros acabamentos. <\/li>\n<li>Se for armazenado corretamente num ambiente seco, o painel tem uma vida \u00fatil ilimitada e n\u00e3o expira.<\/li>\n<li>O material utilizado n\u00e3o \u00e9 perigoso para a sa\u00fade humana ou para o meio ambiente, de acordo com a Diretiva Europeia UE2006\/1907\/EEC.<\/li>\n<li>Dimens\u00f5es padr\u00e3o (mm): 1100 x 700 \/ 550 x 700 \/ 550 x 350<\/li>\n<li>Espessuras padr\u00e3o (mm): 7-10\u201315\u201320\u201325\u201330\u201335\u201340\u201345\u201350<\/li>\n<\/ul>\n\t\t<\/div>\n\t\t\t\t\t<\/div>\n\n\t\n\n\t<div id=\"col-1915737620\" class=\"col medium-6 small-12 large-6\"  >\n\t\t\t\t<div class=\"col-inner\"  >\n\t\t\t\n\t\t\t\n<div class=\"container section-title-container\" ><h2 class=\"section-title section-title-normal\"><b aria-hidden=\"true\"><\/b><span class=\"section-title-main\" style=\"font-size:80%;\">Aplica\u00e7\u00f5es t\u00edpicas<\/span><b aria-hidden=\"true\"><\/b><\/h2><\/div>\n<ul>\n<li>Sistemas de tratamento t\u00e9rmico para metais, vidro e cer\u00e2mica<\/li>\n<li>Ind\u00fastria petroqu\u00edmica<\/li>\n<li>Ind\u00fastria do alum\u00ednio (colheres, fornos, etc.)<\/li>\n<li>Prote\u00e7\u00e3o contra inc\u00eandios<\/li>\n<\/ul>\n\t\t<\/div>\n\t\t\t\t\t<\/div>\n\n\t\n<\/div>\n\n","protected":false},"excerpt":{"rendered":"<p>O painel microporoso \u00e9 um material de isolamento com uma condutividade t\u00e9rmica muito baixa, ou seja, com excelentes propriedades de isolamento. \u00c9 composto principalmente por s\u00edlica pirog\u00eanica, opacificantes para reduzir a radia\u00e7\u00e3o infravermelha e fibras de refor\u00e7o. <\/p>\n","protected":false},"featured_media":9239,"template":"","meta":[],"product_brand":[],"product_cat":[464],"product_tag":[],"class_list":{"0":"post-10083","1":"product","2":"type-product","3":"status-publish","4":"has-post-thumbnail","6":"product_cat-microporoso-pt-pt","8":"first","9":"instock","10":"shipping-taxable","11":"product-type-simple"},"yoast_head":"<!-- This site is optimized with the Yoast SEO plugin v27.6 - https:\/\/yoast.com\/product\/yoast-seo-wordpress\/ -->\n<title>Pain\u00e9is isolantes microporoso com alum\u00ednio adesivo - Azaros<\/title>\n<meta name=\"robots\" content=\"index, follow, max-snippet:-1, max-image-preview:large, max-video-preview:-1\" \/>\n<link rel=\"canonical\" href=\"https:\/\/www.azaros.eu\/pt-pt\/produto\/paineis-isolantes-microporoso-com-aluminio-adesivo\/\" \/>\n<meta property=\"og:locale\" content=\"pt_PT\" \/>\n<meta property=\"og:type\" content=\"article\" \/>\n<meta property=\"og:title\" content=\"Pain\u00e9is isolantes microporoso com alum\u00ednio adesivo - Azaros\" \/>\n<meta property=\"og:description\" content=\"O painel microporoso \u00e9 um material de isolamento com uma condutividade t\u00e9rmica muito baixa, ou seja, com excelentes propriedades de isolamento. \u00c9 composto principalmente por s\u00edlica pirog\u00eanica, opacificantes para reduzir a radia\u00e7\u00e3o infravermelha e fibras de refor\u00e7o.\" \/>\n<meta property=\"og:url\" content=\"https:\/\/www.azaros.eu\/pt-pt\/produto\/paineis-isolantes-microporoso-com-aluminio-adesivo\/\" \/>\n<meta property=\"og:site_name\" content=\"Azaros\" \/>\n<meta property=\"article:modified_time\" content=\"2025-04-16T06:00:20+00:00\" \/>\n<meta property=\"og:image\" content=\"https:\/\/www.azaros.eu\/wp-content\/uploads\/2024\/04\/aislantes-micropor-alum-adhesivo.jpg\" \/>\n\t<meta property=\"og:image:width\" content=\"1200\" \/>\n\t<meta property=\"og:image:height\" content=\"700\" \/>\n\t<meta property=\"og:image:type\" content=\"image\/jpeg\" \/>\n<meta name=\"twitter:card\" content=\"summary_large_image\" \/>\n<meta name=\"twitter:label1\" content=\"Tempo estimado de leitura\" \/>\n\t<meta name=\"twitter:data1\" content=\"1 minuto\" \/>\n<script type=\"application\/ld+json\" class=\"yoast-schema-graph\">{\"@context\":\"https:\\\/\\\/schema.org\",\"@graph\":[{\"@type\":\"WebPage\",\"@id\":\"https:\\\/\\\/www.azaros.eu\\\/pt-pt\\\/produto\\\/paineis-isolantes-microporoso-com-aluminio-adesivo\\\/\",\"url\":\"https:\\\/\\\/www.azaros.eu\\\/pt-pt\\\/produto\\\/paineis-isolantes-microporoso-com-aluminio-adesivo\\\/\",\"name\":\"Pain\u00e9is isolantes microporoso com alum\u00ednio adesivo - Azaros\",\"isPartOf\":{\"@id\":\"https:\\\/\\\/www.azaros.eu\\\/pt-pt\\\/#website\"},\"primaryImageOfPage\":{\"@id\":\"https:\\\/\\\/www.azaros.eu\\\/pt-pt\\\/produto\\\/paineis-isolantes-microporoso-com-aluminio-adesivo\\\/#primaryimage\"},\"image\":{\"@id\":\"https:\\\/\\\/www.azaros.eu\\\/pt-pt\\\/produto\\\/paineis-isolantes-microporoso-com-aluminio-adesivo\\\/#primaryimage\"},\"thumbnailUrl\":\"https:\\\/\\\/www.azaros.eu\\\/wp-content\\\/uploads\\\/2024\\\/04\\\/aislantes-micropor-alum-adhesivo.jpg\",\"datePublished\":\"2024-04-14T10:59:11+00:00\",\"dateModified\":\"2025-04-16T06:00:20+00:00\",\"breadcrumb\":{\"@id\":\"https:\\\/\\\/www.azaros.eu\\\/pt-pt\\\/produto\\\/paineis-isolantes-microporoso-com-aluminio-adesivo\\\/#breadcrumb\"},\"inLanguage\":\"pt-PT\",\"potentialAction\":[{\"@type\":\"ReadAction\",\"target\":[\"https:\\\/\\\/www.azaros.eu\\\/pt-pt\\\/produto\\\/paineis-isolantes-microporoso-com-aluminio-adesivo\\\/\"]}]},{\"@type\":\"ImageObject\",\"inLanguage\":\"pt-PT\",\"@id\":\"https:\\\/\\\/www.azaros.eu\\\/pt-pt\\\/produto\\\/paineis-isolantes-microporoso-com-aluminio-adesivo\\\/#primaryimage\",\"url\":\"https:\\\/\\\/www.azaros.eu\\\/wp-content\\\/uploads\\\/2024\\\/04\\\/aislantes-micropor-alum-adhesivo.jpg\",\"contentUrl\":\"https:\\\/\\\/www.azaros.eu\\\/wp-content\\\/uploads\\\/2024\\\/04\\\/aislantes-micropor-alum-adhesivo.jpg\",\"width\":1200,\"height\":700},{\"@type\":\"BreadcrumbList\",\"@id\":\"https:\\\/\\\/www.azaros.eu\\\/pt-pt\\\/produto\\\/paineis-isolantes-microporoso-com-aluminio-adesivo\\\/#breadcrumb\",\"itemListElement\":[{\"@type\":\"ListItem\",\"position\":1,\"name\":\"Azaros\",\"item\":\"https:\\\/\\\/www.azaros.eu\\\/pt-pt\\\/azaros-home\\\/\"},{\"@type\":\"ListItem\",\"position\":2,\"name\":\"Produtos\",\"item\":\"https:\\\/\\\/www.azaros.eu\\\/pt-pt\\\/produtos\\\/\"},{\"@type\":\"ListItem\",\"position\":3,\"name\":\"Isolamento t\u00e9rmico\",\"item\":\"https:\\\/\\\/www.azaros.eu\\\/pt-pt\\\/produtos\\\/isolamento-termico-pt\\\/\"},{\"@type\":\"ListItem\",\"position\":4,\"name\":\"Microporoso\",\"item\":\"https:\\\/\\\/www.azaros.eu\\\/pt-pt\\\/produtos\\\/isolamento-termico-pt\\\/microporoso-pt-pt\\\/\"},{\"@type\":\"ListItem\",\"position\":5,\"name\":\"Pain\u00e9is isolantes microporoso com alum\u00ednio adesivo\"}]},{\"@type\":\"WebSite\",\"@id\":\"https:\\\/\\\/www.azaros.eu\\\/pt-pt\\\/#website\",\"url\":\"https:\\\/\\\/www.azaros.eu\\\/pt-pt\\\/\",\"name\":\"Azaros\",\"description\":\"Fabricamos, distribuimos y comercializamos una gran gama de suministros.\",\"potentialAction\":[{\"@type\":\"SearchAction\",\"target\":{\"@type\":\"EntryPoint\",\"urlTemplate\":\"https:\\\/\\\/www.azaros.eu\\\/pt-pt\\\/?s={search_term_string}\"},\"query-input\":{\"@type\":\"PropertyValueSpecification\",\"valueRequired\":true,\"valueName\":\"search_term_string\"}}],\"inLanguage\":\"pt-PT\"}]}<\/script>\n<!-- \/ Yoast SEO plugin. -->","yoast_head_json":{"title":"Pain\u00e9is isolantes microporoso com alum\u00ednio adesivo - Azaros","robots":{"index":"index","follow":"follow","max-snippet":"max-snippet:-1","max-image-preview":"max-image-preview:large","max-video-preview":"max-video-preview:-1"},"canonical":"https:\/\/www.azaros.eu\/pt-pt\/produto\/paineis-isolantes-microporoso-com-aluminio-adesivo\/","og_locale":"pt_PT","og_type":"article","og_title":"Pain\u00e9is isolantes microporoso com alum\u00ednio adesivo - Azaros","og_description":"O painel microporoso \u00e9 um material de isolamento com uma condutividade t\u00e9rmica muito baixa, ou seja, com excelentes propriedades de isolamento. \u00c9 composto principalmente por s\u00edlica pirog\u00eanica, opacificantes para reduzir a radia\u00e7\u00e3o infravermelha e fibras de refor\u00e7o.","og_url":"https:\/\/www.azaros.eu\/pt-pt\/produto\/paineis-isolantes-microporoso-com-aluminio-adesivo\/","og_site_name":"Azaros","article_modified_time":"2025-04-16T06:00:20+00:00","og_image":[{"width":1200,"height":700,"url":"https:\/\/www.azaros.eu\/wp-content\/uploads\/2024\/04\/aislantes-micropor-alum-adhesivo.jpg","type":"image\/jpeg"}],"twitter_card":"summary_large_image","twitter_misc":{"Tempo estimado de leitura":"1 minuto"},"schema":{"@context":"https:\/\/schema.org","@graph":[{"@type":"WebPage","@id":"https:\/\/www.azaros.eu\/pt-pt\/produto\/paineis-isolantes-microporoso-com-aluminio-adesivo\/","url":"https:\/\/www.azaros.eu\/pt-pt\/produto\/paineis-isolantes-microporoso-com-aluminio-adesivo\/","name":"Pain\u00e9is isolantes microporoso com alum\u00ednio adesivo - Azaros","isPartOf":{"@id":"https:\/\/www.azaros.eu\/pt-pt\/#website"},"primaryImageOfPage":{"@id":"https:\/\/www.azaros.eu\/pt-pt\/produto\/paineis-isolantes-microporoso-com-aluminio-adesivo\/#primaryimage"},"image":{"@id":"https:\/\/www.azaros.eu\/pt-pt\/produto\/paineis-isolantes-microporoso-com-aluminio-adesivo\/#primaryimage"},"thumbnailUrl":"https:\/\/www.azaros.eu\/wp-content\/uploads\/2024\/04\/aislantes-micropor-alum-adhesivo.jpg","datePublished":"2024-04-14T10:59:11+00:00","dateModified":"2025-04-16T06:00:20+00:00","breadcrumb":{"@id":"https:\/\/www.azaros.eu\/pt-pt\/produto\/paineis-isolantes-microporoso-com-aluminio-adesivo\/#breadcrumb"},"inLanguage":"pt-PT","potentialAction":[{"@type":"ReadAction","target":["https:\/\/www.azaros.eu\/pt-pt\/produto\/paineis-isolantes-microporoso-com-aluminio-adesivo\/"]}]},{"@type":"ImageObject","inLanguage":"pt-PT","@id":"https:\/\/www.azaros.eu\/pt-pt\/produto\/paineis-isolantes-microporoso-com-aluminio-adesivo\/#primaryimage","url":"https:\/\/www.azaros.eu\/wp-content\/uploads\/2024\/04\/aislantes-micropor-alum-adhesivo.jpg","contentUrl":"https:\/\/www.azaros.eu\/wp-content\/uploads\/2024\/04\/aislantes-micropor-alum-adhesivo.jpg","width":1200,"height":700},{"@type":"BreadcrumbList","@id":"https:\/\/www.azaros.eu\/pt-pt\/produto\/paineis-isolantes-microporoso-com-aluminio-adesivo\/#breadcrumb","itemListElement":[{"@type":"ListItem","position":1,"name":"Azaros","item":"https:\/\/www.azaros.eu\/pt-pt\/azaros-home\/"},{"@type":"ListItem","position":2,"name":"Produtos","item":"https:\/\/www.azaros.eu\/pt-pt\/produtos\/"},{"@type":"ListItem","position":3,"name":"Isolamento t\u00e9rmico","item":"https:\/\/www.azaros.eu\/pt-pt\/produtos\/isolamento-termico-pt\/"},{"@type":"ListItem","position":4,"name":"Microporoso","item":"https:\/\/www.azaros.eu\/pt-pt\/produtos\/isolamento-termico-pt\/microporoso-pt-pt\/"},{"@type":"ListItem","position":5,"name":"Pain\u00e9is isolantes microporoso com alum\u00ednio adesivo"}]},{"@type":"WebSite","@id":"https:\/\/www.azaros.eu\/pt-pt\/#website","url":"https:\/\/www.azaros.eu\/pt-pt\/","name":"Azaros","description":"Fabricamos, distribuimos y comercializamos una gran gama de suministros.","potentialAction":[{"@type":"SearchAction","target":{"@type":"EntryPoint","urlTemplate":"https:\/\/www.azaros.eu\/pt-pt\/?s={search_term_string}"},"query-input":{"@type":"PropertyValueSpecification","valueRequired":true,"valueName":"search_term_string"}}],"inLanguage":"pt-PT"}]}},"_links":{"self":[{"href":"https:\/\/www.azaros.eu\/pt-pt\/wp-json\/wp\/v2\/product\/10083","targetHints":{"allow":["GET"]}}],"collection":[{"href":"https:\/\/www.azaros.eu\/pt-pt\/wp-json\/wp\/v2\/product"}],"about":[{"href":"https:\/\/www.azaros.eu\/pt-pt\/wp-json\/wp\/v2\/types\/product"}],"wp:featuredmedia":[{"embeddable":true,"href":"https:\/\/www.azaros.eu\/pt-pt\/wp-json\/wp\/v2\/media\/9239"}],"wp:attachment":[{"href":"https:\/\/www.azaros.eu\/pt-pt\/wp-json\/wp\/v2\/media?parent=10083"}],"wp:term":[{"taxonomy":"product_brand","embeddable":true,"href":"https:\/\/www.azaros.eu\/pt-pt\/wp-json\/wp\/v2\/product_brand?post=10083"},{"taxonomy":"product_cat","embeddable":true,"href":"https:\/\/www.azaros.eu\/pt-pt\/wp-json\/wp\/v2\/product_cat?post=10083"},{"taxonomy":"product_tag","embeddable":true,"href":"https:\/\/www.azaros.eu\/pt-pt\/wp-json\/wp\/v2\/product_tag?post=10083"}],"curies":[{"name":"wp","href":"https:\/\/api.w.org\/{rel}","templated":true}]}}