{"id":10107,"date":"2024-06-11T08:05:04","date_gmt":"2024-06-11T07:05:04","guid":{"rendered":"https:\/\/www.azaros.eu\/producto\/estandar\/"},"modified":"2025-07-14T12:09:49","modified_gmt":"2025-07-14T11:09:49","slug":"estandar","status":"publish","type":"product","link":"https:\/\/www.azaros.eu\/pt-pt\/produto\/estandar\/","title":{"rendered":"Standard"},"content":{"rendered":"<div class=\"row\"  id=\"row-300376843\">\n\n\t<div id=\"col-323692429\" class=\"col medium-6 small-12 large-6\"  >\n\t\t\t\t<div class=\"col-inner\"  >\n\t\t\t\n\t\t\t\n<div class=\"container section-title-container\" ><h2 class=\"section-title section-title-normal\"><b aria-hidden=\"true\"><\/b><span class=\"section-title-main\" style=\"font-size:80%;\">Caracter\u00edsticas<\/span><b aria-hidden=\"true\"><\/b><\/h2><\/div>\n<ul>\n<li class=\"p1\">Excelente resist\u00eancia ao choque t\u00e9rmico<\/li>\n<li class=\"p1\">Dimens\u00e3o precisa e personalizada<\/li>\n<li class=\"p1\">Alta resist\u00eancia ao esmagamento<\/li>\n<li class=\"p1\">Si se almacena adecuadamente la vida del panel es ilimitada, no caduca.<\/li>\n<li class=\"p1\">Baixa condutividade t\u00e9rmica<\/li>\n<li class=\"p1\">Baixo armazenamento de calor<\/li>\n<li class=\"p1\">Dimens\u00f5es standard mais comuns: 230x114x64 mm e 230x114x76 mm.<\/li>\n<li class=\"p1\">Tijolos com dimens\u00f5es especiais podem ser fabricados mediante pedido.<\/li>\n<\/ul>\n\t\t<\/div>\n\t\t\t\t\t<\/div>\n\n\t\n\n\t<div id=\"col-1615398722\" class=\"col medium-6 small-12 large-6\"  >\n\t\t\t\t<div class=\"col-inner\"  >\n\t\t\t\n\t\t\t\n<div class=\"container section-title-container\" ><h2 class=\"section-title section-title-normal\"><b aria-hidden=\"true\"><\/b><span class=\"section-title-main\" style=\"font-size:80%;\">Aplicaciones t\u00edpicas<\/span><b aria-hidden=\"true\"><\/b><\/h2><\/div>\n<ul>\n<li>Ind\u00fastria metal\u00fargica<\/li>\n<li>Ind\u00fastria petroqu\u00edmica<\/li>\n<li>Ind\u00fastria cer\u00e1mica<\/li>\n<li>Ind\u00fastria de alum\u00ednio<\/li>\n<li>Ind\u00fastria de vidro<\/li>\n<\/ul>\n\t\t<\/div>\n\t\t\t\t\t<\/div>\n\n\t\n<\/div>\n\n","protected":false},"excerpt":{"rendered":"<p>O tijolo isolante \u00e9 feito de p\u00f3 refrat\u00e1rio de alta pureza e preenchimentos org\u00e2nicos que se queimam durante o processo de fabrica\u00e7\u00e3o, conferindo uma porosidade uniforme e controlada. O tijolo \u00e9 comprimido a v\u00e1cuo e sinterizado a altas temperaturas. O tijolo isolante \u00e9 amplamente utilizado como revestimento refrat\u00e1rio de face quente ou isolamento de apoio em v\u00e1rios tipos de fornos industriais.  <\/p>\n<p>Dispon\u00edvel em diferentes grupos como por exemplo G23,G26, G28, etc.<\/p>\n","protected":false},"featured_media":10108,"template":"","meta":[],"product_brand":[],"product_cat":[468],"product_tag":[],"class_list":{"0":"post-10107","1":"product","2":"type-product","3":"status-publish","4":"has-post-thumbnail","6":"product_cat-tijolos","8":"first","9":"instock","10":"shipping-taxable","11":"product-type-simple"},"yoast_head":"<!-- This site is optimized with the Yoast SEO plugin v27.4 - https:\/\/yoast.com\/product\/yoast-seo-wordpress\/ -->\n<title>Standard - Azaros<\/title>\n<meta name=\"robots\" content=\"index, follow, max-snippet:-1, max-image-preview:large, max-video-preview:-1\" \/>\n<link rel=\"canonical\" href=\"https:\/\/www.azaros.eu\/pt-pt\/produto\/estandar\/\" \/>\n<meta property=\"og:locale\" content=\"pt_PT\" \/>\n<meta property=\"og:type\" content=\"article\" \/>\n<meta property=\"og:title\" content=\"Standard - Azaros\" \/>\n<meta property=\"og:description\" content=\"O tijolo isolante \u00e9 feito de p\u00f3 refrat\u00e1rio de alta pureza e preenchimentos org\u00e2nicos que se queimam durante o processo de fabrica\u00e7\u00e3o, conferindo uma porosidade uniforme e controlada. O tijolo \u00e9 comprimido a v\u00e1cuo e sinterizado a altas temperaturas. O tijolo isolante \u00e9 amplamente utilizado como revestimento refrat\u00e1rio de face quente ou isolamento de apoio em v\u00e1rios tipos de fornos industriais.  Dispon\u00edvel em diferentes grupos como por exemplo G23,G26, G28, etc.\" \/>\n<meta property=\"og:url\" content=\"https:\/\/www.azaros.eu\/pt-pt\/produto\/estandar\/\" \/>\n<meta property=\"og:site_name\" content=\"Azaros\" \/>\n<meta property=\"article:modified_time\" content=\"2025-07-14T11:09:49+00:00\" \/>\n<meta property=\"og:image\" content=\"https:\/\/www.azaros.eu\/wp-content\/uploads\/2024\/06\/Ladrillos-aislantes-1.jpg\" \/>\n\t<meta property=\"og:image:width\" content=\"1200\" \/>\n\t<meta property=\"og:image:height\" content=\"700\" \/>\n\t<meta property=\"og:image:type\" content=\"image\/jpeg\" \/>\n<meta name=\"twitter:card\" content=\"summary_large_image\" \/>\n<meta name=\"twitter:label1\" content=\"Tempo estimado de leitura\" \/>\n\t<meta name=\"twitter:data1\" content=\"1 minuto\" \/>\n<script type=\"application\/ld+json\" class=\"yoast-schema-graph\">{\"@context\":\"https:\\\/\\\/schema.org\",\"@graph\":[{\"@type\":\"WebPage\",\"@id\":\"https:\\\/\\\/www.azaros.eu\\\/pt-pt\\\/produto\\\/estandar\\\/\",\"url\":\"https:\\\/\\\/www.azaros.eu\\\/pt-pt\\\/produto\\\/estandar\\\/\",\"name\":\"Standard - Azaros\",\"isPartOf\":{\"@id\":\"https:\\\/\\\/www.azaros.eu\\\/pt-pt\\\/#website\"},\"primaryImageOfPage\":{\"@id\":\"https:\\\/\\\/www.azaros.eu\\\/pt-pt\\\/produto\\\/estandar\\\/#primaryimage\"},\"image\":{\"@id\":\"https:\\\/\\\/www.azaros.eu\\\/pt-pt\\\/produto\\\/estandar\\\/#primaryimage\"},\"thumbnailUrl\":\"https:\\\/\\\/www.azaros.eu\\\/wp-content\\\/uploads\\\/2024\\\/06\\\/Ladrillos-aislantes-1.jpg\",\"datePublished\":\"2024-06-11T07:05:04+00:00\",\"dateModified\":\"2025-07-14T11:09:49+00:00\",\"breadcrumb\":{\"@id\":\"https:\\\/\\\/www.azaros.eu\\\/pt-pt\\\/produto\\\/estandar\\\/#breadcrumb\"},\"inLanguage\":\"pt-PT\",\"potentialAction\":[{\"@type\":\"ReadAction\",\"target\":[\"https:\\\/\\\/www.azaros.eu\\\/pt-pt\\\/produto\\\/estandar\\\/\"]}]},{\"@type\":\"ImageObject\",\"inLanguage\":\"pt-PT\",\"@id\":\"https:\\\/\\\/www.azaros.eu\\\/pt-pt\\\/produto\\\/estandar\\\/#primaryimage\",\"url\":\"https:\\\/\\\/www.azaros.eu\\\/wp-content\\\/uploads\\\/2024\\\/06\\\/Ladrillos-aislantes-1.jpg\",\"contentUrl\":\"https:\\\/\\\/www.azaros.eu\\\/wp-content\\\/uploads\\\/2024\\\/06\\\/Ladrillos-aislantes-1.jpg\",\"width\":1200,\"height\":700},{\"@type\":\"BreadcrumbList\",\"@id\":\"https:\\\/\\\/www.azaros.eu\\\/pt-pt\\\/produto\\\/estandar\\\/#breadcrumb\",\"itemListElement\":[{\"@type\":\"ListItem\",\"position\":1,\"name\":\"Azaros\",\"item\":\"https:\\\/\\\/www.azaros.eu\\\/pt-pt\\\/azaros-home\\\/\"},{\"@type\":\"ListItem\",\"position\":2,\"name\":\"Produtos\",\"item\":\"https:\\\/\\\/www.azaros.eu\\\/pt-pt\\\/produtos\\\/\"},{\"@type\":\"ListItem\",\"position\":3,\"name\":\"Isolamento t\u00e9rmico\",\"item\":\"https:\\\/\\\/www.azaros.eu\\\/pt-pt\\\/produtos\\\/isolamento-termico-pt\\\/\"},{\"@type\":\"ListItem\",\"position\":4,\"name\":\"Tijolo Isolantes\",\"item\":\"https:\\\/\\\/www.azaros.eu\\\/pt-pt\\\/produtos\\\/isolamento-termico-pt\\\/tijolos\\\/\"},{\"@type\":\"ListItem\",\"position\":5,\"name\":\"Standard\"}]},{\"@type\":\"WebSite\",\"@id\":\"https:\\\/\\\/www.azaros.eu\\\/pt-pt\\\/#website\",\"url\":\"https:\\\/\\\/www.azaros.eu\\\/pt-pt\\\/\",\"name\":\"Azaros\",\"description\":\"Fabricamos, distribuimos y comercializamos una gran gama de suministros.\",\"potentialAction\":[{\"@type\":\"SearchAction\",\"target\":{\"@type\":\"EntryPoint\",\"urlTemplate\":\"https:\\\/\\\/www.azaros.eu\\\/pt-pt\\\/?s={search_term_string}\"},\"query-input\":{\"@type\":\"PropertyValueSpecification\",\"valueRequired\":true,\"valueName\":\"search_term_string\"}}],\"inLanguage\":\"pt-PT\"}]}<\/script>\n<!-- \/ Yoast SEO plugin. -->","yoast_head_json":{"title":"Standard - Azaros","robots":{"index":"index","follow":"follow","max-snippet":"max-snippet:-1","max-image-preview":"max-image-preview:large","max-video-preview":"max-video-preview:-1"},"canonical":"https:\/\/www.azaros.eu\/pt-pt\/produto\/estandar\/","og_locale":"pt_PT","og_type":"article","og_title":"Standard - Azaros","og_description":"O tijolo isolante \u00e9 feito de p\u00f3 refrat\u00e1rio de alta pureza e preenchimentos org\u00e2nicos que se queimam durante o processo de fabrica\u00e7\u00e3o, conferindo uma porosidade uniforme e controlada. O tijolo \u00e9 comprimido a v\u00e1cuo e sinterizado a altas temperaturas. O tijolo isolante \u00e9 amplamente utilizado como revestimento refrat\u00e1rio de face quente ou isolamento de apoio em v\u00e1rios tipos de fornos industriais.  Dispon\u00edvel em diferentes grupos como por exemplo G23,G26, G28, etc.","og_url":"https:\/\/www.azaros.eu\/pt-pt\/produto\/estandar\/","og_site_name":"Azaros","article_modified_time":"2025-07-14T11:09:49+00:00","og_image":[{"width":1200,"height":700,"url":"https:\/\/www.azaros.eu\/wp-content\/uploads\/2024\/06\/Ladrillos-aislantes-1.jpg","type":"image\/jpeg"}],"twitter_card":"summary_large_image","twitter_misc":{"Tempo estimado de leitura":"1 minuto"},"schema":{"@context":"https:\/\/schema.org","@graph":[{"@type":"WebPage","@id":"https:\/\/www.azaros.eu\/pt-pt\/produto\/estandar\/","url":"https:\/\/www.azaros.eu\/pt-pt\/produto\/estandar\/","name":"Standard - Azaros","isPartOf":{"@id":"https:\/\/www.azaros.eu\/pt-pt\/#website"},"primaryImageOfPage":{"@id":"https:\/\/www.azaros.eu\/pt-pt\/produto\/estandar\/#primaryimage"},"image":{"@id":"https:\/\/www.azaros.eu\/pt-pt\/produto\/estandar\/#primaryimage"},"thumbnailUrl":"https:\/\/www.azaros.eu\/wp-content\/uploads\/2024\/06\/Ladrillos-aislantes-1.jpg","datePublished":"2024-06-11T07:05:04+00:00","dateModified":"2025-07-14T11:09:49+00:00","breadcrumb":{"@id":"https:\/\/www.azaros.eu\/pt-pt\/produto\/estandar\/#breadcrumb"},"inLanguage":"pt-PT","potentialAction":[{"@type":"ReadAction","target":["https:\/\/www.azaros.eu\/pt-pt\/produto\/estandar\/"]}]},{"@type":"ImageObject","inLanguage":"pt-PT","@id":"https:\/\/www.azaros.eu\/pt-pt\/produto\/estandar\/#primaryimage","url":"https:\/\/www.azaros.eu\/wp-content\/uploads\/2024\/06\/Ladrillos-aislantes-1.jpg","contentUrl":"https:\/\/www.azaros.eu\/wp-content\/uploads\/2024\/06\/Ladrillos-aislantes-1.jpg","width":1200,"height":700},{"@type":"BreadcrumbList","@id":"https:\/\/www.azaros.eu\/pt-pt\/produto\/estandar\/#breadcrumb","itemListElement":[{"@type":"ListItem","position":1,"name":"Azaros","item":"https:\/\/www.azaros.eu\/pt-pt\/azaros-home\/"},{"@type":"ListItem","position":2,"name":"Produtos","item":"https:\/\/www.azaros.eu\/pt-pt\/produtos\/"},{"@type":"ListItem","position":3,"name":"Isolamento t\u00e9rmico","item":"https:\/\/www.azaros.eu\/pt-pt\/produtos\/isolamento-termico-pt\/"},{"@type":"ListItem","position":4,"name":"Tijolo Isolantes","item":"https:\/\/www.azaros.eu\/pt-pt\/produtos\/isolamento-termico-pt\/tijolos\/"},{"@type":"ListItem","position":5,"name":"Standard"}]},{"@type":"WebSite","@id":"https:\/\/www.azaros.eu\/pt-pt\/#website","url":"https:\/\/www.azaros.eu\/pt-pt\/","name":"Azaros","description":"Fabricamos, distribuimos y comercializamos una gran gama de suministros.","potentialAction":[{"@type":"SearchAction","target":{"@type":"EntryPoint","urlTemplate":"https:\/\/www.azaros.eu\/pt-pt\/?s={search_term_string}"},"query-input":{"@type":"PropertyValueSpecification","valueRequired":true,"valueName":"search_term_string"}}],"inLanguage":"pt-PT"}]}},"_links":{"self":[{"href":"https:\/\/www.azaros.eu\/pt-pt\/wp-json\/wp\/v2\/product\/10107","targetHints":{"allow":["GET"]}}],"collection":[{"href":"https:\/\/www.azaros.eu\/pt-pt\/wp-json\/wp\/v2\/product"}],"about":[{"href":"https:\/\/www.azaros.eu\/pt-pt\/wp-json\/wp\/v2\/types\/product"}],"wp:featuredmedia":[{"embeddable":true,"href":"https:\/\/www.azaros.eu\/pt-pt\/wp-json\/wp\/v2\/media\/10108"}],"wp:attachment":[{"href":"https:\/\/www.azaros.eu\/pt-pt\/wp-json\/wp\/v2\/media?parent=10107"}],"wp:term":[{"taxonomy":"product_brand","embeddable":true,"href":"https:\/\/www.azaros.eu\/pt-pt\/wp-json\/wp\/v2\/product_brand?post=10107"},{"taxonomy":"product_cat","embeddable":true,"href":"https:\/\/www.azaros.eu\/pt-pt\/wp-json\/wp\/v2\/product_cat?post=10107"},{"taxonomy":"product_tag","embeddable":true,"href":"https:\/\/www.azaros.eu\/pt-pt\/wp-json\/wp\/v2\/product_tag?post=10107"}],"curies":[{"name":"wp","href":"https:\/\/api.w.org\/{rel}","templated":true}]}}