{"id":10111,"date":"2024-06-10T17:34:55","date_gmt":"2024-06-10T16:34:55","guid":{"rendered":"https:\/\/www.azaros.eu\/producto\/blocos-suspensos\/"},"modified":"2025-07-14T12:22:42","modified_gmt":"2025-07-14T11:22:42","slug":"blocos-suspensos","status":"publish","type":"product","link":"https:\/\/www.azaros.eu\/pt-pt\/produto\/blocos-suspensos\/","title":{"rendered":"Blocos suspensos"},"content":{"rendered":"<div class=\"row\"  id=\"row-515945356\">\n\n\t<div id=\"col-1592528372\" class=\"col medium-6 small-12 large-6\"  >\n\t\t\t\t<div class=\"col-inner\"  >\n\t\t\t\n\t\t\t\n<div class=\"container section-title-container\" ><h2 class=\"section-title section-title-normal\"><b aria-hidden=\"true\"><\/b><span class=\"section-title-main\" style=\"font-size:80%;\">Caracter\u00edsticas<\/span><b aria-hidden=\"true\"><\/b><\/h2><\/div>\n<ul>\n<li>Excelente resist\u00eancia ao choque t\u00e9rmico<\/li>\n<li>Dimens\u00e3o precisa e personalizada<\/li>\n<li>Alta resist\u00eancia ao esmagamento<\/li>\n<li>Baixa condutividade t\u00e9rmica<\/li>\n<li>Baixo armazenamento de calor<\/li>\n<\/ul>\n\t\t<\/div>\n\t\t\t\t\t<\/div>\n\n\t\n\n\t<div id=\"col-1037801181\" class=\"col medium-6 small-12 large-6\"  >\n\t\t\t\t<div class=\"col-inner\"  >\n\t\t\t\n\t\t\t\n<div class=\"container section-title-container\" ><h2 class=\"section-title section-title-normal\"><b aria-hidden=\"true\"><\/b><span class=\"section-title-main\" style=\"font-size:80%;\">Aplicaciones t\u00edpicas<\/span><b aria-hidden=\"true\"><\/b><\/h2><\/div>\n<ul>\n<li>Ind\u00fastria metal\u00fargica<\/li>\n<li>Ind\u00fastria petroqu\u00edmica<\/li>\n<li>Ind\u00fastria cer\u00e1mica<\/li>\n<li>Ind\u00fastria de alum\u00ednio<\/li>\n<li>Ind\u00fastria de vidro<\/li>\n<\/ul>\n\t\t<\/div>\n\t\t\t\t\t<\/div>\n\n\t\n<\/div>\n","protected":false},"excerpt":{"rendered":"<p>O tijolo isolante \u00e9 feito de p\u00f3 refrat\u00e1rio de alta pureza e preenchimentos org\u00e2nicos que se queimam durante o processo de fabrica\u00e7\u00e3o, conferindo uma porosidade uniforme e controlada. O tijolo \u00e9 comprimido a v\u00e1cuo e sinterizado a altas temperaturas. O tijolo isolante \u00e9 amplamente utilizado como revestimento refrat\u00e1rio de face quente ou isolamento de apoio em v\u00e1rios tipos de fornos industriais.  <\/p>\n<p>Dispon\u00edvel em diferentes grupos como por exemplo G23,G26, G28, etc.<\/p>\n","protected":false},"featured_media":9373,"template":"","meta":[],"product_brand":[],"product_cat":[468],"product_tag":[],"class_list":{"0":"post-10111","1":"product","2":"type-product","3":"status-publish","4":"has-post-thumbnail","6":"product_cat-tijolos","8":"first","9":"instock","10":"shipping-taxable","11":"product-type-simple"},"yoast_head":"<!-- This site is optimized with the Yoast SEO plugin v27.4 - https:\/\/yoast.com\/product\/yoast-seo-wordpress\/ -->\n<title>Blocos suspensos - Azaros<\/title>\n<meta name=\"robots\" content=\"index, follow, max-snippet:-1, max-image-preview:large, max-video-preview:-1\" \/>\n<link rel=\"canonical\" href=\"https:\/\/www.azaros.eu\/pt-pt\/produto\/blocos-suspensos\/\" \/>\n<meta property=\"og:locale\" content=\"pt_PT\" \/>\n<meta property=\"og:type\" content=\"article\" \/>\n<meta property=\"og:title\" content=\"Blocos suspensos - Azaros\" \/>\n<meta property=\"og:description\" content=\"O tijolo isolante \u00e9 feito de p\u00f3 refrat\u00e1rio de alta pureza e preenchimentos org\u00e2nicos que se queimam durante o processo de fabrica\u00e7\u00e3o, conferindo uma porosidade uniforme e controlada. O tijolo \u00e9 comprimido a v\u00e1cuo e sinterizado a altas temperaturas. O tijolo isolante \u00e9 amplamente utilizado como revestimento refrat\u00e1rio de face quente ou isolamento de apoio em v\u00e1rios tipos de fornos industriais.  Dispon\u00edvel em diferentes grupos como por exemplo G23,G26, G28, etc.\" \/>\n<meta property=\"og:url\" content=\"https:\/\/www.azaros.eu\/pt-pt\/produto\/blocos-suspensos\/\" \/>\n<meta property=\"og:site_name\" content=\"Azaros\" \/>\n<meta property=\"article:modified_time\" content=\"2025-07-14T11:22:42+00:00\" \/>\n<meta property=\"og:image\" content=\"https:\/\/www.azaros.eu\/wp-content\/uploads\/2024\/06\/Bloque-colgante.jpg\" \/>\n\t<meta property=\"og:image:width\" content=\"1200\" \/>\n\t<meta property=\"og:image:height\" content=\"700\" \/>\n\t<meta property=\"og:image:type\" content=\"image\/jpeg\" \/>\n<meta name=\"twitter:card\" content=\"summary_large_image\" \/>\n<script type=\"application\/ld+json\" class=\"yoast-schema-graph\">{\"@context\":\"https:\\\/\\\/schema.org\",\"@graph\":[{\"@type\":\"WebPage\",\"@id\":\"https:\\\/\\\/www.azaros.eu\\\/pt-pt\\\/produto\\\/blocos-suspensos\\\/\",\"url\":\"https:\\\/\\\/www.azaros.eu\\\/pt-pt\\\/produto\\\/blocos-suspensos\\\/\",\"name\":\"Blocos suspensos - Azaros\",\"isPartOf\":{\"@id\":\"https:\\\/\\\/www.azaros.eu\\\/pt-pt\\\/#website\"},\"primaryImageOfPage\":{\"@id\":\"https:\\\/\\\/www.azaros.eu\\\/pt-pt\\\/produto\\\/blocos-suspensos\\\/#primaryimage\"},\"image\":{\"@id\":\"https:\\\/\\\/www.azaros.eu\\\/pt-pt\\\/produto\\\/blocos-suspensos\\\/#primaryimage\"},\"thumbnailUrl\":\"https:\\\/\\\/www.azaros.eu\\\/wp-content\\\/uploads\\\/2024\\\/06\\\/Bloque-colgante.jpg\",\"datePublished\":\"2024-06-10T16:34:55+00:00\",\"dateModified\":\"2025-07-14T11:22:42+00:00\",\"breadcrumb\":{\"@id\":\"https:\\\/\\\/www.azaros.eu\\\/pt-pt\\\/produto\\\/blocos-suspensos\\\/#breadcrumb\"},\"inLanguage\":\"pt-PT\",\"potentialAction\":[{\"@type\":\"ReadAction\",\"target\":[\"https:\\\/\\\/www.azaros.eu\\\/pt-pt\\\/produto\\\/blocos-suspensos\\\/\"]}]},{\"@type\":\"ImageObject\",\"inLanguage\":\"pt-PT\",\"@id\":\"https:\\\/\\\/www.azaros.eu\\\/pt-pt\\\/produto\\\/blocos-suspensos\\\/#primaryimage\",\"url\":\"https:\\\/\\\/www.azaros.eu\\\/wp-content\\\/uploads\\\/2024\\\/06\\\/Bloque-colgante.jpg\",\"contentUrl\":\"https:\\\/\\\/www.azaros.eu\\\/wp-content\\\/uploads\\\/2024\\\/06\\\/Bloque-colgante.jpg\",\"width\":1200,\"height\":700},{\"@type\":\"BreadcrumbList\",\"@id\":\"https:\\\/\\\/www.azaros.eu\\\/pt-pt\\\/produto\\\/blocos-suspensos\\\/#breadcrumb\",\"itemListElement\":[{\"@type\":\"ListItem\",\"position\":1,\"name\":\"Azaros\",\"item\":\"https:\\\/\\\/www.azaros.eu\\\/pt-pt\\\/azaros-home\\\/\"},{\"@type\":\"ListItem\",\"position\":2,\"name\":\"Produtos\",\"item\":\"https:\\\/\\\/www.azaros.eu\\\/pt-pt\\\/produtos\\\/\"},{\"@type\":\"ListItem\",\"position\":3,\"name\":\"Isolamento t\u00e9rmico\",\"item\":\"https:\\\/\\\/www.azaros.eu\\\/pt-pt\\\/produtos\\\/isolamento-termico-pt\\\/\"},{\"@type\":\"ListItem\",\"position\":4,\"name\":\"Tijolo Isolantes\",\"item\":\"https:\\\/\\\/www.azaros.eu\\\/pt-pt\\\/produtos\\\/isolamento-termico-pt\\\/tijolos\\\/\"},{\"@type\":\"ListItem\",\"position\":5,\"name\":\"Blocos suspensos\"}]},{\"@type\":\"WebSite\",\"@id\":\"https:\\\/\\\/www.azaros.eu\\\/pt-pt\\\/#website\",\"url\":\"https:\\\/\\\/www.azaros.eu\\\/pt-pt\\\/\",\"name\":\"Azaros\",\"description\":\"Fabricamos, distribuimos y comercializamos una gran gama de suministros.\",\"potentialAction\":[{\"@type\":\"SearchAction\",\"target\":{\"@type\":\"EntryPoint\",\"urlTemplate\":\"https:\\\/\\\/www.azaros.eu\\\/pt-pt\\\/?s={search_term_string}\"},\"query-input\":{\"@type\":\"PropertyValueSpecification\",\"valueRequired\":true,\"valueName\":\"search_term_string\"}}],\"inLanguage\":\"pt-PT\"}]}<\/script>\n<!-- \/ Yoast SEO plugin. -->","yoast_head_json":{"title":"Blocos suspensos - Azaros","robots":{"index":"index","follow":"follow","max-snippet":"max-snippet:-1","max-image-preview":"max-image-preview:large","max-video-preview":"max-video-preview:-1"},"canonical":"https:\/\/www.azaros.eu\/pt-pt\/produto\/blocos-suspensos\/","og_locale":"pt_PT","og_type":"article","og_title":"Blocos suspensos - Azaros","og_description":"O tijolo isolante \u00e9 feito de p\u00f3 refrat\u00e1rio de alta pureza e preenchimentos org\u00e2nicos que se queimam durante o processo de fabrica\u00e7\u00e3o, conferindo uma porosidade uniforme e controlada. O tijolo \u00e9 comprimido a v\u00e1cuo e sinterizado a altas temperaturas. O tijolo isolante \u00e9 amplamente utilizado como revestimento refrat\u00e1rio de face quente ou isolamento de apoio em v\u00e1rios tipos de fornos industriais.  Dispon\u00edvel em diferentes grupos como por exemplo G23,G26, G28, etc.","og_url":"https:\/\/www.azaros.eu\/pt-pt\/produto\/blocos-suspensos\/","og_site_name":"Azaros","article_modified_time":"2025-07-14T11:22:42+00:00","og_image":[{"width":1200,"height":700,"url":"https:\/\/www.azaros.eu\/wp-content\/uploads\/2024\/06\/Bloque-colgante.jpg","type":"image\/jpeg"}],"twitter_card":"summary_large_image","schema":{"@context":"https:\/\/schema.org","@graph":[{"@type":"WebPage","@id":"https:\/\/www.azaros.eu\/pt-pt\/produto\/blocos-suspensos\/","url":"https:\/\/www.azaros.eu\/pt-pt\/produto\/blocos-suspensos\/","name":"Blocos suspensos - Azaros","isPartOf":{"@id":"https:\/\/www.azaros.eu\/pt-pt\/#website"},"primaryImageOfPage":{"@id":"https:\/\/www.azaros.eu\/pt-pt\/produto\/blocos-suspensos\/#primaryimage"},"image":{"@id":"https:\/\/www.azaros.eu\/pt-pt\/produto\/blocos-suspensos\/#primaryimage"},"thumbnailUrl":"https:\/\/www.azaros.eu\/wp-content\/uploads\/2024\/06\/Bloque-colgante.jpg","datePublished":"2024-06-10T16:34:55+00:00","dateModified":"2025-07-14T11:22:42+00:00","breadcrumb":{"@id":"https:\/\/www.azaros.eu\/pt-pt\/produto\/blocos-suspensos\/#breadcrumb"},"inLanguage":"pt-PT","potentialAction":[{"@type":"ReadAction","target":["https:\/\/www.azaros.eu\/pt-pt\/produto\/blocos-suspensos\/"]}]},{"@type":"ImageObject","inLanguage":"pt-PT","@id":"https:\/\/www.azaros.eu\/pt-pt\/produto\/blocos-suspensos\/#primaryimage","url":"https:\/\/www.azaros.eu\/wp-content\/uploads\/2024\/06\/Bloque-colgante.jpg","contentUrl":"https:\/\/www.azaros.eu\/wp-content\/uploads\/2024\/06\/Bloque-colgante.jpg","width":1200,"height":700},{"@type":"BreadcrumbList","@id":"https:\/\/www.azaros.eu\/pt-pt\/produto\/blocos-suspensos\/#breadcrumb","itemListElement":[{"@type":"ListItem","position":1,"name":"Azaros","item":"https:\/\/www.azaros.eu\/pt-pt\/azaros-home\/"},{"@type":"ListItem","position":2,"name":"Produtos","item":"https:\/\/www.azaros.eu\/pt-pt\/produtos\/"},{"@type":"ListItem","position":3,"name":"Isolamento t\u00e9rmico","item":"https:\/\/www.azaros.eu\/pt-pt\/produtos\/isolamento-termico-pt\/"},{"@type":"ListItem","position":4,"name":"Tijolo Isolantes","item":"https:\/\/www.azaros.eu\/pt-pt\/produtos\/isolamento-termico-pt\/tijolos\/"},{"@type":"ListItem","position":5,"name":"Blocos suspensos"}]},{"@type":"WebSite","@id":"https:\/\/www.azaros.eu\/pt-pt\/#website","url":"https:\/\/www.azaros.eu\/pt-pt\/","name":"Azaros","description":"Fabricamos, distribuimos y comercializamos una gran gama de suministros.","potentialAction":[{"@type":"SearchAction","target":{"@type":"EntryPoint","urlTemplate":"https:\/\/www.azaros.eu\/pt-pt\/?s={search_term_string}"},"query-input":{"@type":"PropertyValueSpecification","valueRequired":true,"valueName":"search_term_string"}}],"inLanguage":"pt-PT"}]}},"_links":{"self":[{"href":"https:\/\/www.azaros.eu\/pt-pt\/wp-json\/wp\/v2\/product\/10111","targetHints":{"allow":["GET"]}}],"collection":[{"href":"https:\/\/www.azaros.eu\/pt-pt\/wp-json\/wp\/v2\/product"}],"about":[{"href":"https:\/\/www.azaros.eu\/pt-pt\/wp-json\/wp\/v2\/types\/product"}],"wp:featuredmedia":[{"embeddable":true,"href":"https:\/\/www.azaros.eu\/pt-pt\/wp-json\/wp\/v2\/media\/9373"}],"wp:attachment":[{"href":"https:\/\/www.azaros.eu\/pt-pt\/wp-json\/wp\/v2\/media?parent=10111"}],"wp:term":[{"taxonomy":"product_brand","embeddable":true,"href":"https:\/\/www.azaros.eu\/pt-pt\/wp-json\/wp\/v2\/product_brand?post=10111"},{"taxonomy":"product_cat","embeddable":true,"href":"https:\/\/www.azaros.eu\/pt-pt\/wp-json\/wp\/v2\/product_cat?post=10111"},{"taxonomy":"product_tag","embeddable":true,"href":"https:\/\/www.azaros.eu\/pt-pt\/wp-json\/wp\/v2\/product_tag?post=10111"}],"curies":[{"name":"wp","href":"https:\/\/api.w.org\/{rel}","templated":true}]}}