{"id":10147,"date":"2024-06-11T08:06:09","date_gmt":"2024-06-11T07:06:09","guid":{"rendered":"https:\/\/www.azaros.eu\/producto\/cunas-2\/"},"modified":"2025-07-14T12:46:20","modified_gmt":"2025-07-14T11:46:20","slug":"cunas-2","status":"publish","type":"product","link":"https:\/\/www.azaros.eu\/pt-pt\/produto\/cunas-2\/","title":{"rendered":"Alta alumina"},"content":{"rendered":"<div class=\"row\"  id=\"row-1753494128\">\n\n\t<div id=\"col-2030332512\" class=\"col medium-6 small-12 large-6\"  >\n\t\t\t\t<div class=\"col-inner\"  >\n\t\t\t\n\t\t\t\n<div class=\"container section-title-container\" ><h2 class=\"section-title section-title-normal\"><b aria-hidden=\"true\"><\/b><span class=\"section-title-main\" style=\"font-size:80%;\">Caracter\u00edsticas<\/span><b aria-hidden=\"true\"><\/b><\/h2><\/div>\n<ul>\n<li>Alta pureza e baixo teor de ferro<\/li>\n<li>Boa resist\u00eancia t\u00e9rmica<\/li>\n<li>Excelente resist\u00eancia ao choque t\u00e9rmico<\/li>\n<li>Sob encomenda, podem ser fabricadas cunhas com dimens\u00f5es especiais<\/li>\n<\/ul>\n\t\t<\/div>\n\t\t\t\t\t<\/div>\n\n\t\n\n\t<div id=\"col-1006594991\" class=\"col medium-6 small-12 large-6\"  >\n\t\t\t\t<div class=\"col-inner\"  >\n\t\t\t\n\t\t\t\n<div class=\"container section-title-container\" ><h2 class=\"section-title section-title-normal\"><b aria-hidden=\"true\"><\/b><span class=\"section-title-main\" style=\"font-size:80%;\">Aplicaciones t\u00edpicas<\/span><b aria-hidden=\"true\"><\/b><\/h2><\/div>\n<ul>\n<li>Revestimento de paredes, tetos, etc., em fornos refrat\u00e1rios industriais<\/li>\n<li>Revestimento de fornos de recocimento<\/li>\n<li>Revestimento de fornos de tratamento t\u00e9rmico<\/li>\n<\/ul>\n\t\t<\/div>\n\t\t\t\t\t<\/div>\n\n\t\n<\/div>\n","protected":false},"excerpt":{"rendered":"<p>Tijolos densos utilizados na fabrica\u00e7\u00e3o de fornos industriais para diversos setores.<\/p>\n<p>Dispon\u00edvel em diferentes formatos (est\u00e2ndar, cunhas, personalizados, etc).<\/p>\n","protected":false},"featured_media":9341,"template":"","meta":[],"product_brand":[],"product_cat":[473],"product_tag":[],"class_list":{"0":"post-10147","1":"product","2":"type-product","3":"status-publish","4":"has-post-thumbnail","6":"product_cat-tijolos-refratarios","8":"first","9":"instock","10":"shipping-taxable","11":"product-type-simple"},"yoast_head":"<!-- This site is optimized with the Yoast SEO plugin v27.4 - https:\/\/yoast.com\/product\/yoast-seo-wordpress\/ -->\n<title>Alta alumina - Azaros<\/title>\n<meta name=\"robots\" content=\"index, follow, max-snippet:-1, max-image-preview:large, max-video-preview:-1\" \/>\n<link rel=\"canonical\" href=\"https:\/\/www.azaros.eu\/pt-pt\/produto\/cunas-2\/\" \/>\n<meta property=\"og:locale\" content=\"pt_PT\" \/>\n<meta property=\"og:type\" content=\"article\" \/>\n<meta property=\"og:title\" content=\"Alta alumina - Azaros\" \/>\n<meta property=\"og:description\" content=\"Tijolos densos utilizados na fabrica\u00e7\u00e3o de fornos industriais para diversos setores. Dispon\u00edvel em diferentes formatos (est\u00e2ndar, cunhas, personalizados, etc).\" \/>\n<meta property=\"og:url\" content=\"https:\/\/www.azaros.eu\/pt-pt\/produto\/cunas-2\/\" \/>\n<meta property=\"og:site_name\" content=\"Azaros\" \/>\n<meta property=\"article:modified_time\" content=\"2025-07-14T11:46:20+00:00\" \/>\n<meta property=\"og:image\" content=\"https:\/\/www.azaros.eu\/wp-content\/uploads\/2024\/06\/Ladrillo-Cunas2.jpg\" \/>\n\t<meta property=\"og:image:width\" content=\"1200\" \/>\n\t<meta property=\"og:image:height\" content=\"700\" \/>\n\t<meta property=\"og:image:type\" content=\"image\/jpeg\" \/>\n<meta name=\"twitter:card\" content=\"summary_large_image\" \/>\n<script type=\"application\/ld+json\" class=\"yoast-schema-graph\">{\"@context\":\"https:\\\/\\\/schema.org\",\"@graph\":[{\"@type\":\"WebPage\",\"@id\":\"https:\\\/\\\/www.azaros.eu\\\/pt-pt\\\/produto\\\/cunas-2\\\/\",\"url\":\"https:\\\/\\\/www.azaros.eu\\\/pt-pt\\\/produto\\\/cunas-2\\\/\",\"name\":\"Alta alumina - Azaros\",\"isPartOf\":{\"@id\":\"https:\\\/\\\/www.azaros.eu\\\/pt-pt\\\/#website\"},\"primaryImageOfPage\":{\"@id\":\"https:\\\/\\\/www.azaros.eu\\\/pt-pt\\\/produto\\\/cunas-2\\\/#primaryimage\"},\"image\":{\"@id\":\"https:\\\/\\\/www.azaros.eu\\\/pt-pt\\\/produto\\\/cunas-2\\\/#primaryimage\"},\"thumbnailUrl\":\"https:\\\/\\\/www.azaros.eu\\\/wp-content\\\/uploads\\\/2024\\\/06\\\/Ladrillo-Cunas2.jpg\",\"datePublished\":\"2024-06-11T07:06:09+00:00\",\"dateModified\":\"2025-07-14T11:46:20+00:00\",\"breadcrumb\":{\"@id\":\"https:\\\/\\\/www.azaros.eu\\\/pt-pt\\\/produto\\\/cunas-2\\\/#breadcrumb\"},\"inLanguage\":\"pt-PT\",\"potentialAction\":[{\"@type\":\"ReadAction\",\"target\":[\"https:\\\/\\\/www.azaros.eu\\\/pt-pt\\\/produto\\\/cunas-2\\\/\"]}]},{\"@type\":\"ImageObject\",\"inLanguage\":\"pt-PT\",\"@id\":\"https:\\\/\\\/www.azaros.eu\\\/pt-pt\\\/produto\\\/cunas-2\\\/#primaryimage\",\"url\":\"https:\\\/\\\/www.azaros.eu\\\/wp-content\\\/uploads\\\/2024\\\/06\\\/Ladrillo-Cunas2.jpg\",\"contentUrl\":\"https:\\\/\\\/www.azaros.eu\\\/wp-content\\\/uploads\\\/2024\\\/06\\\/Ladrillo-Cunas2.jpg\",\"width\":1200,\"height\":700},{\"@type\":\"BreadcrumbList\",\"@id\":\"https:\\\/\\\/www.azaros.eu\\\/pt-pt\\\/produto\\\/cunas-2\\\/#breadcrumb\",\"itemListElement\":[{\"@type\":\"ListItem\",\"position\":1,\"name\":\"Azaros\",\"item\":\"https:\\\/\\\/www.azaros.eu\\\/pt-pt\\\/azaros-home\\\/\"},{\"@type\":\"ListItem\",\"position\":2,\"name\":\"Produtos\",\"item\":\"https:\\\/\\\/www.azaros.eu\\\/pt-pt\\\/produtos\\\/\"},{\"@type\":\"ListItem\",\"position\":3,\"name\":\"Refratario\",\"item\":\"https:\\\/\\\/www.azaros.eu\\\/pt-pt\\\/produtos\\\/refratario\\\/\"},{\"@type\":\"ListItem\",\"position\":4,\"name\":\"Tijolos refrat\u00e1rios\",\"item\":\"https:\\\/\\\/www.azaros.eu\\\/pt-pt\\\/produtos\\\/refratario\\\/tijolos-refratarios\\\/\"},{\"@type\":\"ListItem\",\"position\":5,\"name\":\"Alta alumina\"}]},{\"@type\":\"WebSite\",\"@id\":\"https:\\\/\\\/www.azaros.eu\\\/pt-pt\\\/#website\",\"url\":\"https:\\\/\\\/www.azaros.eu\\\/pt-pt\\\/\",\"name\":\"Azaros\",\"description\":\"Fabricamos, distribuimos y comercializamos una gran gama de suministros.\",\"potentialAction\":[{\"@type\":\"SearchAction\",\"target\":{\"@type\":\"EntryPoint\",\"urlTemplate\":\"https:\\\/\\\/www.azaros.eu\\\/pt-pt\\\/?s={search_term_string}\"},\"query-input\":{\"@type\":\"PropertyValueSpecification\",\"valueRequired\":true,\"valueName\":\"search_term_string\"}}],\"inLanguage\":\"pt-PT\"}]}<\/script>\n<!-- \/ Yoast SEO plugin. -->","yoast_head_json":{"title":"Alta alumina - Azaros","robots":{"index":"index","follow":"follow","max-snippet":"max-snippet:-1","max-image-preview":"max-image-preview:large","max-video-preview":"max-video-preview:-1"},"canonical":"https:\/\/www.azaros.eu\/pt-pt\/produto\/cunas-2\/","og_locale":"pt_PT","og_type":"article","og_title":"Alta alumina - Azaros","og_description":"Tijolos densos utilizados na fabrica\u00e7\u00e3o de fornos industriais para diversos setores. Dispon\u00edvel em diferentes formatos (est\u00e2ndar, cunhas, personalizados, etc).","og_url":"https:\/\/www.azaros.eu\/pt-pt\/produto\/cunas-2\/","og_site_name":"Azaros","article_modified_time":"2025-07-14T11:46:20+00:00","og_image":[{"width":1200,"height":700,"url":"https:\/\/www.azaros.eu\/wp-content\/uploads\/2024\/06\/Ladrillo-Cunas2.jpg","type":"image\/jpeg"}],"twitter_card":"summary_large_image","schema":{"@context":"https:\/\/schema.org","@graph":[{"@type":"WebPage","@id":"https:\/\/www.azaros.eu\/pt-pt\/produto\/cunas-2\/","url":"https:\/\/www.azaros.eu\/pt-pt\/produto\/cunas-2\/","name":"Alta alumina - Azaros","isPartOf":{"@id":"https:\/\/www.azaros.eu\/pt-pt\/#website"},"primaryImageOfPage":{"@id":"https:\/\/www.azaros.eu\/pt-pt\/produto\/cunas-2\/#primaryimage"},"image":{"@id":"https:\/\/www.azaros.eu\/pt-pt\/produto\/cunas-2\/#primaryimage"},"thumbnailUrl":"https:\/\/www.azaros.eu\/wp-content\/uploads\/2024\/06\/Ladrillo-Cunas2.jpg","datePublished":"2024-06-11T07:06:09+00:00","dateModified":"2025-07-14T11:46:20+00:00","breadcrumb":{"@id":"https:\/\/www.azaros.eu\/pt-pt\/produto\/cunas-2\/#breadcrumb"},"inLanguage":"pt-PT","potentialAction":[{"@type":"ReadAction","target":["https:\/\/www.azaros.eu\/pt-pt\/produto\/cunas-2\/"]}]},{"@type":"ImageObject","inLanguage":"pt-PT","@id":"https:\/\/www.azaros.eu\/pt-pt\/produto\/cunas-2\/#primaryimage","url":"https:\/\/www.azaros.eu\/wp-content\/uploads\/2024\/06\/Ladrillo-Cunas2.jpg","contentUrl":"https:\/\/www.azaros.eu\/wp-content\/uploads\/2024\/06\/Ladrillo-Cunas2.jpg","width":1200,"height":700},{"@type":"BreadcrumbList","@id":"https:\/\/www.azaros.eu\/pt-pt\/produto\/cunas-2\/#breadcrumb","itemListElement":[{"@type":"ListItem","position":1,"name":"Azaros","item":"https:\/\/www.azaros.eu\/pt-pt\/azaros-home\/"},{"@type":"ListItem","position":2,"name":"Produtos","item":"https:\/\/www.azaros.eu\/pt-pt\/produtos\/"},{"@type":"ListItem","position":3,"name":"Refratario","item":"https:\/\/www.azaros.eu\/pt-pt\/produtos\/refratario\/"},{"@type":"ListItem","position":4,"name":"Tijolos refrat\u00e1rios","item":"https:\/\/www.azaros.eu\/pt-pt\/produtos\/refratario\/tijolos-refratarios\/"},{"@type":"ListItem","position":5,"name":"Alta alumina"}]},{"@type":"WebSite","@id":"https:\/\/www.azaros.eu\/pt-pt\/#website","url":"https:\/\/www.azaros.eu\/pt-pt\/","name":"Azaros","description":"Fabricamos, distribuimos y comercializamos una gran gama de suministros.","potentialAction":[{"@type":"SearchAction","target":{"@type":"EntryPoint","urlTemplate":"https:\/\/www.azaros.eu\/pt-pt\/?s={search_term_string}"},"query-input":{"@type":"PropertyValueSpecification","valueRequired":true,"valueName":"search_term_string"}}],"inLanguage":"pt-PT"}]}},"_links":{"self":[{"href":"https:\/\/www.azaros.eu\/pt-pt\/wp-json\/wp\/v2\/product\/10147","targetHints":{"allow":["GET"]}}],"collection":[{"href":"https:\/\/www.azaros.eu\/pt-pt\/wp-json\/wp\/v2\/product"}],"about":[{"href":"https:\/\/www.azaros.eu\/pt-pt\/wp-json\/wp\/v2\/types\/product"}],"wp:featuredmedia":[{"embeddable":true,"href":"https:\/\/www.azaros.eu\/pt-pt\/wp-json\/wp\/v2\/media\/9341"}],"wp:attachment":[{"href":"https:\/\/www.azaros.eu\/pt-pt\/wp-json\/wp\/v2\/media?parent=10147"}],"wp:term":[{"taxonomy":"product_brand","embeddable":true,"href":"https:\/\/www.azaros.eu\/pt-pt\/wp-json\/wp\/v2\/product_brand?post=10147"},{"taxonomy":"product_cat","embeddable":true,"href":"https:\/\/www.azaros.eu\/pt-pt\/wp-json\/wp\/v2\/product_cat?post=10147"},{"taxonomy":"product_tag","embeddable":true,"href":"https:\/\/www.azaros.eu\/pt-pt\/wp-json\/wp\/v2\/product_tag?post=10147"}],"curies":[{"name":"wp","href":"https:\/\/api.w.org\/{rel}","templated":true}]}}