{"id":10150,"date":"2024-06-11T08:08:45","date_gmt":"2024-06-11T07:08:45","guid":{"rendered":"https:\/\/www.azaros.eu\/producto\/mlz\/"},"modified":"2025-07-14T12:58:16","modified_gmt":"2025-07-14T11:58:16","slug":"mlz","status":"publish","type":"product","link":"https:\/\/www.azaros.eu\/pt-pt\/produto\/mlz\/","title":{"rendered":"MLZ"},"content":{"rendered":"<div class=\"row\"  id=\"row-394883293\">\n\n\t<div id=\"col-1105851094\" class=\"col medium-6 small-12 large-6\"  >\n\t\t\t\t<div class=\"col-inner\"  >\n\t\t\t\n\t\t\t\n<div class=\"container section-title-container\" ><h2 class=\"section-title section-title-normal\"><b aria-hidden=\"true\"><\/b><span class=\"section-title-main\" style=\"font-size:80%;\">Caracter\u00edsticas<\/span><b aria-hidden=\"true\"><\/b><\/h2><\/div>\n<table>\n<tbody>\n<tr>\n<td>Color<\/td>\n<td>gris<\/td>\n<\/tr>\n<tr>\n<td>Temperatura m\u00e1xima de trabajo<\/td>\n<td>1.050 \u00baC<\/td>\n<\/tr>\n<tr>\n<td>Densidad<\/td>\n<td>270\u2013320 kg\/m3<\/td>\n<\/tr>\n<tr>\n<td>Test de no combustibilidad<\/td>\n<td>Clase A1<\/td>\n<\/tr>\n<tr>\n<td>Resistencia a compresi\u00f3n a 10%<\/td>\n<td>&gt; 0,32 MPa<\/td>\n<\/tr>\n<tr>\n<td>Conductividad t\u00e9rmica (DIN 51046)<\/td>\n<td>a 200 \u00baC -&gt; 0,022 W\/mK<br \/>\na 400 \u00baC -&gt; 0,025 W\/mK<br \/>\na 600 \u00baC -&gt; 0,030 W\/mK<br \/>\na 800 \u00baC -&gt; 0,040 W\/mK<\/td>\n<\/tr>\n<\/tbody>\n<\/table>\n\t\t<\/div>\n\t\t\t\t\t<\/div>\n\n\t\n\n\t<div id=\"col-783122367\" class=\"col medium-6 small-12 large-6\"  >\n\t\t\t\t<div class=\"col-inner\"  >\n\t\t\t\n\t\t\t\n<div class=\"container section-title-container\" ><h2 class=\"section-title section-title-normal\"><b aria-hidden=\"true\"><\/b><span class=\"section-title-main\" style=\"font-size:80%;\">Aplicaciones t\u00edpicas<\/span><b aria-hidden=\"true\"><\/b><\/h2><\/div>\n<ul>\n<li>Revestimento de paredes, tetos, etc., em fornos refrat\u00e1rios industriais<\/li>\n<li>Revestimento de fornos de recocimento<\/li>\n<li>Revestimento de fornos de tratamento t\u00e9rmico<\/li>\n<\/ul>\n\t\t<\/div>\n\t\t\t\t\t<\/div>\n\n\t\n<\/div>\n","protected":false},"excerpt":{"rendered":"<p>Os tijolos refrat\u00e1rios MLZ s\u00e3o um tipo de tijolos fabricados principalmente a partir de mulita, uma fase cristalina de aluminosilicato que oferece excelentes propriedades refrat\u00e1rias. Esses tijolos s\u00e3o conhecidos por sua alta resist\u00eancia \u00e0 corros\u00e3o, abras\u00e3o e por sua capacidade de suportar temperaturas extremamente altas, podendo superar os 1700\u00b0C. <\/p>\n<p>A denomina\u00e7\u00e3o &#8220;MLZ&#8221; refere-se ao seu conte\u00fado de mulita e \u00e0 sua aplica\u00e7\u00e3o em \u00e1reas que exigem alta resist\u00eancia t\u00e9rmica e mec\u00e2nica. Os tijolos MLZ s\u00e3o amplamente utilizados em ind\u00fastrias como siderurgia, cimenteira, vidro e cer\u00e2mica, sendo empregados no revestimento interno de fornos, caldeiras e outros equipamentos expostos a condi\u00e7\u00f5es extremas de calor e desgaste. <\/p>\n<p>Dispon\u00edvel em diferentes formatos<\/p>\n","protected":false},"featured_media":9353,"template":"","meta":[],"product_brand":[],"product_cat":[473],"product_tag":[],"class_list":{"0":"post-10150","1":"product","2":"type-product","3":"status-publish","4":"has-post-thumbnail","6":"product_cat-tijolos-refratarios","8":"first","9":"instock","10":"shipping-taxable","11":"product-type-simple"},"yoast_head":"<!-- This site is optimized with the Yoast SEO plugin v27.4 - https:\/\/yoast.com\/product\/yoast-seo-wordpress\/ -->\n<title>MLZ - Azaros<\/title>\n<meta name=\"robots\" content=\"index, follow, max-snippet:-1, max-image-preview:large, max-video-preview:-1\" \/>\n<link rel=\"canonical\" href=\"https:\/\/www.azaros.eu\/pt-pt\/produto\/mlz\/\" \/>\n<meta property=\"og:locale\" content=\"pt_PT\" \/>\n<meta property=\"og:type\" content=\"article\" \/>\n<meta property=\"og:title\" content=\"MLZ - Azaros\" \/>\n<meta property=\"og:description\" content=\"Os tijolos refrat\u00e1rios MLZ s\u00e3o um tipo de tijolos fabricados principalmente a partir de mulita, uma fase cristalina de aluminosilicato que oferece excelentes propriedades refrat\u00e1rias. Esses tijolos s\u00e3o conhecidos por sua alta resist\u00eancia \u00e0 corros\u00e3o, abras\u00e3o e por sua capacidade de suportar temperaturas extremamente altas, podendo superar os 1700\u00b0C.  A denomina\u00e7\u00e3o &quot;MLZ&quot; refere-se ao seu conte\u00fado de mulita e \u00e0 sua aplica\u00e7\u00e3o em \u00e1reas que exigem alta resist\u00eancia t\u00e9rmica e mec\u00e2nica. Os tijolos MLZ s\u00e3o amplamente utilizados em ind\u00fastrias como siderurgia, cimenteira, vidro e cer\u00e2mica, sendo empregados no revestimento interno de fornos, caldeiras e outros equipamentos expostos a condi\u00e7\u00f5es extremas de calor e desgaste.  Dispon\u00edvel em diferentes formatos\" \/>\n<meta property=\"og:url\" content=\"https:\/\/www.azaros.eu\/pt-pt\/produto\/mlz\/\" \/>\n<meta property=\"og:site_name\" content=\"Azaros\" \/>\n<meta property=\"article:modified_time\" content=\"2025-07-14T11:58:16+00:00\" \/>\n<meta property=\"og:image\" content=\"https:\/\/www.azaros.eu\/wp-content\/uploads\/2024\/06\/LadrilloMLZ.jpg\" \/>\n\t<meta property=\"og:image:width\" content=\"1200\" \/>\n\t<meta property=\"og:image:height\" content=\"700\" \/>\n\t<meta property=\"og:image:type\" content=\"image\/jpeg\" \/>\n<meta name=\"twitter:card\" content=\"summary_large_image\" \/>\n<meta name=\"twitter:label1\" content=\"Tempo estimado de leitura\" \/>\n\t<meta name=\"twitter:data1\" content=\"1 minuto\" \/>\n<script type=\"application\/ld+json\" class=\"yoast-schema-graph\">{\"@context\":\"https:\\\/\\\/schema.org\",\"@graph\":[{\"@type\":\"WebPage\",\"@id\":\"https:\\\/\\\/www.azaros.eu\\\/pt-pt\\\/produto\\\/mlz\\\/\",\"url\":\"https:\\\/\\\/www.azaros.eu\\\/pt-pt\\\/produto\\\/mlz\\\/\",\"name\":\"MLZ - Azaros\",\"isPartOf\":{\"@id\":\"https:\\\/\\\/www.azaros.eu\\\/pt-pt\\\/#website\"},\"primaryImageOfPage\":{\"@id\":\"https:\\\/\\\/www.azaros.eu\\\/pt-pt\\\/produto\\\/mlz\\\/#primaryimage\"},\"image\":{\"@id\":\"https:\\\/\\\/www.azaros.eu\\\/pt-pt\\\/produto\\\/mlz\\\/#primaryimage\"},\"thumbnailUrl\":\"https:\\\/\\\/www.azaros.eu\\\/wp-content\\\/uploads\\\/2024\\\/06\\\/LadrilloMLZ.jpg\",\"datePublished\":\"2024-06-11T07:08:45+00:00\",\"dateModified\":\"2025-07-14T11:58:16+00:00\",\"breadcrumb\":{\"@id\":\"https:\\\/\\\/www.azaros.eu\\\/pt-pt\\\/produto\\\/mlz\\\/#breadcrumb\"},\"inLanguage\":\"pt-PT\",\"potentialAction\":[{\"@type\":\"ReadAction\",\"target\":[\"https:\\\/\\\/www.azaros.eu\\\/pt-pt\\\/produto\\\/mlz\\\/\"]}]},{\"@type\":\"ImageObject\",\"inLanguage\":\"pt-PT\",\"@id\":\"https:\\\/\\\/www.azaros.eu\\\/pt-pt\\\/produto\\\/mlz\\\/#primaryimage\",\"url\":\"https:\\\/\\\/www.azaros.eu\\\/wp-content\\\/uploads\\\/2024\\\/06\\\/LadrilloMLZ.jpg\",\"contentUrl\":\"https:\\\/\\\/www.azaros.eu\\\/wp-content\\\/uploads\\\/2024\\\/06\\\/LadrilloMLZ.jpg\",\"width\":1200,\"height\":700},{\"@type\":\"BreadcrumbList\",\"@id\":\"https:\\\/\\\/www.azaros.eu\\\/pt-pt\\\/produto\\\/mlz\\\/#breadcrumb\",\"itemListElement\":[{\"@type\":\"ListItem\",\"position\":1,\"name\":\"Azaros\",\"item\":\"https:\\\/\\\/www.azaros.eu\\\/pt-pt\\\/azaros-home\\\/\"},{\"@type\":\"ListItem\",\"position\":2,\"name\":\"Produtos\",\"item\":\"https:\\\/\\\/www.azaros.eu\\\/pt-pt\\\/produtos\\\/\"},{\"@type\":\"ListItem\",\"position\":3,\"name\":\"Refratario\",\"item\":\"https:\\\/\\\/www.azaros.eu\\\/pt-pt\\\/produtos\\\/refratario\\\/\"},{\"@type\":\"ListItem\",\"position\":4,\"name\":\"Tijolos refrat\u00e1rios\",\"item\":\"https:\\\/\\\/www.azaros.eu\\\/pt-pt\\\/produtos\\\/refratario\\\/tijolos-refratarios\\\/\"},{\"@type\":\"ListItem\",\"position\":5,\"name\":\"MLZ\"}]},{\"@type\":\"WebSite\",\"@id\":\"https:\\\/\\\/www.azaros.eu\\\/pt-pt\\\/#website\",\"url\":\"https:\\\/\\\/www.azaros.eu\\\/pt-pt\\\/\",\"name\":\"Azaros\",\"description\":\"Fabricamos, distribuimos y comercializamos una gran gama de suministros.\",\"potentialAction\":[{\"@type\":\"SearchAction\",\"target\":{\"@type\":\"EntryPoint\",\"urlTemplate\":\"https:\\\/\\\/www.azaros.eu\\\/pt-pt\\\/?s={search_term_string}\"},\"query-input\":{\"@type\":\"PropertyValueSpecification\",\"valueRequired\":true,\"valueName\":\"search_term_string\"}}],\"inLanguage\":\"pt-PT\"}]}<\/script>\n<!-- \/ Yoast SEO plugin. -->","yoast_head_json":{"title":"MLZ - Azaros","robots":{"index":"index","follow":"follow","max-snippet":"max-snippet:-1","max-image-preview":"max-image-preview:large","max-video-preview":"max-video-preview:-1"},"canonical":"https:\/\/www.azaros.eu\/pt-pt\/produto\/mlz\/","og_locale":"pt_PT","og_type":"article","og_title":"MLZ - Azaros","og_description":"Os tijolos refrat\u00e1rios MLZ s\u00e3o um tipo de tijolos fabricados principalmente a partir de mulita, uma fase cristalina de aluminosilicato que oferece excelentes propriedades refrat\u00e1rias. Esses tijolos s\u00e3o conhecidos por sua alta resist\u00eancia \u00e0 corros\u00e3o, abras\u00e3o e por sua capacidade de suportar temperaturas extremamente altas, podendo superar os 1700\u00b0C.  A denomina\u00e7\u00e3o \"MLZ\" refere-se ao seu conte\u00fado de mulita e \u00e0 sua aplica\u00e7\u00e3o em \u00e1reas que exigem alta resist\u00eancia t\u00e9rmica e mec\u00e2nica. Os tijolos MLZ s\u00e3o amplamente utilizados em ind\u00fastrias como siderurgia, cimenteira, vidro e cer\u00e2mica, sendo empregados no revestimento interno de fornos, caldeiras e outros equipamentos expostos a condi\u00e7\u00f5es extremas de calor e desgaste.  Dispon\u00edvel em diferentes formatos","og_url":"https:\/\/www.azaros.eu\/pt-pt\/produto\/mlz\/","og_site_name":"Azaros","article_modified_time":"2025-07-14T11:58:16+00:00","og_image":[{"width":1200,"height":700,"url":"https:\/\/www.azaros.eu\/wp-content\/uploads\/2024\/06\/LadrilloMLZ.jpg","type":"image\/jpeg"}],"twitter_card":"summary_large_image","twitter_misc":{"Tempo estimado de leitura":"1 minuto"},"schema":{"@context":"https:\/\/schema.org","@graph":[{"@type":"WebPage","@id":"https:\/\/www.azaros.eu\/pt-pt\/produto\/mlz\/","url":"https:\/\/www.azaros.eu\/pt-pt\/produto\/mlz\/","name":"MLZ - Azaros","isPartOf":{"@id":"https:\/\/www.azaros.eu\/pt-pt\/#website"},"primaryImageOfPage":{"@id":"https:\/\/www.azaros.eu\/pt-pt\/produto\/mlz\/#primaryimage"},"image":{"@id":"https:\/\/www.azaros.eu\/pt-pt\/produto\/mlz\/#primaryimage"},"thumbnailUrl":"https:\/\/www.azaros.eu\/wp-content\/uploads\/2024\/06\/LadrilloMLZ.jpg","datePublished":"2024-06-11T07:08:45+00:00","dateModified":"2025-07-14T11:58:16+00:00","breadcrumb":{"@id":"https:\/\/www.azaros.eu\/pt-pt\/produto\/mlz\/#breadcrumb"},"inLanguage":"pt-PT","potentialAction":[{"@type":"ReadAction","target":["https:\/\/www.azaros.eu\/pt-pt\/produto\/mlz\/"]}]},{"@type":"ImageObject","inLanguage":"pt-PT","@id":"https:\/\/www.azaros.eu\/pt-pt\/produto\/mlz\/#primaryimage","url":"https:\/\/www.azaros.eu\/wp-content\/uploads\/2024\/06\/LadrilloMLZ.jpg","contentUrl":"https:\/\/www.azaros.eu\/wp-content\/uploads\/2024\/06\/LadrilloMLZ.jpg","width":1200,"height":700},{"@type":"BreadcrumbList","@id":"https:\/\/www.azaros.eu\/pt-pt\/produto\/mlz\/#breadcrumb","itemListElement":[{"@type":"ListItem","position":1,"name":"Azaros","item":"https:\/\/www.azaros.eu\/pt-pt\/azaros-home\/"},{"@type":"ListItem","position":2,"name":"Produtos","item":"https:\/\/www.azaros.eu\/pt-pt\/produtos\/"},{"@type":"ListItem","position":3,"name":"Refratario","item":"https:\/\/www.azaros.eu\/pt-pt\/produtos\/refratario\/"},{"@type":"ListItem","position":4,"name":"Tijolos refrat\u00e1rios","item":"https:\/\/www.azaros.eu\/pt-pt\/produtos\/refratario\/tijolos-refratarios\/"},{"@type":"ListItem","position":5,"name":"MLZ"}]},{"@type":"WebSite","@id":"https:\/\/www.azaros.eu\/pt-pt\/#website","url":"https:\/\/www.azaros.eu\/pt-pt\/","name":"Azaros","description":"Fabricamos, distribuimos y comercializamos una gran gama de suministros.","potentialAction":[{"@type":"SearchAction","target":{"@type":"EntryPoint","urlTemplate":"https:\/\/www.azaros.eu\/pt-pt\/?s={search_term_string}"},"query-input":{"@type":"PropertyValueSpecification","valueRequired":true,"valueName":"search_term_string"}}],"inLanguage":"pt-PT"}]}},"_links":{"self":[{"href":"https:\/\/www.azaros.eu\/pt-pt\/wp-json\/wp\/v2\/product\/10150","targetHints":{"allow":["GET"]}}],"collection":[{"href":"https:\/\/www.azaros.eu\/pt-pt\/wp-json\/wp\/v2\/product"}],"about":[{"href":"https:\/\/www.azaros.eu\/pt-pt\/wp-json\/wp\/v2\/types\/product"}],"wp:featuredmedia":[{"embeddable":true,"href":"https:\/\/www.azaros.eu\/pt-pt\/wp-json\/wp\/v2\/media\/9353"}],"wp:attachment":[{"href":"https:\/\/www.azaros.eu\/pt-pt\/wp-json\/wp\/v2\/media?parent=10150"}],"wp:term":[{"taxonomy":"product_brand","embeddable":true,"href":"https:\/\/www.azaros.eu\/pt-pt\/wp-json\/wp\/v2\/product_brand?post=10150"},{"taxonomy":"product_cat","embeddable":true,"href":"https:\/\/www.azaros.eu\/pt-pt\/wp-json\/wp\/v2\/product_cat?post=10150"},{"taxonomy":"product_tag","embeddable":true,"href":"https:\/\/www.azaros.eu\/pt-pt\/wp-json\/wp\/v2\/product_tag?post=10150"}],"curies":[{"name":"wp","href":"https:\/\/api.w.org\/{rel}","templated":true}]}}