{"id":10161,"date":"2024-06-11T08:08:15","date_gmt":"2024-06-11T07:08:15","guid":{"rendered":"https:\/\/www.azaros.eu\/producto\/ancoragens-ceramicos\/"},"modified":"2025-04-16T09:58:12","modified_gmt":"2025-04-16T08:58:12","slug":"ancoragens-ceramicos","status":"publish","type":"product","link":"https:\/\/www.azaros.eu\/pt-pt\/produto\/ancoragens-ceramicos\/","title":{"rendered":"Ancoragens cer\u00e2micos"},"content":{"rendered":"<div class=\"row\"  id=\"row-1293009549\">\n\n\t<div id=\"col-1350916121\" class=\"col medium-6 small-12 large-6\"  >\n\t\t\t\t<div class=\"col-inner\"  >\n\t\t\t\n\t\t\t\n<div class=\"container section-title-container\" ><h2 class=\"section-title section-title-normal\"><b aria-hidden=\"true\"><\/b><span class=\"section-title-main\" style=\"font-size:80%;\">Caracter\u00edsticas<\/span><b aria-hidden=\"true\"><\/b><\/h2><\/div>\n<ul>\n<li>Alta Resist\u00eancia T\u00e9rmica: Projetados para suportar temperaturas extremas sem se degradar<\/li>\n<li>Excelente Resist\u00eancia \u00e0 Corros\u00e3o Qu\u00edmica: N\u00e3o reagem com gases nem esc\u00f3rias agressivas presentes no forno<\/li>\n<li>Baixa Condutividade T\u00e9rmica: Reduz a perda de calor e melhora a efici\u00eancia energ\u00e9tica do forno<\/li>\n<li>Alta Resistencia Mec\u00e1nica: Soportan cargas y esfuerzos t\u00e9rmicos sin fracturarse<\/li>\n<li>Compatibilidade com Materiais Refrat\u00e1rios: Fabricados com materiais semelhantes aos refrat\u00e1rios para evitar diferen\u00e7as de expans\u00e3o t\u00e9rmica que possam causar falhas estruturais<\/li>\n<li>Durabilidade e Longa Vida \u00datil: Projetados para resistir a ciclos t\u00e9rmicos e minimizar a necessidade de manuten\u00e7\u00e3o do forno<\/li>\n<\/ul>\n\t\t<\/div>\n\t\t\t\t\t<\/div>\n\n\t\n\n\t<div id=\"col-1175489877\" class=\"col medium-6 small-12 large-6\"  >\n\t\t\t\t<div class=\"col-inner\"  >\n\t\t\t\n\t\t\t\n<div class=\"container section-title-container\" ><h2 class=\"section-title section-title-normal\"><b aria-hidden=\"true\"><\/b><span class=\"section-title-main\" style=\"font-size:80%;\">Aplica\u00e7\u00f5es t\u00edpicas<\/span><b aria-hidden=\"true\"><\/b><\/h2><\/div>\n<ul>\n<li>Tetos e ab\u00f3badas de fornos industriais na siderurgia, cimento, vidro e cer\u00e2mica<\/li>\n<li>Forno de fus\u00e3o e calcina\u00e7\u00e3o, onde \u00e9 necess\u00e1ria estabilidade estrutural a altas temperaturas<\/li>\n<li>Forno de tratamento t\u00e9rmico, para garantir a fixa\u00e7\u00e3o do revestimento refrat\u00e1rio<\/li>\n<li>Caldeiras e c\u00e2maras de combust\u00e3o, onde h\u00e1 exposi\u00e7\u00e3o a gases corrosivos e altas temperaturas<\/li>\n<\/ul>\n\t\t<\/div>\n\t\t\t\t\t<\/div>\n\n\t\n<\/div>\n","protected":false},"excerpt":{"rendered":"<p>Los anclajes cer\u00e2micos s\u00e3o pe\u00e7as feitas de material cer\u00e2mico refrat\u00e1rio que servem para garantir e sustentar revestimentos refrat\u00e1rios em estruturas industriais que operam a altas temperaturas, como fornos, caldeiras e chamin\u00e9s. Esses ancoragens se integram diretamente ao revestimento, atuando como pontos de fixa\u00e7\u00e3o para manter o material refrat\u00e1rio no lugar. Por serem feitos de materiais cer\u00e2micos, esses ancoragens s\u00e3o altamente resistentes ao calor, corros\u00e3o e choques t\u00e9rmicos, n\u00e3o se deformando a altas temperaturas como os ancoragens met\u00e1licos, garantindo o revestimento refrat\u00e1rio mesmo em condi\u00e7\u00f5es extremas de opera\u00e7\u00e3o, prolongando a vida \u00fatil e a efic\u00e1cia do revestimento.  <\/p>\n","protected":false},"featured_media":10162,"template":"","meta":[],"product_brand":[],"product_cat":[474],"product_tag":[],"class_list":{"0":"post-10161","1":"product","2":"type-product","3":"status-publish","4":"has-post-thumbnail","6":"product_cat-ancoras-pt","8":"first","9":"instock","10":"shipping-taxable","11":"product-type-simple"},"yoast_head":"<!-- This site is optimized with the Yoast SEO plugin v27.4 - https:\/\/yoast.com\/product\/yoast-seo-wordpress\/ -->\n<title>Ancoragens cer\u00e2micos - Azaros<\/title>\n<meta name=\"robots\" content=\"index, follow, max-snippet:-1, max-image-preview:large, max-video-preview:-1\" \/>\n<link rel=\"canonical\" href=\"https:\/\/www.azaros.eu\/pt-pt\/produto\/ancoragens-ceramicos\/\" \/>\n<meta property=\"og:locale\" content=\"pt_PT\" \/>\n<meta property=\"og:type\" content=\"article\" \/>\n<meta property=\"og:title\" content=\"Ancoragens cer\u00e2micos - Azaros\" \/>\n<meta property=\"og:description\" content=\"Los anclajes cer\u00e2micos s\u00e3o pe\u00e7as feitas de material cer\u00e2mico refrat\u00e1rio que servem para garantir e sustentar revestimentos refrat\u00e1rios em estruturas industriais que operam a altas temperaturas, como fornos, caldeiras e chamin\u00e9s. Esses ancoragens se integram diretamente ao revestimento, atuando como pontos de fixa\u00e7\u00e3o para manter o material refrat\u00e1rio no lugar. Por serem feitos de materiais cer\u00e2micos, esses ancoragens s\u00e3o altamente resistentes ao calor, corros\u00e3o e choques t\u00e9rmicos, n\u00e3o se deformando a altas temperaturas como os ancoragens met\u00e1licos, garantindo o revestimento refrat\u00e1rio mesmo em condi\u00e7\u00f5es extremas de opera\u00e7\u00e3o, prolongando a vida \u00fatil e a efic\u00e1cia do revestimento.\" \/>\n<meta property=\"og:url\" content=\"https:\/\/www.azaros.eu\/pt-pt\/produto\/ancoragens-ceramicos\/\" \/>\n<meta property=\"og:site_name\" content=\"Azaros\" \/>\n<meta property=\"article:modified_time\" content=\"2025-04-16T08:58:12+00:00\" \/>\n<meta property=\"og:image\" content=\"https:\/\/www.azaros.eu\/wp-content\/uploads\/2024\/12\/MUNECOS-4.jpg\" \/>\n\t<meta property=\"og:image:width\" content=\"1200\" \/>\n\t<meta property=\"og:image:height\" content=\"700\" \/>\n\t<meta property=\"og:image:type\" content=\"image\/jpeg\" \/>\n<meta name=\"twitter:card\" content=\"summary_large_image\" \/>\n<meta name=\"twitter:label1\" content=\"Tempo estimado de leitura\" \/>\n\t<meta name=\"twitter:data1\" content=\"1 minuto\" \/>\n<script type=\"application\/ld+json\" class=\"yoast-schema-graph\">{\"@context\":\"https:\\\/\\\/schema.org\",\"@graph\":[{\"@type\":\"WebPage\",\"@id\":\"https:\\\/\\\/www.azaros.eu\\\/pt-pt\\\/produto\\\/ancoragens-ceramicos\\\/\",\"url\":\"https:\\\/\\\/www.azaros.eu\\\/pt-pt\\\/produto\\\/ancoragens-ceramicos\\\/\",\"name\":\"Ancoragens cer\u00e2micos - Azaros\",\"isPartOf\":{\"@id\":\"https:\\\/\\\/www.azaros.eu\\\/pt-pt\\\/#website\"},\"primaryImageOfPage\":{\"@id\":\"https:\\\/\\\/www.azaros.eu\\\/pt-pt\\\/produto\\\/ancoragens-ceramicos\\\/#primaryimage\"},\"image\":{\"@id\":\"https:\\\/\\\/www.azaros.eu\\\/pt-pt\\\/produto\\\/ancoragens-ceramicos\\\/#primaryimage\"},\"thumbnailUrl\":\"https:\\\/\\\/www.azaros.eu\\\/wp-content\\\/uploads\\\/2024\\\/12\\\/MUNECOS-4.jpg\",\"datePublished\":\"2024-06-11T07:08:15+00:00\",\"dateModified\":\"2025-04-16T08:58:12+00:00\",\"breadcrumb\":{\"@id\":\"https:\\\/\\\/www.azaros.eu\\\/pt-pt\\\/produto\\\/ancoragens-ceramicos\\\/#breadcrumb\"},\"inLanguage\":\"pt-PT\",\"potentialAction\":[{\"@type\":\"ReadAction\",\"target\":[\"https:\\\/\\\/www.azaros.eu\\\/pt-pt\\\/produto\\\/ancoragens-ceramicos\\\/\"]}]},{\"@type\":\"ImageObject\",\"inLanguage\":\"pt-PT\",\"@id\":\"https:\\\/\\\/www.azaros.eu\\\/pt-pt\\\/produto\\\/ancoragens-ceramicos\\\/#primaryimage\",\"url\":\"https:\\\/\\\/www.azaros.eu\\\/wp-content\\\/uploads\\\/2024\\\/12\\\/MUNECOS-4.jpg\",\"contentUrl\":\"https:\\\/\\\/www.azaros.eu\\\/wp-content\\\/uploads\\\/2024\\\/12\\\/MUNECOS-4.jpg\",\"width\":1200,\"height\":700},{\"@type\":\"BreadcrumbList\",\"@id\":\"https:\\\/\\\/www.azaros.eu\\\/pt-pt\\\/produto\\\/ancoragens-ceramicos\\\/#breadcrumb\",\"itemListElement\":[{\"@type\":\"ListItem\",\"position\":1,\"name\":\"Azaros\",\"item\":\"https:\\\/\\\/www.azaros.eu\\\/pt-pt\\\/azaros-home\\\/\"},{\"@type\":\"ListItem\",\"position\":2,\"name\":\"Produtos\",\"item\":\"https:\\\/\\\/www.azaros.eu\\\/pt-pt\\\/produtos\\\/\"},{\"@type\":\"ListItem\",\"position\":3,\"name\":\"Refratario\",\"item\":\"https:\\\/\\\/www.azaros.eu\\\/pt-pt\\\/produtos\\\/refratario\\\/\"},{\"@type\":\"ListItem\",\"position\":4,\"name\":\"\u00c2ncoras\",\"item\":\"https:\\\/\\\/www.azaros.eu\\\/pt-pt\\\/produtos\\\/refratario\\\/ancoras-pt\\\/\"},{\"@type\":\"ListItem\",\"position\":5,\"name\":\"Ancoragens cer\u00e2micos\"}]},{\"@type\":\"WebSite\",\"@id\":\"https:\\\/\\\/www.azaros.eu\\\/pt-pt\\\/#website\",\"url\":\"https:\\\/\\\/www.azaros.eu\\\/pt-pt\\\/\",\"name\":\"Azaros\",\"description\":\"Fabricamos, distribuimos y comercializamos una gran gama de suministros.\",\"potentialAction\":[{\"@type\":\"SearchAction\",\"target\":{\"@type\":\"EntryPoint\",\"urlTemplate\":\"https:\\\/\\\/www.azaros.eu\\\/pt-pt\\\/?s={search_term_string}\"},\"query-input\":{\"@type\":\"PropertyValueSpecification\",\"valueRequired\":true,\"valueName\":\"search_term_string\"}}],\"inLanguage\":\"pt-PT\"}]}<\/script>\n<!-- \/ Yoast SEO plugin. -->","yoast_head_json":{"title":"Ancoragens cer\u00e2micos - Azaros","robots":{"index":"index","follow":"follow","max-snippet":"max-snippet:-1","max-image-preview":"max-image-preview:large","max-video-preview":"max-video-preview:-1"},"canonical":"https:\/\/www.azaros.eu\/pt-pt\/produto\/ancoragens-ceramicos\/","og_locale":"pt_PT","og_type":"article","og_title":"Ancoragens cer\u00e2micos - Azaros","og_description":"Los anclajes cer\u00e2micos s\u00e3o pe\u00e7as feitas de material cer\u00e2mico refrat\u00e1rio que servem para garantir e sustentar revestimentos refrat\u00e1rios em estruturas industriais que operam a altas temperaturas, como fornos, caldeiras e chamin\u00e9s. Esses ancoragens se integram diretamente ao revestimento, atuando como pontos de fixa\u00e7\u00e3o para manter o material refrat\u00e1rio no lugar. Por serem feitos de materiais cer\u00e2micos, esses ancoragens s\u00e3o altamente resistentes ao calor, corros\u00e3o e choques t\u00e9rmicos, n\u00e3o se deformando a altas temperaturas como os ancoragens met\u00e1licos, garantindo o revestimento refrat\u00e1rio mesmo em condi\u00e7\u00f5es extremas de opera\u00e7\u00e3o, prolongando a vida \u00fatil e a efic\u00e1cia do revestimento.","og_url":"https:\/\/www.azaros.eu\/pt-pt\/produto\/ancoragens-ceramicos\/","og_site_name":"Azaros","article_modified_time":"2025-04-16T08:58:12+00:00","og_image":[{"width":1200,"height":700,"url":"https:\/\/www.azaros.eu\/wp-content\/uploads\/2024\/12\/MUNECOS-4.jpg","type":"image\/jpeg"}],"twitter_card":"summary_large_image","twitter_misc":{"Tempo estimado de leitura":"1 minuto"},"schema":{"@context":"https:\/\/schema.org","@graph":[{"@type":"WebPage","@id":"https:\/\/www.azaros.eu\/pt-pt\/produto\/ancoragens-ceramicos\/","url":"https:\/\/www.azaros.eu\/pt-pt\/produto\/ancoragens-ceramicos\/","name":"Ancoragens cer\u00e2micos - Azaros","isPartOf":{"@id":"https:\/\/www.azaros.eu\/pt-pt\/#website"},"primaryImageOfPage":{"@id":"https:\/\/www.azaros.eu\/pt-pt\/produto\/ancoragens-ceramicos\/#primaryimage"},"image":{"@id":"https:\/\/www.azaros.eu\/pt-pt\/produto\/ancoragens-ceramicos\/#primaryimage"},"thumbnailUrl":"https:\/\/www.azaros.eu\/wp-content\/uploads\/2024\/12\/MUNECOS-4.jpg","datePublished":"2024-06-11T07:08:15+00:00","dateModified":"2025-04-16T08:58:12+00:00","breadcrumb":{"@id":"https:\/\/www.azaros.eu\/pt-pt\/produto\/ancoragens-ceramicos\/#breadcrumb"},"inLanguage":"pt-PT","potentialAction":[{"@type":"ReadAction","target":["https:\/\/www.azaros.eu\/pt-pt\/produto\/ancoragens-ceramicos\/"]}]},{"@type":"ImageObject","inLanguage":"pt-PT","@id":"https:\/\/www.azaros.eu\/pt-pt\/produto\/ancoragens-ceramicos\/#primaryimage","url":"https:\/\/www.azaros.eu\/wp-content\/uploads\/2024\/12\/MUNECOS-4.jpg","contentUrl":"https:\/\/www.azaros.eu\/wp-content\/uploads\/2024\/12\/MUNECOS-4.jpg","width":1200,"height":700},{"@type":"BreadcrumbList","@id":"https:\/\/www.azaros.eu\/pt-pt\/produto\/ancoragens-ceramicos\/#breadcrumb","itemListElement":[{"@type":"ListItem","position":1,"name":"Azaros","item":"https:\/\/www.azaros.eu\/pt-pt\/azaros-home\/"},{"@type":"ListItem","position":2,"name":"Produtos","item":"https:\/\/www.azaros.eu\/pt-pt\/produtos\/"},{"@type":"ListItem","position":3,"name":"Refratario","item":"https:\/\/www.azaros.eu\/pt-pt\/produtos\/refratario\/"},{"@type":"ListItem","position":4,"name":"\u00c2ncoras","item":"https:\/\/www.azaros.eu\/pt-pt\/produtos\/refratario\/ancoras-pt\/"},{"@type":"ListItem","position":5,"name":"Ancoragens cer\u00e2micos"}]},{"@type":"WebSite","@id":"https:\/\/www.azaros.eu\/pt-pt\/#website","url":"https:\/\/www.azaros.eu\/pt-pt\/","name":"Azaros","description":"Fabricamos, distribuimos y comercializamos una gran gama de suministros.","potentialAction":[{"@type":"SearchAction","target":{"@type":"EntryPoint","urlTemplate":"https:\/\/www.azaros.eu\/pt-pt\/?s={search_term_string}"},"query-input":{"@type":"PropertyValueSpecification","valueRequired":true,"valueName":"search_term_string"}}],"inLanguage":"pt-PT"}]}},"_links":{"self":[{"href":"https:\/\/www.azaros.eu\/pt-pt\/wp-json\/wp\/v2\/product\/10161","targetHints":{"allow":["GET"]}}],"collection":[{"href":"https:\/\/www.azaros.eu\/pt-pt\/wp-json\/wp\/v2\/product"}],"about":[{"href":"https:\/\/www.azaros.eu\/pt-pt\/wp-json\/wp\/v2\/types\/product"}],"wp:featuredmedia":[{"embeddable":true,"href":"https:\/\/www.azaros.eu\/pt-pt\/wp-json\/wp\/v2\/media\/10162"}],"wp:attachment":[{"href":"https:\/\/www.azaros.eu\/pt-pt\/wp-json\/wp\/v2\/media?parent=10161"}],"wp:term":[{"taxonomy":"product_brand","embeddable":true,"href":"https:\/\/www.azaros.eu\/pt-pt\/wp-json\/wp\/v2\/product_brand?post=10161"},{"taxonomy":"product_cat","embeddable":true,"href":"https:\/\/www.azaros.eu\/pt-pt\/wp-json\/wp\/v2\/product_cat?post=10161"},{"taxonomy":"product_tag","embeddable":true,"href":"https:\/\/www.azaros.eu\/pt-pt\/wp-json\/wp\/v2\/product_tag?post=10161"}],"curies":[{"name":"wp","href":"https:\/\/api.w.org\/{rel}","templated":true}]}}