{"id":10169,"date":"2024-06-11T08:07:47","date_gmt":"2024-06-11T07:07:47","guid":{"rendered":"https:\/\/www.azaros.eu\/producto\/placa-de-carboneto-de-silicio-nitretado\/"},"modified":"2025-04-16T10:02:38","modified_gmt":"2025-04-16T09:02:38","slug":"placa-de-carboneto-de-silicio-nitretado","status":"publish","type":"product","link":"https:\/\/www.azaros.eu\/pt-pt\/produto\/placa-de-carboneto-de-silicio-nitretado\/","title":{"rendered":"Placa de carboneto de sil\u00edcio nitretado"},"content":{"rendered":"<div class=\"row\"  id=\"row-1456187145\">\n\n\t<div id=\"col-1712474498\" class=\"col medium-6 small-12 large-6\"  >\n\t\t\t\t<div class=\"col-inner\"  >\n\t\t\t\n\t\t\t\n<div class=\"container section-title-container\" ><h2 class=\"section-title section-title-normal\"><b aria-hidden=\"true\"><\/b><span class=\"section-title-main\" style=\"font-size:80%;\">Propiedades f\u00edsicas y qu\u00edmicas<\/span><b aria-hidden=\"true\"><\/b><\/h2><\/div>\n<table>\n<tbody>\n<tr>\n<td width=\"305\"><strong>Propiedades<\/strong><\/td>\n<td width=\"298\"><strong>Placas carburo de silicio<\/strong><\/td>\n<\/tr>\n<tr>\n<td width=\"305\">Densidad<\/td>\n<td width=\"298\">\u2265 2,60 g\/cm<sup>3<\/sup><\/td>\n<\/tr>\n<tr>\n<td width=\"305\">Porosidad aparente<\/td>\n<td width=\"298\">\u2264 17 %<\/td>\n<\/tr>\n<tr>\n<td width=\"305\">M\u00f3dulo de ruptura<\/td>\n<td width=\"298\">\u2265 40 MPa<\/td>\n<\/tr>\n<tr>\n<td width=\"305\">Resistencia a compresi\u00f3n en fr\u00edo<\/td>\n<td width=\"298\">\u2265 140 MPa<\/td>\n<\/tr>\n<tr>\n<td width=\"305\">An\u00e1lisis qu\u00edmico<\/p>\n<p>SiC<\/p>\n<p>Si<sub>3<\/sub>N<sub>4<\/sub><\/td>\n<td width=\"298\">&nbsp;<\/p>\n<p>\u2265 70 %<\/p>\n<p>\u2265 20 %<\/td>\n<\/tr>\n<\/tbody>\n<\/table>\n\t\t<\/div>\n\t\t\t\t\t<\/div>\n\n\t\n<\/div>\n","protected":false},"excerpt":{"rendered":"<p>Material refrat\u00e1rio de alta resist\u00eancia mec\u00e2nica e boa resist\u00eancia ao choque t\u00e9rmico. Boa resist\u00eancia \u00e0 oxida\u00e7\u00e3o e \u00e0 corros\u00e3o. Frequentemente utilizado como material de suporte.  <\/p>\n","protected":false},"featured_media":10170,"template":"","meta":[],"product_brand":[],"product_cat":[475],"product_tag":[],"class_list":{"0":"post-10169","1":"product","2":"type-product","3":"status-publish","4":"has-post-thumbnail","6":"product_cat-carbeto-de-silicio","8":"first","9":"instock","10":"shipping-taxable","11":"product-type-simple"},"yoast_head":"<!-- This site is optimized with the Yoast SEO plugin v27.4 - https:\/\/yoast.com\/product\/yoast-seo-wordpress\/ -->\n<title>Placa de carboneto de sil\u00edcio nitretado - Azaros<\/title>\n<meta name=\"robots\" content=\"index, follow, max-snippet:-1, max-image-preview:large, max-video-preview:-1\" \/>\n<link rel=\"canonical\" href=\"https:\/\/www.azaros.eu\/pt-pt\/produto\/placa-de-carboneto-de-silicio-nitretado\/\" \/>\n<meta property=\"og:locale\" content=\"pt_PT\" \/>\n<meta property=\"og:type\" content=\"article\" \/>\n<meta property=\"og:title\" content=\"Placa de carboneto de sil\u00edcio nitretado - Azaros\" \/>\n<meta property=\"og:description\" content=\"Material refrat\u00e1rio de alta resist\u00eancia mec\u00e2nica e boa resist\u00eancia ao choque t\u00e9rmico. Boa resist\u00eancia \u00e0 oxida\u00e7\u00e3o e \u00e0 corros\u00e3o. Frequentemente utilizado como material de suporte.\" \/>\n<meta property=\"og:url\" content=\"https:\/\/www.azaros.eu\/pt-pt\/produto\/placa-de-carboneto-de-silicio-nitretado\/\" \/>\n<meta property=\"og:site_name\" content=\"Azaros\" \/>\n<meta property=\"article:modified_time\" content=\"2025-04-16T09:02:38+00:00\" \/>\n<meta property=\"og:image\" content=\"https:\/\/www.azaros.eu\/wp-content\/uploads\/2024\/06\/Carril-Carburo-Silicio.jpg\" \/>\n\t<meta property=\"og:image:width\" content=\"1200\" \/>\n\t<meta property=\"og:image:height\" content=\"700\" \/>\n\t<meta property=\"og:image:type\" content=\"image\/jpeg\" \/>\n<meta name=\"twitter:card\" content=\"summary_large_image\" \/>\n<script type=\"application\/ld+json\" class=\"yoast-schema-graph\">{\"@context\":\"https:\\\/\\\/schema.org\",\"@graph\":[{\"@type\":\"WebPage\",\"@id\":\"https:\\\/\\\/www.azaros.eu\\\/pt-pt\\\/produto\\\/placa-de-carboneto-de-silicio-nitretado\\\/\",\"url\":\"https:\\\/\\\/www.azaros.eu\\\/pt-pt\\\/produto\\\/placa-de-carboneto-de-silicio-nitretado\\\/\",\"name\":\"Placa de carboneto de sil\u00edcio nitretado - Azaros\",\"isPartOf\":{\"@id\":\"https:\\\/\\\/www.azaros.eu\\\/pt-pt\\\/#website\"},\"primaryImageOfPage\":{\"@id\":\"https:\\\/\\\/www.azaros.eu\\\/pt-pt\\\/produto\\\/placa-de-carboneto-de-silicio-nitretado\\\/#primaryimage\"},\"image\":{\"@id\":\"https:\\\/\\\/www.azaros.eu\\\/pt-pt\\\/produto\\\/placa-de-carboneto-de-silicio-nitretado\\\/#primaryimage\"},\"thumbnailUrl\":\"https:\\\/\\\/www.azaros.eu\\\/wp-content\\\/uploads\\\/2024\\\/06\\\/Carril-Carburo-Silicio.jpg\",\"datePublished\":\"2024-06-11T07:07:47+00:00\",\"dateModified\":\"2025-04-16T09:02:38+00:00\",\"breadcrumb\":{\"@id\":\"https:\\\/\\\/www.azaros.eu\\\/pt-pt\\\/produto\\\/placa-de-carboneto-de-silicio-nitretado\\\/#breadcrumb\"},\"inLanguage\":\"pt-PT\",\"potentialAction\":[{\"@type\":\"ReadAction\",\"target\":[\"https:\\\/\\\/www.azaros.eu\\\/pt-pt\\\/produto\\\/placa-de-carboneto-de-silicio-nitretado\\\/\"]}]},{\"@type\":\"ImageObject\",\"inLanguage\":\"pt-PT\",\"@id\":\"https:\\\/\\\/www.azaros.eu\\\/pt-pt\\\/produto\\\/placa-de-carboneto-de-silicio-nitretado\\\/#primaryimage\",\"url\":\"https:\\\/\\\/www.azaros.eu\\\/wp-content\\\/uploads\\\/2024\\\/06\\\/Carril-Carburo-Silicio.jpg\",\"contentUrl\":\"https:\\\/\\\/www.azaros.eu\\\/wp-content\\\/uploads\\\/2024\\\/06\\\/Carril-Carburo-Silicio.jpg\",\"width\":1200,\"height\":700},{\"@type\":\"BreadcrumbList\",\"@id\":\"https:\\\/\\\/www.azaros.eu\\\/pt-pt\\\/produto\\\/placa-de-carboneto-de-silicio-nitretado\\\/#breadcrumb\",\"itemListElement\":[{\"@type\":\"ListItem\",\"position\":1,\"name\":\"Azaros\",\"item\":\"https:\\\/\\\/www.azaros.eu\\\/pt-pt\\\/azaros-home\\\/\"},{\"@type\":\"ListItem\",\"position\":2,\"name\":\"Produtos\",\"item\":\"https:\\\/\\\/www.azaros.eu\\\/pt-pt\\\/produtos\\\/\"},{\"@type\":\"ListItem\",\"position\":3,\"name\":\"Refratario\",\"item\":\"https:\\\/\\\/www.azaros.eu\\\/pt-pt\\\/produtos\\\/refratario\\\/\"},{\"@type\":\"ListItem\",\"position\":4,\"name\":\"Carbeto de sil\u00edcio\",\"item\":\"https:\\\/\\\/www.azaros.eu\\\/pt-pt\\\/produtos\\\/refratario\\\/carbeto-de-silicio\\\/\"},{\"@type\":\"ListItem\",\"position\":5,\"name\":\"Placa de carboneto de sil\u00edcio nitretado\"}]},{\"@type\":\"WebSite\",\"@id\":\"https:\\\/\\\/www.azaros.eu\\\/pt-pt\\\/#website\",\"url\":\"https:\\\/\\\/www.azaros.eu\\\/pt-pt\\\/\",\"name\":\"Azaros\",\"description\":\"Fabricamos, distribuimos y comercializamos una gran gama de suministros.\",\"potentialAction\":[{\"@type\":\"SearchAction\",\"target\":{\"@type\":\"EntryPoint\",\"urlTemplate\":\"https:\\\/\\\/www.azaros.eu\\\/pt-pt\\\/?s={search_term_string}\"},\"query-input\":{\"@type\":\"PropertyValueSpecification\",\"valueRequired\":true,\"valueName\":\"search_term_string\"}}],\"inLanguage\":\"pt-PT\"}]}<\/script>\n<!-- \/ Yoast SEO plugin. -->","yoast_head_json":{"title":"Placa de carboneto de sil\u00edcio nitretado - Azaros","robots":{"index":"index","follow":"follow","max-snippet":"max-snippet:-1","max-image-preview":"max-image-preview:large","max-video-preview":"max-video-preview:-1"},"canonical":"https:\/\/www.azaros.eu\/pt-pt\/produto\/placa-de-carboneto-de-silicio-nitretado\/","og_locale":"pt_PT","og_type":"article","og_title":"Placa de carboneto de sil\u00edcio nitretado - Azaros","og_description":"Material refrat\u00e1rio de alta resist\u00eancia mec\u00e2nica e boa resist\u00eancia ao choque t\u00e9rmico. Boa resist\u00eancia \u00e0 oxida\u00e7\u00e3o e \u00e0 corros\u00e3o. Frequentemente utilizado como material de suporte.","og_url":"https:\/\/www.azaros.eu\/pt-pt\/produto\/placa-de-carboneto-de-silicio-nitretado\/","og_site_name":"Azaros","article_modified_time":"2025-04-16T09:02:38+00:00","og_image":[{"width":1200,"height":700,"url":"https:\/\/www.azaros.eu\/wp-content\/uploads\/2024\/06\/Carril-Carburo-Silicio.jpg","type":"image\/jpeg"}],"twitter_card":"summary_large_image","schema":{"@context":"https:\/\/schema.org","@graph":[{"@type":"WebPage","@id":"https:\/\/www.azaros.eu\/pt-pt\/produto\/placa-de-carboneto-de-silicio-nitretado\/","url":"https:\/\/www.azaros.eu\/pt-pt\/produto\/placa-de-carboneto-de-silicio-nitretado\/","name":"Placa de carboneto de sil\u00edcio nitretado - Azaros","isPartOf":{"@id":"https:\/\/www.azaros.eu\/pt-pt\/#website"},"primaryImageOfPage":{"@id":"https:\/\/www.azaros.eu\/pt-pt\/produto\/placa-de-carboneto-de-silicio-nitretado\/#primaryimage"},"image":{"@id":"https:\/\/www.azaros.eu\/pt-pt\/produto\/placa-de-carboneto-de-silicio-nitretado\/#primaryimage"},"thumbnailUrl":"https:\/\/www.azaros.eu\/wp-content\/uploads\/2024\/06\/Carril-Carburo-Silicio.jpg","datePublished":"2024-06-11T07:07:47+00:00","dateModified":"2025-04-16T09:02:38+00:00","breadcrumb":{"@id":"https:\/\/www.azaros.eu\/pt-pt\/produto\/placa-de-carboneto-de-silicio-nitretado\/#breadcrumb"},"inLanguage":"pt-PT","potentialAction":[{"@type":"ReadAction","target":["https:\/\/www.azaros.eu\/pt-pt\/produto\/placa-de-carboneto-de-silicio-nitretado\/"]}]},{"@type":"ImageObject","inLanguage":"pt-PT","@id":"https:\/\/www.azaros.eu\/pt-pt\/produto\/placa-de-carboneto-de-silicio-nitretado\/#primaryimage","url":"https:\/\/www.azaros.eu\/wp-content\/uploads\/2024\/06\/Carril-Carburo-Silicio.jpg","contentUrl":"https:\/\/www.azaros.eu\/wp-content\/uploads\/2024\/06\/Carril-Carburo-Silicio.jpg","width":1200,"height":700},{"@type":"BreadcrumbList","@id":"https:\/\/www.azaros.eu\/pt-pt\/produto\/placa-de-carboneto-de-silicio-nitretado\/#breadcrumb","itemListElement":[{"@type":"ListItem","position":1,"name":"Azaros","item":"https:\/\/www.azaros.eu\/pt-pt\/azaros-home\/"},{"@type":"ListItem","position":2,"name":"Produtos","item":"https:\/\/www.azaros.eu\/pt-pt\/produtos\/"},{"@type":"ListItem","position":3,"name":"Refratario","item":"https:\/\/www.azaros.eu\/pt-pt\/produtos\/refratario\/"},{"@type":"ListItem","position":4,"name":"Carbeto de sil\u00edcio","item":"https:\/\/www.azaros.eu\/pt-pt\/produtos\/refratario\/carbeto-de-silicio\/"},{"@type":"ListItem","position":5,"name":"Placa de carboneto de sil\u00edcio nitretado"}]},{"@type":"WebSite","@id":"https:\/\/www.azaros.eu\/pt-pt\/#website","url":"https:\/\/www.azaros.eu\/pt-pt\/","name":"Azaros","description":"Fabricamos, distribuimos y comercializamos una gran gama de suministros.","potentialAction":[{"@type":"SearchAction","target":{"@type":"EntryPoint","urlTemplate":"https:\/\/www.azaros.eu\/pt-pt\/?s={search_term_string}"},"query-input":{"@type":"PropertyValueSpecification","valueRequired":true,"valueName":"search_term_string"}}],"inLanguage":"pt-PT"}]}},"_links":{"self":[{"href":"https:\/\/www.azaros.eu\/pt-pt\/wp-json\/wp\/v2\/product\/10169","targetHints":{"allow":["GET"]}}],"collection":[{"href":"https:\/\/www.azaros.eu\/pt-pt\/wp-json\/wp\/v2\/product"}],"about":[{"href":"https:\/\/www.azaros.eu\/pt-pt\/wp-json\/wp\/v2\/types\/product"}],"wp:featuredmedia":[{"embeddable":true,"href":"https:\/\/www.azaros.eu\/pt-pt\/wp-json\/wp\/v2\/media\/10170"}],"wp:attachment":[{"href":"https:\/\/www.azaros.eu\/pt-pt\/wp-json\/wp\/v2\/media?parent=10169"}],"wp:term":[{"taxonomy":"product_brand","embeddable":true,"href":"https:\/\/www.azaros.eu\/pt-pt\/wp-json\/wp\/v2\/product_brand?post=10169"},{"taxonomy":"product_cat","embeddable":true,"href":"https:\/\/www.azaros.eu\/pt-pt\/wp-json\/wp\/v2\/product_cat?post=10169"},{"taxonomy":"product_tag","embeddable":true,"href":"https:\/\/www.azaros.eu\/pt-pt\/wp-json\/wp\/v2\/product_tag?post=10169"}],"curies":[{"name":"wp","href":"https:\/\/api.w.org\/{rel}","templated":true}]}}