{"id":10205,"date":"2018-08-06T09:38:24","date_gmt":"2018-08-06T08:38:24","guid":{"rendered":"https:\/\/www.azaros.eu\/producto\/pecas-de-mica-estampada\/"},"modified":"2025-04-16T10:41:24","modified_gmt":"2025-04-16T09:41:24","slug":"pecas-de-mica-estampada","status":"publish","type":"product","link":"https:\/\/www.azaros.eu\/pt-pt\/produto\/pecas-de-mica-estampada\/","title":{"rendered":"Pe\u00e7as de mica estampada"},"content":{"rendered":"<div class=\"row\"  id=\"row-1378053504\">\n\n\t<div id=\"col-23759345\" class=\"col medium-6 small-12 large-6\"  >\n\t\t\t\t<div class=\"col-inner\"  >\n\t\t\t\n\t\t\t\n<div class=\"container section-title-container\" ><h2 class=\"section-title section-title-normal\"><b aria-hidden=\"true\"><\/b><span class=\"section-title-main\" style=\"font-size:80%;\">Caracter\u00edsticas<\/span><b aria-hidden=\"true\"><\/b><\/h2><\/div>\n<p>As pe\u00e7as s\u00e3o formadas por papel de mica (de qualidade moscovita ou flogopita) aglomerado com uma resina de elevadas propriedades t\u00e9rmicas e el\u00e9tricas. O material \u00e9 submetido a press\u00e3o e calor para sua cura. <\/p>\n<p>Fornecemos todo tipo de pe\u00e7as de acordo com as necessidades do cliente (com base em plano ou amostra), tanto estampadas quanto usinadas.<\/p>\n\t\t<\/div>\n\t\t\t\t\t<\/div>\n\n\t\n\n\t<div id=\"col-5363880\" class=\"col medium-6 small-12 large-6\"  >\n\t\t\t\t<div class=\"col-inner\"  >\n\t\t\t\n\t\t\t\n<div class=\"container section-title-container\" ><h2 class=\"section-title section-title-normal\"><b aria-hidden=\"true\"><\/b><span class=\"section-title-main\" style=\"font-size:80%;\">Aplica\u00e7\u00f5es t\u00edpicas<\/span><b aria-hidden=\"true\"><\/b><\/h2><\/div>\n<p>A mica \u00e9 um material excelente para ser utilizado como suporte de resist\u00eancias no setor dom\u00e9stico, em secadores de cabelo, torradeiras, etc., assim como para todo tipo de aplica\u00e7\u00f5es el\u00e9tricas, especialmente aquelas que em algum momento devem resistir a altas temperaturas, mantendo ao mesmo tempo suas propriedades mec\u00e2nicas e el\u00e9tricas.<br \/>Tamb\u00e9m \u00e9 utilizada em aplica\u00e7\u00f5es nas quais o isolante deve adotar formas espec\u00edficas, sendo necess\u00e1rias elevadas propriedades t\u00e9rmicas e diel\u00e9tricas, assim como resist\u00eancia \u00e0 flex\u00e3o: ventiladores de ar quente, disjuntores, transformadores, etc.<br \/>A mica \u00e9 aplicada como revestimento ou prote\u00e7\u00e3o e tamb\u00e9m como separador ou folha isolante. Algumas aplica\u00e7\u00f5es aproveitam sua a\u00e7\u00e3o de mola.   <\/p>\n<p>Normalmente a qualidade moscovita \u00e9 utilizada em aplica\u00e7\u00f5es que requerem maior resist\u00eancia mec\u00e2nica, e a qualidade flogopita onde se exige maior resist\u00eancia t\u00e9rmica.<\/p>\n\t\t<\/div>\n\t\t\t\t\t<\/div>\n\n\t\n<\/div>\n<div class=\"row\"  id=\"row-1157187357\">\n\n<\/div>\n","protected":false},"excerpt":{"rendered":"<p>A mica \u00e9 um mineral que faz parte de um extenso grupo de silicatos de alumina, ferro, c\u00e1lcio, magn\u00e9sio e minerais alcalinos, caracterizados por sua f\u00e1cil esfolia\u00e7\u00e3o em finas l\u00e2minas flex\u00edveis, el\u00e1sticas e muito brilhantes.<\/p>\n<p>As caracter\u00edsticas de flexibilidade, elasticidade e resist\u00eancia t\u00e9rmica da mica fazem dela um material muito atrativo para a ind\u00fastria, devido \u00e0s suas propriedades como isolante t\u00e9rmico e el\u00e9trico.<\/p>\n","protected":false},"featured_media":10206,"template":"","meta":[],"product_brand":[],"product_cat":[479],"product_tag":[],"class_list":{"0":"post-10205","1":"product","2":"type-product","3":"status-publish","4":"has-post-thumbnail","6":"product_cat-mica-pt-pt","8":"first","9":"instock","10":"shipping-taxable","11":"product-type-simple"},"yoast_head":"<!-- This site is optimized with the Yoast SEO plugin v27.6 - https:\/\/yoast.com\/product\/yoast-seo-wordpress\/ -->\n<title>Pe\u00e7as de mica estampada| Azaros<\/title>\n<meta name=\"description\" content=\"Encontre as melhores pe\u00e7as de mica estampada do mercado na Azaros.eu. Descubra as pe\u00e7as de mica da Azaros ao melhor pre\u00e7o.\" \/>\n<meta name=\"robots\" content=\"index, follow, max-snippet:-1, max-image-preview:large, max-video-preview:-1\" \/>\n<link rel=\"canonical\" href=\"https:\/\/www.azaros.eu\/pt-pt\/produto\/pecas-de-mica-estampada\/\" \/>\n<meta property=\"og:locale\" content=\"pt_PT\" \/>\n<meta property=\"og:type\" content=\"article\" \/>\n<meta property=\"og:title\" content=\"Pe\u00e7as de mica estampada| Azaros\" \/>\n<meta property=\"og:description\" content=\"Encontre as melhores pe\u00e7as de mica estampada do mercado na Azaros.eu. Descubra as pe\u00e7as de mica da Azaros ao melhor pre\u00e7o.\" \/>\n<meta property=\"og:url\" content=\"https:\/\/www.azaros.eu\/pt-pt\/produto\/pecas-de-mica-estampada\/\" \/>\n<meta property=\"og:site_name\" content=\"Azaros\" \/>\n<meta property=\"article:modified_time\" content=\"2025-04-16T09:41:24+00:00\" \/>\n<meta property=\"og:image\" content=\"https:\/\/www.azaros.eu\/wp-content\/uploads\/2024\/07\/Imagen-de-Subcategoria-Mica.jpg\" \/>\n\t<meta property=\"og:image:width\" content=\"1200\" \/>\n\t<meta property=\"og:image:height\" content=\"700\" \/>\n\t<meta property=\"og:image:type\" content=\"image\/jpeg\" \/>\n<meta name=\"twitter:card\" content=\"summary_large_image\" \/>\n<meta name=\"twitter:label1\" content=\"Tempo estimado de leitura\" \/>\n\t<meta name=\"twitter:data1\" content=\"2 minutos\" \/>\n<script type=\"application\/ld+json\" class=\"yoast-schema-graph\">{\"@context\":\"https:\\\/\\\/schema.org\",\"@graph\":[{\"@type\":\"WebPage\",\"@id\":\"https:\\\/\\\/www.azaros.eu\\\/pt-pt\\\/produto\\\/pecas-de-mica-estampada\\\/\",\"url\":\"https:\\\/\\\/www.azaros.eu\\\/pt-pt\\\/produto\\\/pecas-de-mica-estampada\\\/\",\"name\":\"Pe\u00e7as de mica estampada| Azaros\",\"isPartOf\":{\"@id\":\"https:\\\/\\\/www.azaros.eu\\\/pt-pt\\\/#website\"},\"primaryImageOfPage\":{\"@id\":\"https:\\\/\\\/www.azaros.eu\\\/pt-pt\\\/produto\\\/pecas-de-mica-estampada\\\/#primaryimage\"},\"image\":{\"@id\":\"https:\\\/\\\/www.azaros.eu\\\/pt-pt\\\/produto\\\/pecas-de-mica-estampada\\\/#primaryimage\"},\"thumbnailUrl\":\"https:\\\/\\\/www.azaros.eu\\\/wp-content\\\/uploads\\\/2024\\\/07\\\/Imagen-de-Subcategoria-Mica.jpg\",\"datePublished\":\"2018-08-06T08:38:24+00:00\",\"dateModified\":\"2025-04-16T09:41:24+00:00\",\"description\":\"Encontre as melhores pe\u00e7as de mica estampada do mercado na Azaros.eu. Descubra as pe\u00e7as de mica da Azaros ao melhor pre\u00e7o.\",\"breadcrumb\":{\"@id\":\"https:\\\/\\\/www.azaros.eu\\\/pt-pt\\\/produto\\\/pecas-de-mica-estampada\\\/#breadcrumb\"},\"inLanguage\":\"pt-PT\",\"potentialAction\":[{\"@type\":\"ReadAction\",\"target\":[\"https:\\\/\\\/www.azaros.eu\\\/pt-pt\\\/produto\\\/pecas-de-mica-estampada\\\/\"]}]},{\"@type\":\"ImageObject\",\"inLanguage\":\"pt-PT\",\"@id\":\"https:\\\/\\\/www.azaros.eu\\\/pt-pt\\\/produto\\\/pecas-de-mica-estampada\\\/#primaryimage\",\"url\":\"https:\\\/\\\/www.azaros.eu\\\/wp-content\\\/uploads\\\/2024\\\/07\\\/Imagen-de-Subcategoria-Mica.jpg\",\"contentUrl\":\"https:\\\/\\\/www.azaros.eu\\\/wp-content\\\/uploads\\\/2024\\\/07\\\/Imagen-de-Subcategoria-Mica.jpg\",\"width\":1200,\"height\":700},{\"@type\":\"BreadcrumbList\",\"@id\":\"https:\\\/\\\/www.azaros.eu\\\/pt-pt\\\/produto\\\/pecas-de-mica-estampada\\\/#breadcrumb\",\"itemListElement\":[{\"@type\":\"ListItem\",\"position\":1,\"name\":\"Azaros\",\"item\":\"https:\\\/\\\/www.azaros.eu\\\/pt-pt\\\/azaros-home\\\/\"},{\"@type\":\"ListItem\",\"position\":2,\"name\":\"Produtos\",\"item\":\"https:\\\/\\\/www.azaros.eu\\\/pt-pt\\\/produtos\\\/\"},{\"@type\":\"ListItem\",\"position\":3,\"name\":\"Isolamento el\u00e9ctrico\",\"item\":\"https:\\\/\\\/www.azaros.eu\\\/pt-pt\\\/produtos\\\/isolamento-electrico\\\/\"},{\"@type\":\"ListItem\",\"position\":4,\"name\":\"Mica\",\"item\":\"https:\\\/\\\/www.azaros.eu\\\/pt-pt\\\/produtos\\\/isolamento-electrico\\\/mica-pt-pt\\\/\"},{\"@type\":\"ListItem\",\"position\":5,\"name\":\"Pe\u00e7as de mica estampada\"}]},{\"@type\":\"WebSite\",\"@id\":\"https:\\\/\\\/www.azaros.eu\\\/pt-pt\\\/#website\",\"url\":\"https:\\\/\\\/www.azaros.eu\\\/pt-pt\\\/\",\"name\":\"Azaros\",\"description\":\"Fabricamos, distribuimos y comercializamos una gran gama de suministros.\",\"potentialAction\":[{\"@type\":\"SearchAction\",\"target\":{\"@type\":\"EntryPoint\",\"urlTemplate\":\"https:\\\/\\\/www.azaros.eu\\\/pt-pt\\\/?s={search_term_string}\"},\"query-input\":{\"@type\":\"PropertyValueSpecification\",\"valueRequired\":true,\"valueName\":\"search_term_string\"}}],\"inLanguage\":\"pt-PT\"}]}<\/script>\n<!-- \/ Yoast SEO plugin. -->","yoast_head_json":{"title":"Pe\u00e7as de mica estampada| Azaros","description":"Encontre as melhores pe\u00e7as de mica estampada do mercado na Azaros.eu. Descubra as pe\u00e7as de mica da Azaros ao melhor pre\u00e7o.","robots":{"index":"index","follow":"follow","max-snippet":"max-snippet:-1","max-image-preview":"max-image-preview:large","max-video-preview":"max-video-preview:-1"},"canonical":"https:\/\/www.azaros.eu\/pt-pt\/produto\/pecas-de-mica-estampada\/","og_locale":"pt_PT","og_type":"article","og_title":"Pe\u00e7as de mica estampada| Azaros","og_description":"Encontre as melhores pe\u00e7as de mica estampada do mercado na Azaros.eu. Descubra as pe\u00e7as de mica da Azaros ao melhor pre\u00e7o.","og_url":"https:\/\/www.azaros.eu\/pt-pt\/produto\/pecas-de-mica-estampada\/","og_site_name":"Azaros","article_modified_time":"2025-04-16T09:41:24+00:00","og_image":[{"width":1200,"height":700,"url":"https:\/\/www.azaros.eu\/wp-content\/uploads\/2024\/07\/Imagen-de-Subcategoria-Mica.jpg","type":"image\/jpeg"}],"twitter_card":"summary_large_image","twitter_misc":{"Tempo estimado de leitura":"2 minutos"},"schema":{"@context":"https:\/\/schema.org","@graph":[{"@type":"WebPage","@id":"https:\/\/www.azaros.eu\/pt-pt\/produto\/pecas-de-mica-estampada\/","url":"https:\/\/www.azaros.eu\/pt-pt\/produto\/pecas-de-mica-estampada\/","name":"Pe\u00e7as de mica estampada| Azaros","isPartOf":{"@id":"https:\/\/www.azaros.eu\/pt-pt\/#website"},"primaryImageOfPage":{"@id":"https:\/\/www.azaros.eu\/pt-pt\/produto\/pecas-de-mica-estampada\/#primaryimage"},"image":{"@id":"https:\/\/www.azaros.eu\/pt-pt\/produto\/pecas-de-mica-estampada\/#primaryimage"},"thumbnailUrl":"https:\/\/www.azaros.eu\/wp-content\/uploads\/2024\/07\/Imagen-de-Subcategoria-Mica.jpg","datePublished":"2018-08-06T08:38:24+00:00","dateModified":"2025-04-16T09:41:24+00:00","description":"Encontre as melhores pe\u00e7as de mica estampada do mercado na Azaros.eu. Descubra as pe\u00e7as de mica da Azaros ao melhor pre\u00e7o.","breadcrumb":{"@id":"https:\/\/www.azaros.eu\/pt-pt\/produto\/pecas-de-mica-estampada\/#breadcrumb"},"inLanguage":"pt-PT","potentialAction":[{"@type":"ReadAction","target":["https:\/\/www.azaros.eu\/pt-pt\/produto\/pecas-de-mica-estampada\/"]}]},{"@type":"ImageObject","inLanguage":"pt-PT","@id":"https:\/\/www.azaros.eu\/pt-pt\/produto\/pecas-de-mica-estampada\/#primaryimage","url":"https:\/\/www.azaros.eu\/wp-content\/uploads\/2024\/07\/Imagen-de-Subcategoria-Mica.jpg","contentUrl":"https:\/\/www.azaros.eu\/wp-content\/uploads\/2024\/07\/Imagen-de-Subcategoria-Mica.jpg","width":1200,"height":700},{"@type":"BreadcrumbList","@id":"https:\/\/www.azaros.eu\/pt-pt\/produto\/pecas-de-mica-estampada\/#breadcrumb","itemListElement":[{"@type":"ListItem","position":1,"name":"Azaros","item":"https:\/\/www.azaros.eu\/pt-pt\/azaros-home\/"},{"@type":"ListItem","position":2,"name":"Produtos","item":"https:\/\/www.azaros.eu\/pt-pt\/produtos\/"},{"@type":"ListItem","position":3,"name":"Isolamento el\u00e9ctrico","item":"https:\/\/www.azaros.eu\/pt-pt\/produtos\/isolamento-electrico\/"},{"@type":"ListItem","position":4,"name":"Mica","item":"https:\/\/www.azaros.eu\/pt-pt\/produtos\/isolamento-electrico\/mica-pt-pt\/"},{"@type":"ListItem","position":5,"name":"Pe\u00e7as de mica estampada"}]},{"@type":"WebSite","@id":"https:\/\/www.azaros.eu\/pt-pt\/#website","url":"https:\/\/www.azaros.eu\/pt-pt\/","name":"Azaros","description":"Fabricamos, distribuimos y comercializamos una gran gama de suministros.","potentialAction":[{"@type":"SearchAction","target":{"@type":"EntryPoint","urlTemplate":"https:\/\/www.azaros.eu\/pt-pt\/?s={search_term_string}"},"query-input":{"@type":"PropertyValueSpecification","valueRequired":true,"valueName":"search_term_string"}}],"inLanguage":"pt-PT"}]}},"_links":{"self":[{"href":"https:\/\/www.azaros.eu\/pt-pt\/wp-json\/wp\/v2\/product\/10205","targetHints":{"allow":["GET"]}}],"collection":[{"href":"https:\/\/www.azaros.eu\/pt-pt\/wp-json\/wp\/v2\/product"}],"about":[{"href":"https:\/\/www.azaros.eu\/pt-pt\/wp-json\/wp\/v2\/types\/product"}],"wp:featuredmedia":[{"embeddable":true,"href":"https:\/\/www.azaros.eu\/pt-pt\/wp-json\/wp\/v2\/media\/10206"}],"wp:attachment":[{"href":"https:\/\/www.azaros.eu\/pt-pt\/wp-json\/wp\/v2\/media?parent=10205"}],"wp:term":[{"taxonomy":"product_brand","embeddable":true,"href":"https:\/\/www.azaros.eu\/pt-pt\/wp-json\/wp\/v2\/product_brand?post=10205"},{"taxonomy":"product_cat","embeddable":true,"href":"https:\/\/www.azaros.eu\/pt-pt\/wp-json\/wp\/v2\/product_cat?post=10205"},{"taxonomy":"product_tag","embeddable":true,"href":"https:\/\/www.azaros.eu\/pt-pt\/wp-json\/wp\/v2\/product_tag?post=10205"}],"curies":[{"name":"wp","href":"https:\/\/api.w.org\/{rel}","templated":true}]}}