{"id":10221,"date":"2024-06-11T08:16:52","date_gmt":"2024-06-11T07:16:52","guid":{"rendered":"https:\/\/www.azaros.eu\/producto\/mica-spool-y-mica-tape\/"},"modified":"2025-04-16T10:51:13","modified_gmt":"2025-04-16T09:51:13","slug":"mica-spool-y-mica-tape","status":"publish","type":"product","link":"https:\/\/www.azaros.eu\/pt-pt\/produto\/mica-spool-y-mica-tape\/","title":{"rendered":"Mica Spool y Mica Tape"},"content":{"rendered":"<div class=\"row\"  id=\"row-1423281839\">\n\n\t<div id=\"col-658568551\" class=\"col medium-6 small-12 large-6\"  >\n\t\t\t\t<div class=\"col-inner\"  >\n\t\t\t\n\t\t\t\n<div class=\"container section-title-container\" ><h2 class=\"section-title section-title-normal\"><b aria-hidden=\"true\"><\/b><span class=\"section-title-main\" style=\"font-size:80%;\">Caracter\u00edsticas<\/span><b aria-hidden=\"true\"><\/b><\/h2><\/div>\n<p>As fitas de mica s\u00e3o apresentadas habitualmente em 2 tipos de formato: rolos e bobinas:<br \/>\n\u2022 Faixa de espessuras: de 0,08 at\u00e9 0,15 mm<br \/>\n\u2022 Faixa de larguras: de 4 a 1000 mm<\/p>\n\t\t<\/div>\n\t\t\t\t\t<\/div>\n\n\t\n\n\t<div id=\"col-542414993\" class=\"col medium-6 small-12 large-6\"  >\n\t\t\t\t<div class=\"col-inner\"  >\n\t\t\t\n\t\t\t\n<div class=\"container section-title-container\" ><h2 class=\"section-title section-title-normal\"><b aria-hidden=\"true\"><\/b><span class=\"section-title-main\" style=\"font-size:80%;\">Aplica\u00e7\u00f5es t\u00edpicas<\/span><b aria-hidden=\"true\"><\/b><\/h2><\/div>\n<p>S\u00e3o utilizados principalmente no fabrico de cabos \u00e0 prova de fogo e enrolamentos de motores el\u00e9tricos, bem como onde quer que seja necess\u00e1rio um bom isolamento el\u00e9trico.<\/p>\n\t\t<\/div>\n\t\t\t\t\t<\/div>\n\n\t\n<\/div>\n\n","protected":false},"excerpt":{"rendered":"<p>A mica \u00e9 um mineral que faz parte de um extenso grupo de silicatos de alumina, ferro, c\u00e1lcio, magn\u00e9sio e minerais alcalinos, caracterizados por sua f\u00e1cil esfolia\u00e7\u00e3o em finas l\u00e2minas flex\u00edveis, el\u00e1sticas e muito brilhantes.<\/p>\n<p>As caracter\u00edsticas de flexibilidade, elasticidade e resist\u00eancia t\u00e9rmica da mica fazem dela um material muito atraente para a ind\u00fastria devido \u00e0s suas propriedades como isolante t\u00e9rmico e el\u00e9trico.<br \/>\n<br \/>As fitas de mica s\u00e3o um composto de papel de mica (qualidade moscovita ou flogopita) e tecido de fibra de vidro ou pel\u00edcula de poli\u00e9ster.<\/p>\n","protected":false},"featured_media":10222,"template":"","meta":[],"product_brand":[],"product_cat":[479],"product_tag":[],"class_list":{"0":"post-10221","1":"product","2":"type-product","3":"status-publish","4":"has-post-thumbnail","6":"product_cat-mica-pt-pt","8":"first","9":"instock","10":"shipping-taxable","11":"product-type-simple"},"yoast_head":"<!-- This site is optimized with the Yoast SEO plugin v27.6 - https:\/\/yoast.com\/product\/yoast-seo-wordpress\/ -->\n<title>Mica Spool y Mica Tape - Azaros<\/title>\n<meta name=\"robots\" content=\"index, follow, max-snippet:-1, max-image-preview:large, max-video-preview:-1\" \/>\n<link rel=\"canonical\" href=\"https:\/\/www.azaros.eu\/pt-pt\/produto\/mica-spool-y-mica-tape\/\" \/>\n<meta property=\"og:locale\" content=\"pt_PT\" \/>\n<meta property=\"og:type\" content=\"article\" \/>\n<meta property=\"og:title\" content=\"Mica Spool y Mica Tape - Azaros\" \/>\n<meta property=\"og:description\" content=\"A mica \u00e9 um mineral que faz parte de um extenso grupo de silicatos de alumina, ferro, c\u00e1lcio, magn\u00e9sio e minerais alcalinos, caracterizados por sua f\u00e1cil esfolia\u00e7\u00e3o em finas l\u00e2minas flex\u00edveis, el\u00e1sticas e muito brilhantes.  As caracter\u00edsticas de flexibilidade, elasticidade e resist\u00eancia t\u00e9rmica da mica fazem dela um material muito atraente para a ind\u00fastria devido \u00e0s suas propriedades como isolante t\u00e9rmico e el\u00e9trico. As fitas de mica s\u00e3o um composto de papel de mica (qualidade moscovita ou flogopita) e tecido de fibra de vidro ou pel\u00edcula de poli\u00e9ster.\" \/>\n<meta property=\"og:url\" content=\"https:\/\/www.azaros.eu\/pt-pt\/produto\/mica-spool-y-mica-tape\/\" \/>\n<meta property=\"og:site_name\" content=\"Azaros\" \/>\n<meta property=\"article:modified_time\" content=\"2025-04-16T09:51:13+00:00\" \/>\n<meta property=\"og:image\" content=\"https:\/\/www.azaros.eu\/wp-content\/uploads\/2024\/06\/Mica-Tape-y-Mica-Spool.jpg\" \/>\n\t<meta property=\"og:image:width\" content=\"1200\" \/>\n\t<meta property=\"og:image:height\" content=\"700\" \/>\n\t<meta property=\"og:image:type\" content=\"image\/jpeg\" \/>\n<meta name=\"twitter:card\" content=\"summary_large_image\" \/>\n<meta name=\"twitter:label1\" content=\"Tempo estimado de leitura\" \/>\n\t<meta name=\"twitter:data1\" content=\"1 minuto\" \/>\n<script type=\"application\/ld+json\" class=\"yoast-schema-graph\">{\"@context\":\"https:\\\/\\\/schema.org\",\"@graph\":[{\"@type\":\"WebPage\",\"@id\":\"https:\\\/\\\/www.azaros.eu\\\/pt-pt\\\/produto\\\/mica-spool-y-mica-tape\\\/\",\"url\":\"https:\\\/\\\/www.azaros.eu\\\/pt-pt\\\/produto\\\/mica-spool-y-mica-tape\\\/\",\"name\":\"Mica Spool y Mica Tape - Azaros\",\"isPartOf\":{\"@id\":\"https:\\\/\\\/www.azaros.eu\\\/pt-pt\\\/#website\"},\"primaryImageOfPage\":{\"@id\":\"https:\\\/\\\/www.azaros.eu\\\/pt-pt\\\/produto\\\/mica-spool-y-mica-tape\\\/#primaryimage\"},\"image\":{\"@id\":\"https:\\\/\\\/www.azaros.eu\\\/pt-pt\\\/produto\\\/mica-spool-y-mica-tape\\\/#primaryimage\"},\"thumbnailUrl\":\"https:\\\/\\\/www.azaros.eu\\\/wp-content\\\/uploads\\\/2024\\\/06\\\/Mica-Tape-y-Mica-Spool.jpg\",\"datePublished\":\"2024-06-11T07:16:52+00:00\",\"dateModified\":\"2025-04-16T09:51:13+00:00\",\"breadcrumb\":{\"@id\":\"https:\\\/\\\/www.azaros.eu\\\/pt-pt\\\/produto\\\/mica-spool-y-mica-tape\\\/#breadcrumb\"},\"inLanguage\":\"pt-PT\",\"potentialAction\":[{\"@type\":\"ReadAction\",\"target\":[\"https:\\\/\\\/www.azaros.eu\\\/pt-pt\\\/produto\\\/mica-spool-y-mica-tape\\\/\"]}]},{\"@type\":\"ImageObject\",\"inLanguage\":\"pt-PT\",\"@id\":\"https:\\\/\\\/www.azaros.eu\\\/pt-pt\\\/produto\\\/mica-spool-y-mica-tape\\\/#primaryimage\",\"url\":\"https:\\\/\\\/www.azaros.eu\\\/wp-content\\\/uploads\\\/2024\\\/06\\\/Mica-Tape-y-Mica-Spool.jpg\",\"contentUrl\":\"https:\\\/\\\/www.azaros.eu\\\/wp-content\\\/uploads\\\/2024\\\/06\\\/Mica-Tape-y-Mica-Spool.jpg\",\"width\":1200,\"height\":700},{\"@type\":\"BreadcrumbList\",\"@id\":\"https:\\\/\\\/www.azaros.eu\\\/pt-pt\\\/produto\\\/mica-spool-y-mica-tape\\\/#breadcrumb\",\"itemListElement\":[{\"@type\":\"ListItem\",\"position\":1,\"name\":\"Azaros\",\"item\":\"https:\\\/\\\/www.azaros.eu\\\/pt-pt\\\/azaros-home\\\/\"},{\"@type\":\"ListItem\",\"position\":2,\"name\":\"Produtos\",\"item\":\"https:\\\/\\\/www.azaros.eu\\\/pt-pt\\\/produtos\\\/\"},{\"@type\":\"ListItem\",\"position\":3,\"name\":\"Isolamento el\u00e9ctrico\",\"item\":\"https:\\\/\\\/www.azaros.eu\\\/pt-pt\\\/produtos\\\/isolamento-electrico\\\/\"},{\"@type\":\"ListItem\",\"position\":4,\"name\":\"Mica\",\"item\":\"https:\\\/\\\/www.azaros.eu\\\/pt-pt\\\/produtos\\\/isolamento-electrico\\\/mica-pt-pt\\\/\"},{\"@type\":\"ListItem\",\"position\":5,\"name\":\"Mica Spool y Mica Tape\"}]},{\"@type\":\"WebSite\",\"@id\":\"https:\\\/\\\/www.azaros.eu\\\/pt-pt\\\/#website\",\"url\":\"https:\\\/\\\/www.azaros.eu\\\/pt-pt\\\/\",\"name\":\"Azaros\",\"description\":\"Fabricamos, distribuimos y comercializamos una gran gama de suministros.\",\"potentialAction\":[{\"@type\":\"SearchAction\",\"target\":{\"@type\":\"EntryPoint\",\"urlTemplate\":\"https:\\\/\\\/www.azaros.eu\\\/pt-pt\\\/?s={search_term_string}\"},\"query-input\":{\"@type\":\"PropertyValueSpecification\",\"valueRequired\":true,\"valueName\":\"search_term_string\"}}],\"inLanguage\":\"pt-PT\"}]}<\/script>\n<!-- \/ Yoast SEO plugin. -->","yoast_head_json":{"title":"Mica Spool y Mica Tape - Azaros","robots":{"index":"index","follow":"follow","max-snippet":"max-snippet:-1","max-image-preview":"max-image-preview:large","max-video-preview":"max-video-preview:-1"},"canonical":"https:\/\/www.azaros.eu\/pt-pt\/produto\/mica-spool-y-mica-tape\/","og_locale":"pt_PT","og_type":"article","og_title":"Mica Spool y Mica Tape - Azaros","og_description":"A mica \u00e9 um mineral que faz parte de um extenso grupo de silicatos de alumina, ferro, c\u00e1lcio, magn\u00e9sio e minerais alcalinos, caracterizados por sua f\u00e1cil esfolia\u00e7\u00e3o em finas l\u00e2minas flex\u00edveis, el\u00e1sticas e muito brilhantes.  As caracter\u00edsticas de flexibilidade, elasticidade e resist\u00eancia t\u00e9rmica da mica fazem dela um material muito atraente para a ind\u00fastria devido \u00e0s suas propriedades como isolante t\u00e9rmico e el\u00e9trico. As fitas de mica s\u00e3o um composto de papel de mica (qualidade moscovita ou flogopita) e tecido de fibra de vidro ou pel\u00edcula de poli\u00e9ster.","og_url":"https:\/\/www.azaros.eu\/pt-pt\/produto\/mica-spool-y-mica-tape\/","og_site_name":"Azaros","article_modified_time":"2025-04-16T09:51:13+00:00","og_image":[{"width":1200,"height":700,"url":"https:\/\/www.azaros.eu\/wp-content\/uploads\/2024\/06\/Mica-Tape-y-Mica-Spool.jpg","type":"image\/jpeg"}],"twitter_card":"summary_large_image","twitter_misc":{"Tempo estimado de leitura":"1 minuto"},"schema":{"@context":"https:\/\/schema.org","@graph":[{"@type":"WebPage","@id":"https:\/\/www.azaros.eu\/pt-pt\/produto\/mica-spool-y-mica-tape\/","url":"https:\/\/www.azaros.eu\/pt-pt\/produto\/mica-spool-y-mica-tape\/","name":"Mica Spool y Mica Tape - Azaros","isPartOf":{"@id":"https:\/\/www.azaros.eu\/pt-pt\/#website"},"primaryImageOfPage":{"@id":"https:\/\/www.azaros.eu\/pt-pt\/produto\/mica-spool-y-mica-tape\/#primaryimage"},"image":{"@id":"https:\/\/www.azaros.eu\/pt-pt\/produto\/mica-spool-y-mica-tape\/#primaryimage"},"thumbnailUrl":"https:\/\/www.azaros.eu\/wp-content\/uploads\/2024\/06\/Mica-Tape-y-Mica-Spool.jpg","datePublished":"2024-06-11T07:16:52+00:00","dateModified":"2025-04-16T09:51:13+00:00","breadcrumb":{"@id":"https:\/\/www.azaros.eu\/pt-pt\/produto\/mica-spool-y-mica-tape\/#breadcrumb"},"inLanguage":"pt-PT","potentialAction":[{"@type":"ReadAction","target":["https:\/\/www.azaros.eu\/pt-pt\/produto\/mica-spool-y-mica-tape\/"]}]},{"@type":"ImageObject","inLanguage":"pt-PT","@id":"https:\/\/www.azaros.eu\/pt-pt\/produto\/mica-spool-y-mica-tape\/#primaryimage","url":"https:\/\/www.azaros.eu\/wp-content\/uploads\/2024\/06\/Mica-Tape-y-Mica-Spool.jpg","contentUrl":"https:\/\/www.azaros.eu\/wp-content\/uploads\/2024\/06\/Mica-Tape-y-Mica-Spool.jpg","width":1200,"height":700},{"@type":"BreadcrumbList","@id":"https:\/\/www.azaros.eu\/pt-pt\/produto\/mica-spool-y-mica-tape\/#breadcrumb","itemListElement":[{"@type":"ListItem","position":1,"name":"Azaros","item":"https:\/\/www.azaros.eu\/pt-pt\/azaros-home\/"},{"@type":"ListItem","position":2,"name":"Produtos","item":"https:\/\/www.azaros.eu\/pt-pt\/produtos\/"},{"@type":"ListItem","position":3,"name":"Isolamento el\u00e9ctrico","item":"https:\/\/www.azaros.eu\/pt-pt\/produtos\/isolamento-electrico\/"},{"@type":"ListItem","position":4,"name":"Mica","item":"https:\/\/www.azaros.eu\/pt-pt\/produtos\/isolamento-electrico\/mica-pt-pt\/"},{"@type":"ListItem","position":5,"name":"Mica Spool y Mica Tape"}]},{"@type":"WebSite","@id":"https:\/\/www.azaros.eu\/pt-pt\/#website","url":"https:\/\/www.azaros.eu\/pt-pt\/","name":"Azaros","description":"Fabricamos, distribuimos y comercializamos una gran gama de suministros.","potentialAction":[{"@type":"SearchAction","target":{"@type":"EntryPoint","urlTemplate":"https:\/\/www.azaros.eu\/pt-pt\/?s={search_term_string}"},"query-input":{"@type":"PropertyValueSpecification","valueRequired":true,"valueName":"search_term_string"}}],"inLanguage":"pt-PT"}]}},"_links":{"self":[{"href":"https:\/\/www.azaros.eu\/pt-pt\/wp-json\/wp\/v2\/product\/10221","targetHints":{"allow":["GET"]}}],"collection":[{"href":"https:\/\/www.azaros.eu\/pt-pt\/wp-json\/wp\/v2\/product"}],"about":[{"href":"https:\/\/www.azaros.eu\/pt-pt\/wp-json\/wp\/v2\/types\/product"}],"wp:featuredmedia":[{"embeddable":true,"href":"https:\/\/www.azaros.eu\/pt-pt\/wp-json\/wp\/v2\/media\/10222"}],"wp:attachment":[{"href":"https:\/\/www.azaros.eu\/pt-pt\/wp-json\/wp\/v2\/media?parent=10221"}],"wp:term":[{"taxonomy":"product_brand","embeddable":true,"href":"https:\/\/www.azaros.eu\/pt-pt\/wp-json\/wp\/v2\/product_brand?post=10221"},{"taxonomy":"product_cat","embeddable":true,"href":"https:\/\/www.azaros.eu\/pt-pt\/wp-json\/wp\/v2\/product_cat?post=10221"},{"taxonomy":"product_tag","embeddable":true,"href":"https:\/\/www.azaros.eu\/pt-pt\/wp-json\/wp\/v2\/product_tag?post=10221"}],"curies":[{"name":"wp","href":"https:\/\/api.w.org\/{rel}","templated":true}]}}