{"id":10229,"date":"2024-06-11T08:18:35","date_gmt":"2024-06-11T07:18:35","guid":{"rendered":"https:\/\/www.azaros.eu\/producto\/pecas-moldadas-de-mica-flogopita-moscovita-em-3d\/"},"modified":"2025-04-16T10:55:28","modified_gmt":"2025-04-16T09:55:28","slug":"pecas-moldadas-de-mica-flogopita-moscovita-em-3d","status":"publish","type":"product","link":"https:\/\/www.azaros.eu\/pt-pt\/produto\/pecas-moldadas-de-mica-flogopita-moscovita-em-3d\/","title":{"rendered":"Pe\u00e7as moldadas de mica flogopita, moscovita em 3D"},"content":{"rendered":"<div class=\"row\"  id=\"row-722712055\">\n\n\t<div id=\"col-634598229\" class=\"col medium-6 small-12 large-6\"  >\n\t\t\t\t<div class=\"col-inner\"  >\n\t\t\t\n\t\t\t\n<div class=\"container section-title-container\" ><h2 class=\"section-title section-title-normal\"><b aria-hidden=\"true\"><\/b><span class=\"section-title-main\" style=\"font-size:80%;\">Caracter\u00edsticas<\/span><b aria-hidden=\"true\"><\/b><\/h2><\/div>\n<ul>\n<li><span data-contrast=\"none\">Alta resist\u00eancia \u00e0 temperatura<\/span><span data-ccp-props=\"{}\"> <\/span><\/li>\n<li><span data-contrast=\"none\">Excelentes propriedades diel\u00e9tricas<\/span><span data-ccp-props=\"{}\"> <\/span><\/li>\n<li><span data-contrast=\"none\">Resist\u00eancia mec\u00e2nica<\/span><span data-ccp-props=\"{}\"> <\/span><\/li>\n<\/ul>\n\t\t<\/div>\n\t\t\t\t\t<\/div>\n\n\t\n\n\t<div id=\"col-637964969\" class=\"col medium-6 small-12 large-6\"  >\n\t\t\t\t<div class=\"col-inner\"  >\n\t\t\t\n\t\t\t\n<div class=\"container section-title-container\" ><h2 class=\"section-title section-title-normal\"><b aria-hidden=\"true\"><\/b><span class=\"section-title-main\" style=\"font-size:80%;\">Aplica\u00e7\u00f5es t\u00edpicas<\/span><b aria-hidden=\"true\"><\/b><\/h2><\/div>\n<ul>\n<li><span data-contrast=\"none\">Suportes de resist\u00eancias em eletrodom\u00e9sticos<\/span><span data-ccp-props=\"{}\"> <\/span><\/li>\n<li><span data-contrast=\"none\">Isolamento em transformadores e disjuntores<\/span><span data-ccp-props=\"{}\"> <\/span><\/li>\n<li><span data-contrast=\"none\">Prote\u00e7\u00e3o e separa\u00e7\u00e3o de componentes<\/span><span data-ccp-props=\"{}\"> <\/span><\/li>\n<\/ul>\n\t\t<\/div>\n\t\t\t\t\t<\/div>\n\n\t\n<\/div>\n\n","protected":false},"excerpt":{"rendered":"<p>A mica flogopita e moscovita \u00e9 um tipo de mica caracterizada por sua alta resist\u00eancia t\u00e9rmica, o que a torna uma op\u00e7\u00e3o ideal para aplica\u00e7\u00f5es que exigem suportar temperaturas extremas. Formada por papel de mica aglomerado com resina de propriedades t\u00e9rmicas e el\u00e9tricas, \u00e9 submetida a press\u00e3o e calor para garantir seu curado e durabilidade em aplica\u00e7\u00f5es industriais. <\/p>\n","protected":false},"featured_media":10230,"template":"","meta":[],"product_brand":[],"product_cat":[479],"product_tag":[],"class_list":{"0":"post-10229","1":"product","2":"type-product","3":"status-publish","4":"has-post-thumbnail","6":"product_cat-mica-pt-pt","8":"first","9":"instock","10":"shipping-taxable","11":"product-type-simple"},"yoast_head":"<!-- This site is optimized with the Yoast SEO plugin v27.6 - https:\/\/yoast.com\/product\/yoast-seo-wordpress\/ -->\n<title>Pe\u00e7as moldadas de mica flogopita, moscovita em 3D - Azaros<\/title>\n<meta name=\"robots\" content=\"index, follow, max-snippet:-1, max-image-preview:large, max-video-preview:-1\" \/>\n<link rel=\"canonical\" href=\"https:\/\/www.azaros.eu\/pt-pt\/produto\/pecas-moldadas-de-mica-flogopita-moscovita-em-3d\/\" \/>\n<meta property=\"og:locale\" content=\"pt_PT\" \/>\n<meta property=\"og:type\" content=\"article\" \/>\n<meta property=\"og:title\" content=\"Pe\u00e7as moldadas de mica flogopita, moscovita em 3D - Azaros\" \/>\n<meta property=\"og:description\" content=\"A mica flogopita e moscovita \u00e9 um tipo de mica caracterizada por sua alta resist\u00eancia t\u00e9rmica, o que a torna uma op\u00e7\u00e3o ideal para aplica\u00e7\u00f5es que exigem suportar temperaturas extremas. Formada por papel de mica aglomerado com resina de propriedades t\u00e9rmicas e el\u00e9tricas, \u00e9 submetida a press\u00e3o e calor para garantir seu curado e durabilidade em aplica\u00e7\u00f5es industriais.\" \/>\n<meta property=\"og:url\" content=\"https:\/\/www.azaros.eu\/pt-pt\/produto\/pecas-moldadas-de-mica-flogopita-moscovita-em-3d\/\" \/>\n<meta property=\"og:site_name\" content=\"Azaros\" \/>\n<meta property=\"article:modified_time\" content=\"2025-04-16T09:55:28+00:00\" \/>\n<meta property=\"og:image\" content=\"https:\/\/www.azaros.eu\/wp-content\/uploads\/2024\/06\/Mica-Relieve.jpg\" \/>\n\t<meta property=\"og:image:width\" content=\"1200\" \/>\n\t<meta property=\"og:image:height\" content=\"700\" \/>\n\t<meta property=\"og:image:type\" content=\"image\/jpeg\" \/>\n<meta name=\"twitter:card\" content=\"summary_large_image\" \/>\n<meta name=\"twitter:label1\" content=\"Tempo estimado de leitura\" \/>\n\t<meta name=\"twitter:data1\" content=\"1 minuto\" \/>\n<script type=\"application\/ld+json\" class=\"yoast-schema-graph\">{\"@context\":\"https:\\\/\\\/schema.org\",\"@graph\":[{\"@type\":\"WebPage\",\"@id\":\"https:\\\/\\\/www.azaros.eu\\\/pt-pt\\\/produto\\\/pecas-moldadas-de-mica-flogopita-moscovita-em-3d\\\/\",\"url\":\"https:\\\/\\\/www.azaros.eu\\\/pt-pt\\\/produto\\\/pecas-moldadas-de-mica-flogopita-moscovita-em-3d\\\/\",\"name\":\"Pe\u00e7as moldadas de mica flogopita, moscovita em 3D - Azaros\",\"isPartOf\":{\"@id\":\"https:\\\/\\\/www.azaros.eu\\\/pt-pt\\\/#website\"},\"primaryImageOfPage\":{\"@id\":\"https:\\\/\\\/www.azaros.eu\\\/pt-pt\\\/produto\\\/pecas-moldadas-de-mica-flogopita-moscovita-em-3d\\\/#primaryimage\"},\"image\":{\"@id\":\"https:\\\/\\\/www.azaros.eu\\\/pt-pt\\\/produto\\\/pecas-moldadas-de-mica-flogopita-moscovita-em-3d\\\/#primaryimage\"},\"thumbnailUrl\":\"https:\\\/\\\/www.azaros.eu\\\/wp-content\\\/uploads\\\/2024\\\/06\\\/Mica-Relieve.jpg\",\"datePublished\":\"2024-06-11T07:18:35+00:00\",\"dateModified\":\"2025-04-16T09:55:28+00:00\",\"breadcrumb\":{\"@id\":\"https:\\\/\\\/www.azaros.eu\\\/pt-pt\\\/produto\\\/pecas-moldadas-de-mica-flogopita-moscovita-em-3d\\\/#breadcrumb\"},\"inLanguage\":\"pt-PT\",\"potentialAction\":[{\"@type\":\"ReadAction\",\"target\":[\"https:\\\/\\\/www.azaros.eu\\\/pt-pt\\\/produto\\\/pecas-moldadas-de-mica-flogopita-moscovita-em-3d\\\/\"]}]},{\"@type\":\"ImageObject\",\"inLanguage\":\"pt-PT\",\"@id\":\"https:\\\/\\\/www.azaros.eu\\\/pt-pt\\\/produto\\\/pecas-moldadas-de-mica-flogopita-moscovita-em-3d\\\/#primaryimage\",\"url\":\"https:\\\/\\\/www.azaros.eu\\\/wp-content\\\/uploads\\\/2024\\\/06\\\/Mica-Relieve.jpg\",\"contentUrl\":\"https:\\\/\\\/www.azaros.eu\\\/wp-content\\\/uploads\\\/2024\\\/06\\\/Mica-Relieve.jpg\",\"width\":1200,\"height\":700},{\"@type\":\"BreadcrumbList\",\"@id\":\"https:\\\/\\\/www.azaros.eu\\\/pt-pt\\\/produto\\\/pecas-moldadas-de-mica-flogopita-moscovita-em-3d\\\/#breadcrumb\",\"itemListElement\":[{\"@type\":\"ListItem\",\"position\":1,\"name\":\"Azaros\",\"item\":\"https:\\\/\\\/www.azaros.eu\\\/pt-pt\\\/azaros-home\\\/\"},{\"@type\":\"ListItem\",\"position\":2,\"name\":\"Produtos\",\"item\":\"https:\\\/\\\/www.azaros.eu\\\/pt-pt\\\/produtos\\\/\"},{\"@type\":\"ListItem\",\"position\":3,\"name\":\"Isolamento el\u00e9ctrico\",\"item\":\"https:\\\/\\\/www.azaros.eu\\\/pt-pt\\\/produtos\\\/isolamento-electrico\\\/\"},{\"@type\":\"ListItem\",\"position\":4,\"name\":\"Mica\",\"item\":\"https:\\\/\\\/www.azaros.eu\\\/pt-pt\\\/produtos\\\/isolamento-electrico\\\/mica-pt-pt\\\/\"},{\"@type\":\"ListItem\",\"position\":5,\"name\":\"Pe\u00e7as moldadas de mica flogopita, moscovita em 3D\"}]},{\"@type\":\"WebSite\",\"@id\":\"https:\\\/\\\/www.azaros.eu\\\/pt-pt\\\/#website\",\"url\":\"https:\\\/\\\/www.azaros.eu\\\/pt-pt\\\/\",\"name\":\"Azaros\",\"description\":\"Fabricamos, distribuimos y comercializamos una gran gama de suministros.\",\"potentialAction\":[{\"@type\":\"SearchAction\",\"target\":{\"@type\":\"EntryPoint\",\"urlTemplate\":\"https:\\\/\\\/www.azaros.eu\\\/pt-pt\\\/?s={search_term_string}\"},\"query-input\":{\"@type\":\"PropertyValueSpecification\",\"valueRequired\":true,\"valueName\":\"search_term_string\"}}],\"inLanguage\":\"pt-PT\"}]}<\/script>\n<!-- \/ Yoast SEO plugin. -->","yoast_head_json":{"title":"Pe\u00e7as moldadas de mica flogopita, moscovita em 3D - Azaros","robots":{"index":"index","follow":"follow","max-snippet":"max-snippet:-1","max-image-preview":"max-image-preview:large","max-video-preview":"max-video-preview:-1"},"canonical":"https:\/\/www.azaros.eu\/pt-pt\/produto\/pecas-moldadas-de-mica-flogopita-moscovita-em-3d\/","og_locale":"pt_PT","og_type":"article","og_title":"Pe\u00e7as moldadas de mica flogopita, moscovita em 3D - Azaros","og_description":"A mica flogopita e moscovita \u00e9 um tipo de mica caracterizada por sua alta resist\u00eancia t\u00e9rmica, o que a torna uma op\u00e7\u00e3o ideal para aplica\u00e7\u00f5es que exigem suportar temperaturas extremas. Formada por papel de mica aglomerado com resina de propriedades t\u00e9rmicas e el\u00e9tricas, \u00e9 submetida a press\u00e3o e calor para garantir seu curado e durabilidade em aplica\u00e7\u00f5es industriais.","og_url":"https:\/\/www.azaros.eu\/pt-pt\/produto\/pecas-moldadas-de-mica-flogopita-moscovita-em-3d\/","og_site_name":"Azaros","article_modified_time":"2025-04-16T09:55:28+00:00","og_image":[{"width":1200,"height":700,"url":"https:\/\/www.azaros.eu\/wp-content\/uploads\/2024\/06\/Mica-Relieve.jpg","type":"image\/jpeg"}],"twitter_card":"summary_large_image","twitter_misc":{"Tempo estimado de leitura":"1 minuto"},"schema":{"@context":"https:\/\/schema.org","@graph":[{"@type":"WebPage","@id":"https:\/\/www.azaros.eu\/pt-pt\/produto\/pecas-moldadas-de-mica-flogopita-moscovita-em-3d\/","url":"https:\/\/www.azaros.eu\/pt-pt\/produto\/pecas-moldadas-de-mica-flogopita-moscovita-em-3d\/","name":"Pe\u00e7as moldadas de mica flogopita, moscovita em 3D - Azaros","isPartOf":{"@id":"https:\/\/www.azaros.eu\/pt-pt\/#website"},"primaryImageOfPage":{"@id":"https:\/\/www.azaros.eu\/pt-pt\/produto\/pecas-moldadas-de-mica-flogopita-moscovita-em-3d\/#primaryimage"},"image":{"@id":"https:\/\/www.azaros.eu\/pt-pt\/produto\/pecas-moldadas-de-mica-flogopita-moscovita-em-3d\/#primaryimage"},"thumbnailUrl":"https:\/\/www.azaros.eu\/wp-content\/uploads\/2024\/06\/Mica-Relieve.jpg","datePublished":"2024-06-11T07:18:35+00:00","dateModified":"2025-04-16T09:55:28+00:00","breadcrumb":{"@id":"https:\/\/www.azaros.eu\/pt-pt\/produto\/pecas-moldadas-de-mica-flogopita-moscovita-em-3d\/#breadcrumb"},"inLanguage":"pt-PT","potentialAction":[{"@type":"ReadAction","target":["https:\/\/www.azaros.eu\/pt-pt\/produto\/pecas-moldadas-de-mica-flogopita-moscovita-em-3d\/"]}]},{"@type":"ImageObject","inLanguage":"pt-PT","@id":"https:\/\/www.azaros.eu\/pt-pt\/produto\/pecas-moldadas-de-mica-flogopita-moscovita-em-3d\/#primaryimage","url":"https:\/\/www.azaros.eu\/wp-content\/uploads\/2024\/06\/Mica-Relieve.jpg","contentUrl":"https:\/\/www.azaros.eu\/wp-content\/uploads\/2024\/06\/Mica-Relieve.jpg","width":1200,"height":700},{"@type":"BreadcrumbList","@id":"https:\/\/www.azaros.eu\/pt-pt\/produto\/pecas-moldadas-de-mica-flogopita-moscovita-em-3d\/#breadcrumb","itemListElement":[{"@type":"ListItem","position":1,"name":"Azaros","item":"https:\/\/www.azaros.eu\/pt-pt\/azaros-home\/"},{"@type":"ListItem","position":2,"name":"Produtos","item":"https:\/\/www.azaros.eu\/pt-pt\/produtos\/"},{"@type":"ListItem","position":3,"name":"Isolamento el\u00e9ctrico","item":"https:\/\/www.azaros.eu\/pt-pt\/produtos\/isolamento-electrico\/"},{"@type":"ListItem","position":4,"name":"Mica","item":"https:\/\/www.azaros.eu\/pt-pt\/produtos\/isolamento-electrico\/mica-pt-pt\/"},{"@type":"ListItem","position":5,"name":"Pe\u00e7as moldadas de mica flogopita, moscovita em 3D"}]},{"@type":"WebSite","@id":"https:\/\/www.azaros.eu\/pt-pt\/#website","url":"https:\/\/www.azaros.eu\/pt-pt\/","name":"Azaros","description":"Fabricamos, distribuimos y comercializamos una gran gama de suministros.","potentialAction":[{"@type":"SearchAction","target":{"@type":"EntryPoint","urlTemplate":"https:\/\/www.azaros.eu\/pt-pt\/?s={search_term_string}"},"query-input":{"@type":"PropertyValueSpecification","valueRequired":true,"valueName":"search_term_string"}}],"inLanguage":"pt-PT"}]}},"_links":{"self":[{"href":"https:\/\/www.azaros.eu\/pt-pt\/wp-json\/wp\/v2\/product\/10229","targetHints":{"allow":["GET"]}}],"collection":[{"href":"https:\/\/www.azaros.eu\/pt-pt\/wp-json\/wp\/v2\/product"}],"about":[{"href":"https:\/\/www.azaros.eu\/pt-pt\/wp-json\/wp\/v2\/types\/product"}],"wp:featuredmedia":[{"embeddable":true,"href":"https:\/\/www.azaros.eu\/pt-pt\/wp-json\/wp\/v2\/media\/10230"}],"wp:attachment":[{"href":"https:\/\/www.azaros.eu\/pt-pt\/wp-json\/wp\/v2\/media?parent=10229"}],"wp:term":[{"taxonomy":"product_brand","embeddable":true,"href":"https:\/\/www.azaros.eu\/pt-pt\/wp-json\/wp\/v2\/product_brand?post=10229"},{"taxonomy":"product_cat","embeddable":true,"href":"https:\/\/www.azaros.eu\/pt-pt\/wp-json\/wp\/v2\/product_cat?post=10229"},{"taxonomy":"product_tag","embeddable":true,"href":"https:\/\/www.azaros.eu\/pt-pt\/wp-json\/wp\/v2\/product_tag?post=10229"}],"curies":[{"name":"wp","href":"https:\/\/api.w.org\/{rel}","templated":true}]}}