{"id":10262,"date":"2024-06-11T08:47:49","date_gmt":"2024-06-11T07:47:49","guid":{"rendered":"https:\/\/www.azaros.eu\/producto\/filtros-descartaveis-multicamada\/"},"modified":"2025-04-16T11:20:26","modified_gmt":"2025-04-16T10:20:26","slug":"filtros-descartaveis-multicamada","status":"publish","type":"product","link":"https:\/\/www.azaros.eu\/pt-pt\/produto\/filtros-descartaveis-multicamada\/","title":{"rendered":"Filtros descart\u00e1veis multicamada"},"content":{"rendered":"<div class=\"row\"  id=\"row-1211215817\">\n\n\t<div id=\"col-1410265686\" class=\"col medium-6 small-12 large-6\"  >\n\t\t\t\t<div class=\"col-inner\"  >\n\t\t\t\n\t\t\t\n<div class=\"container section-title-container\" ><h2 class=\"section-title section-title-normal\"><b aria-hidden=\"true\"><\/b><span class=\"section-title-main\" style=\"font-size:80%;\">Caracter\u00edsticas<\/span><b aria-hidden=\"true\"><\/b><\/h2><\/div>\n<p>Existe uma grande variedade de designs, passos de luz, tamanhos de fios met\u00e1licos e at\u00e9 mesmo ligas de malha, de acordo com as necessidades de cada cliente.<\/p>\n<p>Trabalhamos com diferentes micr\u00f4metros \/ mesh, em v\u00e1rias qualidades de metais e di\u00e2metros.<\/p>\n<p>S\u00e3o filtros multicamada soldados que incluem suportes. H\u00e1 a possibilidade de integrar um anel protetor para evitar cortes e contamina\u00e7\u00f5es que poderiam ser causadas pelas pr\u00f3prias soldagens. <\/p>\n<p>&nbsp;<\/p>\n\t\t<\/div>\n\t\t\t\t\t<\/div>\n\n\t\n\n\t<div id=\"col-990426767\" class=\"col medium-6 small-12 large-6\"  >\n\t\t\t\t<div class=\"col-inner\"  >\n\t\t\t\n\t\t\t\n<div class=\"container section-title-container\" ><h2 class=\"section-title section-title-normal\"><b aria-hidden=\"true\"><\/b><span class=\"section-title-main\" style=\"font-size:80%;\">Aplica\u00e7\u00f5es t\u00edpicas<\/span><b aria-hidden=\"true\"><\/b><\/h2><\/div>\n<ul>\n<li>Filtragem de pl\u00e1stico reciclado<\/li>\n<li>De acordo com diferentes tipos de pl\u00e1stico<\/li>\n<\/ul>\n\t\t<\/div>\n\t\t\t\t\t<\/div>\n\n\t\n<\/div>\n\n","protected":false},"excerpt":{"rendered":"<p>O prop\u00f3sito dos filtros met\u00e1licos multicamada \u00e9 eliminar os contaminantes de determinado tamanho da massa fundida de pl\u00e1stico. Eles s\u00e3o cortados sob medida e feitos em diferentes tipos de metais, de acordo com as especifica\u00e7\u00f5es t\u00e9cnicas dos clientes. Em seguida, s\u00e3o soldados ou unidos com um anel perif\u00e9rico. As camadas perif\u00e9ricas dos filtros atuam como suporte, para aliviar a press\u00e3o que o filtro central deve suportar.   <\/p>\n","protected":false},"featured_media":10263,"template":"","meta":[],"product_brand":[],"product_cat":[483],"product_tag":[],"class_list":{"0":"post-10262","1":"product","2":"type-product","3":"status-publish","4":"has-post-thumbnail","6":"product_cat-filtros-descartaveis","8":"first","9":"instock","10":"shipping-taxable","11":"product-type-simple"},"yoast_head":"<!-- This site is optimized with the Yoast SEO plugin v27.4 - https:\/\/yoast.com\/product\/yoast-seo-wordpress\/ -->\n<title>Filtros descart\u00e1veis multicamada - Azaros<\/title>\n<meta name=\"robots\" content=\"index, follow, max-snippet:-1, max-image-preview:large, max-video-preview:-1\" \/>\n<link rel=\"canonical\" href=\"https:\/\/www.azaros.eu\/pt-pt\/produto\/filtros-descartaveis-multicamada\/\" \/>\n<meta property=\"og:locale\" content=\"pt_PT\" \/>\n<meta property=\"og:type\" content=\"article\" \/>\n<meta property=\"og:title\" content=\"Filtros descart\u00e1veis multicamada - Azaros\" \/>\n<meta property=\"og:description\" content=\"O prop\u00f3sito dos filtros met\u00e1licos multicamada \u00e9 eliminar os contaminantes de determinado tamanho da massa fundida de pl\u00e1stico. Eles s\u00e3o cortados sob medida e feitos em diferentes tipos de metais, de acordo com as especifica\u00e7\u00f5es t\u00e9cnicas dos clientes. Em seguida, s\u00e3o soldados ou unidos com um anel perif\u00e9rico. As camadas perif\u00e9ricas dos filtros atuam como suporte, para aliviar a press\u00e3o que o filtro central deve suportar.\" \/>\n<meta property=\"og:url\" content=\"https:\/\/www.azaros.eu\/pt-pt\/produto\/filtros-descartaveis-multicamada\/\" \/>\n<meta property=\"og:site_name\" content=\"Azaros\" \/>\n<meta property=\"article:modified_time\" content=\"2025-04-16T10:20:26+00:00\" \/>\n<meta property=\"og:image\" content=\"https:\/\/www.azaros.eu\/wp-content\/uploads\/2024\/06\/Bodegon-Filtras-Circulares.jpg\" \/>\n\t<meta property=\"og:image:width\" content=\"1200\" \/>\n\t<meta property=\"og:image:height\" content=\"700\" \/>\n\t<meta property=\"og:image:type\" content=\"image\/jpeg\" \/>\n<meta name=\"twitter:card\" content=\"summary_large_image\" \/>\n<meta name=\"twitter:label1\" content=\"Tempo estimado de leitura\" \/>\n\t<meta name=\"twitter:data1\" content=\"1 minuto\" \/>\n<script type=\"application\/ld+json\" class=\"yoast-schema-graph\">{\"@context\":\"https:\\\/\\\/schema.org\",\"@graph\":[{\"@type\":\"WebPage\",\"@id\":\"https:\\\/\\\/www.azaros.eu\\\/pt-pt\\\/produto\\\/filtros-descartaveis-multicamada\\\/\",\"url\":\"https:\\\/\\\/www.azaros.eu\\\/pt-pt\\\/produto\\\/filtros-descartaveis-multicamada\\\/\",\"name\":\"Filtros descart\u00e1veis multicamada - Azaros\",\"isPartOf\":{\"@id\":\"https:\\\/\\\/www.azaros.eu\\\/pt-pt\\\/#website\"},\"primaryImageOfPage\":{\"@id\":\"https:\\\/\\\/www.azaros.eu\\\/pt-pt\\\/produto\\\/filtros-descartaveis-multicamada\\\/#primaryimage\"},\"image\":{\"@id\":\"https:\\\/\\\/www.azaros.eu\\\/pt-pt\\\/produto\\\/filtros-descartaveis-multicamada\\\/#primaryimage\"},\"thumbnailUrl\":\"https:\\\/\\\/www.azaros.eu\\\/wp-content\\\/uploads\\\/2024\\\/06\\\/Bodegon-Filtras-Circulares.jpg\",\"datePublished\":\"2024-06-11T07:47:49+00:00\",\"dateModified\":\"2025-04-16T10:20:26+00:00\",\"breadcrumb\":{\"@id\":\"https:\\\/\\\/www.azaros.eu\\\/pt-pt\\\/produto\\\/filtros-descartaveis-multicamada\\\/#breadcrumb\"},\"inLanguage\":\"pt-PT\",\"potentialAction\":[{\"@type\":\"ReadAction\",\"target\":[\"https:\\\/\\\/www.azaros.eu\\\/pt-pt\\\/produto\\\/filtros-descartaveis-multicamada\\\/\"]}]},{\"@type\":\"ImageObject\",\"inLanguage\":\"pt-PT\",\"@id\":\"https:\\\/\\\/www.azaros.eu\\\/pt-pt\\\/produto\\\/filtros-descartaveis-multicamada\\\/#primaryimage\",\"url\":\"https:\\\/\\\/www.azaros.eu\\\/wp-content\\\/uploads\\\/2024\\\/06\\\/Bodegon-Filtras-Circulares.jpg\",\"contentUrl\":\"https:\\\/\\\/www.azaros.eu\\\/wp-content\\\/uploads\\\/2024\\\/06\\\/Bodegon-Filtras-Circulares.jpg\",\"width\":1200,\"height\":700},{\"@type\":\"BreadcrumbList\",\"@id\":\"https:\\\/\\\/www.azaros.eu\\\/pt-pt\\\/produto\\\/filtros-descartaveis-multicamada\\\/#breadcrumb\",\"itemListElement\":[{\"@type\":\"ListItem\",\"position\":1,\"name\":\"Azaros\",\"item\":\"https:\\\/\\\/www.azaros.eu\\\/pt-pt\\\/azaros-home\\\/\"},{\"@type\":\"ListItem\",\"position\":2,\"name\":\"Produtos\",\"item\":\"https:\\\/\\\/www.azaros.eu\\\/pt-pt\\\/produtos\\\/\"},{\"@type\":\"ListItem\",\"position\":3,\"name\":\"Reciclagem de pl\u00e1stico\",\"item\":\"https:\\\/\\\/www.azaros.eu\\\/pt-pt\\\/produtos\\\/reciclagem-de-plastico\\\/\"},{\"@type\":\"ListItem\",\"position\":4,\"name\":\"Filtros descart\u00e1veis\",\"item\":\"https:\\\/\\\/www.azaros.eu\\\/pt-pt\\\/produtos\\\/reciclagem-de-plastico\\\/filtros-descartaveis\\\/\"},{\"@type\":\"ListItem\",\"position\":5,\"name\":\"Filtros descart\u00e1veis multicamada\"}]},{\"@type\":\"WebSite\",\"@id\":\"https:\\\/\\\/www.azaros.eu\\\/pt-pt\\\/#website\",\"url\":\"https:\\\/\\\/www.azaros.eu\\\/pt-pt\\\/\",\"name\":\"Azaros\",\"description\":\"Fabricamos, distribuimos y comercializamos una gran gama de suministros.\",\"potentialAction\":[{\"@type\":\"SearchAction\",\"target\":{\"@type\":\"EntryPoint\",\"urlTemplate\":\"https:\\\/\\\/www.azaros.eu\\\/pt-pt\\\/?s={search_term_string}\"},\"query-input\":{\"@type\":\"PropertyValueSpecification\",\"valueRequired\":true,\"valueName\":\"search_term_string\"}}],\"inLanguage\":\"pt-PT\"}]}<\/script>\n<!-- \/ Yoast SEO plugin. -->","yoast_head_json":{"title":"Filtros descart\u00e1veis multicamada - Azaros","robots":{"index":"index","follow":"follow","max-snippet":"max-snippet:-1","max-image-preview":"max-image-preview:large","max-video-preview":"max-video-preview:-1"},"canonical":"https:\/\/www.azaros.eu\/pt-pt\/produto\/filtros-descartaveis-multicamada\/","og_locale":"pt_PT","og_type":"article","og_title":"Filtros descart\u00e1veis multicamada - Azaros","og_description":"O prop\u00f3sito dos filtros met\u00e1licos multicamada \u00e9 eliminar os contaminantes de determinado tamanho da massa fundida de pl\u00e1stico. Eles s\u00e3o cortados sob medida e feitos em diferentes tipos de metais, de acordo com as especifica\u00e7\u00f5es t\u00e9cnicas dos clientes. Em seguida, s\u00e3o soldados ou unidos com um anel perif\u00e9rico. As camadas perif\u00e9ricas dos filtros atuam como suporte, para aliviar a press\u00e3o que o filtro central deve suportar.","og_url":"https:\/\/www.azaros.eu\/pt-pt\/produto\/filtros-descartaveis-multicamada\/","og_site_name":"Azaros","article_modified_time":"2025-04-16T10:20:26+00:00","og_image":[{"width":1200,"height":700,"url":"https:\/\/www.azaros.eu\/wp-content\/uploads\/2024\/06\/Bodegon-Filtras-Circulares.jpg","type":"image\/jpeg"}],"twitter_card":"summary_large_image","twitter_misc":{"Tempo estimado de leitura":"1 minuto"},"schema":{"@context":"https:\/\/schema.org","@graph":[{"@type":"WebPage","@id":"https:\/\/www.azaros.eu\/pt-pt\/produto\/filtros-descartaveis-multicamada\/","url":"https:\/\/www.azaros.eu\/pt-pt\/produto\/filtros-descartaveis-multicamada\/","name":"Filtros descart\u00e1veis multicamada - Azaros","isPartOf":{"@id":"https:\/\/www.azaros.eu\/pt-pt\/#website"},"primaryImageOfPage":{"@id":"https:\/\/www.azaros.eu\/pt-pt\/produto\/filtros-descartaveis-multicamada\/#primaryimage"},"image":{"@id":"https:\/\/www.azaros.eu\/pt-pt\/produto\/filtros-descartaveis-multicamada\/#primaryimage"},"thumbnailUrl":"https:\/\/www.azaros.eu\/wp-content\/uploads\/2024\/06\/Bodegon-Filtras-Circulares.jpg","datePublished":"2024-06-11T07:47:49+00:00","dateModified":"2025-04-16T10:20:26+00:00","breadcrumb":{"@id":"https:\/\/www.azaros.eu\/pt-pt\/produto\/filtros-descartaveis-multicamada\/#breadcrumb"},"inLanguage":"pt-PT","potentialAction":[{"@type":"ReadAction","target":["https:\/\/www.azaros.eu\/pt-pt\/produto\/filtros-descartaveis-multicamada\/"]}]},{"@type":"ImageObject","inLanguage":"pt-PT","@id":"https:\/\/www.azaros.eu\/pt-pt\/produto\/filtros-descartaveis-multicamada\/#primaryimage","url":"https:\/\/www.azaros.eu\/wp-content\/uploads\/2024\/06\/Bodegon-Filtras-Circulares.jpg","contentUrl":"https:\/\/www.azaros.eu\/wp-content\/uploads\/2024\/06\/Bodegon-Filtras-Circulares.jpg","width":1200,"height":700},{"@type":"BreadcrumbList","@id":"https:\/\/www.azaros.eu\/pt-pt\/produto\/filtros-descartaveis-multicamada\/#breadcrumb","itemListElement":[{"@type":"ListItem","position":1,"name":"Azaros","item":"https:\/\/www.azaros.eu\/pt-pt\/azaros-home\/"},{"@type":"ListItem","position":2,"name":"Produtos","item":"https:\/\/www.azaros.eu\/pt-pt\/produtos\/"},{"@type":"ListItem","position":3,"name":"Reciclagem de pl\u00e1stico","item":"https:\/\/www.azaros.eu\/pt-pt\/produtos\/reciclagem-de-plastico\/"},{"@type":"ListItem","position":4,"name":"Filtros descart\u00e1veis","item":"https:\/\/www.azaros.eu\/pt-pt\/produtos\/reciclagem-de-plastico\/filtros-descartaveis\/"},{"@type":"ListItem","position":5,"name":"Filtros descart\u00e1veis multicamada"}]},{"@type":"WebSite","@id":"https:\/\/www.azaros.eu\/pt-pt\/#website","url":"https:\/\/www.azaros.eu\/pt-pt\/","name":"Azaros","description":"Fabricamos, distribuimos y comercializamos una gran gama de suministros.","potentialAction":[{"@type":"SearchAction","target":{"@type":"EntryPoint","urlTemplate":"https:\/\/www.azaros.eu\/pt-pt\/?s={search_term_string}"},"query-input":{"@type":"PropertyValueSpecification","valueRequired":true,"valueName":"search_term_string"}}],"inLanguage":"pt-PT"}]}},"_links":{"self":[{"href":"https:\/\/www.azaros.eu\/pt-pt\/wp-json\/wp\/v2\/product\/10262","targetHints":{"allow":["GET"]}}],"collection":[{"href":"https:\/\/www.azaros.eu\/pt-pt\/wp-json\/wp\/v2\/product"}],"about":[{"href":"https:\/\/www.azaros.eu\/pt-pt\/wp-json\/wp\/v2\/types\/product"}],"wp:featuredmedia":[{"embeddable":true,"href":"https:\/\/www.azaros.eu\/pt-pt\/wp-json\/wp\/v2\/media\/10263"}],"wp:attachment":[{"href":"https:\/\/www.azaros.eu\/pt-pt\/wp-json\/wp\/v2\/media?parent=10262"}],"wp:term":[{"taxonomy":"product_brand","embeddable":true,"href":"https:\/\/www.azaros.eu\/pt-pt\/wp-json\/wp\/v2\/product_brand?post=10262"},{"taxonomy":"product_cat","embeddable":true,"href":"https:\/\/www.azaros.eu\/pt-pt\/wp-json\/wp\/v2\/product_cat?post=10262"},{"taxonomy":"product_tag","embeddable":true,"href":"https:\/\/www.azaros.eu\/pt-pt\/wp-json\/wp\/v2\/product_tag?post=10262"}],"curies":[{"name":"wp","href":"https:\/\/api.w.org\/{rel}","templated":true}]}}