{"id":10286,"date":"2024-06-11T08:50:24","date_gmt":"2024-06-11T07:50:24","guid":{"rendered":"https:\/\/www.azaros.eu\/producto\/cimento-secar-51\/"},"modified":"2024-06-11T08:50:24","modified_gmt":"2024-06-11T07:50:24","slug":"cimento-secar-51","status":"publish","type":"product","link":"https:\/\/www.azaros.eu\/pt-pt\/produto\/cimento-secar-51\/","title":{"rendered":"Cimento Secar 51"},"content":{"rendered":"","protected":false},"excerpt":{"rendered":"<p>SECAR\u00ae 51 \u00e9 um ligante hidr\u00e1ulico com um teor de alumina de aproximadamente 50%.<\/p>\n<p>SECAR\u00ae 51 \u00e9 particularmente rico em aluminato monoc\u00e1lcico, o que confere excelentes propriedades mec\u00e2nicas a argamassas e concretos.<\/p>\n<p>O baixo teor de \u00f3xido de ferro do SECAR\u00ae 51, quando combinado com agregados apropriados, produz concretos altamente adequados para suportar condi\u00e7\u00f5es de trabalho severas relacionadas \u00e0 presen\u00e7a de mon\u00f3xido de carbono ou outras atmosferas redutoras.<\/p>\n<p>As propriedades reol\u00f3gicas do SECAR\u00ae 51 s\u00e3o bem adaptadas a todos os tipos de m\u00e9todos de aplica\u00e7\u00e3o, especialmente para a moldagem e o gunitado. \u00c9 recomendado para aplica\u00e7\u00f5es que exigem propriedades de endurecimento r\u00e1pido e excelente desempenho mec\u00e2nico. <\/p>\n<p>O SECAR\u00ae 51 n\u00e3o cont\u00e9m nenhum aditivo e \u00e9 recomendado para o uso em pr\u00e9-misturas refrat\u00e1rias.<\/p>\n","protected":false},"featured_media":10287,"template":"","meta":[],"product_brand":[],"product_cat":[486],"product_tag":[],"class_list":{"0":"post-10286","1":"product","2":"type-product","3":"status-publish","4":"has-post-thumbnail","6":"product_cat-cimentos","8":"first","9":"instock","10":"shipping-taxable","11":"product-type-simple"},"yoast_head":"<!-- This site is optimized with the Yoast SEO plugin v27.4 - https:\/\/yoast.com\/product\/yoast-seo-wordpress\/ -->\n<title>Cimento Secar 51 - Azaros<\/title>\n<meta name=\"robots\" content=\"index, follow, max-snippet:-1, max-image-preview:large, max-video-preview:-1\" \/>\n<link rel=\"canonical\" href=\"https:\/\/www.azaros.eu\/pt-pt\/produto\/cimento-secar-51\/\" \/>\n<meta property=\"og:locale\" content=\"pt_PT\" \/>\n<meta property=\"og:type\" content=\"article\" \/>\n<meta property=\"og:title\" content=\"Cimento Secar 51 - Azaros\" \/>\n<meta property=\"og:description\" content=\"SECAR\u00ae 51 \u00e9 um ligante hidr\u00e1ulico com um teor de alumina de aproximadamente 50%. SECAR\u00ae 51 \u00e9 particularmente rico em aluminato monoc\u00e1lcico, o que confere excelentes propriedades mec\u00e2nicas a argamassas e concretos. O baixo teor de \u00f3xido de ferro do SECAR\u00ae 51, quando combinado com agregados apropriados, produz concretos altamente adequados para suportar condi\u00e7\u00f5es de trabalho severas relacionadas \u00e0 presen\u00e7a de mon\u00f3xido de carbono ou outras atmosferas redutoras. As propriedades reol\u00f3gicas do SECAR\u00ae 51 s\u00e3o bem adaptadas a todos os tipos de m\u00e9todos de aplica\u00e7\u00e3o, especialmente para a moldagem e o gunitado. \u00c9 recomendado para aplica\u00e7\u00f5es que exigem propriedades de endurecimento r\u00e1pido e excelente desempenho mec\u00e2nico.  O SECAR\u00ae 51 n\u00e3o cont\u00e9m nenhum aditivo e \u00e9 recomendado para o uso em pr\u00e9-misturas refrat\u00e1rias.\" \/>\n<meta property=\"og:url\" content=\"https:\/\/www.azaros.eu\/pt-pt\/produto\/cimento-secar-51\/\" \/>\n<meta property=\"og:site_name\" content=\"Azaros\" \/>\n<meta property=\"og:image\" content=\"https:\/\/www.azaros.eu\/wp-content\/uploads\/2024\/06\/AZAROS-Calcium-ALuminmate-Cement-Secar51.jpg\" \/>\n\t<meta property=\"og:image:width\" content=\"1200\" \/>\n\t<meta property=\"og:image:height\" content=\"700\" \/>\n\t<meta property=\"og:image:type\" content=\"image\/jpeg\" \/>\n<meta name=\"twitter:card\" content=\"summary_large_image\" \/>\n<script type=\"application\/ld+json\" class=\"yoast-schema-graph\">{\"@context\":\"https:\\\/\\\/schema.org\",\"@graph\":[{\"@type\":\"WebPage\",\"@id\":\"https:\\\/\\\/www.azaros.eu\\\/pt-pt\\\/produto\\\/cimento-secar-51\\\/\",\"url\":\"https:\\\/\\\/www.azaros.eu\\\/pt-pt\\\/produto\\\/cimento-secar-51\\\/\",\"name\":\"Cimento Secar 51 - Azaros\",\"isPartOf\":{\"@id\":\"https:\\\/\\\/www.azaros.eu\\\/pt-pt\\\/#website\"},\"primaryImageOfPage\":{\"@id\":\"https:\\\/\\\/www.azaros.eu\\\/pt-pt\\\/produto\\\/cimento-secar-51\\\/#primaryimage\"},\"image\":{\"@id\":\"https:\\\/\\\/www.azaros.eu\\\/pt-pt\\\/produto\\\/cimento-secar-51\\\/#primaryimage\"},\"thumbnailUrl\":\"https:\\\/\\\/www.azaros.eu\\\/wp-content\\\/uploads\\\/2024\\\/06\\\/AZAROS-Calcium-ALuminmate-Cement-Secar51.jpg\",\"datePublished\":\"2024-06-11T07:50:24+00:00\",\"breadcrumb\":{\"@id\":\"https:\\\/\\\/www.azaros.eu\\\/pt-pt\\\/produto\\\/cimento-secar-51\\\/#breadcrumb\"},\"inLanguage\":\"pt-PT\",\"potentialAction\":[{\"@type\":\"ReadAction\",\"target\":[\"https:\\\/\\\/www.azaros.eu\\\/pt-pt\\\/produto\\\/cimento-secar-51\\\/\"]}]},{\"@type\":\"ImageObject\",\"inLanguage\":\"pt-PT\",\"@id\":\"https:\\\/\\\/www.azaros.eu\\\/pt-pt\\\/produto\\\/cimento-secar-51\\\/#primaryimage\",\"url\":\"https:\\\/\\\/www.azaros.eu\\\/wp-content\\\/uploads\\\/2024\\\/06\\\/AZAROS-Calcium-ALuminmate-Cement-Secar51.jpg\",\"contentUrl\":\"https:\\\/\\\/www.azaros.eu\\\/wp-content\\\/uploads\\\/2024\\\/06\\\/AZAROS-Calcium-ALuminmate-Cement-Secar51.jpg\",\"width\":1200,\"height\":700},{\"@type\":\"BreadcrumbList\",\"@id\":\"https:\\\/\\\/www.azaros.eu\\\/pt-pt\\\/produto\\\/cimento-secar-51\\\/#breadcrumb\",\"itemListElement\":[{\"@type\":\"ListItem\",\"position\":1,\"name\":\"Azaros\",\"item\":\"https:\\\/\\\/www.azaros.eu\\\/pt-pt\\\/azaros-home\\\/\"},{\"@type\":\"ListItem\",\"position\":2,\"name\":\"Produtos\",\"item\":\"https:\\\/\\\/www.azaros.eu\\\/pt-pt\\\/produtos\\\/\"},{\"@type\":\"ListItem\",\"position\":3,\"name\":\"Mat\u00e9rias-primas\",\"item\":\"https:\\\/\\\/www.azaros.eu\\\/pt-pt\\\/produtos\\\/materias-primas-pt\\\/\"},{\"@type\":\"ListItem\",\"position\":4,\"name\":\"Cimentos\",\"item\":\"https:\\\/\\\/www.azaros.eu\\\/pt-pt\\\/produtos\\\/materias-primas-pt\\\/cimentos\\\/\"},{\"@type\":\"ListItem\",\"position\":5,\"name\":\"Cimento Secar 51\"}]},{\"@type\":\"WebSite\",\"@id\":\"https:\\\/\\\/www.azaros.eu\\\/pt-pt\\\/#website\",\"url\":\"https:\\\/\\\/www.azaros.eu\\\/pt-pt\\\/\",\"name\":\"Azaros\",\"description\":\"Fabricamos, distribuimos y comercializamos una gran gama de suministros.\",\"potentialAction\":[{\"@type\":\"SearchAction\",\"target\":{\"@type\":\"EntryPoint\",\"urlTemplate\":\"https:\\\/\\\/www.azaros.eu\\\/pt-pt\\\/?s={search_term_string}\"},\"query-input\":{\"@type\":\"PropertyValueSpecification\",\"valueRequired\":true,\"valueName\":\"search_term_string\"}}],\"inLanguage\":\"pt-PT\"}]}<\/script>\n<!-- \/ Yoast SEO plugin. -->","yoast_head_json":{"title":"Cimento Secar 51 - Azaros","robots":{"index":"index","follow":"follow","max-snippet":"max-snippet:-1","max-image-preview":"max-image-preview:large","max-video-preview":"max-video-preview:-1"},"canonical":"https:\/\/www.azaros.eu\/pt-pt\/produto\/cimento-secar-51\/","og_locale":"pt_PT","og_type":"article","og_title":"Cimento Secar 51 - Azaros","og_description":"SECAR\u00ae 51 \u00e9 um ligante hidr\u00e1ulico com um teor de alumina de aproximadamente 50%. SECAR\u00ae 51 \u00e9 particularmente rico em aluminato monoc\u00e1lcico, o que confere excelentes propriedades mec\u00e2nicas a argamassas e concretos. O baixo teor de \u00f3xido de ferro do SECAR\u00ae 51, quando combinado com agregados apropriados, produz concretos altamente adequados para suportar condi\u00e7\u00f5es de trabalho severas relacionadas \u00e0 presen\u00e7a de mon\u00f3xido de carbono ou outras atmosferas redutoras. As propriedades reol\u00f3gicas do SECAR\u00ae 51 s\u00e3o bem adaptadas a todos os tipos de m\u00e9todos de aplica\u00e7\u00e3o, especialmente para a moldagem e o gunitado. \u00c9 recomendado para aplica\u00e7\u00f5es que exigem propriedades de endurecimento r\u00e1pido e excelente desempenho mec\u00e2nico.  O SECAR\u00ae 51 n\u00e3o cont\u00e9m nenhum aditivo e \u00e9 recomendado para o uso em pr\u00e9-misturas refrat\u00e1rias.","og_url":"https:\/\/www.azaros.eu\/pt-pt\/produto\/cimento-secar-51\/","og_site_name":"Azaros","og_image":[{"width":1200,"height":700,"url":"https:\/\/www.azaros.eu\/wp-content\/uploads\/2024\/06\/AZAROS-Calcium-ALuminmate-Cement-Secar51.jpg","type":"image\/jpeg"}],"twitter_card":"summary_large_image","schema":{"@context":"https:\/\/schema.org","@graph":[{"@type":"WebPage","@id":"https:\/\/www.azaros.eu\/pt-pt\/produto\/cimento-secar-51\/","url":"https:\/\/www.azaros.eu\/pt-pt\/produto\/cimento-secar-51\/","name":"Cimento Secar 51 - Azaros","isPartOf":{"@id":"https:\/\/www.azaros.eu\/pt-pt\/#website"},"primaryImageOfPage":{"@id":"https:\/\/www.azaros.eu\/pt-pt\/produto\/cimento-secar-51\/#primaryimage"},"image":{"@id":"https:\/\/www.azaros.eu\/pt-pt\/produto\/cimento-secar-51\/#primaryimage"},"thumbnailUrl":"https:\/\/www.azaros.eu\/wp-content\/uploads\/2024\/06\/AZAROS-Calcium-ALuminmate-Cement-Secar51.jpg","datePublished":"2024-06-11T07:50:24+00:00","breadcrumb":{"@id":"https:\/\/www.azaros.eu\/pt-pt\/produto\/cimento-secar-51\/#breadcrumb"},"inLanguage":"pt-PT","potentialAction":[{"@type":"ReadAction","target":["https:\/\/www.azaros.eu\/pt-pt\/produto\/cimento-secar-51\/"]}]},{"@type":"ImageObject","inLanguage":"pt-PT","@id":"https:\/\/www.azaros.eu\/pt-pt\/produto\/cimento-secar-51\/#primaryimage","url":"https:\/\/www.azaros.eu\/wp-content\/uploads\/2024\/06\/AZAROS-Calcium-ALuminmate-Cement-Secar51.jpg","contentUrl":"https:\/\/www.azaros.eu\/wp-content\/uploads\/2024\/06\/AZAROS-Calcium-ALuminmate-Cement-Secar51.jpg","width":1200,"height":700},{"@type":"BreadcrumbList","@id":"https:\/\/www.azaros.eu\/pt-pt\/produto\/cimento-secar-51\/#breadcrumb","itemListElement":[{"@type":"ListItem","position":1,"name":"Azaros","item":"https:\/\/www.azaros.eu\/pt-pt\/azaros-home\/"},{"@type":"ListItem","position":2,"name":"Produtos","item":"https:\/\/www.azaros.eu\/pt-pt\/produtos\/"},{"@type":"ListItem","position":3,"name":"Mat\u00e9rias-primas","item":"https:\/\/www.azaros.eu\/pt-pt\/produtos\/materias-primas-pt\/"},{"@type":"ListItem","position":4,"name":"Cimentos","item":"https:\/\/www.azaros.eu\/pt-pt\/produtos\/materias-primas-pt\/cimentos\/"},{"@type":"ListItem","position":5,"name":"Cimento Secar 51"}]},{"@type":"WebSite","@id":"https:\/\/www.azaros.eu\/pt-pt\/#website","url":"https:\/\/www.azaros.eu\/pt-pt\/","name":"Azaros","description":"Fabricamos, distribuimos y comercializamos una gran gama de suministros.","potentialAction":[{"@type":"SearchAction","target":{"@type":"EntryPoint","urlTemplate":"https:\/\/www.azaros.eu\/pt-pt\/?s={search_term_string}"},"query-input":{"@type":"PropertyValueSpecification","valueRequired":true,"valueName":"search_term_string"}}],"inLanguage":"pt-PT"}]}},"_links":{"self":[{"href":"https:\/\/www.azaros.eu\/pt-pt\/wp-json\/wp\/v2\/product\/10286","targetHints":{"allow":["GET"]}}],"collection":[{"href":"https:\/\/www.azaros.eu\/pt-pt\/wp-json\/wp\/v2\/product"}],"about":[{"href":"https:\/\/www.azaros.eu\/pt-pt\/wp-json\/wp\/v2\/types\/product"}],"wp:featuredmedia":[{"embeddable":true,"href":"https:\/\/www.azaros.eu\/pt-pt\/wp-json\/wp\/v2\/media\/10287"}],"wp:attachment":[{"href":"https:\/\/www.azaros.eu\/pt-pt\/wp-json\/wp\/v2\/media?parent=10286"}],"wp:term":[{"taxonomy":"product_brand","embeddable":true,"href":"https:\/\/www.azaros.eu\/pt-pt\/wp-json\/wp\/v2\/product_brand?post=10286"},{"taxonomy":"product_cat","embeddable":true,"href":"https:\/\/www.azaros.eu\/pt-pt\/wp-json\/wp\/v2\/product_cat?post=10286"},{"taxonomy":"product_tag","embeddable":true,"href":"https:\/\/www.azaros.eu\/pt-pt\/wp-json\/wp\/v2\/product_tag?post=10286"}],"curies":[{"name":"wp","href":"https:\/\/api.w.org\/{rel}","templated":true}]}}