{"id":10340,"date":"2024-06-11T08:46:03","date_gmt":"2024-06-11T07:46:03","guid":{"rendered":"https:\/\/www.azaros.eu\/producto\/fibra\/"},"modified":"2025-04-16T12:18:36","modified_gmt":"2025-04-16T11:18:36","slug":"fibra","status":"publish","type":"product","link":"https:\/\/www.azaros.eu\/pt-pt\/produto\/fibra\/","title":{"rendered":"Fibra"},"content":{"rendered":"<div class=\"row\"  id=\"row-1891215838\">\n\n\t<div id=\"col-1454477065\" class=\"col medium-6 small-12 large-6\"  >\n\t\t\t\t<div class=\"col-inner\"  >\n\t\t\t\n\t\t\t\n<div class=\"container section-title-container\" ><h2 class=\"section-title section-title-normal\"><b aria-hidden=\"true\"><\/b><span class=\"section-title-main\" style=\"font-size:80%;\">Aplica\u00e7\u00f5es<\/span><b aria-hidden=\"true\"><\/b><\/h2><\/div>\n<ul>\n<li>Filtro t\u00eaxtil de fibra de vidro para alum\u00ednio l\u00edquido (750\u00baC)<\/li>\n<\/ul>\n\t\t<\/div>\n\t\t\t\t\t<\/div>\n\n\t\n\n\t<div id=\"col-1722699833\" class=\"col medium-6 small-12 large-6\"  >\n\t\t\t\t<div class=\"col-inner\"  >\n\t\t\t\n\t\t\t\n<div class=\"container section-title-container\" ><h2 class=\"section-title section-title-normal\"><b aria-hidden=\"true\"><\/b><span class=\"section-title-main\" style=\"font-size:80%;\">Caracter\u00edsticas<\/span><b aria-hidden=\"true\"><\/b><\/h2><\/div>\n<ul>\n<li>Previne inclus\u00f5es<\/li>\n<li>Melhora a distribui\u00e7\u00e3o do metal l\u00edquido<\/li>\n<li>N\u00e3o emite nenhum tipo de contamina\u00e7\u00e3o em forma de gases<\/li>\n<li>Bolsas combinadas com um alto grau de rigidez<\/li>\n<\/ul>\n\t\t<\/div>\n\t\t\t\t\t<\/div>\n\n\t\n<\/div>\n","protected":false},"excerpt":{"rendered":"<p>O filtro de fibra de vidro \u00e9 um material filtrante altamente eficiente, composto por fibras sint\u00e9ticas dispostas em camadas. Sua estrutura porosa permite a reten\u00e7\u00e3o de part\u00edculas finas e a filtragem de ar, l\u00edquidos e gases. \u00c9 comumente utilizado em aplica\u00e7\u00f5es industriais, como em sistemas de ventila\u00e7\u00e3o, climatiza\u00e7\u00e3o e purifica\u00e7\u00e3o do ar, devido \u00e0 sua alta capacidade de reten\u00e7\u00e3o e resist\u00eancia a temperaturas elevadas.  <\/p>\n","protected":false},"featured_media":10341,"template":"","meta":[],"product_brand":[],"product_cat":[493],"product_tag":[],"class_list":{"0":"post-10340","1":"product","2":"type-product","3":"status-publish","4":"has-post-thumbnail","6":"product_cat-filtros-pt-pt","8":"first","9":"instock","10":"shipping-taxable","11":"product-type-simple"},"yoast_head":"<!-- This site is optimized with the Yoast SEO plugin v27.4 - https:\/\/yoast.com\/product\/yoast-seo-wordpress\/ -->\n<title>Fibra - Azaros<\/title>\n<meta name=\"robots\" content=\"index, follow, max-snippet:-1, max-image-preview:large, max-video-preview:-1\" \/>\n<link rel=\"canonical\" href=\"https:\/\/www.azaros.eu\/pt-pt\/produto\/fibra\/\" \/>\n<meta property=\"og:locale\" content=\"pt_PT\" \/>\n<meta property=\"og:type\" content=\"article\" \/>\n<meta property=\"og:title\" content=\"Fibra - Azaros\" \/>\n<meta property=\"og:description\" content=\"O filtro de fibra de vidro \u00e9 um material filtrante altamente eficiente, composto por fibras sint\u00e9ticas dispostas em camadas. Sua estrutura porosa permite a reten\u00e7\u00e3o de part\u00edculas finas e a filtragem de ar, l\u00edquidos e gases. \u00c9 comumente utilizado em aplica\u00e7\u00f5es industriais, como em sistemas de ventila\u00e7\u00e3o, climatiza\u00e7\u00e3o e purifica\u00e7\u00e3o do ar, devido \u00e0 sua alta capacidade de reten\u00e7\u00e3o e resist\u00eancia a temperaturas elevadas.\" \/>\n<meta property=\"og:url\" content=\"https:\/\/www.azaros.eu\/pt-pt\/produto\/fibra\/\" \/>\n<meta property=\"og:site_name\" content=\"Azaros\" \/>\n<meta property=\"article:modified_time\" content=\"2025-04-16T11:18:36+00:00\" \/>\n<meta property=\"og:image\" content=\"https:\/\/www.azaros.eu\/wp-content\/uploads\/2024\/06\/FILTROS-Fibra-de-vidrio.jpg\" \/>\n\t<meta property=\"og:image:width\" content=\"1200\" \/>\n\t<meta property=\"og:image:height\" content=\"700\" \/>\n\t<meta property=\"og:image:type\" content=\"image\/jpeg\" \/>\n<meta name=\"twitter:card\" content=\"summary_large_image\" \/>\n<script type=\"application\/ld+json\" class=\"yoast-schema-graph\">{\"@context\":\"https:\\\/\\\/schema.org\",\"@graph\":[{\"@type\":\"WebPage\",\"@id\":\"https:\\\/\\\/www.azaros.eu\\\/pt-pt\\\/produto\\\/fibra\\\/\",\"url\":\"https:\\\/\\\/www.azaros.eu\\\/pt-pt\\\/produto\\\/fibra\\\/\",\"name\":\"Fibra - Azaros\",\"isPartOf\":{\"@id\":\"https:\\\/\\\/www.azaros.eu\\\/pt-pt\\\/#website\"},\"primaryImageOfPage\":{\"@id\":\"https:\\\/\\\/www.azaros.eu\\\/pt-pt\\\/produto\\\/fibra\\\/#primaryimage\"},\"image\":{\"@id\":\"https:\\\/\\\/www.azaros.eu\\\/pt-pt\\\/produto\\\/fibra\\\/#primaryimage\"},\"thumbnailUrl\":\"https:\\\/\\\/www.azaros.eu\\\/wp-content\\\/uploads\\\/2024\\\/06\\\/FILTROS-Fibra-de-vidrio.jpg\",\"datePublished\":\"2024-06-11T07:46:03+00:00\",\"dateModified\":\"2025-04-16T11:18:36+00:00\",\"breadcrumb\":{\"@id\":\"https:\\\/\\\/www.azaros.eu\\\/pt-pt\\\/produto\\\/fibra\\\/#breadcrumb\"},\"inLanguage\":\"pt-PT\",\"potentialAction\":[{\"@type\":\"ReadAction\",\"target\":[\"https:\\\/\\\/www.azaros.eu\\\/pt-pt\\\/produto\\\/fibra\\\/\"]}]},{\"@type\":\"ImageObject\",\"inLanguage\":\"pt-PT\",\"@id\":\"https:\\\/\\\/www.azaros.eu\\\/pt-pt\\\/produto\\\/fibra\\\/#primaryimage\",\"url\":\"https:\\\/\\\/www.azaros.eu\\\/wp-content\\\/uploads\\\/2024\\\/06\\\/FILTROS-Fibra-de-vidrio.jpg\",\"contentUrl\":\"https:\\\/\\\/www.azaros.eu\\\/wp-content\\\/uploads\\\/2024\\\/06\\\/FILTROS-Fibra-de-vidrio.jpg\",\"width\":1200,\"height\":700},{\"@type\":\"BreadcrumbList\",\"@id\":\"https:\\\/\\\/www.azaros.eu\\\/pt-pt\\\/produto\\\/fibra\\\/#breadcrumb\",\"itemListElement\":[{\"@type\":\"ListItem\",\"position\":1,\"name\":\"Azaros\",\"item\":\"https:\\\/\\\/www.azaros.eu\\\/pt-pt\\\/azaros-home\\\/\"},{\"@type\":\"ListItem\",\"position\":2,\"name\":\"Produtos\",\"item\":\"https:\\\/\\\/www.azaros.eu\\\/pt-pt\\\/produtos\\\/\"},{\"@type\":\"ListItem\",\"position\":3,\"name\":\"Fornecimentos de fundi\u00e7\u00e3o\",\"item\":\"https:\\\/\\\/www.azaros.eu\\\/pt-pt\\\/produtos\\\/fornecimentos-de-fundicao\\\/\"},{\"@type\":\"ListItem\",\"position\":4,\"name\":\"Filtros\",\"item\":\"https:\\\/\\\/www.azaros.eu\\\/pt-pt\\\/produtos\\\/fornecimentos-de-fundicao\\\/filtros-pt-pt\\\/\"},{\"@type\":\"ListItem\",\"position\":5,\"name\":\"Fibra\"}]},{\"@type\":\"WebSite\",\"@id\":\"https:\\\/\\\/www.azaros.eu\\\/pt-pt\\\/#website\",\"url\":\"https:\\\/\\\/www.azaros.eu\\\/pt-pt\\\/\",\"name\":\"Azaros\",\"description\":\"Fabricamos, distribuimos y comercializamos una gran gama de suministros.\",\"potentialAction\":[{\"@type\":\"SearchAction\",\"target\":{\"@type\":\"EntryPoint\",\"urlTemplate\":\"https:\\\/\\\/www.azaros.eu\\\/pt-pt\\\/?s={search_term_string}\"},\"query-input\":{\"@type\":\"PropertyValueSpecification\",\"valueRequired\":true,\"valueName\":\"search_term_string\"}}],\"inLanguage\":\"pt-PT\"}]}<\/script>\n<!-- \/ Yoast SEO plugin. -->","yoast_head_json":{"title":"Fibra - Azaros","robots":{"index":"index","follow":"follow","max-snippet":"max-snippet:-1","max-image-preview":"max-image-preview:large","max-video-preview":"max-video-preview:-1"},"canonical":"https:\/\/www.azaros.eu\/pt-pt\/produto\/fibra\/","og_locale":"pt_PT","og_type":"article","og_title":"Fibra - Azaros","og_description":"O filtro de fibra de vidro \u00e9 um material filtrante altamente eficiente, composto por fibras sint\u00e9ticas dispostas em camadas. Sua estrutura porosa permite a reten\u00e7\u00e3o de part\u00edculas finas e a filtragem de ar, l\u00edquidos e gases. \u00c9 comumente utilizado em aplica\u00e7\u00f5es industriais, como em sistemas de ventila\u00e7\u00e3o, climatiza\u00e7\u00e3o e purifica\u00e7\u00e3o do ar, devido \u00e0 sua alta capacidade de reten\u00e7\u00e3o e resist\u00eancia a temperaturas elevadas.","og_url":"https:\/\/www.azaros.eu\/pt-pt\/produto\/fibra\/","og_site_name":"Azaros","article_modified_time":"2025-04-16T11:18:36+00:00","og_image":[{"width":1200,"height":700,"url":"https:\/\/www.azaros.eu\/wp-content\/uploads\/2024\/06\/FILTROS-Fibra-de-vidrio.jpg","type":"image\/jpeg"}],"twitter_card":"summary_large_image","schema":{"@context":"https:\/\/schema.org","@graph":[{"@type":"WebPage","@id":"https:\/\/www.azaros.eu\/pt-pt\/produto\/fibra\/","url":"https:\/\/www.azaros.eu\/pt-pt\/produto\/fibra\/","name":"Fibra - Azaros","isPartOf":{"@id":"https:\/\/www.azaros.eu\/pt-pt\/#website"},"primaryImageOfPage":{"@id":"https:\/\/www.azaros.eu\/pt-pt\/produto\/fibra\/#primaryimage"},"image":{"@id":"https:\/\/www.azaros.eu\/pt-pt\/produto\/fibra\/#primaryimage"},"thumbnailUrl":"https:\/\/www.azaros.eu\/wp-content\/uploads\/2024\/06\/FILTROS-Fibra-de-vidrio.jpg","datePublished":"2024-06-11T07:46:03+00:00","dateModified":"2025-04-16T11:18:36+00:00","breadcrumb":{"@id":"https:\/\/www.azaros.eu\/pt-pt\/produto\/fibra\/#breadcrumb"},"inLanguage":"pt-PT","potentialAction":[{"@type":"ReadAction","target":["https:\/\/www.azaros.eu\/pt-pt\/produto\/fibra\/"]}]},{"@type":"ImageObject","inLanguage":"pt-PT","@id":"https:\/\/www.azaros.eu\/pt-pt\/produto\/fibra\/#primaryimage","url":"https:\/\/www.azaros.eu\/wp-content\/uploads\/2024\/06\/FILTROS-Fibra-de-vidrio.jpg","contentUrl":"https:\/\/www.azaros.eu\/wp-content\/uploads\/2024\/06\/FILTROS-Fibra-de-vidrio.jpg","width":1200,"height":700},{"@type":"BreadcrumbList","@id":"https:\/\/www.azaros.eu\/pt-pt\/produto\/fibra\/#breadcrumb","itemListElement":[{"@type":"ListItem","position":1,"name":"Azaros","item":"https:\/\/www.azaros.eu\/pt-pt\/azaros-home\/"},{"@type":"ListItem","position":2,"name":"Produtos","item":"https:\/\/www.azaros.eu\/pt-pt\/produtos\/"},{"@type":"ListItem","position":3,"name":"Fornecimentos de fundi\u00e7\u00e3o","item":"https:\/\/www.azaros.eu\/pt-pt\/produtos\/fornecimentos-de-fundicao\/"},{"@type":"ListItem","position":4,"name":"Filtros","item":"https:\/\/www.azaros.eu\/pt-pt\/produtos\/fornecimentos-de-fundicao\/filtros-pt-pt\/"},{"@type":"ListItem","position":5,"name":"Fibra"}]},{"@type":"WebSite","@id":"https:\/\/www.azaros.eu\/pt-pt\/#website","url":"https:\/\/www.azaros.eu\/pt-pt\/","name":"Azaros","description":"Fabricamos, distribuimos y comercializamos una gran gama de suministros.","potentialAction":[{"@type":"SearchAction","target":{"@type":"EntryPoint","urlTemplate":"https:\/\/www.azaros.eu\/pt-pt\/?s={search_term_string}"},"query-input":{"@type":"PropertyValueSpecification","valueRequired":true,"valueName":"search_term_string"}}],"inLanguage":"pt-PT"}]}},"_links":{"self":[{"href":"https:\/\/www.azaros.eu\/pt-pt\/wp-json\/wp\/v2\/product\/10340","targetHints":{"allow":["GET"]}}],"collection":[{"href":"https:\/\/www.azaros.eu\/pt-pt\/wp-json\/wp\/v2\/product"}],"about":[{"href":"https:\/\/www.azaros.eu\/pt-pt\/wp-json\/wp\/v2\/types\/product"}],"wp:featuredmedia":[{"embeddable":true,"href":"https:\/\/www.azaros.eu\/pt-pt\/wp-json\/wp\/v2\/media\/10341"}],"wp:attachment":[{"href":"https:\/\/www.azaros.eu\/pt-pt\/wp-json\/wp\/v2\/media?parent=10340"}],"wp:term":[{"taxonomy":"product_brand","embeddable":true,"href":"https:\/\/www.azaros.eu\/pt-pt\/wp-json\/wp\/v2\/product_brand?post=10340"},{"taxonomy":"product_cat","embeddable":true,"href":"https:\/\/www.azaros.eu\/pt-pt\/wp-json\/wp\/v2\/product_cat?post=10340"},{"taxonomy":"product_tag","embeddable":true,"href":"https:\/\/www.azaros.eu\/pt-pt\/wp-json\/wp\/v2\/product_tag?post=10340"}],"curies":[{"name":"wp","href":"https:\/\/api.w.org\/{rel}","templated":true}]}}