{"id":10380,"date":"2018-11-24T10:11:11","date_gmt":"2018-11-24T09:11:11","guid":{"rendered":"https:\/\/www.azaros.eu\/producto\/bolas-de-alumina\/"},"modified":"2025-06-27T08:28:17","modified_gmt":"2025-06-27T07:28:17","slug":"bolas-de-alumina","status":"publish","type":"product","link":"https:\/\/www.azaros.eu\/pt-pt\/produto\/bolas-de-alumina\/","title":{"rendered":"Bolas de alumina"},"content":{"rendered":"<div class=\"row\"  id=\"row-1673692593\">\n\n\t<div id=\"col-1566148998\" class=\"col medium-6 small-12 large-6\"  >\n\t\t\t\t<div class=\"col-inner\"  >\n\t\t\t\n\t\t\t\n<div class=\"container section-title-container\" ><h2 class=\"section-title section-title-normal\"><b aria-hidden=\"true\"><\/b><span class=\"section-title-main\" style=\"font-size:80%;\">Caracter\u00edsticas<\/span><b aria-hidden=\"true\"><\/b><\/h2><\/div>\n<p>Devido \u00e0 sua elevada pureza e baixo teor de s\u00edlica, essas bolas s\u00e3o especialmente projetadas para aplica\u00e7\u00f5es de alta temperatura em ambientes adversos, onde h\u00e1 presen\u00e7a de \u00e1cidos e vapor em alta temperatura.<\/p>\n\t\t<\/div>\n\t\t\t\t\t<\/div>\n\n\t\n\n\t<div id=\"col-1213866320\" class=\"col medium-6 small-12 large-6\"  >\n\t\t\t\t<div class=\"col-inner\"  >\n\t\t\t\n\t\t\t\n<div class=\"container section-title-container\" ><h2 class=\"section-title section-title-normal\"><b aria-hidden=\"true\"><\/b><span class=\"section-title-main\" style=\"font-size:80%;\">Aplicaciones t\u00edpicas<\/span><b aria-hidden=\"true\"><\/b><\/h2><\/div>\n<p>Em queimadores regenerativos de fornos industriais, como filtros de alum\u00ednio l\u00edquido, em moagem de diferentes tipos de materiais.<\/p>\n\t\t<\/div>\n\t\t\t\t\t<\/div>\n\n\t\n<\/div>\n","protected":false},"excerpt":{"rendered":"<p>Bolas fabricadas com uma elevada percentagem de alumina no seu maior grau de calcina\u00e7\u00e3o, o que confere elevadas propriedades mec\u00e2nicas e grande resist\u00eancia ao stress t\u00e9rmico.<\/p>\n","protected":false},"featured_media":10381,"template":"","meta":[],"product_brand":[],"product_cat":[494],"product_tag":[],"class_list":{"0":"post-10380","1":"product","2":"type-product","3":"status-publish","4":"has-post-thumbnail","6":"product_cat-consumibles-de-fundicion-pt-pt","8":"first","9":"instock","10":"shipping-taxable","11":"product-type-simple"},"yoast_head":"<!-- This site is optimized with the Yoast SEO plugin v27.6 - https:\/\/yoast.com\/product\/yoast-seo-wordpress\/ -->\n<title>Bolas de alumina | Azaros<\/title>\n<meta name=\"description\" content=\"Bolas fabricadas com uma elevada percentagem de alumina no seu maior grau de calcina\u00e7\u00e3o, o que confere elevadas propriedades mec\u00e2nicas e grande resist\u00eancia ao stress t\u00e9rmico.\" \/>\n<meta name=\"robots\" content=\"index, follow, max-snippet:-1, max-image-preview:large, max-video-preview:-1\" \/>\n<link rel=\"canonical\" href=\"https:\/\/www.azaros.eu\/pt-pt\/produto\/bolas-de-alumina\/\" \/>\n<meta property=\"og:locale\" content=\"pt_PT\" \/>\n<meta property=\"og:type\" content=\"article\" \/>\n<meta property=\"og:title\" content=\"Bolas de alumina | Azaros\" \/>\n<meta property=\"og:description\" content=\"Bolas fabricadas com uma elevada percentagem de alumina no seu maior grau de calcina\u00e7\u00e3o, o que confere elevadas propriedades mec\u00e2nicas e grande resist\u00eancia ao stress t\u00e9rmico.\" \/>\n<meta property=\"og:url\" content=\"https:\/\/www.azaros.eu\/pt-pt\/produto\/bolas-de-alumina\/\" \/>\n<meta property=\"og:site_name\" content=\"Azaros\" \/>\n<meta property=\"article:modified_time\" content=\"2025-06-27T07:28:17+00:00\" \/>\n<meta property=\"og:image\" content=\"https:\/\/www.azaros.eu\/wp-content\/uploads\/2018\/11\/Bolas-Alumina.jpg\" \/>\n\t<meta property=\"og:image:width\" content=\"1200\" \/>\n\t<meta property=\"og:image:height\" content=\"700\" \/>\n\t<meta property=\"og:image:type\" content=\"image\/jpeg\" \/>\n<meta name=\"twitter:card\" content=\"summary_large_image\" \/>\n<meta name=\"twitter:label1\" content=\"Tempo estimado de leitura\" \/>\n\t<meta name=\"twitter:data1\" content=\"1 minuto\" \/>\n<script type=\"application\/ld+json\" class=\"yoast-schema-graph\">{\"@context\":\"https:\\\/\\\/schema.org\",\"@graph\":[{\"@type\":\"WebPage\",\"@id\":\"https:\\\/\\\/www.azaros.eu\\\/pt-pt\\\/produto\\\/bolas-de-alumina\\\/\",\"url\":\"https:\\\/\\\/www.azaros.eu\\\/pt-pt\\\/produto\\\/bolas-de-alumina\\\/\",\"name\":\"Bolas de alumina | Azaros\",\"isPartOf\":{\"@id\":\"https:\\\/\\\/www.azaros.eu\\\/pt-pt\\\/#website\"},\"primaryImageOfPage\":{\"@id\":\"https:\\\/\\\/www.azaros.eu\\\/pt-pt\\\/produto\\\/bolas-de-alumina\\\/#primaryimage\"},\"image\":{\"@id\":\"https:\\\/\\\/www.azaros.eu\\\/pt-pt\\\/produto\\\/bolas-de-alumina\\\/#primaryimage\"},\"thumbnailUrl\":\"https:\\\/\\\/www.azaros.eu\\\/wp-content\\\/uploads\\\/2018\\\/11\\\/Bolas-Alumina.jpg\",\"datePublished\":\"2018-11-24T09:11:11+00:00\",\"dateModified\":\"2025-06-27T07:28:17+00:00\",\"description\":\"Bolas fabricadas com uma elevada percentagem de alumina no seu maior grau de calcina\u00e7\u00e3o, o que confere elevadas propriedades mec\u00e2nicas e grande resist\u00eancia ao stress t\u00e9rmico.\",\"breadcrumb\":{\"@id\":\"https:\\\/\\\/www.azaros.eu\\\/pt-pt\\\/produto\\\/bolas-de-alumina\\\/#breadcrumb\"},\"inLanguage\":\"pt-PT\",\"potentialAction\":[{\"@type\":\"ReadAction\",\"target\":[\"https:\\\/\\\/www.azaros.eu\\\/pt-pt\\\/produto\\\/bolas-de-alumina\\\/\"]}]},{\"@type\":\"ImageObject\",\"inLanguage\":\"pt-PT\",\"@id\":\"https:\\\/\\\/www.azaros.eu\\\/pt-pt\\\/produto\\\/bolas-de-alumina\\\/#primaryimage\",\"url\":\"https:\\\/\\\/www.azaros.eu\\\/wp-content\\\/uploads\\\/2018\\\/11\\\/Bolas-Alumina.jpg\",\"contentUrl\":\"https:\\\/\\\/www.azaros.eu\\\/wp-content\\\/uploads\\\/2018\\\/11\\\/Bolas-Alumina.jpg\",\"width\":1200,\"height\":700},{\"@type\":\"BreadcrumbList\",\"@id\":\"https:\\\/\\\/www.azaros.eu\\\/pt-pt\\\/produto\\\/bolas-de-alumina\\\/#breadcrumb\",\"itemListElement\":[{\"@type\":\"ListItem\",\"position\":1,\"name\":\"Azaros\",\"item\":\"https:\\\/\\\/www.azaros.eu\\\/pt-pt\\\/azaros-home\\\/\"},{\"@type\":\"ListItem\",\"position\":2,\"name\":\"Produtos\",\"item\":\"https:\\\/\\\/www.azaros.eu\\\/pt-pt\\\/produtos\\\/\"},{\"@type\":\"ListItem\",\"position\":3,\"name\":\"Fornecimentos de fundi\u00e7\u00e3o\",\"item\":\"https:\\\/\\\/www.azaros.eu\\\/pt-pt\\\/produtos\\\/fornecimentos-de-fundicao\\\/\"},{\"@type\":\"ListItem\",\"position\":4,\"name\":\"Consum\u00edveis de fundi\u00e7\u00e3o\",\"item\":\"https:\\\/\\\/www.azaros.eu\\\/pt-pt\\\/produtos\\\/fornecimentos-de-fundicao\\\/consumibles-de-fundicion-pt-pt\\\/\"},{\"@type\":\"ListItem\",\"position\":5,\"name\":\"Bolas de alumina\"}]},{\"@type\":\"WebSite\",\"@id\":\"https:\\\/\\\/www.azaros.eu\\\/pt-pt\\\/#website\",\"url\":\"https:\\\/\\\/www.azaros.eu\\\/pt-pt\\\/\",\"name\":\"Azaros\",\"description\":\"Fabricamos, distribuimos y comercializamos una gran gama de suministros.\",\"potentialAction\":[{\"@type\":\"SearchAction\",\"target\":{\"@type\":\"EntryPoint\",\"urlTemplate\":\"https:\\\/\\\/www.azaros.eu\\\/pt-pt\\\/?s={search_term_string}\"},\"query-input\":{\"@type\":\"PropertyValueSpecification\",\"valueRequired\":true,\"valueName\":\"search_term_string\"}}],\"inLanguage\":\"pt-PT\"}]}<\/script>\n<!-- \/ Yoast SEO plugin. -->","yoast_head_json":{"title":"Bolas de alumina | Azaros","description":"Bolas fabricadas com uma elevada percentagem de alumina no seu maior grau de calcina\u00e7\u00e3o, o que confere elevadas propriedades mec\u00e2nicas e grande resist\u00eancia ao stress t\u00e9rmico.","robots":{"index":"index","follow":"follow","max-snippet":"max-snippet:-1","max-image-preview":"max-image-preview:large","max-video-preview":"max-video-preview:-1"},"canonical":"https:\/\/www.azaros.eu\/pt-pt\/produto\/bolas-de-alumina\/","og_locale":"pt_PT","og_type":"article","og_title":"Bolas de alumina | Azaros","og_description":"Bolas fabricadas com uma elevada percentagem de alumina no seu maior grau de calcina\u00e7\u00e3o, o que confere elevadas propriedades mec\u00e2nicas e grande resist\u00eancia ao stress t\u00e9rmico.","og_url":"https:\/\/www.azaros.eu\/pt-pt\/produto\/bolas-de-alumina\/","og_site_name":"Azaros","article_modified_time":"2025-06-27T07:28:17+00:00","og_image":[{"width":1200,"height":700,"url":"https:\/\/www.azaros.eu\/wp-content\/uploads\/2018\/11\/Bolas-Alumina.jpg","type":"image\/jpeg"}],"twitter_card":"summary_large_image","twitter_misc":{"Tempo estimado de leitura":"1 minuto"},"schema":{"@context":"https:\/\/schema.org","@graph":[{"@type":"WebPage","@id":"https:\/\/www.azaros.eu\/pt-pt\/produto\/bolas-de-alumina\/","url":"https:\/\/www.azaros.eu\/pt-pt\/produto\/bolas-de-alumina\/","name":"Bolas de alumina | Azaros","isPartOf":{"@id":"https:\/\/www.azaros.eu\/pt-pt\/#website"},"primaryImageOfPage":{"@id":"https:\/\/www.azaros.eu\/pt-pt\/produto\/bolas-de-alumina\/#primaryimage"},"image":{"@id":"https:\/\/www.azaros.eu\/pt-pt\/produto\/bolas-de-alumina\/#primaryimage"},"thumbnailUrl":"https:\/\/www.azaros.eu\/wp-content\/uploads\/2018\/11\/Bolas-Alumina.jpg","datePublished":"2018-11-24T09:11:11+00:00","dateModified":"2025-06-27T07:28:17+00:00","description":"Bolas fabricadas com uma elevada percentagem de alumina no seu maior grau de calcina\u00e7\u00e3o, o que confere elevadas propriedades mec\u00e2nicas e grande resist\u00eancia ao stress t\u00e9rmico.","breadcrumb":{"@id":"https:\/\/www.azaros.eu\/pt-pt\/produto\/bolas-de-alumina\/#breadcrumb"},"inLanguage":"pt-PT","potentialAction":[{"@type":"ReadAction","target":["https:\/\/www.azaros.eu\/pt-pt\/produto\/bolas-de-alumina\/"]}]},{"@type":"ImageObject","inLanguage":"pt-PT","@id":"https:\/\/www.azaros.eu\/pt-pt\/produto\/bolas-de-alumina\/#primaryimage","url":"https:\/\/www.azaros.eu\/wp-content\/uploads\/2018\/11\/Bolas-Alumina.jpg","contentUrl":"https:\/\/www.azaros.eu\/wp-content\/uploads\/2018\/11\/Bolas-Alumina.jpg","width":1200,"height":700},{"@type":"BreadcrumbList","@id":"https:\/\/www.azaros.eu\/pt-pt\/produto\/bolas-de-alumina\/#breadcrumb","itemListElement":[{"@type":"ListItem","position":1,"name":"Azaros","item":"https:\/\/www.azaros.eu\/pt-pt\/azaros-home\/"},{"@type":"ListItem","position":2,"name":"Produtos","item":"https:\/\/www.azaros.eu\/pt-pt\/produtos\/"},{"@type":"ListItem","position":3,"name":"Fornecimentos de fundi\u00e7\u00e3o","item":"https:\/\/www.azaros.eu\/pt-pt\/produtos\/fornecimentos-de-fundicao\/"},{"@type":"ListItem","position":4,"name":"Consum\u00edveis de fundi\u00e7\u00e3o","item":"https:\/\/www.azaros.eu\/pt-pt\/produtos\/fornecimentos-de-fundicao\/consumibles-de-fundicion-pt-pt\/"},{"@type":"ListItem","position":5,"name":"Bolas de alumina"}]},{"@type":"WebSite","@id":"https:\/\/www.azaros.eu\/pt-pt\/#website","url":"https:\/\/www.azaros.eu\/pt-pt\/","name":"Azaros","description":"Fabricamos, distribuimos y comercializamos una gran gama de suministros.","potentialAction":[{"@type":"SearchAction","target":{"@type":"EntryPoint","urlTemplate":"https:\/\/www.azaros.eu\/pt-pt\/?s={search_term_string}"},"query-input":{"@type":"PropertyValueSpecification","valueRequired":true,"valueName":"search_term_string"}}],"inLanguage":"pt-PT"}]}},"_links":{"self":[{"href":"https:\/\/www.azaros.eu\/pt-pt\/wp-json\/wp\/v2\/product\/10380","targetHints":{"allow":["GET"]}}],"collection":[{"href":"https:\/\/www.azaros.eu\/pt-pt\/wp-json\/wp\/v2\/product"}],"about":[{"href":"https:\/\/www.azaros.eu\/pt-pt\/wp-json\/wp\/v2\/types\/product"}],"wp:featuredmedia":[{"embeddable":true,"href":"https:\/\/www.azaros.eu\/pt-pt\/wp-json\/wp\/v2\/media\/10381"}],"wp:attachment":[{"href":"https:\/\/www.azaros.eu\/pt-pt\/wp-json\/wp\/v2\/media?parent=10380"}],"wp:term":[{"taxonomy":"product_brand","embeddable":true,"href":"https:\/\/www.azaros.eu\/pt-pt\/wp-json\/wp\/v2\/product_brand?post=10380"},{"taxonomy":"product_cat","embeddable":true,"href":"https:\/\/www.azaros.eu\/pt-pt\/wp-json\/wp\/v2\/product_cat?post=10380"},{"taxonomy":"product_tag","embeddable":true,"href":"https:\/\/www.azaros.eu\/pt-pt\/wp-json\/wp\/v2\/product_tag?post=10380"}],"curies":[{"name":"wp","href":"https:\/\/api.w.org\/{rel}","templated":true}]}}