{"id":10389,"date":"2018-08-06T09:38:22","date_gmt":"2018-08-06T08:38:22","guid":{"rendered":"https:\/\/www.azaros.eu\/producto\/buzas\/"},"modified":"2025-04-16T14:26:10","modified_gmt":"2025-04-16T13:26:10","slug":"buzas","status":"publish","type":"product","link":"https:\/\/www.azaros.eu\/pt-pt\/produto\/buzas\/","title":{"rendered":"Buzas"},"content":{"rendered":"<div class=\"row\"  id=\"row-1810618003\">\n\n\t<div id=\"col-2046228288\" class=\"col medium-6 small-12 large-6\"  >\n\t\t\t\t<div class=\"col-inner\"  >\n\t\t\t\n\t\t\t\n<div class=\"container section-title-container\" ><h2 class=\"section-title section-title-normal\"><b aria-hidden=\"true\"><\/b><span class=\"section-title-main\" style=\"font-size:80%;\">Caracter\u00edsticas<\/span><b aria-hidden=\"true\"><\/b><\/h2><\/div>\n<ul>\n<li>Se pueden fabricar en diferentes tipos de materiales<\/li>\n<li>Podem atender a necessidades de diferentes geometrias especiais, de acordo com as necessidades do cliente<\/li>\n<li>Dispon\u00edveis nas refer\u00eancias padr\u00e3o 0-A, 1-A, 2-A, 3-A e 4-A:<\/li>\n<\/ul>\n\t<div class=\"img has-hover x md-x lg-x y md-y lg-y\" id=\"image_1484710318\">\n\t\t\t\t\t\t\t\t<div class=\"img-inner dark\" >\n\t\t\t<img loading=\"lazy\" decoding=\"async\" width=\"654\" height=\"420\" src=\"https:\/\/www.azaros.eu\/wp-content\/uploads\/2018\/11\/dimensiones-buzas.png\" class=\"attachment-large size-large\" alt=\"Dimensiones Buza\" srcset=\"https:\/\/www.azaros.eu\/wp-content\/uploads\/2018\/11\/dimensiones-buzas.png 654w, https:\/\/www.azaros.eu\/wp-content\/uploads\/2018\/11\/dimensiones-buzas-200x128.png 200w, https:\/\/www.azaros.eu\/wp-content\/uploads\/2018\/11\/dimensiones-buzas-300x193.png 300w, https:\/\/www.azaros.eu\/wp-content\/uploads\/2018\/11\/dimensiones-buzas-510x328.png 510w\" sizes=\"auto, (max-width: 654px) 100vw, 654px\" \/>\t\t\t\t\t\t\n\t\t\t\t\t<\/div>\n\t\t\t\t\t\t\t\t\n<style>\n#image_1484710318 {\n  width: 100%;\n}\n<\/style>\n\t<\/div>\n\t\n<table>\n<tbody>\n<tr>\n<th>Ref.<\/th>\n<th>A<\/th>\n<th>B<\/th>\n<th>C<\/th>\n<th>D<\/th>\n<th>E<\/th>\n<th>F<\/th>\n<th>G<\/th>\n<\/tr>\n<tr>\n<td>0 A<\/td>\n<td>135<\/td>\n<td>120<\/td>\n<td>90<\/td>\n<td>100<\/td>\n<td>160<\/td>\n<td>100<\/td>\n<td>60<\/td>\n<\/tr>\n<tr>\n<td>1 A<\/td>\n<td>155<\/td>\n<td>130<\/td>\n<td>100<\/td>\n<td>110<\/td>\n<td>210<\/td>\n<td>110<\/td>\n<td>100<\/td>\n<\/tr>\n<tr>\n<td>2 A<\/td>\n<td>155<\/td>\n<td>133<\/td>\n<td>100<\/td>\n<td>110<\/td>\n<td>240<\/td>\n<td>140<\/td>\n<td>100<\/td>\n<\/tr>\n<tr>\n<td>3 A<\/td>\n<td>180<\/td>\n<td>153<\/td>\n<td>120<\/td>\n<td>140<\/td>\n<td>285<\/td>\n<td>175<\/td>\n<td>110<\/td>\n<\/tr>\n<tr>\n<td>4 A<\/td>\n<td>180<\/td>\n<td>147<\/td>\n<td>120<\/td>\n<td>140<\/td>\n<td>315<\/td>\n<td>205<\/td>\n<td>110<\/td>\n<\/tr>\n<\/tbody>\n<\/table>\n\t\t<\/div>\n\t\t\t\t\t<\/div>\n\n\t\n\n\t<div id=\"col-510220653\" class=\"col medium-6 small-12 large-6\"  >\n\t\t\t\t<div class=\"col-inner\"  >\n\t\t\t\n\t\t\t\n<div class=\"container section-title-container\" ><h2 class=\"section-title section-title-normal\"><b aria-hidden=\"true\"><\/b><span class=\"section-title-main\" style=\"font-size:80%;\">Aplica\u00e7\u00f5es t\u00edpicas<\/span><b aria-hidden=\"true\"><\/b><\/h2><\/div>\n<ul>\n<li>Regula\u00e7\u00e3o do fluxo de vazamento<\/li>\n<\/ul>\n\t\t<\/div>\n\t\t\t\t\t<\/div>\n\n\t\n<\/div>\n<div class=\"row\"  id=\"row-417277513\">\n\n<\/div>\n\n","protected":false},"excerpt":{"rendered":"<p>Buzas reguladoras de fluxo de vazamento em fundi\u00e7\u00e3o.<\/p>\n<p>Sistemas de manuseio de metal l\u00edquido para panelas e equipamentos de vazamento cont\u00ednuo, essas pe\u00e7as s\u00e3o fabricadas pelo m\u00e9todo de prensagem ou moldagem, e as mat\u00e9rias-primas utilizadas resultam em um produto com elevada resist\u00eancia \u00e0 penetra\u00e7\u00e3o de metal l\u00edquido.<\/p>\n","protected":false},"featured_media":9304,"template":"","meta":[],"product_brand":[],"product_cat":[495],"product_tag":[],"class_list":{"0":"post-10389","1":"product","2":"type-product","3":"status-publish","4":"has-post-thumbnail","6":"product_cat-consumiveis-de-vazamento","8":"first","9":"instock","10":"shipping-taxable","11":"product-type-simple"},"yoast_head":"<!-- This site is optimized with the Yoast SEO plugin v27.4 - https:\/\/yoast.com\/product\/yoast-seo-wordpress\/ -->\n<title>Buzas | Azaros<\/title>\n<meta name=\"description\" content=\"Encontre em Azaros.eu as melhores buzas reguladoras de caudal de colada em funda\u00e7\u00e3o. Descubra as buzas de Azaros ao melhor pre\u00e7o\" \/>\n<meta name=\"robots\" content=\"index, follow, max-snippet:-1, max-image-preview:large, max-video-preview:-1\" \/>\n<link rel=\"canonical\" href=\"https:\/\/www.azaros.eu\/pt-pt\/produto\/buzas\/\" \/>\n<meta property=\"og:locale\" content=\"pt_PT\" \/>\n<meta property=\"og:type\" content=\"article\" \/>\n<meta property=\"og:title\" content=\"Buzas | Azaros\" \/>\n<meta property=\"og:description\" content=\"Encontre em Azaros.eu as melhores buzas reguladoras de caudal de colada em funda\u00e7\u00e3o. Descubra as buzas de Azaros ao melhor pre\u00e7o\" \/>\n<meta property=\"og:url\" content=\"https:\/\/www.azaros.eu\/pt-pt\/produto\/buzas\/\" \/>\n<meta property=\"og:site_name\" content=\"Azaros\" \/>\n<meta property=\"article:modified_time\" content=\"2025-04-16T13:26:10+00:00\" \/>\n<meta property=\"og:image\" content=\"https:\/\/www.azaros.eu\/wp-content\/uploads\/2018\/08\/Buzas.jpg\" \/>\n\t<meta property=\"og:image:width\" content=\"1200\" \/>\n\t<meta property=\"og:image:height\" content=\"700\" \/>\n\t<meta property=\"og:image:type\" content=\"image\/jpeg\" \/>\n<meta name=\"twitter:card\" content=\"summary_large_image\" \/>\n<meta name=\"twitter:label1\" content=\"Tempo estimado de leitura\" \/>\n\t<meta name=\"twitter:data1\" content=\"1 minuto\" \/>\n<script type=\"application\/ld+json\" class=\"yoast-schema-graph\">{\"@context\":\"https:\\\/\\\/schema.org\",\"@graph\":[{\"@type\":\"WebPage\",\"@id\":\"https:\\\/\\\/www.azaros.eu\\\/pt-pt\\\/produto\\\/buzas\\\/\",\"url\":\"https:\\\/\\\/www.azaros.eu\\\/pt-pt\\\/produto\\\/buzas\\\/\",\"name\":\"Buzas | Azaros\",\"isPartOf\":{\"@id\":\"https:\\\/\\\/www.azaros.eu\\\/pt-pt\\\/#website\"},\"primaryImageOfPage\":{\"@id\":\"https:\\\/\\\/www.azaros.eu\\\/pt-pt\\\/produto\\\/buzas\\\/#primaryimage\"},\"image\":{\"@id\":\"https:\\\/\\\/www.azaros.eu\\\/pt-pt\\\/produto\\\/buzas\\\/#primaryimage\"},\"thumbnailUrl\":\"https:\\\/\\\/www.azaros.eu\\\/wp-content\\\/uploads\\\/2018\\\/08\\\/Buzas.jpg\",\"datePublished\":\"2018-08-06T08:38:22+00:00\",\"dateModified\":\"2025-04-16T13:26:10+00:00\",\"description\":\"Encontre em Azaros.eu as melhores buzas reguladoras de caudal de colada em funda\u00e7\u00e3o. Descubra as buzas de Azaros ao melhor pre\u00e7o\",\"breadcrumb\":{\"@id\":\"https:\\\/\\\/www.azaros.eu\\\/pt-pt\\\/produto\\\/buzas\\\/#breadcrumb\"},\"inLanguage\":\"pt-PT\",\"potentialAction\":[{\"@type\":\"ReadAction\",\"target\":[\"https:\\\/\\\/www.azaros.eu\\\/pt-pt\\\/produto\\\/buzas\\\/\"]}]},{\"@type\":\"ImageObject\",\"inLanguage\":\"pt-PT\",\"@id\":\"https:\\\/\\\/www.azaros.eu\\\/pt-pt\\\/produto\\\/buzas\\\/#primaryimage\",\"url\":\"https:\\\/\\\/www.azaros.eu\\\/wp-content\\\/uploads\\\/2018\\\/08\\\/Buzas.jpg\",\"contentUrl\":\"https:\\\/\\\/www.azaros.eu\\\/wp-content\\\/uploads\\\/2018\\\/08\\\/Buzas.jpg\",\"width\":1200,\"height\":700},{\"@type\":\"BreadcrumbList\",\"@id\":\"https:\\\/\\\/www.azaros.eu\\\/pt-pt\\\/produto\\\/buzas\\\/#breadcrumb\",\"itemListElement\":[{\"@type\":\"ListItem\",\"position\":1,\"name\":\"Azaros\",\"item\":\"https:\\\/\\\/www.azaros.eu\\\/pt-pt\\\/azaros-home\\\/\"},{\"@type\":\"ListItem\",\"position\":2,\"name\":\"Produtos\",\"item\":\"https:\\\/\\\/www.azaros.eu\\\/pt-pt\\\/produtos\\\/\"},{\"@type\":\"ListItem\",\"position\":3,\"name\":\"Fornecimentos de fundi\u00e7\u00e3o\",\"item\":\"https:\\\/\\\/www.azaros.eu\\\/pt-pt\\\/produtos\\\/fornecimentos-de-fundicao\\\/\"},{\"@type\":\"ListItem\",\"position\":4,\"name\":\"Consum\u00edveis de vazamento\",\"item\":\"https:\\\/\\\/www.azaros.eu\\\/pt-pt\\\/produtos\\\/fornecimentos-de-fundicao\\\/consumiveis-de-vazamento\\\/\"},{\"@type\":\"ListItem\",\"position\":5,\"name\":\"Buzas\"}]},{\"@type\":\"WebSite\",\"@id\":\"https:\\\/\\\/www.azaros.eu\\\/pt-pt\\\/#website\",\"url\":\"https:\\\/\\\/www.azaros.eu\\\/pt-pt\\\/\",\"name\":\"Azaros\",\"description\":\"Fabricamos, distribuimos y comercializamos una gran gama de suministros.\",\"potentialAction\":[{\"@type\":\"SearchAction\",\"target\":{\"@type\":\"EntryPoint\",\"urlTemplate\":\"https:\\\/\\\/www.azaros.eu\\\/pt-pt\\\/?s={search_term_string}\"},\"query-input\":{\"@type\":\"PropertyValueSpecification\",\"valueRequired\":true,\"valueName\":\"search_term_string\"}}],\"inLanguage\":\"pt-PT\"}]}<\/script>\n<!-- \/ Yoast SEO plugin. -->","yoast_head_json":{"title":"Buzas | Azaros","description":"Encontre em Azaros.eu as melhores buzas reguladoras de caudal de colada em funda\u00e7\u00e3o. Descubra as buzas de Azaros ao melhor pre\u00e7o","robots":{"index":"index","follow":"follow","max-snippet":"max-snippet:-1","max-image-preview":"max-image-preview:large","max-video-preview":"max-video-preview:-1"},"canonical":"https:\/\/www.azaros.eu\/pt-pt\/produto\/buzas\/","og_locale":"pt_PT","og_type":"article","og_title":"Buzas | Azaros","og_description":"Encontre em Azaros.eu as melhores buzas reguladoras de caudal de colada em funda\u00e7\u00e3o. Descubra as buzas de Azaros ao melhor pre\u00e7o","og_url":"https:\/\/www.azaros.eu\/pt-pt\/produto\/buzas\/","og_site_name":"Azaros","article_modified_time":"2025-04-16T13:26:10+00:00","og_image":[{"width":1200,"height":700,"url":"https:\/\/www.azaros.eu\/wp-content\/uploads\/2018\/08\/Buzas.jpg","type":"image\/jpeg"}],"twitter_card":"summary_large_image","twitter_misc":{"Tempo estimado de leitura":"1 minuto"},"schema":{"@context":"https:\/\/schema.org","@graph":[{"@type":"WebPage","@id":"https:\/\/www.azaros.eu\/pt-pt\/produto\/buzas\/","url":"https:\/\/www.azaros.eu\/pt-pt\/produto\/buzas\/","name":"Buzas | Azaros","isPartOf":{"@id":"https:\/\/www.azaros.eu\/pt-pt\/#website"},"primaryImageOfPage":{"@id":"https:\/\/www.azaros.eu\/pt-pt\/produto\/buzas\/#primaryimage"},"image":{"@id":"https:\/\/www.azaros.eu\/pt-pt\/produto\/buzas\/#primaryimage"},"thumbnailUrl":"https:\/\/www.azaros.eu\/wp-content\/uploads\/2018\/08\/Buzas.jpg","datePublished":"2018-08-06T08:38:22+00:00","dateModified":"2025-04-16T13:26:10+00:00","description":"Encontre em Azaros.eu as melhores buzas reguladoras de caudal de colada em funda\u00e7\u00e3o. Descubra as buzas de Azaros ao melhor pre\u00e7o","breadcrumb":{"@id":"https:\/\/www.azaros.eu\/pt-pt\/produto\/buzas\/#breadcrumb"},"inLanguage":"pt-PT","potentialAction":[{"@type":"ReadAction","target":["https:\/\/www.azaros.eu\/pt-pt\/produto\/buzas\/"]}]},{"@type":"ImageObject","inLanguage":"pt-PT","@id":"https:\/\/www.azaros.eu\/pt-pt\/produto\/buzas\/#primaryimage","url":"https:\/\/www.azaros.eu\/wp-content\/uploads\/2018\/08\/Buzas.jpg","contentUrl":"https:\/\/www.azaros.eu\/wp-content\/uploads\/2018\/08\/Buzas.jpg","width":1200,"height":700},{"@type":"BreadcrumbList","@id":"https:\/\/www.azaros.eu\/pt-pt\/produto\/buzas\/#breadcrumb","itemListElement":[{"@type":"ListItem","position":1,"name":"Azaros","item":"https:\/\/www.azaros.eu\/pt-pt\/azaros-home\/"},{"@type":"ListItem","position":2,"name":"Produtos","item":"https:\/\/www.azaros.eu\/pt-pt\/produtos\/"},{"@type":"ListItem","position":3,"name":"Fornecimentos de fundi\u00e7\u00e3o","item":"https:\/\/www.azaros.eu\/pt-pt\/produtos\/fornecimentos-de-fundicao\/"},{"@type":"ListItem","position":4,"name":"Consum\u00edveis de vazamento","item":"https:\/\/www.azaros.eu\/pt-pt\/produtos\/fornecimentos-de-fundicao\/consumiveis-de-vazamento\/"},{"@type":"ListItem","position":5,"name":"Buzas"}]},{"@type":"WebSite","@id":"https:\/\/www.azaros.eu\/pt-pt\/#website","url":"https:\/\/www.azaros.eu\/pt-pt\/","name":"Azaros","description":"Fabricamos, distribuimos y comercializamos una gran gama de suministros.","potentialAction":[{"@type":"SearchAction","target":{"@type":"EntryPoint","urlTemplate":"https:\/\/www.azaros.eu\/pt-pt\/?s={search_term_string}"},"query-input":{"@type":"PropertyValueSpecification","valueRequired":true,"valueName":"search_term_string"}}],"inLanguage":"pt-PT"}]}},"_links":{"self":[{"href":"https:\/\/www.azaros.eu\/pt-pt\/wp-json\/wp\/v2\/product\/10389","targetHints":{"allow":["GET"]}}],"collection":[{"href":"https:\/\/www.azaros.eu\/pt-pt\/wp-json\/wp\/v2\/product"}],"about":[{"href":"https:\/\/www.azaros.eu\/pt-pt\/wp-json\/wp\/v2\/types\/product"}],"wp:featuredmedia":[{"embeddable":true,"href":"https:\/\/www.azaros.eu\/pt-pt\/wp-json\/wp\/v2\/media\/9304"}],"wp:attachment":[{"href":"https:\/\/www.azaros.eu\/pt-pt\/wp-json\/wp\/v2\/media?parent=10389"}],"wp:term":[{"taxonomy":"product_brand","embeddable":true,"href":"https:\/\/www.azaros.eu\/pt-pt\/wp-json\/wp\/v2\/product_brand?post=10389"},{"taxonomy":"product_cat","embeddable":true,"href":"https:\/\/www.azaros.eu\/pt-pt\/wp-json\/wp\/v2\/product_cat?post=10389"},{"taxonomy":"product_tag","embeddable":true,"href":"https:\/\/www.azaros.eu\/pt-pt\/wp-json\/wp\/v2\/product_tag?post=10389"}],"curies":[{"name":"wp","href":"https:\/\/api.w.org\/{rel}","templated":true}]}}